{"id":5009,"date":"2024-01-04T16:52:26","date_gmt":"2024-01-04T08:52:26","guid":{"rendered":"https:\/\/baliparaglidingtours.com\/product\/flyboarding-bali-na-plazy-nusa-dua\/"},"modified":"2025-06-24T20:24:51","modified_gmt":"2025-06-24T12:24:51","slug":"flyboarding-bali-na-plazy-nusa-dua","status":"publish","type":"product","link":"https:\/\/baliparaglidingtours.com\/pl\/product\/flyboarding-bali-na-plazy-nusa-dua\/","title":{"rendered":"Flyboarding Bali na pla\u017cy Nusa Dua"},"content":{"rendered":"<div class=\"accordion\">\n\t<div id=\"accordion-4114088855\" class=\"accordion-item\">\n\t\t<a id=\"accordion-4114088855-label\" class=\"accordion-title plain\" href=\"#accordion-item-description\" aria-expanded=\"false\" aria-controls=\"accordion-4114088855-content\">\n\t\t\t<button class=\"toggle\" aria-label=\"Prze\u0142\u0105cznik\"><i class=\"icon-angle-down\" aria-hidden=\"true\"><\/i><\/button>\n\t\t\t<span>Description<\/span>\n\t\t<\/a>\n\t\t<div id=\"accordion-4114088855-content\" class=\"accordion-inner\" aria-labelledby=\"accordion-4114088855-label\">\n\t\t\t\n<p>Flyboarding to ekscytuj\u0105cy sport wodny, kt\u00f3ry polega na wykorzystaniu urz\u0105dzenia nap\u0119dzanego wod\u0105 do unoszenia si\u0119 nad powierzchni\u0105 wody i manewrowania na niej. Podstawowe elementy konfiguracji flyboardu obejmuj\u0105 desk\u0119 przypominaj\u0105c\u0105 wakeboard lub snowboard, po\u0142\u0105czon\u0105 d\u0142ugim w\u0119\u017cem z osobistym skuterem wodnym (PWC), takim jak Jet Ski, wyposa\u017conym w specjalistyczny uk\u0142ad nap\u0119dowy. <\/p>\n<p>Here&#8217;s a step-by-step explanation of how flyboarding works:<\/p>\n<p>Konfiguracja sprz\u0119tu: U\u017cytkownik flyboardu nosi kask i jest przypi\u0119ty do wi\u0105za\u0144 na flyboardzie, kt\u00f3ry jest po\u0142\u0105czony ze skuterem wodnym za pomoc\u0105 w\u0119\u017ca.<\/p>\n<p>System nap\u0119du wodnego: Jet Ski pompuje wod\u0119 z otaczaj\u0105cego zbiornika wodnego przez w\u0105\u017c pod\u0142\u0105czony do flyboardu. Woda jest nast\u0119pnie wyrzucana z du\u017c\u0105 si\u0142\u0105 przez dysze umieszczone pod flyboardem. <\/p>\n<p>Unoszenie i kontrola: Gdy woda wystrzeliwuje z dysz, wytwarza ci\u0105g, nap\u0119dzaj\u0105c rowerzyst\u0119 w g\u00f3r\u0119 i pozwalaj\u0105c mu unosi\u0107 si\u0119 nad powierzchni\u0105 wody. Si\u0142a ci\u0105gu i kierunek strumieni wody s\u0105 kontrolowane przez ruchy cia\u0142a rowerzysty i rozk\u0142ad masy cia\u0142a <\/p>\n<p>Manewrowanie: Poprzez przechylanie, zmian\u0119 ci\u0119\u017caru cia\u0142a i regulacj\u0119 st\u00f3p na flyboardzie, zawodnicy mog\u0105 kontrolowa\u0107 wysoko\u015b\u0107, kierunek i wykonywa\u0107 r\u00f3\u017cne triki, takie jak obroty, salta i nurkowania.<\/p>\n<p>\u015arodki bezpiecze\u0144stwa: Do\u015bwiadczony instruktor lub operator zazwyczaj nadzoruje sesj\u0119 flyboardingu, udzielaj\u0105c wskaz\u00f3wek i zapewniaj\u0105c przestrzeganie \u015brodk\u00f3w bezpiecze\u0144stwa. \u015arodki bezpiecze\u0144stwa, takie jak noszenie kamizelki ratunkowej, u\u017cywanie kasku i przebywanie w kontrolowanym \u015brodowisku ze spokojnymi wodami, s\u0105 zazwyczaj egzekwowane. <\/p>\n<p>Flyboarding \u0142\u0105czy w sobie elementy sport\u00f3w wodnych i akrobatyki, oferuj\u0105c je\u017ad\u017acom ekscytuj\u0105ce do\u015bwiadczenie latania, nurkowania i wykonywania akrobacji nad powierzchni\u0105 wody. To ekscytuj\u0105ca aktywno\u015b\u0107, kt\u00f3ra wymaga nieco r\u00f3wnowagi i koordynacji, ale jest dost\u0119pna dla pocz\u0105tkuj\u0105cych pod okiem wyszkolonych profesjonalist\u00f3w.<\/p>\n\t\t<\/div>\n\t<\/div>\n\t\n\t<div id=\"accordion-2139093544\" class=\"accordion-item\">\n\t\t<a id=\"accordion-2139093544-label\" class=\"accordion-title plain\" href=\"#accordion-item-inclussion\" aria-expanded=\"false\" aria-controls=\"accordion-2139093544-content\">\n\t\t\t<button class=\"toggle\" aria-label=\"Prze\u0142\u0105cznik\"><i class=\"icon-angle-down\" aria-hidden=\"true\"><\/i><\/button>\n\t\t\t<span>Inclussion<\/span>\n\t\t<\/a>\n\t\t<div id=\"accordion-2139093544-content\" class=\"accordion-inner\" aria-labelledby=\"accordion-2139093544-label\">\n\t\t\t\n\t<div id=\"text-54293064\" class=\"text\">\n\t\t\n<p><strong>w\u0142\u0105czenie<\/strong><\/p>\n<ul>\n<li>Profesjonalny instruktor<\/li>\n<li>Transfer hotelowy dost\u0119pny dla hotelu w okolicy Nusa Dua (zam\u00f3wienie dla co najmniej 2 os\u00f3b)<\/li>\n<li>Ubezpieczenie<\/li>\n<li>Szafka<\/li>\n<\/ul>\n<p><strong>Co przygotowa\u0107?<\/strong><\/p>\n<ul>\n<li>Dodatkowe ubrania<\/li>\n<li>Str\u00f3j k\u0105pielowy<\/li>\n<li>R\u0119czniki<\/li>\n<li>krem z filtrem<\/li>\n<\/ul>\n<p><b>Additional info<\/b><\/p>\n<ul>\n<li>Nie zalecane dla dzieci poni\u017cej 10 roku \u017cycia<\/li>\n<li>Niezalecane dla os\u00f3b z problemami z kr\u0119gos\u0142upem<\/li>\n<li>Niezalecane dla kobiet w ci\u0105\u017cy<\/li>\n<li>Brak problem\u00f3w z sercem lub innych powa\u017cnych schorze\u0144<\/li>\n<\/ul>\n<p><strong>P\u0142atno\u015b\u0107 <\/strong><\/p>\n<ul>\n<li>Pobrano pe\u0142n\u0105 zaliczk\u0119<\/li>\n<li>P\u0142atno\u015b\u0107 online akceptowana przez Visa\/Mastercard\/Amex\/Discover<\/li>\n<\/ul>\n\t\t\n<style>\n#text-54293064 {\n  font-size: 0.95rem;\n  line-height: 1;\n}\n<\/style>\n\t<\/div>\n\t\n\t\t<\/div>\n\t<\/div>\n\t\n<\/div>\n","protected":false},"excerpt":{"rendered":"<p>Gotowy na przygod\u0119? Wypr\u00f3buj Flyboard Bali ju\u017c dzi\u015b! Nurkuj, przerzucaj i lataj jak nigdy dot\u0105d. Ciesz si\u0119 20-minutow\u0105 przygod\u0105 z flyboardingiem na pla\u017cy Nusa Dua w po\u0142udniowej cz\u0119\u015bci Bali. Zarezerwuj sesj\u0119 ju\u017c teraz    <\/p>\n","protected":false},"featured_media":4270,"comment_status":"closed","ping_status":"closed","template":"","meta":[],"product_brand":[],"product_cat":[94],"product_tag":[],"class_list":{"0":"post-5009","1":"product","2":"type-product","3":"status-publish","4":"has-post-thumbnail","6":"product_cat-sporty-wodne","7":"wcpa_has_options","9":"first","10":"instock","11":"sale","12":"shipping-taxable","13":"purchasable","14":"product-type-simple"},"yoast_head":"<!-- This site is optimized with the Yoast SEO plugin v27.2 - https:\/\/yoast.com\/product\/yoast-seo-wordpress\/ -->\n<title>Flyboarding Bali na pla\u017cy Nusa Dua - Bali Paragliding Tours<\/title>\n<meta name=\"description\" content=\"Gotowy na przygod\u0119? Wypr\u00f3buj Flyboard Bali ju\u017c dzi\u015b! Nurkuj, przerzucaj i lataj jak nigdy dot\u0105d. Zarezerwuj sesj\u0119 ju\u017c teraz! Bezp\u0142atny transfer do hotelu, gwarancja najlepszej ceny\" \/>\n<meta name=\"robots\" content=\"index, follow, max-snippet:-1, max-image-preview:large, max-video-preview:-1\" \/>\n<link rel=\"canonical\" href=\"https:\/\/baliparaglidingtours.com\/pl\/product\/flyboarding-bali-na-plazy-nusa-dua\/\" \/>\n<meta property=\"og:locale\" content=\"pl_PL\" \/>\n<meta property=\"og:type\" content=\"article\" \/>\n<meta property=\"og:title\" content=\"Flyboarding Bali na pla\u017cy Nusa Dua - Bali Paragliding Tours\" \/>\n<meta property=\"og:description\" content=\"Gotowy na przygod\u0119? Wypr\u00f3buj Flyboard Bali ju\u017c dzi\u015b! Nurkuj, przerzucaj i lataj jak nigdy dot\u0105d. Zarezerwuj sesj\u0119 ju\u017c teraz! Bezp\u0142atny transfer do hotelu, gwarancja najlepszej ceny\" \/>\n<meta property=\"og:url\" content=\"https:\/\/baliparaglidingtours.com\/pl\/product\/flyboarding-bali-na-plazy-nusa-dua\/\" \/>\n<meta property=\"og:site_name\" content=\"Bali Paragliding Tours\" \/>\n<meta property=\"article:publisher\" content=\"https:\/\/facebook.com\/bali.paragliding\" \/>\n<meta property=\"article:modified_time\" content=\"2025-06-24T12:24:51+00:00\" \/>\n<meta property=\"og:image\" content=\"https:\/\/baliparaglidingtours.com\/wp-content\/uploads\/2020\/01\/flyboard-bali.png\" \/>\n\t<meta property=\"og:image:width\" content=\"1080\" \/>\n\t<meta property=\"og:image:height\" content=\"1080\" \/>\n\t<meta property=\"og:image:type\" content=\"image\/png\" \/>\n<meta name=\"twitter:card\" content=\"summary_large_image\" \/>\n<meta name=\"twitter:label1\" content=\"Szacowany czas czytania\" \/>\n\t<meta name=\"twitter:data1\" content=\"2 minuty\" \/>\n<script type=\"application\/ld+json\" class=\"yoast-schema-graph\">{\"@context\":\"https:\/\/schema.org\",\"@graph\":[{\"@type\":\"WebPage\",\"@id\":\"https:\/\/baliparaglidingtours.com\/pl\/product\/flyboarding-bali-na-plazy-nusa-dua\/\",\"url\":\"https:\/\/baliparaglidingtours.com\/pl\/product\/flyboarding-bali-na-plazy-nusa-dua\/\",\"name\":\"Flyboarding Bali na pla\u017cy Nusa Dua - Bali Paragliding Tours\",\"isPartOf\":{\"@id\":\"https:\/\/darkgreen-panther-294679.hostingersite.com\/#website\"},\"primaryImageOfPage\":{\"@id\":\"https:\/\/baliparaglidingtours.com\/pl\/product\/flyboarding-bali-na-plazy-nusa-dua\/#primaryimage\"},\"image\":{\"@id\":\"https:\/\/baliparaglidingtours.com\/pl\/product\/flyboarding-bali-na-plazy-nusa-dua\/#primaryimage\"},\"thumbnailUrl\":\"https:\/\/baliparaglidingtours.com\/wp-content\/uploads\/2020\/01\/flyboard-bali.png\",\"datePublished\":\"2024-01-04T08:52:26+00:00\",\"dateModified\":\"2025-06-24T12:24:51+00:00\",\"description\":\"Gotowy na przygod\u0119? Wypr\u00f3buj Flyboard Bali ju\u017c dzi\u015b! Nurkuj, przerzucaj i lataj jak nigdy dot\u0105d. Zarezerwuj sesj\u0119 ju\u017c teraz! Bezp\u0142atny transfer do hotelu, gwarancja najlepszej ceny\",\"breadcrumb\":{\"@id\":\"https:\/\/baliparaglidingtours.com\/pl\/product\/flyboarding-bali-na-plazy-nusa-dua\/#breadcrumb\"},\"inLanguage\":\"pl-PL\",\"potentialAction\":[{\"@type\":\"ReadAction\",\"target\":[\"https:\/\/baliparaglidingtours.com\/pl\/product\/flyboarding-bali-na-plazy-nusa-dua\/\"]}]},{\"@type\":\"ImageObject\",\"inLanguage\":\"pl-PL\",\"@id\":\"https:\/\/baliparaglidingtours.com\/pl\/product\/flyboarding-bali-na-plazy-nusa-dua\/#primaryimage\",\"url\":\"https:\/\/baliparaglidingtours.com\/wp-content\/uploads\/2020\/01\/flyboard-bali.png\",\"contentUrl\":\"https:\/\/baliparaglidingtours.com\/wp-content\/uploads\/2020\/01\/flyboard-bali.png\",\"width\":1080,\"height\":1080,\"caption\":\"flyboard Bali\"},{\"@type\":\"BreadcrumbList\",\"@id\":\"https:\/\/baliparaglidingtours.com\/pl\/product\/flyboarding-bali-na-plazy-nusa-dua\/#breadcrumb\",\"itemListElement\":[{\"@type\":\"ListItem\",\"position\":1,\"name\":\"Home\",\"item\":\"https:\/\/baliparaglidingtours.com\/pl\/\"},{\"@type\":\"ListItem\",\"position\":2,\"name\":\"Sklep\",\"item\":\"https:\/\/baliparaglidingtours.com\/pl\/\"},{\"@type\":\"ListItem\",\"position\":3,\"name\":\"Flyboarding Bali na pla\u017cy Nusa Dua\"}]},{\"@type\":\"WebSite\",\"@id\":\"https:\/\/darkgreen-panther-294679.hostingersite.com\/#website\",\"url\":\"https:\/\/darkgreen-panther-294679.hostingersite.com\/\",\"name\":\"Bali Paragliding Tours\",\"description\":\"The best and first tandem paragliding in Bali\",\"publisher\":{\"@id\":\"https:\/\/darkgreen-panther-294679.hostingersite.com\/#organization\"},\"potentialAction\":[{\"@type\":\"SearchAction\",\"target\":{\"@type\":\"EntryPoint\",\"urlTemplate\":\"https:\/\/darkgreen-panther-294679.hostingersite.com\/?s={search_term_string}\"},\"query-input\":{\"@type\":\"PropertyValueSpecification\",\"valueRequired\":true,\"valueName\":\"search_term_string\"}}],\"inLanguage\":\"pl-PL\"},{\"@type\":\"Organization\",\"@id\":\"https:\/\/darkgreen-panther-294679.hostingersite.com\/#organization\",\"name\":\"Bali Paragliding Tours\",\"url\":\"https:\/\/darkgreen-panther-294679.hostingersite.com\/\",\"logo\":{\"@type\":\"ImageObject\",\"inLanguage\":\"pl-PL\",\"@id\":\"https:\/\/darkgreen-panther-294679.hostingersite.com\/#\/schema\/logo\/image\/\",\"url\":\"https:\/\/baliparaglidingtours.com\/wp-content\/uploads\/2019\/07\/Logopit_1563347307259-1.png\",\"contentUrl\":\"https:\/\/baliparaglidingtours.com\/wp-content\/uploads\/2019\/07\/Logopit_1563347307259-1.png\",\"width\":2160,\"height\":2160,\"caption\":\"Bali Paragliding Tours\"},\"image\":{\"@id\":\"https:\/\/darkgreen-panther-294679.hostingersite.com\/#\/schema\/logo\/image\/\"},\"sameAs\":[\"https:\/\/facebook.com\/bali.paragliding\"]}]}<\/script>\n<!-- \/ Yoast SEO plugin. -->","yoast_head_json":{"title":"Flyboarding Bali na pla\u017cy Nusa Dua - Bali Paragliding Tours","description":"Gotowy na przygod\u0119? Wypr\u00f3buj Flyboard Bali ju\u017c dzi\u015b! Nurkuj, przerzucaj i lataj jak nigdy dot\u0105d. Zarezerwuj sesj\u0119 ju\u017c teraz! Bezp\u0142atny transfer do hotelu, gwarancja najlepszej ceny","robots":{"index":"index","follow":"follow","max-snippet":"max-snippet:-1","max-image-preview":"max-image-preview:large","max-video-preview":"max-video-preview:-1"},"canonical":"https:\/\/baliparaglidingtours.com\/pl\/product\/flyboarding-bali-na-plazy-nusa-dua\/","og_locale":"pl_PL","og_type":"article","og_title":"Flyboarding Bali na pla\u017cy Nusa Dua - Bali Paragliding Tours","og_description":"Gotowy na przygod\u0119? Wypr\u00f3buj Flyboard Bali ju\u017c dzi\u015b! Nurkuj, przerzucaj i lataj jak nigdy dot\u0105d. Zarezerwuj sesj\u0119 ju\u017c teraz! Bezp\u0142atny transfer do hotelu, gwarancja najlepszej ceny","og_url":"https:\/\/baliparaglidingtours.com\/pl\/product\/flyboarding-bali-na-plazy-nusa-dua\/","og_site_name":"Bali Paragliding Tours","article_publisher":"https:\/\/facebook.com\/bali.paragliding","article_modified_time":"2025-06-24T12:24:51+00:00","og_image":[{"width":1080,"height":1080,"url":"https:\/\/baliparaglidingtours.com\/wp-content\/uploads\/2020\/01\/flyboard-bali.png","type":"image\/png"}],"twitter_card":"summary_large_image","twitter_misc":{"Szacowany czas czytania":"2 minuty"},"schema":{"@context":"https:\/\/schema.org","@graph":[{"@type":"WebPage","@id":"https:\/\/baliparaglidingtours.com\/pl\/product\/flyboarding-bali-na-plazy-nusa-dua\/","url":"https:\/\/baliparaglidingtours.com\/pl\/product\/flyboarding-bali-na-plazy-nusa-dua\/","name":"Flyboarding Bali na pla\u017cy Nusa Dua - Bali Paragliding Tours","isPartOf":{"@id":"https:\/\/darkgreen-panther-294679.hostingersite.com\/#website"},"primaryImageOfPage":{"@id":"https:\/\/baliparaglidingtours.com\/pl\/product\/flyboarding-bali-na-plazy-nusa-dua\/#primaryimage"},"image":{"@id":"https:\/\/baliparaglidingtours.com\/pl\/product\/flyboarding-bali-na-plazy-nusa-dua\/#primaryimage"},"thumbnailUrl":"https:\/\/baliparaglidingtours.com\/wp-content\/uploads\/2020\/01\/flyboard-bali.png","datePublished":"2024-01-04T08:52:26+00:00","dateModified":"2025-06-24T12:24:51+00:00","description":"Gotowy na przygod\u0119? Wypr\u00f3buj Flyboard Bali ju\u017c dzi\u015b! Nurkuj, przerzucaj i lataj jak nigdy dot\u0105d. Zarezerwuj sesj\u0119 ju\u017c teraz! Bezp\u0142atny transfer do hotelu, gwarancja najlepszej ceny","breadcrumb":{"@id":"https:\/\/baliparaglidingtours.com\/pl\/product\/flyboarding-bali-na-plazy-nusa-dua\/#breadcrumb"},"inLanguage":"pl-PL","potentialAction":[{"@type":"ReadAction","target":["https:\/\/baliparaglidingtours.com\/pl\/product\/flyboarding-bali-na-plazy-nusa-dua\/"]}]},{"@type":"ImageObject","inLanguage":"pl-PL","@id":"https:\/\/baliparaglidingtours.com\/pl\/product\/flyboarding-bali-na-plazy-nusa-dua\/#primaryimage","url":"https:\/\/baliparaglidingtours.com\/wp-content\/uploads\/2020\/01\/flyboard-bali.png","contentUrl":"https:\/\/baliparaglidingtours.com\/wp-content\/uploads\/2020\/01\/flyboard-bali.png","width":1080,"height":1080,"caption":"flyboard Bali"},{"@type":"BreadcrumbList","@id":"https:\/\/baliparaglidingtours.com\/pl\/product\/flyboarding-bali-na-plazy-nusa-dua\/#breadcrumb","itemListElement":[{"@type":"ListItem","position":1,"name":"Home","item":"https:\/\/baliparaglidingtours.com\/pl\/"},{"@type":"ListItem","position":2,"name":"Sklep","item":"https:\/\/baliparaglidingtours.com\/pl\/"},{"@type":"ListItem","position":3,"name":"Flyboarding Bali na pla\u017cy Nusa Dua"}]},{"@type":"WebSite","@id":"https:\/\/darkgreen-panther-294679.hostingersite.com\/#website","url":"https:\/\/darkgreen-panther-294679.hostingersite.com\/","name":"Bali Paragliding Tours","description":"The best and first tandem paragliding in Bali","publisher":{"@id":"https:\/\/darkgreen-panther-294679.hostingersite.com\/#organization"},"potentialAction":[{"@type":"SearchAction","target":{"@type":"EntryPoint","urlTemplate":"https:\/\/darkgreen-panther-294679.hostingersite.com\/?s={search_term_string}"},"query-input":{"@type":"PropertyValueSpecification","valueRequired":true,"valueName":"search_term_string"}}],"inLanguage":"pl-PL"},{"@type":"Organization","@id":"https:\/\/darkgreen-panther-294679.hostingersite.com\/#organization","name":"Bali Paragliding Tours","url":"https:\/\/darkgreen-panther-294679.hostingersite.com\/","logo":{"@type":"ImageObject","inLanguage":"pl-PL","@id":"https:\/\/darkgreen-panther-294679.hostingersite.com\/#\/schema\/logo\/image\/","url":"https:\/\/baliparaglidingtours.com\/wp-content\/uploads\/2019\/07\/Logopit_1563347307259-1.png","contentUrl":"https:\/\/baliparaglidingtours.com\/wp-content\/uploads\/2019\/07\/Logopit_1563347307259-1.png","width":2160,"height":2160,"caption":"Bali Paragliding Tours"},"image":{"@id":"https:\/\/darkgreen-panther-294679.hostingersite.com\/#\/schema\/logo\/image\/"},"sameAs":["https:\/\/facebook.com\/bali.paragliding"]}]}},"_links":{"self":[{"href":"https:\/\/baliparaglidingtours.com\/pl\/wp-json\/wp\/v2\/product\/5009","targetHints":{"allow":["GET"]}}],"collection":[{"href":"https:\/\/baliparaglidingtours.com\/pl\/wp-json\/wp\/v2\/product"}],"about":[{"href":"https:\/\/baliparaglidingtours.com\/pl\/wp-json\/wp\/v2\/types\/product"}],"replies":[{"embeddable":true,"href":"https:\/\/baliparaglidingtours.com\/pl\/wp-json\/wp\/v2\/comments?post=5009"}],"wp:featuredmedia":[{"embeddable":true,"href":"https:\/\/baliparaglidingtours.com\/pl\/wp-json\/wp\/v2\/media\/4270"}],"wp:attachment":[{"href":"https:\/\/baliparaglidingtours.com\/pl\/wp-json\/wp\/v2\/media?parent=5009"}],"wp:term":[{"taxonomy":"product_brand","embeddable":true,"href":"https:\/\/baliparaglidingtours.com\/pl\/wp-json\/wp\/v2\/product_brand?post=5009"},{"taxonomy":"product_cat","embeddable":true,"href":"https:\/\/baliparaglidingtours.com\/pl\/wp-json\/wp\/v2\/product_cat?post=5009"},{"taxonomy":"product_tag","embeddable":true,"href":"https:\/\/baliparaglidingtours.com\/pl\/wp-json\/wp\/v2\/product_tag?post=5009"}],"curies":[{"name":"wp","href":"https:\/\/api.w.org\/{rel}","templated":true}]}}