{"id":4923,"date":"2023-01-04T22:00:32","date_gmt":"2023-01-04T14:00:32","guid":{"rendered":"https:\/\/baliparaglidingtours.com\/product\/parasailing-bali-i-pakiet-sportow-wodnych-bezplatny-transfer-do-hotelu\/"},"modified":"2023-01-04T22:00:32","modified_gmt":"2023-01-04T14:00:32","slug":"parasailing-bali-i-pakiet-sportow-wodnych-bezplatny-transfer-do-hotelu","status":"publish","type":"product","link":"https:\/\/baliparaglidingtours.com\/pl\/product\/parasailing-bali-i-pakiet-sportow-wodnych-bezplatny-transfer-do-hotelu\/","title":{"rendered":"Parasailing Bali i pakiet sport\u00f3w wodnych (bezp\u0142atny transfer do hotelu)"},"content":{"rendered":"<ul>\n<li>Minimalna rezerwacja: 2 osoby<\/li>\n<li>Cennik w USD, mo\u017cna p\u0142aci\u0107 dowoln\u0105 walut\u0105, zostanie ona automatycznie przeliczona na walut\u0119 u\u017cytkownika.<\/li>\n<li>Cena obowi\u0105zuje dla 1 osoby<\/li>\n<\/ul>\n<p><strong>Szczeg\u00f3\u0142y opakowania:  <\/strong><\/p>\n<p>Pakiet 1: 70 USD\/osoba<\/p>\n<ul>\n<li>Parasailing<\/li>\n<li>\u0141\u00f3d\u017a bananowa<\/li>\n<li>Skuter wodny\/lataj\u0105ca ryba<\/li>\n<li>Rurki do p\u0105czk\u00f3w<\/li>\n<\/ul>\n<p>Pakiet 2: 90 USD\/osoba<\/p>\n<ul>\n<li>Parasailing<\/li>\n<li>Skuter wodny\/lataj\u0105ca ryba<\/li>\n<li>Sp\u0142yw \u0142odzi\u0105 bananow\u0105\/pontonem<\/li>\n<li>Chodzenie po morzu\/nurkowanie<\/li>\n<\/ul>\n<p>Pakiet 3: 100 USD\/osoba<\/p>\n<ul>\n<li>Parasailing<\/li>\n<li>Narty wodne\/lataj\u0105ca ryba\/ponton<\/li>\n<li>Spacer morski \/ nurkowanie<\/li>\n<li>Flyboard<\/li>\n<\/ul>\n<p>&nbsp;<\/p>\n<p>Pakiet obejmuje:<\/p>\n<ul>\n<li>Transfer do i z hotelu w obie strony (obszar Nusa Dua, Jimbaran, Uluwatu, Kuta i Seminyak)<\/li>\n<li>Ubezpieczenie zapewnione przez Operatora<\/li>\n<li>Ca\u0142y niezb\u0119dny sprz\u0119t bezpiecze\u0144stwa<\/li>\n<li>Korzystanie z szafki<\/li>\n<li>Prysznic<\/li>\n<li>Przymierzalnia \/ przebieralnia<\/li>\n<li>u\u017cywanie r\u0119cznik\u00f3w<\/li>\n<\/ul>\n<p><strong>Nie zawiera:<\/strong><\/p>\n<ul>\n<li>Napiwki i gratyfikacje<\/li>\n<li>Posi\u0142ki i napoje<\/li>\n<li>Op\u0142ata za transakcje (3,9%)<\/li>\n<\/ul>\n<p><strong>Co zabra\u0107:<\/strong><\/p>\n<ul>\n<li>Filtr przeciws\u0142oneczny<\/li>\n<li>Stroje k\u0105pielowe<\/li>\n<li>R\u0119cznik<\/li>\n<li>Dodatkowe \u015bciereczki<\/li>\n<\/ul>\n<p><strong>Kwalifikowalno\u015b\u0107:<\/strong><\/p>\n<ul>\n<li>Uczestnik musi by\u0107 w wieku 9-60 lat<\/li>\n<li>Nieodpowiednie dla kobiet w ci\u0105\u017cy, os\u00f3b z problemami z sercem\/oddychaniem<\/li>\n<\/ul>\n<p><strong>Potwierdzenie\/Spos\u00f3b u\u017cycia:<\/strong><\/p>\n<ul>\n<li>Potwierdzenie otrzymasz w ci\u0105gu kilku minut na podany adres e-mail. Mo\u017cemy r\u00f3wnie\u017c wys\u0142a\u0107 wiadomo\u015b\u0107 tekstow\u0105 za po\u015brednictwem czatu WhatsApp na podany numer. Je\u015bli nie widzisz potwierdzenia, skontaktuj si\u0119 z nami przez e-mail \/ WhatsApp na stronie <a href=\"https:\/\/baliparaglidingtours.com\/contact-2\/\">Kontakt<\/a>.  <\/li>\n<li>Podsumowanie rezerwacji mo\u017cna przedstawi\u0107 w recepcji naszej firmy w celu realizacji, nie jest wymagany wydrukowany voucher. Mo\u017cesz pokaza\u0107 sw\u00f3j voucher bezpo\u015brednio z urz\u0105dzenia. <\/li>\n<\/ul>\n<p><strong>Zmiana rezerwacji, anulowanie rezerwacji i wniosek o zwrot koszt\u00f3w:<\/strong><\/p>\n<ul>\n<li>Aby anulowa\u0107 rezerwacj\u0119, zmieni\u0107 jej termin lub za\u017c\u0105da\u0107 zwrotu pieni\u0119dzy, mo\u017cna \u0142atwo skontaktowa\u0107 si\u0119 z nami za po\u015brednictwem poczty elektronicznej lub aplikacji Whatsapp (szybka reakcja).<\/li>\n<li>Zwrot pieni\u0119dzy zostanie przetworzony natychmiast po z\u0142o\u017ceniu wniosku o zwrot. U\u017cywamy niezawodnej bramki p\u0142atno\u015bci PayPal do przyjmowania i zwracania p\u0142atno\u015bci. <\/li>\n<li>Otrzymasz zwrot pieni\u0119dzy pomniejszony o op\u0142at\u0119 transakcyjn\u0105 w wysoko\u015bci 3,9%, je\u015bli lot nie b\u0119dzie mo\u017cliwy w wybranym dniu z powodu pogody lub braku wystarczaj\u0105cych wiatr\u00f3w do lotu.<\/li>\n<\/ul>\n<p><strong>Informacje o dzia\u0142aniach:<\/strong><\/p>\n<ol>\n<li><strong>Parasailing<\/strong> (6 minut) : Mo\u017cesz lata\u0107 ze swoim partnerem w tym samym czasie, maksymalnie 3 osoby w ka\u017cdej sesji. Lot na \u015brodku oceanu, ci\u0105gni\u0119ty przez specjaln\u0105 \u0142\u00f3d\u017a przymocowan\u0105 do spadochronu <\/li>\n<li><strong>Banana Boat<\/strong> (15 minut) : Przeja\u017cd\u017cka dla maksymalnie 5 os\u00f3b, szybka \u0142\u00f3d\u017a zabierze Ci\u0119 na \u015brodek oceanu i poczujesz wyboist\u0105 jazd\u0119.<\/li>\n<li><strong>Doughnut Tubing<\/strong> (15 minut): Podobny do Banana boat, ale bardziej wymagaj\u0105cy<\/li>\n<li><strong>Jazda na skuterze wodnym<\/strong> (15 minut): Jazda na skuterze wodnym z instruktorem, mo\u017cna je\u017adzi\u0107 tak szybko, jak to mo\u017cliwe na \u015brodku morza.<\/li>\n<li><strong>Lataj\u0105ca ryba<\/strong> (2 rundy ok. 10 minut) Lataj nad lataj\u0105cym materacem w gumowej \u0142odzi o du\u017cej pr\u0119dko\u015bci. <\/li>\n<li>Spacer <strong>morski<\/strong> (1 godzina, ok. 30 minut) Spacer pod powierzchni\u0105 morza i karmienie ryb w towarzystwie profesjonalnego instruktora.<\/li>\n<li><strong>Nurkowanie wprowadzaj\u0105ce<\/strong> (1 raz oko\u0142o 30 minut) Naucz si\u0119 nurkowa\u0107 z mistrzem nurkowania i zacznij odkrywa\u0107 podwodne \u017cycie.<\/li>\n<li><strong>Fly Board<\/strong> (20 minut): Flyboarder stoi na specjalnym snowboardzie \/ wakeboardzie przypominaj\u0105cym desk\u0119, kt\u00f3ra jest nap\u0119dzana si\u0142\u0105 wody pod wysokim ci\u015bnieniem. Si\u0142a wody pochodzi z pod\u0142\u0105czonego skutera wodnego o pojemno\u015bci 200 kg. Je\u017adziec na flyboardzie jest w stanie lata\u0107 do 5 metr\u00f3w w powietrzu lub nurkowa\u0107 w wodzie.  <\/li>\n<\/ol>\n<p>&nbsp;<\/p>\n","protected":false},"excerpt":{"rendered":"<p>Parasailing w tandemie i pakiet sport\u00f3w wodnych na dziewiczym p\u00f3\u0142wyspie Nusa Dua na po\u0142udniu Bali. Wszystkie pakiety obejmuj\u0105 transfer do hotelu (lista obszar\u00f3w zasi\u0119gu, przeczytaj pe\u0142ne opisy). Minimalna rezerwacja 2 osoby, cena za osob\u0119, cennik w USD  <\/p>\n","protected":false},"featured_media":4284,"comment_status":"closed","ping_status":"closed","template":"","meta":[],"product_brand":[],"product_cat":[94],"product_tag":[],"class_list":{"0":"post-4923","1":"product","2":"type-product","3":"status-publish","4":"has-post-thumbnail","6":"product_cat-sporty-wodne","7":"wcpa_has_options","9":"first","10":"instock","11":"featured","12":"shipping-taxable","13":"purchasable","14":"product-type-variable"},"yoast_head":"<!-- This site is optimized with the Yoast SEO plugin v27.3 - https:\/\/yoast.com\/product\/yoast-seo-wordpress\/ -->\n<title>Parasailing Bali i pakiet sport\u00f3w wodnych (bezp\u0142atny transfer do hotelu) - Bali Paragliding Tours<\/title>\n<meta name=\"description\" content=\"Pakiet parasailing Bali z 3 dodatkowymi zaj\u0119ciami sport\u00f3w wodnych, transferem do hotelu all inclusive i powrotem. zaczyna si\u0119 od 70 $ za 4 ekscytuj\u0105ce zaj\u0119cia. zarezerwuj teraz\" \/>\n<meta name=\"robots\" content=\"index, follow, max-snippet:-1, max-image-preview:large, max-video-preview:-1\" \/>\n<link rel=\"canonical\" href=\"https:\/\/baliparaglidingtours.com\/pl\/product\/parasailing-bali-i-pakiet-sportow-wodnych-bezplatny-transfer-do-hotelu\/\" \/>\n<meta property=\"og:locale\" content=\"pl_PL\" \/>\n<meta property=\"og:type\" content=\"article\" \/>\n<meta property=\"og:title\" content=\"Parasailing Bali i pakiet sport\u00f3w wodnych (bezp\u0142atny transfer do hotelu) - Bali Paragliding Tours\" \/>\n<meta property=\"og:description\" content=\"Pakiet parasailing Bali z 3 dodatkowymi zaj\u0119ciami sport\u00f3w wodnych, transferem do hotelu all inclusive i powrotem. zaczyna si\u0119 od 70 $ za 4 ekscytuj\u0105ce zaj\u0119cia. zarezerwuj teraz\" \/>\n<meta property=\"og:url\" content=\"https:\/\/baliparaglidingtours.com\/pl\/product\/parasailing-bali-i-pakiet-sportow-wodnych-bezplatny-transfer-do-hotelu\/\" \/>\n<meta property=\"og:site_name\" content=\"Bali Paragliding Tours\" \/>\n<meta property=\"article:publisher\" content=\"https:\/\/facebook.com\/bali.paragliding\" \/>\n<meta property=\"og:image\" content=\"https:\/\/baliparaglidingtours.com\/wp-content\/uploads\/2020\/01\/bali-fly-board.png\" \/>\n\t<meta property=\"og:image:width\" content=\"779\" \/>\n\t<meta property=\"og:image:height\" content=\"779\" \/>\n\t<meta property=\"og:image:type\" content=\"image\/png\" \/>\n<meta name=\"twitter:card\" content=\"summary_large_image\" \/>\n<meta name=\"twitter:label1\" content=\"Szacowany czas czytania\" \/>\n\t<meta name=\"twitter:data1\" content=\"3 minuty\" \/>\n<script type=\"application\/ld+json\" class=\"yoast-schema-graph\">{\"@context\":\"https:\\\/\\\/schema.org\",\"@graph\":[{\"@type\":\"WebPage\",\"@id\":\"https:\\\/\\\/baliparaglidingtours.com\\\/pl\\\/product\\\/parasailing-bali-i-pakiet-sportow-wodnych-bezplatny-transfer-do-hotelu\\\/\",\"url\":\"https:\\\/\\\/baliparaglidingtours.com\\\/pl\\\/product\\\/parasailing-bali-i-pakiet-sportow-wodnych-bezplatny-transfer-do-hotelu\\\/\",\"name\":\"Parasailing Bali i pakiet sport\u00f3w wodnych (bezp\u0142atny transfer do hotelu) - Bali Paragliding Tours\",\"isPartOf\":{\"@id\":\"https:\\\/\\\/darkgreen-panther-294679.hostingersite.com\\\/#website\"},\"primaryImageOfPage\":{\"@id\":\"https:\\\/\\\/baliparaglidingtours.com\\\/pl\\\/product\\\/parasailing-bali-i-pakiet-sportow-wodnych-bezplatny-transfer-do-hotelu\\\/#primaryimage\"},\"image\":{\"@id\":\"https:\\\/\\\/baliparaglidingtours.com\\\/pl\\\/product\\\/parasailing-bali-i-pakiet-sportow-wodnych-bezplatny-transfer-do-hotelu\\\/#primaryimage\"},\"thumbnailUrl\":\"https:\\\/\\\/baliparaglidingtours.com\\\/wp-content\\\/uploads\\\/2020\\\/01\\\/bali-fly-board.png\",\"datePublished\":\"2023-01-04T14:00:32+00:00\",\"description\":\"Pakiet parasailing Bali z 3 dodatkowymi zaj\u0119ciami sport\u00f3w wodnych, transferem do hotelu all inclusive i powrotem. zaczyna si\u0119 od 70 $ za 4 ekscytuj\u0105ce zaj\u0119cia. zarezerwuj teraz\",\"breadcrumb\":{\"@id\":\"https:\\\/\\\/baliparaglidingtours.com\\\/pl\\\/product\\\/parasailing-bali-i-pakiet-sportow-wodnych-bezplatny-transfer-do-hotelu\\\/#breadcrumb\"},\"inLanguage\":\"pl-PL\",\"potentialAction\":[{\"@type\":\"ReadAction\",\"target\":[\"https:\\\/\\\/baliparaglidingtours.com\\\/pl\\\/product\\\/parasailing-bali-i-pakiet-sportow-wodnych-bezplatny-transfer-do-hotelu\\\/\"]}]},{\"@type\":\"ImageObject\",\"inLanguage\":\"pl-PL\",\"@id\":\"https:\\\/\\\/baliparaglidingtours.com\\\/pl\\\/product\\\/parasailing-bali-i-pakiet-sportow-wodnych-bezplatny-transfer-do-hotelu\\\/#primaryimage\",\"url\":\"https:\\\/\\\/baliparaglidingtours.com\\\/wp-content\\\/uploads\\\/2020\\\/01\\\/bali-fly-board.png\",\"contentUrl\":\"https:\\\/\\\/baliparaglidingtours.com\\\/wp-content\\\/uploads\\\/2020\\\/01\\\/bali-fly-board.png\",\"width\":779,\"height\":779,\"caption\":\"flyboard bali\"},{\"@type\":\"BreadcrumbList\",\"@id\":\"https:\\\/\\\/baliparaglidingtours.com\\\/pl\\\/product\\\/parasailing-bali-i-pakiet-sportow-wodnych-bezplatny-transfer-do-hotelu\\\/#breadcrumb\",\"itemListElement\":[{\"@type\":\"ListItem\",\"position\":1,\"name\":\"Home\",\"item\":\"https:\\\/\\\/baliparaglidingtours.com\\\/pl\\\/\"},{\"@type\":\"ListItem\",\"position\":2,\"name\":\"Sklep\",\"item\":\"https:\\\/\\\/baliparaglidingtours.com\\\/pl\\\/\"},{\"@type\":\"ListItem\",\"position\":3,\"name\":\"Parasailing Bali i pakiet sport\u00f3w wodnych (bezp\u0142atny transfer do hotelu)\"}]},{\"@type\":\"WebSite\",\"@id\":\"https:\\\/\\\/darkgreen-panther-294679.hostingersite.com\\\/#website\",\"url\":\"https:\\\/\\\/darkgreen-panther-294679.hostingersite.com\\\/\",\"name\":\"Bali Paragliding Tours\",\"description\":\"The best and first tandem paragliding in Bali\",\"publisher\":{\"@id\":\"https:\\\/\\\/darkgreen-panther-294679.hostingersite.com\\\/#organization\"},\"potentialAction\":[{\"@type\":\"SearchAction\",\"target\":{\"@type\":\"EntryPoint\",\"urlTemplate\":\"https:\\\/\\\/darkgreen-panther-294679.hostingersite.com\\\/?s={search_term_string}\"},\"query-input\":{\"@type\":\"PropertyValueSpecification\",\"valueRequired\":true,\"valueName\":\"search_term_string\"}}],\"inLanguage\":\"pl-PL\"},{\"@type\":\"Organization\",\"@id\":\"https:\\\/\\\/darkgreen-panther-294679.hostingersite.com\\\/#organization\",\"name\":\"Bali Paragliding Tours\",\"url\":\"https:\\\/\\\/darkgreen-panther-294679.hostingersite.com\\\/\",\"logo\":{\"@type\":\"ImageObject\",\"inLanguage\":\"pl-PL\",\"@id\":\"https:\\\/\\\/darkgreen-panther-294679.hostingersite.com\\\/#\\\/schema\\\/logo\\\/image\\\/\",\"url\":\"https:\\\/\\\/baliparaglidingtours.com\\\/wp-content\\\/uploads\\\/2019\\\/07\\\/Logopit_1563347307259-1.png\",\"contentUrl\":\"https:\\\/\\\/baliparaglidingtours.com\\\/wp-content\\\/uploads\\\/2019\\\/07\\\/Logopit_1563347307259-1.png\",\"width\":2160,\"height\":2160,\"caption\":\"Bali Paragliding Tours\"},\"image\":{\"@id\":\"https:\\\/\\\/darkgreen-panther-294679.hostingersite.com\\\/#\\\/schema\\\/logo\\\/image\\\/\"},\"sameAs\":[\"https:\\\/\\\/facebook.com\\\/bali.paragliding\"]}]}<\/script>\n<!-- \/ Yoast SEO plugin. -->","yoast_head_json":{"title":"Parasailing Bali i pakiet sport\u00f3w wodnych (bezp\u0142atny transfer do hotelu) - Bali Paragliding Tours","description":"Pakiet parasailing Bali z 3 dodatkowymi zaj\u0119ciami sport\u00f3w wodnych, transferem do hotelu all inclusive i powrotem. zaczyna si\u0119 od 70 $ za 4 ekscytuj\u0105ce zaj\u0119cia. zarezerwuj teraz","robots":{"index":"index","follow":"follow","max-snippet":"max-snippet:-1","max-image-preview":"max-image-preview:large","max-video-preview":"max-video-preview:-1"},"canonical":"https:\/\/baliparaglidingtours.com\/pl\/product\/parasailing-bali-i-pakiet-sportow-wodnych-bezplatny-transfer-do-hotelu\/","og_locale":"pl_PL","og_type":"article","og_title":"Parasailing Bali i pakiet sport\u00f3w wodnych (bezp\u0142atny transfer do hotelu) - Bali Paragliding Tours","og_description":"Pakiet parasailing Bali z 3 dodatkowymi zaj\u0119ciami sport\u00f3w wodnych, transferem do hotelu all inclusive i powrotem. zaczyna si\u0119 od 70 $ za 4 ekscytuj\u0105ce zaj\u0119cia. zarezerwuj teraz","og_url":"https:\/\/baliparaglidingtours.com\/pl\/product\/parasailing-bali-i-pakiet-sportow-wodnych-bezplatny-transfer-do-hotelu\/","og_site_name":"Bali Paragliding Tours","article_publisher":"https:\/\/facebook.com\/bali.paragliding","og_image":[{"width":779,"height":779,"url":"https:\/\/baliparaglidingtours.com\/wp-content\/uploads\/2020\/01\/bali-fly-board.png","type":"image\/png"}],"twitter_card":"summary_large_image","twitter_misc":{"Szacowany czas czytania":"3 minuty"},"schema":{"@context":"https:\/\/schema.org","@graph":[{"@type":"WebPage","@id":"https:\/\/baliparaglidingtours.com\/pl\/product\/parasailing-bali-i-pakiet-sportow-wodnych-bezplatny-transfer-do-hotelu\/","url":"https:\/\/baliparaglidingtours.com\/pl\/product\/parasailing-bali-i-pakiet-sportow-wodnych-bezplatny-transfer-do-hotelu\/","name":"Parasailing Bali i pakiet sport\u00f3w wodnych (bezp\u0142atny transfer do hotelu) - Bali Paragliding Tours","isPartOf":{"@id":"https:\/\/darkgreen-panther-294679.hostingersite.com\/#website"},"primaryImageOfPage":{"@id":"https:\/\/baliparaglidingtours.com\/pl\/product\/parasailing-bali-i-pakiet-sportow-wodnych-bezplatny-transfer-do-hotelu\/#primaryimage"},"image":{"@id":"https:\/\/baliparaglidingtours.com\/pl\/product\/parasailing-bali-i-pakiet-sportow-wodnych-bezplatny-transfer-do-hotelu\/#primaryimage"},"thumbnailUrl":"https:\/\/baliparaglidingtours.com\/wp-content\/uploads\/2020\/01\/bali-fly-board.png","datePublished":"2023-01-04T14:00:32+00:00","description":"Pakiet parasailing Bali z 3 dodatkowymi zaj\u0119ciami sport\u00f3w wodnych, transferem do hotelu all inclusive i powrotem. zaczyna si\u0119 od 70 $ za 4 ekscytuj\u0105ce zaj\u0119cia. zarezerwuj teraz","breadcrumb":{"@id":"https:\/\/baliparaglidingtours.com\/pl\/product\/parasailing-bali-i-pakiet-sportow-wodnych-bezplatny-transfer-do-hotelu\/#breadcrumb"},"inLanguage":"pl-PL","potentialAction":[{"@type":"ReadAction","target":["https:\/\/baliparaglidingtours.com\/pl\/product\/parasailing-bali-i-pakiet-sportow-wodnych-bezplatny-transfer-do-hotelu\/"]}]},{"@type":"ImageObject","inLanguage":"pl-PL","@id":"https:\/\/baliparaglidingtours.com\/pl\/product\/parasailing-bali-i-pakiet-sportow-wodnych-bezplatny-transfer-do-hotelu\/#primaryimage","url":"https:\/\/baliparaglidingtours.com\/wp-content\/uploads\/2020\/01\/bali-fly-board.png","contentUrl":"https:\/\/baliparaglidingtours.com\/wp-content\/uploads\/2020\/01\/bali-fly-board.png","width":779,"height":779,"caption":"flyboard bali"},{"@type":"BreadcrumbList","@id":"https:\/\/baliparaglidingtours.com\/pl\/product\/parasailing-bali-i-pakiet-sportow-wodnych-bezplatny-transfer-do-hotelu\/#breadcrumb","itemListElement":[{"@type":"ListItem","position":1,"name":"Home","item":"https:\/\/baliparaglidingtours.com\/pl\/"},{"@type":"ListItem","position":2,"name":"Sklep","item":"https:\/\/baliparaglidingtours.com\/pl\/"},{"@type":"ListItem","position":3,"name":"Parasailing Bali i pakiet sport\u00f3w wodnych (bezp\u0142atny transfer do hotelu)"}]},{"@type":"WebSite","@id":"https:\/\/darkgreen-panther-294679.hostingersite.com\/#website","url":"https:\/\/darkgreen-panther-294679.hostingersite.com\/","name":"Bali Paragliding Tours","description":"The best and first tandem paragliding in Bali","publisher":{"@id":"https:\/\/darkgreen-panther-294679.hostingersite.com\/#organization"},"potentialAction":[{"@type":"SearchAction","target":{"@type":"EntryPoint","urlTemplate":"https:\/\/darkgreen-panther-294679.hostingersite.com\/?s={search_term_string}"},"query-input":{"@type":"PropertyValueSpecification","valueRequired":true,"valueName":"search_term_string"}}],"inLanguage":"pl-PL"},{"@type":"Organization","@id":"https:\/\/darkgreen-panther-294679.hostingersite.com\/#organization","name":"Bali Paragliding Tours","url":"https:\/\/darkgreen-panther-294679.hostingersite.com\/","logo":{"@type":"ImageObject","inLanguage":"pl-PL","@id":"https:\/\/darkgreen-panther-294679.hostingersite.com\/#\/schema\/logo\/image\/","url":"https:\/\/baliparaglidingtours.com\/wp-content\/uploads\/2019\/07\/Logopit_1563347307259-1.png","contentUrl":"https:\/\/baliparaglidingtours.com\/wp-content\/uploads\/2019\/07\/Logopit_1563347307259-1.png","width":2160,"height":2160,"caption":"Bali Paragliding Tours"},"image":{"@id":"https:\/\/darkgreen-panther-294679.hostingersite.com\/#\/schema\/logo\/image\/"},"sameAs":["https:\/\/facebook.com\/bali.paragliding"]}]}},"_links":{"self":[{"href":"https:\/\/baliparaglidingtours.com\/pl\/wp-json\/wp\/v2\/product\/4923","targetHints":{"allow":["GET"]}}],"collection":[{"href":"https:\/\/baliparaglidingtours.com\/pl\/wp-json\/wp\/v2\/product"}],"about":[{"href":"https:\/\/baliparaglidingtours.com\/pl\/wp-json\/wp\/v2\/types\/product"}],"replies":[{"embeddable":true,"href":"https:\/\/baliparaglidingtours.com\/pl\/wp-json\/wp\/v2\/comments?post=4923"}],"wp:featuredmedia":[{"embeddable":true,"href":"https:\/\/baliparaglidingtours.com\/pl\/wp-json\/wp\/v2\/media\/4284"}],"wp:attachment":[{"href":"https:\/\/baliparaglidingtours.com\/pl\/wp-json\/wp\/v2\/media?parent=4923"}],"wp:term":[{"taxonomy":"product_brand","embeddable":true,"href":"https:\/\/baliparaglidingtours.com\/pl\/wp-json\/wp\/v2\/product_brand?post=4923"},{"taxonomy":"product_cat","embeddable":true,"href":"https:\/\/baliparaglidingtours.com\/pl\/wp-json\/wp\/v2\/product_cat?post=4923"},{"taxonomy":"product_tag","embeddable":true,"href":"https:\/\/baliparaglidingtours.com\/pl\/wp-json\/wp\/v2\/product_tag?post=4923"}],"curies":[{"name":"wp","href":"https:\/\/api.w.org\/{rel}","templated":true}]}}