{"id":4908,"date":"2024-02-24T20:44:33","date_gmt":"2024-02-24T12:44:33","guid":{"rendered":"https:\/\/baliparaglidingtours.com\/product\/paralotniarstwo-na-klifie-bali-nusa-dua-ze-zdjeciami-wideo\/"},"modified":"2025-06-19T18:49:56","modified_gmt":"2025-06-19T10:49:56","slug":"paralotniarstwo-na-klifie-bali-nusa-dua-ze-zdjeciami-wideo","status":"publish","type":"product","link":"https:\/\/baliparaglidingtours.com\/pl\/product\/paralotniarstwo-na-klifie-bali-nusa-dua-ze-zdjeciami-wideo\/","title":{"rendered":"Paralotniarstwo na klifie Bali Nusa Dua ze zdj\u0119ciami\/wideo"},"content":{"rendered":"<div class=\"container section-title-container\" ><h3 class=\"section-title section-title-normal\"><b aria-hidden=\"true\"><\/b><span class=\"section-title-main\" >Paralotniarstwo Bali Nusa Dua<\/span><b aria-hidden=\"true\"><\/b><\/h3><\/div>\n<p>Prze\u017cyj niesamowite emocje podczas paralotniarstwa w tandemie wzd\u0142u\u017c zapieraj\u0105cych dech w piersiach po\u0142udniowych klif\u00f3w Nusa Dua na Bali! Nasza ekscytuj\u0105ca przygoda rozpoczyna si\u0119 zaledwie 70 metr\u00f3w nad poziomem morza, gdzie b\u0119dziesz lata\u0107 z do\u015bwiadczonym instruktorem u boku. Wybierz jeden z naszych 15- lub 30-minutowych pakiet\u00f3w i wznie\u015b si\u0119 wysoko nad lazurowymi wodami, podziwiaj\u0105c panoramiczne widoki na osza\u0142amiaj\u0105ce wybrze\u017ce Bali.  <\/p>\n<p>Uchwy\u0107 ka\u017cd\u0105 ekscytuj\u0105c\u0105 chwil\u0119 dzi\u0119ki naszej dokumentacji fotograficznej lub wideo, zapewniaj\u0105c wspomnienia na ca\u0142e \u017cycie. Niezale\u017cnie od tego, czy jeste\u015b do\u015bwiadczonym poszukiwaczem przyg\u00f3d, czy te\u017c latasz po raz pierwszy, nasi do\u015bwiadczeni przewodnicy gwarantuj\u0105 bezpieczne i niezapomniane wra\u017cenia. <\/p>\n<p>Gotowy, aby podnie\u015b\u0107 poziom swojego wypadu na Bali? Zarezerwuj paralotniarstwo w tandemie w Nusa Dua ju\u017c dzi\u015b i odkryj prawdziwe znaczenie wolno\u015bci w przestworzach nad rajem. Nie przegap okazji &#8211; zarezerwuj swoje miejsce ju\u017c teraz i daj si\u0119 porwa\u0107 przygodzie.<\/p>\n<div class=\"container section-title-container\" ><h3 class=\"section-title section-title-normal\"><b aria-hidden=\"true\"><\/b><span class=\"section-title-main\" >Paralotniarstwo Bali Nusa Dua krok po kroku<\/span><b aria-hidden=\"true\"><\/b><\/h3><\/div>\n<p>Krok 1: Instrukta\u017c bezpiecze\u0144stwa<br \/>\nPo przybyciu na nasze miejsce do uprawiania paralotniarstwa w tandemie w Nusa Dua na Bali, zostaniesz powitany przez naszych do\u015bwiadczonych instruktor\u00f3w, kt\u00f3rzy przeprowadz\u0105 kompleksowy instrukta\u017c bezpiecze\u0144stwa. Dowiesz si\u0119 o sprz\u0119cie, procedurach bezpiecze\u0144stwa i tym, czego mo\u017cesz si\u0119 spodziewa\u0107 podczas lotu w tandemie. <\/p>\n<p>Krok 2: Przygotuj si\u0119<br \/>\nNast\u0119pnie zostaniesz wyposa\u017cony we wszystkie niezb\u0119dne \u015brodki bezpiecze\u0144stwa, w tym uprz\u0105\u017c i kask. Nasz zesp\u00f3\u0142 upewni si\u0119, \u017ce wszystko jest wygodnie i bezpiecznie dopasowane przed udaniem si\u0119 na miejsce startu. <\/p>\n<p>Krok 3: Kontrola przed lotem<br \/>\nPrzed startem nasi instruktorzy przeprowadz\u0105 dok\u0142adn\u0105 kontrol\u0119 ca\u0142ego sprz\u0119tu przed lotem, aby upewni\u0107 si\u0119, \u017ce wszystko jest w optymalnym stanie do lotu paralotni\u0105 w tandemie. Bezpiecze\u0144stwo jest naszym najwy\u017cszym priorytetem. <\/p>\n<p>Krok 4: Start<br \/>\nZ instruktorem u boku udasz si\u0119 do miejsca startu wzd\u0142u\u017c po\u0142udniowych klif\u00f3w Nusa Dua. Gdy znajdziesz si\u0119 na miejscu, a warunki zostan\u0105 uznane za bezpieczne, nadejdzie czas na lot! Otrzymasz instrukcje dotycz\u0105ce tego, jak wystartowa\u0107 i co robi\u0107 podczas lotu.  <\/p>\n<p>Krok 5: Wznie\u015b si\u0119 nad Nusa Dua<br \/>\nPoczuj przyp\u0142yw adrenaliny podczas startu i wznie\u015b si\u0119 wysoko nad osza\u0142amiaj\u0105cym wybrze\u017cem Nusa Dua. Podziwiaj zapieraj\u0105ce dech w piersiach widoki na lazurowe wody i bujne krajobrazy poni\u017cej, szybuj\u0105c bez wysi\u0142ku w powietrzu. <\/p>\n<p>Krok 6: Ciesz si\u0119 lotem<br \/>\nPodczas lotu paralotni\u0105 w tandemie instruktor zajmie si\u0119 sterowaniem, pozwalaj\u0105c ci usi\u0105\u015b\u0107, zrelaksowa\u0107 si\u0119 i w pe\u0142ni zanurzy\u0107 si\u0119 w pi\u0119knie Bali z wyj\u0105tkowej perspektywy. Nie zapomnij podziwia\u0107 widok\u00f3w i uchwyci\u0107 chwili dzi\u0119ki naszemu pakietowi dokumentacji fotograficznej lub wideo. <\/p>\n<p>Krok 7: L\u0105dowanie<br \/>\nGdy lot dobiegnie ko\u0144ca, instruktor poprowadzi Ci\u0119 p\u0142ynnie z powrotem na ziemi\u0119 w celu \u0142agodnego l\u0105dowania. Poczuj dreszczyk emocji, gdy bezpiecznie wyl\u0105dujesz na l\u0105dowisku.<\/p>\n<div class=\"container section-title-container\" ><h3 class=\"section-title section-title-normal\"><b aria-hidden=\"true\"><\/b><span class=\"section-title-main\" >Termin i warunki<\/span><b aria-hidden=\"true\"><\/b><\/h3><\/div>\n\n<p><strong>ZAWARTO\u015a\u0106:<\/strong><\/p>\n<ul>\n<li>15 minut lotu w powietrzu<\/li>\n<li>Kamera sportowa z kijem do selfie<\/li>\n<li>Ochrona ubezpieczeniowa<\/li>\n<\/ul>\n<p><strong>WY\u0141\u0104CZENIA:<\/strong><\/p>\n<ul>\n<li>Transport<\/li>\n<li>Posi\u0142ki\/napoje<\/li>\n<li>Wydatki osobiste<\/li>\n<li>Op\u0142ata za transakcj\u0119\/rezerwacj\u0119<\/li>\n<\/ul>\n<p><strong>DODATKOWE INFORMACJE:<\/strong><\/p>\n<ul>\n<li>Ta aktywno\u015b\u0107 nie jest zalecana dla os\u00f3b w ci\u0105\u017cy, bez problem\u00f3w z sercem lub innych powa\u017cnych schorze\u0144.<\/li>\n<li>Uczestnicy musz\u0105 by\u0107 w wieku 5-60 lat<\/li>\n<li>Maksymalna waga uczestnika nie mo\u017ce przekracza\u0107 110 KG <\/li>\n<li>Aktywno\u015bci te s\u0105 zale\u017cne od warunk\u00f3w pogodowych i wietrznych, mo\u017cemy zaoferowa\u0107 zmian\u0119 harmonogramu lub zwrot koszt\u00f3w w przypadku, gdy lot nie b\u0119dzie dost\u0119pny w wybranym dniu z powodu nag\u0142ej zmiany pogody.<\/li>\n<\/ul>\n<p><strong>MIEJSCE SPOTKANIA I WYKUP<\/strong><\/p>\n<ul>\n<li>Miejsce spotkania znajduje si\u0119 w <a href=\"https:\/\/baliparaglidingtours.com\/contact\/\">miejscu latania<\/a>, lokalizacja do potwierdzenia, poniewa\u017c mamy 2 bazy lot\u00f3w, dok\u0142adny adres zostanie podany e-mailem lub WhatsApp po otrzymaniu rezerwacji.<\/li>\n<li>Prosimy o okazanie podsumowania rezerwacji w punkcie rejestracyjnym w celu realizacji rezerwacji.<\/li>\n<\/ul>\n<p><strong>POLITYKA ANULOWANIA I ZWROT\u00d3W<\/strong><\/p>\n<ul>\n<li>Aby za\u017c\u0105da\u0107 anulowania lub zmiany rezerwacji, nale\u017cy powiadomi\u0107 nas o tym co najmniej 12 godzin przed planowan\u0105 godzin\u0105 lotu.<\/li>\n<li>Aby zmieni\u0107, prze\u0142o\u017cy\u0107 lub anulowa\u0107 rezerwacj\u0119, nale\u017cy odpowiedzie\u0107 na wiadomo\u015b\u0107 e-mail lub przez WhatsApp, podaj\u0105c numer zam\u00f3wienia.<\/li>\n<li>zwrot pieni\u0119dzy zostanie natychmiast przetworzony na Twoj\u0105 kart\u0119. U\u017cywamy bramki p\u0142atno\u015bci Paypal do przyjmowania i zwracania p\u0142atno\u015bci. <\/li>\n<li>Otrzymasz zwrot pieni\u0119dzy pomniejszony o op\u0142at\u0119 transakcyjn\u0105, je\u015bli lot nie b\u0119dzie mo\u017cliwy w wybranym dniu z powodu pogody lub braku wystarczaj\u0105cych wiatr\u00f3w na lot.<\/li>\n<li>Wi\u0119cej informacji: <a href=\"https:\/\/wa.me\/6285237041667\">czat na WhatsApp<\/a><\/li>\n<\/ul>\n<p><strong>Uwaga:<\/strong><\/p>\n<p><strong>Cena ta obowi\u0105zuje tylko w przypadku rezerwacji potwierdzonej online.<\/strong><\/p>\n<p><strong><span style=\"color: #ff0000;\">Ta aktywno\u015b\u0107 dzia\u0142a przy naturalnej pr\u0119dko\u015bci i warunkach wiatru. Czas lotu mo\u017ce ulec pewnym op\u00f3\u017anieniom\/zmianom w przypadku problem\u00f3w z wiatrem\/pogod\u0105.   <\/span><\/strong><strong><span style=\"color: #ff0000;\">Zostaniesz zauwa\u017cony (w przypadku p\u0142atnej potwierdzonej rezerwacji) przed przyjazdem. Aby uzyska\u0107 wi\u0119cej informacji, prosimy o kontakt przez e-mail lub <a href=\"https:\/\/wa.me\/6285237041667\" target=\"_blank\" rel=\"noopener\">Whatsapp<\/a>.  <\/span><\/strong><br \/>\n\n","protected":false},"excerpt":{"rendered":"<p>Poczuj dreszczyk emocji unosz\u0105c si\u0119 nad osza\u0142amiaj\u0105cym wybrze\u017cem Bali podczas naszej przygody z paralotniarstwem w tandemie w Nusa Dua! Poczuj przyp\u0142yw adrenaliny podczas lotu i podziwiaj zapieraj\u0105ce dech w piersiach widoki na krystalicznie czyste wody i bujne krajobrazy poni\u017cej. Dokumentacja foto\/wideo wliczona w cen\u0119  <\/p>\n","protected":false},"featured_media":4074,"comment_status":"closed","ping_status":"closed","template":"","meta":[],"product_brand":[],"product_cat":[90],"product_tag":[],"class_list":{"0":"post-4908","1":"product","2":"type-product","3":"status-publish","4":"has-post-thumbnail","6":"product_cat-bez-kategorii","7":"wcpa_has_options","9":"first","10":"instock","11":"sale","12":"shipping-taxable","13":"purchasable","14":"product-type-variable"},"yoast_head":"<!-- This site is optimized with the Yoast SEO plugin v27.4 - https:\/\/yoast.com\/product\/yoast-seo-wordpress\/ -->\n<title>Paralotniarstwo na klifie Bali Nusa Dua ze zdj\u0119ciami\/wideo - Bali Paragliding Tours<\/title>\n<meta name=\"description\" content=\"Do\u0142\u0105cz do Tandem Paragliding Bali w Nusa Dua, Uzyskaj bezp\u0142atn\u0105 dokumentacj\u0119 fotograficzn\u0105 \/ wideo. Zarezerwuj online ju\u017c dzi\u015b i uzyskaj bezpo\u015bredni\u0105 cen\u0119, rezerwacj\u0119 last minute z natychmiastowym potwierdzeniem\" \/>\n<meta name=\"robots\" content=\"index, follow, max-snippet:-1, max-image-preview:large, max-video-preview:-1\" \/>\n<link rel=\"canonical\" href=\"https:\/\/baliparaglidingtours.com\/pl\/product\/paralotniarstwo-na-klifie-bali-nusa-dua-ze-zdjeciami-wideo\/\" \/>\n<meta property=\"og:locale\" content=\"pl_PL\" \/>\n<meta property=\"og:type\" content=\"article\" \/>\n<meta property=\"og:title\" content=\"Paralotniarstwo na klifie Bali Nusa Dua ze zdj\u0119ciami\/wideo - Bali Paragliding Tours\" \/>\n<meta property=\"og:description\" content=\"Do\u0142\u0105cz do Tandem Paragliding Bali w Nusa Dua, Uzyskaj bezp\u0142atn\u0105 dokumentacj\u0119 fotograficzn\u0105 \/ wideo. Zarezerwuj online ju\u017c dzi\u015b i uzyskaj bezpo\u015bredni\u0105 cen\u0119, rezerwacj\u0119 last minute z natychmiastowym potwierdzeniem\" \/>\n<meta property=\"og:url\" content=\"https:\/\/baliparaglidingtours.com\/pl\/product\/paralotniarstwo-na-klifie-bali-nusa-dua-ze-zdjeciami-wideo\/\" \/>\n<meta property=\"og:site_name\" content=\"Bali Paragliding Tours\" \/>\n<meta property=\"article:publisher\" content=\"https:\/\/facebook.com\/bali.paragliding\" \/>\n<meta property=\"article:modified_time\" content=\"2025-06-19T10:49:56+00:00\" \/>\n<meta property=\"og:image\" content=\"https:\/\/baliparaglidingtours.com\/wp-content\/uploads\/2019\/08\/154778647904471.jpg\" \/>\n\t<meta property=\"og:image:width\" content=\"1402\" \/>\n\t<meta property=\"og:image:height\" content=\"1051\" \/>\n\t<meta property=\"og:image:type\" content=\"image\/jpeg\" \/>\n<meta name=\"twitter:card\" content=\"summary_large_image\" \/>\n<meta name=\"twitter:label1\" content=\"Szacowany czas czytania\" \/>\n\t<meta name=\"twitter:data1\" content=\"4 minuty\" \/>\n<script type=\"application\/ld+json\" class=\"yoast-schema-graph\">{\"@context\":\"https:\\\/\\\/schema.org\",\"@graph\":[{\"@type\":\"WebPage\",\"@id\":\"https:\\\/\\\/baliparaglidingtours.com\\\/pl\\\/product\\\/paralotniarstwo-na-klifie-bali-nusa-dua-ze-zdjeciami-wideo\\\/\",\"url\":\"https:\\\/\\\/baliparaglidingtours.com\\\/pl\\\/product\\\/paralotniarstwo-na-klifie-bali-nusa-dua-ze-zdjeciami-wideo\\\/\",\"name\":\"Paralotniarstwo na klifie Bali Nusa Dua ze zdj\u0119ciami\\\/wideo - Bali Paragliding Tours\",\"isPartOf\":{\"@id\":\"https:\\\/\\\/darkgreen-panther-294679.hostingersite.com\\\/#website\"},\"primaryImageOfPage\":{\"@id\":\"https:\\\/\\\/baliparaglidingtours.com\\\/pl\\\/product\\\/paralotniarstwo-na-klifie-bali-nusa-dua-ze-zdjeciami-wideo\\\/#primaryimage\"},\"image\":{\"@id\":\"https:\\\/\\\/baliparaglidingtours.com\\\/pl\\\/product\\\/paralotniarstwo-na-klifie-bali-nusa-dua-ze-zdjeciami-wideo\\\/#primaryimage\"},\"thumbnailUrl\":\"https:\\\/\\\/baliparaglidingtours.com\\\/wp-content\\\/uploads\\\/2019\\\/08\\\/154778647904471.jpg\",\"datePublished\":\"2024-02-24T12:44:33+00:00\",\"dateModified\":\"2025-06-19T10:49:56+00:00\",\"description\":\"Do\u0142\u0105cz do Tandem Paragliding Bali w Nusa Dua, Uzyskaj bezp\u0142atn\u0105 dokumentacj\u0119 fotograficzn\u0105 \\\/ wideo. Zarezerwuj online ju\u017c dzi\u015b i uzyskaj bezpo\u015bredni\u0105 cen\u0119, rezerwacj\u0119 last minute z natychmiastowym potwierdzeniem\",\"breadcrumb\":{\"@id\":\"https:\\\/\\\/baliparaglidingtours.com\\\/pl\\\/product\\\/paralotniarstwo-na-klifie-bali-nusa-dua-ze-zdjeciami-wideo\\\/#breadcrumb\"},\"inLanguage\":\"pl-PL\",\"potentialAction\":[{\"@type\":\"ReadAction\",\"target\":[\"https:\\\/\\\/baliparaglidingtours.com\\\/pl\\\/product\\\/paralotniarstwo-na-klifie-bali-nusa-dua-ze-zdjeciami-wideo\\\/\"]}]},{\"@type\":\"ImageObject\",\"inLanguage\":\"pl-PL\",\"@id\":\"https:\\\/\\\/baliparaglidingtours.com\\\/pl\\\/product\\\/paralotniarstwo-na-klifie-bali-nusa-dua-ze-zdjeciami-wideo\\\/#primaryimage\",\"url\":\"https:\\\/\\\/baliparaglidingtours.com\\\/wp-content\\\/uploads\\\/2019\\\/08\\\/154778647904471.jpg\",\"contentUrl\":\"https:\\\/\\\/baliparaglidingtours.com\\\/wp-content\\\/uploads\\\/2019\\\/08\\\/154778647904471.jpg\",\"width\":1402,\"height\":1051,\"caption\":\"paralotniarstwo bali nusa dua\"},{\"@type\":\"BreadcrumbList\",\"@id\":\"https:\\\/\\\/baliparaglidingtours.com\\\/pl\\\/product\\\/paralotniarstwo-na-klifie-bali-nusa-dua-ze-zdjeciami-wideo\\\/#breadcrumb\",\"itemListElement\":[{\"@type\":\"ListItem\",\"position\":1,\"name\":\"Home\",\"item\":\"https:\\\/\\\/baliparaglidingtours.com\\\/pl\\\/\"},{\"@type\":\"ListItem\",\"position\":2,\"name\":\"Sklep\",\"item\":\"https:\\\/\\\/baliparaglidingtours.com\\\/pl\\\/\"},{\"@type\":\"ListItem\",\"position\":3,\"name\":\"Paralotniarstwo na klifie Bali Nusa Dua ze zdj\u0119ciami\\\/wideo\"}]},{\"@type\":\"WebSite\",\"@id\":\"https:\\\/\\\/darkgreen-panther-294679.hostingersite.com\\\/#website\",\"url\":\"https:\\\/\\\/darkgreen-panther-294679.hostingersite.com\\\/\",\"name\":\"Bali Paragliding Tours\",\"description\":\"The best and first tandem paragliding in Bali\",\"publisher\":{\"@id\":\"https:\\\/\\\/darkgreen-panther-294679.hostingersite.com\\\/#organization\"},\"potentialAction\":[{\"@type\":\"SearchAction\",\"target\":{\"@type\":\"EntryPoint\",\"urlTemplate\":\"https:\\\/\\\/darkgreen-panther-294679.hostingersite.com\\\/?s={search_term_string}\"},\"query-input\":{\"@type\":\"PropertyValueSpecification\",\"valueRequired\":true,\"valueName\":\"search_term_string\"}}],\"inLanguage\":\"pl-PL\"},{\"@type\":\"Organization\",\"@id\":\"https:\\\/\\\/darkgreen-panther-294679.hostingersite.com\\\/#organization\",\"name\":\"Bali Paragliding Tours\",\"url\":\"https:\\\/\\\/darkgreen-panther-294679.hostingersite.com\\\/\",\"logo\":{\"@type\":\"ImageObject\",\"inLanguage\":\"pl-PL\",\"@id\":\"https:\\\/\\\/darkgreen-panther-294679.hostingersite.com\\\/#\\\/schema\\\/logo\\\/image\\\/\",\"url\":\"https:\\\/\\\/baliparaglidingtours.com\\\/wp-content\\\/uploads\\\/2019\\\/07\\\/Logopit_1563347307259-1.png\",\"contentUrl\":\"https:\\\/\\\/baliparaglidingtours.com\\\/wp-content\\\/uploads\\\/2019\\\/07\\\/Logopit_1563347307259-1.png\",\"width\":2160,\"height\":2160,\"caption\":\"Bali Paragliding Tours\"},\"image\":{\"@id\":\"https:\\\/\\\/darkgreen-panther-294679.hostingersite.com\\\/#\\\/schema\\\/logo\\\/image\\\/\"},\"sameAs\":[\"https:\\\/\\\/facebook.com\\\/bali.paragliding\"]}]}<\/script>\n<!-- \/ Yoast SEO plugin. -->","yoast_head_json":{"title":"Paralotniarstwo na klifie Bali Nusa Dua ze zdj\u0119ciami\/wideo - Bali Paragliding Tours","description":"Do\u0142\u0105cz do Tandem Paragliding Bali w Nusa Dua, Uzyskaj bezp\u0142atn\u0105 dokumentacj\u0119 fotograficzn\u0105 \/ wideo. Zarezerwuj online ju\u017c dzi\u015b i uzyskaj bezpo\u015bredni\u0105 cen\u0119, rezerwacj\u0119 last minute z natychmiastowym potwierdzeniem","robots":{"index":"index","follow":"follow","max-snippet":"max-snippet:-1","max-image-preview":"max-image-preview:large","max-video-preview":"max-video-preview:-1"},"canonical":"https:\/\/baliparaglidingtours.com\/pl\/product\/paralotniarstwo-na-klifie-bali-nusa-dua-ze-zdjeciami-wideo\/","og_locale":"pl_PL","og_type":"article","og_title":"Paralotniarstwo na klifie Bali Nusa Dua ze zdj\u0119ciami\/wideo - Bali Paragliding Tours","og_description":"Do\u0142\u0105cz do Tandem Paragliding Bali w Nusa Dua, Uzyskaj bezp\u0142atn\u0105 dokumentacj\u0119 fotograficzn\u0105 \/ wideo. Zarezerwuj online ju\u017c dzi\u015b i uzyskaj bezpo\u015bredni\u0105 cen\u0119, rezerwacj\u0119 last minute z natychmiastowym potwierdzeniem","og_url":"https:\/\/baliparaglidingtours.com\/pl\/product\/paralotniarstwo-na-klifie-bali-nusa-dua-ze-zdjeciami-wideo\/","og_site_name":"Bali Paragliding Tours","article_publisher":"https:\/\/facebook.com\/bali.paragliding","article_modified_time":"2025-06-19T10:49:56+00:00","og_image":[{"width":1402,"height":1051,"url":"https:\/\/baliparaglidingtours.com\/wp-content\/uploads\/2019\/08\/154778647904471.jpg","type":"image\/jpeg"}],"twitter_card":"summary_large_image","twitter_misc":{"Szacowany czas czytania":"4 minuty"},"schema":{"@context":"https:\/\/schema.org","@graph":[{"@type":"WebPage","@id":"https:\/\/baliparaglidingtours.com\/pl\/product\/paralotniarstwo-na-klifie-bali-nusa-dua-ze-zdjeciami-wideo\/","url":"https:\/\/baliparaglidingtours.com\/pl\/product\/paralotniarstwo-na-klifie-bali-nusa-dua-ze-zdjeciami-wideo\/","name":"Paralotniarstwo na klifie Bali Nusa Dua ze zdj\u0119ciami\/wideo - Bali Paragliding Tours","isPartOf":{"@id":"https:\/\/darkgreen-panther-294679.hostingersite.com\/#website"},"primaryImageOfPage":{"@id":"https:\/\/baliparaglidingtours.com\/pl\/product\/paralotniarstwo-na-klifie-bali-nusa-dua-ze-zdjeciami-wideo\/#primaryimage"},"image":{"@id":"https:\/\/baliparaglidingtours.com\/pl\/product\/paralotniarstwo-na-klifie-bali-nusa-dua-ze-zdjeciami-wideo\/#primaryimage"},"thumbnailUrl":"https:\/\/baliparaglidingtours.com\/wp-content\/uploads\/2019\/08\/154778647904471.jpg","datePublished":"2024-02-24T12:44:33+00:00","dateModified":"2025-06-19T10:49:56+00:00","description":"Do\u0142\u0105cz do Tandem Paragliding Bali w Nusa Dua, Uzyskaj bezp\u0142atn\u0105 dokumentacj\u0119 fotograficzn\u0105 \/ wideo. Zarezerwuj online ju\u017c dzi\u015b i uzyskaj bezpo\u015bredni\u0105 cen\u0119, rezerwacj\u0119 last minute z natychmiastowym potwierdzeniem","breadcrumb":{"@id":"https:\/\/baliparaglidingtours.com\/pl\/product\/paralotniarstwo-na-klifie-bali-nusa-dua-ze-zdjeciami-wideo\/#breadcrumb"},"inLanguage":"pl-PL","potentialAction":[{"@type":"ReadAction","target":["https:\/\/baliparaglidingtours.com\/pl\/product\/paralotniarstwo-na-klifie-bali-nusa-dua-ze-zdjeciami-wideo\/"]}]},{"@type":"ImageObject","inLanguage":"pl-PL","@id":"https:\/\/baliparaglidingtours.com\/pl\/product\/paralotniarstwo-na-klifie-bali-nusa-dua-ze-zdjeciami-wideo\/#primaryimage","url":"https:\/\/baliparaglidingtours.com\/wp-content\/uploads\/2019\/08\/154778647904471.jpg","contentUrl":"https:\/\/baliparaglidingtours.com\/wp-content\/uploads\/2019\/08\/154778647904471.jpg","width":1402,"height":1051,"caption":"paralotniarstwo bali nusa dua"},{"@type":"BreadcrumbList","@id":"https:\/\/baliparaglidingtours.com\/pl\/product\/paralotniarstwo-na-klifie-bali-nusa-dua-ze-zdjeciami-wideo\/#breadcrumb","itemListElement":[{"@type":"ListItem","position":1,"name":"Home","item":"https:\/\/baliparaglidingtours.com\/pl\/"},{"@type":"ListItem","position":2,"name":"Sklep","item":"https:\/\/baliparaglidingtours.com\/pl\/"},{"@type":"ListItem","position":3,"name":"Paralotniarstwo na klifie Bali Nusa Dua ze zdj\u0119ciami\/wideo"}]},{"@type":"WebSite","@id":"https:\/\/darkgreen-panther-294679.hostingersite.com\/#website","url":"https:\/\/darkgreen-panther-294679.hostingersite.com\/","name":"Bali Paragliding Tours","description":"The best and first tandem paragliding in Bali","publisher":{"@id":"https:\/\/darkgreen-panther-294679.hostingersite.com\/#organization"},"potentialAction":[{"@type":"SearchAction","target":{"@type":"EntryPoint","urlTemplate":"https:\/\/darkgreen-panther-294679.hostingersite.com\/?s={search_term_string}"},"query-input":{"@type":"PropertyValueSpecification","valueRequired":true,"valueName":"search_term_string"}}],"inLanguage":"pl-PL"},{"@type":"Organization","@id":"https:\/\/darkgreen-panther-294679.hostingersite.com\/#organization","name":"Bali Paragliding Tours","url":"https:\/\/darkgreen-panther-294679.hostingersite.com\/","logo":{"@type":"ImageObject","inLanguage":"pl-PL","@id":"https:\/\/darkgreen-panther-294679.hostingersite.com\/#\/schema\/logo\/image\/","url":"https:\/\/baliparaglidingtours.com\/wp-content\/uploads\/2019\/07\/Logopit_1563347307259-1.png","contentUrl":"https:\/\/baliparaglidingtours.com\/wp-content\/uploads\/2019\/07\/Logopit_1563347307259-1.png","width":2160,"height":2160,"caption":"Bali Paragliding Tours"},"image":{"@id":"https:\/\/darkgreen-panther-294679.hostingersite.com\/#\/schema\/logo\/image\/"},"sameAs":["https:\/\/facebook.com\/bali.paragliding"]}]}},"_links":{"self":[{"href":"https:\/\/baliparaglidingtours.com\/pl\/wp-json\/wp\/v2\/product\/4908","targetHints":{"allow":["GET"]}}],"collection":[{"href":"https:\/\/baliparaglidingtours.com\/pl\/wp-json\/wp\/v2\/product"}],"about":[{"href":"https:\/\/baliparaglidingtours.com\/pl\/wp-json\/wp\/v2\/types\/product"}],"replies":[{"embeddable":true,"href":"https:\/\/baliparaglidingtours.com\/pl\/wp-json\/wp\/v2\/comments?post=4908"}],"wp:featuredmedia":[{"embeddable":true,"href":"https:\/\/baliparaglidingtours.com\/pl\/wp-json\/wp\/v2\/media\/4074"}],"wp:attachment":[{"href":"https:\/\/baliparaglidingtours.com\/pl\/wp-json\/wp\/v2\/media?parent=4908"}],"wp:term":[{"taxonomy":"product_brand","embeddable":true,"href":"https:\/\/baliparaglidingtours.com\/pl\/wp-json\/wp\/v2\/product_brand?post=4908"},{"taxonomy":"product_cat","embeddable":true,"href":"https:\/\/baliparaglidingtours.com\/pl\/wp-json\/wp\/v2\/product_cat?post=4908"},{"taxonomy":"product_tag","embeddable":true,"href":"https:\/\/baliparaglidingtours.com\/pl\/wp-json\/wp\/v2\/product_tag?post=4908"}],"curies":[{"name":"wp","href":"https:\/\/api.w.org\/{rel}","templated":true}]}}