{"id":4877,"date":"2021-05-06T13:43:00","date_gmt":"2021-05-06T05:43:00","guid":{"rendered":"https:\/\/baliparaglidingtours.com\/product\/30-minutowy-lot-paralotnia-w-tandemie-ze-zdjeciem-wideo-wplata-depozytu\/"},"modified":"2025-10-09T02:44:33","modified_gmt":"2025-10-08T18:44:33","slug":"30-minutowy-lot-paralotnia-w-tandemie-ze-zdjeciem-wideo-wplata-depozytu","status":"publish","type":"product","link":"https:\/\/baliparaglidingtours.com\/pl\/product\/30-minutowy-lot-paralotnia-w-tandemie-ze-zdjeciem-wideo-wplata-depozytu\/","title":{"rendered":"30-minutowy lot paralotni\u0105 w tandemie ze zdj\u0119ciami\/wideo"},"content":{"rendered":"<p><strong>ZAWARTO\u015a\u0106:<\/strong><\/p>\n<ul>\n<li>30 minut lotu w powietrzu<\/li>\n<li>Kamera sportowa z kijem do selfie<\/li>\n<li>Ochrona ubezpieczeniowa<\/li>\n<\/ul>\n<p><strong>WY\u0141\u0104CZENIA:<\/strong><\/p>\n<ul>\n<li>Transport<\/li>\n<li>Op\u0142ata za transakcj\u0119\/rezerwacj\u0119<\/li>\n<li>Posi\u0142ki\/napoje<\/li>\n<li>Wydatki osobiste<\/li>\n<\/ul>\n<p><strong>DODATKOWE INFORMACJE:<\/strong><\/p>\n<ul>\n<li>Ta aktywno\u015b\u0107 nie jest zalecana dla os\u00f3b w ci\u0105\u017cy, bez problem\u00f3w z sercem lub innych powa\u017cnych schorze\u0144.<\/li>\n<li>Uczestnicy musz\u0105 by\u0107 w wieku 5-60 lat<\/li>\n<li>Maksymalna waga uczestnika nie mo\u017ce przekracza\u0107 110 KG <\/li>\n<li>Aktywno\u015bci te s\u0105 zale\u017cne od warunk\u00f3w pogodowych i wietrznych, mo\u017cemy zaoferowa\u0107 zmian\u0119 harmonogramu lub zwrot koszt\u00f3w w przypadku, gdy lot nie b\u0119dzie dost\u0119pny w wybranym dniu z powodu nag\u0142ej zmiany pogody.<\/li>\n<\/ul>\n<p><strong>MIEJSCE SPOTKANIA I WYKUP<\/strong><\/p>\n<ul>\n<li>Miejsce spotkania znajduje si\u0119 w <a href=\"https:\/\/baliparaglidingtours.com\/pl\/kontakt-i-miejsce-spotkania\/\">miejscu latania<\/a>, lokalizacja do potwierdzenia, poniewa\u017c latamy w wielu bazach lot\u00f3w w zale\u017cno\u015bci od kierunk\u00f3w wiatru, Dok\u0142adny adres zostanie podany e-mailem lub WhatsApp po otrzymaniu rezerwacji.<\/li>\n<li>Prosimy o okazanie podsumowania rezerwacji w punkcie rejestracyjnym w celu realizacji rezerwacji.<\/li>\n<\/ul>\n<p><strong>POLITYKA ANULOWANIA I ZWROT\u00d3W<\/strong><\/p>\n<ul>\n<li>Aby za\u017c\u0105da\u0107 anulowania lub zmiany rezerwacji, nale\u017cy powiadomi\u0107 nas o tym co najmniej 12 godzin przed planowan\u0105 godzin\u0105 lotu.<\/li>\n<li>Aby zmieni\u0107, prze\u0142o\u017cy\u0107 lub anulowa\u0107 rezerwacj\u0119, nale\u017cy odpowiedzie\u0107 na wiadomo\u015b\u0107 e-mail lub przez WhatsApp, podaj\u0105c numer zam\u00f3wienia.<\/li>\n<li>zwrot pieni\u0119dzy zostanie natychmiast przetworzony na Twoj\u0105 kart\u0119. U\u017cywamy bramki p\u0142atno\u015bci Paypal do przyjmowania i zwracania p\u0142atno\u015bci. <\/li>\n<li>Otrzymasz zwrot pieni\u0119dzy pomniejszony o op\u0142at\u0119 transakcyjn\u0105, je\u015bli lot nie b\u0119dzie mo\u017cliwy w wybranym dniu z powodu pogody lub braku wystarczaj\u0105cych wiatr\u00f3w do lotu.<\/li>\n<li>Wi\u0119cej informacji: <a href=\"https:\/\/wa.me\/6285237041667\">czat na WhatsApp<\/a><\/li>\n<\/ul>\n<p><strong>Uwaga:<\/strong><\/p>\n<p><strong>Cena ta obowi\u0105zuje tylko w przypadku rezerwacji potwierdzonej online.<\/strong><\/p>\n<p><strong><span style=\"color: #ff0000;\">Ta aktywno\u015b\u0107 dzia\u0142a przy naturalnej pr\u0119dko\u015bci i warunkach wiatru. Czas lotu mo\u017ce ulec pewnym op\u00f3\u017anieniom\/zmianom w przypadku problem\u00f3w z wiatrem\/pogod\u0105.   <\/span><\/strong><strong><span style=\"color: #ff0000;\">Zostaniesz zauwa\u017cony (w przypadku p\u0142atnej potwierdzonej rezerwacji) przed przyjazdem. Aby uzyska\u0107 wi\u0119cej informacji, prosimy o kontakt przez e-mail lub <a href=\"https:\/\/wa.me\/6285237041667\" target=\"_blank\" rel=\"noopener\">Whatsapp<\/a>.  <\/span><\/strong><\/p>\n","protected":false},"excerpt":{"rendered":"<p>30-minutowy lot w tandemie z pilotem paralotni z bezp\u0142atn\u0105 dokumentacj\u0105 fotograficzn\u0105 \/ wideo podczas lotu. Lataj d\u0142u\u017cej i odkryj wi\u0119cej niesamowitych widok\u00f3w z certyfikowanym pilotem paralotni. Dokumentacja wideo zostanie przes\u0142ana bezpo\u015brednio na telefon kom\u00f3rkowy.  <\/p>\n","protected":false},"featured_media":4137,"comment_status":"closed","ping_status":"closed","template":"","meta":[],"product_brand":[93],"product_cat":[90],"product_tag":[],"class_list":{"0":"post-4877","1":"product","2":"type-product","3":"status-publish","4":"has-post-thumbnail","6":"product_brand-bali-paragliding-tours","7":"product_cat-bez-kategorii","8":"wcpa_has_options","10":"first","11":"instock","12":"shipping-taxable","13":"purchasable","14":"product-type-simple"},"yoast_head":"<!-- This site is optimized with the Yoast SEO plugin v27.3 - https:\/\/yoast.com\/product\/yoast-seo-wordpress\/ -->\n<title>30-minutowy lot paralotni\u0105 w tandemie ze zdj\u0119ciami\/wideo - Bali Paragliding Tours<\/title>\n<meta name=\"description\" content=\"30-minutowy lot paralotni\u0105 w tandemie na Bali z bezp\u0142atn\u0105 dokumentacj\u0105. Lataj d\u0142u\u017cej i odkryj wi\u0119cej widok\u00f3w. Zarezerwuj bez obaw, mo\u017cesz wp\u0142aci\u0107 depozyt lub pe\u0142n\u0105 p\u0142atno\u015b\u0107, aby zabezpieczy\u0107 rezerwacj\u0119. Bali Paragliding Tours\" \/>\n<meta name=\"robots\" content=\"index, follow, max-snippet:-1, max-image-preview:large, max-video-preview:-1\" \/>\n<link rel=\"canonical\" href=\"https:\/\/baliparaglidingtours.com\/pl\/product\/30-minutowy-lot-paralotnia-w-tandemie-ze-zdjeciem-wideo-wplata-depozytu\/\" \/>\n<meta property=\"og:locale\" content=\"pl_PL\" \/>\n<meta property=\"og:type\" content=\"article\" \/>\n<meta property=\"og:title\" content=\"30-minutowy lot paralotni\u0105 w tandemie ze zdj\u0119ciami\/wideo - Bali Paragliding Tours\" \/>\n<meta property=\"og:description\" content=\"30-minutowy lot paralotni\u0105 w tandemie na Bali z bezp\u0142atn\u0105 dokumentacj\u0105. Lataj d\u0142u\u017cej i odkryj wi\u0119cej widok\u00f3w. Zarezerwuj bez obaw, mo\u017cesz wp\u0142aci\u0107 depozyt lub pe\u0142n\u0105 p\u0142atno\u015b\u0107, aby zabezpieczy\u0107 rezerwacj\u0119. Bali Paragliding Tours\" \/>\n<meta property=\"og:url\" content=\"https:\/\/baliparaglidingtours.com\/pl\/product\/30-minutowy-lot-paralotnia-w-tandemie-ze-zdjeciem-wideo-wplata-depozytu\/\" \/>\n<meta property=\"og:site_name\" content=\"Bali Paragliding Tours\" \/>\n<meta property=\"article:publisher\" content=\"https:\/\/facebook.com\/bali.paragliding\" \/>\n<meta property=\"article:modified_time\" content=\"2025-10-08T18:44:33+00:00\" \/>\n<meta property=\"og:image\" content=\"https:\/\/baliparaglidingtours.com\/wp-content\/uploads\/2019\/09\/8aeef2b5409fa30a6f4b3e17c9c27c3f.jpg\" \/>\n\t<meta property=\"og:image:width\" content=\"1080\" \/>\n\t<meta property=\"og:image:height\" content=\"810\" \/>\n\t<meta property=\"og:image:type\" content=\"image\/jpeg\" \/>\n<meta name=\"twitter:card\" content=\"summary_large_image\" \/>\n<meta name=\"twitter:label1\" content=\"Szacowany czas czytania\" \/>\n\t<meta name=\"twitter:data1\" content=\"2 minuty\" \/>\n<script type=\"application\/ld+json\" class=\"yoast-schema-graph\">{\"@context\":\"https:\\\/\\\/schema.org\",\"@graph\":[{\"@type\":\"WebPage\",\"@id\":\"https:\\\/\\\/baliparaglidingtours.com\\\/pl\\\/product\\\/30-minutowy-lot-paralotnia-w-tandemie-ze-zdjeciem-wideo-wplata-depozytu\\\/\",\"url\":\"https:\\\/\\\/baliparaglidingtours.com\\\/pl\\\/product\\\/30-minutowy-lot-paralotnia-w-tandemie-ze-zdjeciem-wideo-wplata-depozytu\\\/\",\"name\":\"30-minutowy lot paralotni\u0105 w tandemie ze zdj\u0119ciami\\\/wideo - Bali Paragliding Tours\",\"isPartOf\":{\"@id\":\"https:\\\/\\\/darkgreen-panther-294679.hostingersite.com\\\/#website\"},\"primaryImageOfPage\":{\"@id\":\"https:\\\/\\\/baliparaglidingtours.com\\\/pl\\\/product\\\/30-minutowy-lot-paralotnia-w-tandemie-ze-zdjeciem-wideo-wplata-depozytu\\\/#primaryimage\"},\"image\":{\"@id\":\"https:\\\/\\\/baliparaglidingtours.com\\\/pl\\\/product\\\/30-minutowy-lot-paralotnia-w-tandemie-ze-zdjeciem-wideo-wplata-depozytu\\\/#primaryimage\"},\"thumbnailUrl\":\"https:\\\/\\\/baliparaglidingtours.com\\\/wp-content\\\/uploads\\\/2019\\\/09\\\/8aeef2b5409fa30a6f4b3e17c9c27c3f.jpg\",\"datePublished\":\"2021-05-06T05:43:00+00:00\",\"dateModified\":\"2025-10-08T18:44:33+00:00\",\"description\":\"30-minutowy lot paralotni\u0105 w tandemie na Bali z bezp\u0142atn\u0105 dokumentacj\u0105. Lataj d\u0142u\u017cej i odkryj wi\u0119cej widok\u00f3w. Zarezerwuj bez obaw, mo\u017cesz wp\u0142aci\u0107 depozyt lub pe\u0142n\u0105 p\u0142atno\u015b\u0107, aby zabezpieczy\u0107 rezerwacj\u0119. Bali Paragliding Tours\",\"breadcrumb\":{\"@id\":\"https:\\\/\\\/baliparaglidingtours.com\\\/pl\\\/product\\\/30-minutowy-lot-paralotnia-w-tandemie-ze-zdjeciem-wideo-wplata-depozytu\\\/#breadcrumb\"},\"inLanguage\":\"pl-PL\",\"potentialAction\":[{\"@type\":\"ReadAction\",\"target\":[\"https:\\\/\\\/baliparaglidingtours.com\\\/pl\\\/product\\\/30-minutowy-lot-paralotnia-w-tandemie-ze-zdjeciem-wideo-wplata-depozytu\\\/\"]}]},{\"@type\":\"ImageObject\",\"inLanguage\":\"pl-PL\",\"@id\":\"https:\\\/\\\/baliparaglidingtours.com\\\/pl\\\/product\\\/30-minutowy-lot-paralotnia-w-tandemie-ze-zdjeciem-wideo-wplata-depozytu\\\/#primaryimage\",\"url\":\"https:\\\/\\\/baliparaglidingtours.com\\\/wp-content\\\/uploads\\\/2019\\\/09\\\/8aeef2b5409fa30a6f4b3e17c9c27c3f.jpg\",\"contentUrl\":\"https:\\\/\\\/baliparaglidingtours.com\\\/wp-content\\\/uploads\\\/2019\\\/09\\\/8aeef2b5409fa30a6f4b3e17c9c27c3f.jpg\",\"width\":1080,\"height\":810,\"caption\":\"paralotniarstwo bali uluwatu\"},{\"@type\":\"BreadcrumbList\",\"@id\":\"https:\\\/\\\/baliparaglidingtours.com\\\/pl\\\/product\\\/30-minutowy-lot-paralotnia-w-tandemie-ze-zdjeciem-wideo-wplata-depozytu\\\/#breadcrumb\",\"itemListElement\":[{\"@type\":\"ListItem\",\"position\":1,\"name\":\"Home\",\"item\":\"https:\\\/\\\/baliparaglidingtours.com\\\/pl\\\/\"},{\"@type\":\"ListItem\",\"position\":2,\"name\":\"Sklep\",\"item\":\"https:\\\/\\\/baliparaglidingtours.com\\\/pl\\\/\"},{\"@type\":\"ListItem\",\"position\":3,\"name\":\"30-minutowy lot paralotni\u0105 w tandemie ze zdj\u0119ciami\\\/wideo\"}]},{\"@type\":\"WebSite\",\"@id\":\"https:\\\/\\\/darkgreen-panther-294679.hostingersite.com\\\/#website\",\"url\":\"https:\\\/\\\/darkgreen-panther-294679.hostingersite.com\\\/\",\"name\":\"Bali Paragliding Tours\",\"description\":\"The best and first tandem paragliding in Bali\",\"publisher\":{\"@id\":\"https:\\\/\\\/darkgreen-panther-294679.hostingersite.com\\\/#organization\"},\"potentialAction\":[{\"@type\":\"SearchAction\",\"target\":{\"@type\":\"EntryPoint\",\"urlTemplate\":\"https:\\\/\\\/darkgreen-panther-294679.hostingersite.com\\\/?s={search_term_string}\"},\"query-input\":{\"@type\":\"PropertyValueSpecification\",\"valueRequired\":true,\"valueName\":\"search_term_string\"}}],\"inLanguage\":\"pl-PL\"},{\"@type\":\"Organization\",\"@id\":\"https:\\\/\\\/darkgreen-panther-294679.hostingersite.com\\\/#organization\",\"name\":\"Bali Paragliding Tours\",\"url\":\"https:\\\/\\\/darkgreen-panther-294679.hostingersite.com\\\/\",\"logo\":{\"@type\":\"ImageObject\",\"inLanguage\":\"pl-PL\",\"@id\":\"https:\\\/\\\/darkgreen-panther-294679.hostingersite.com\\\/#\\\/schema\\\/logo\\\/image\\\/\",\"url\":\"https:\\\/\\\/baliparaglidingtours.com\\\/wp-content\\\/uploads\\\/2019\\\/07\\\/Logopit_1563347307259-1.png\",\"contentUrl\":\"https:\\\/\\\/baliparaglidingtours.com\\\/wp-content\\\/uploads\\\/2019\\\/07\\\/Logopit_1563347307259-1.png\",\"width\":2160,\"height\":2160,\"caption\":\"Bali Paragliding Tours\"},\"image\":{\"@id\":\"https:\\\/\\\/darkgreen-panther-294679.hostingersite.com\\\/#\\\/schema\\\/logo\\\/image\\\/\"},\"sameAs\":[\"https:\\\/\\\/facebook.com\\\/bali.paragliding\"]}]}<\/script>\n<!-- \/ Yoast SEO plugin. -->","yoast_head_json":{"title":"30-minutowy lot paralotni\u0105 w tandemie ze zdj\u0119ciami\/wideo - Bali Paragliding Tours","description":"30-minutowy lot paralotni\u0105 w tandemie na Bali z bezp\u0142atn\u0105 dokumentacj\u0105. Lataj d\u0142u\u017cej i odkryj wi\u0119cej widok\u00f3w. Zarezerwuj bez obaw, mo\u017cesz wp\u0142aci\u0107 depozyt lub pe\u0142n\u0105 p\u0142atno\u015b\u0107, aby zabezpieczy\u0107 rezerwacj\u0119. Bali Paragliding Tours","robots":{"index":"index","follow":"follow","max-snippet":"max-snippet:-1","max-image-preview":"max-image-preview:large","max-video-preview":"max-video-preview:-1"},"canonical":"https:\/\/baliparaglidingtours.com\/pl\/product\/30-minutowy-lot-paralotnia-w-tandemie-ze-zdjeciem-wideo-wplata-depozytu\/","og_locale":"pl_PL","og_type":"article","og_title":"30-minutowy lot paralotni\u0105 w tandemie ze zdj\u0119ciami\/wideo - Bali Paragliding Tours","og_description":"30-minutowy lot paralotni\u0105 w tandemie na Bali z bezp\u0142atn\u0105 dokumentacj\u0105. Lataj d\u0142u\u017cej i odkryj wi\u0119cej widok\u00f3w. Zarezerwuj bez obaw, mo\u017cesz wp\u0142aci\u0107 depozyt lub pe\u0142n\u0105 p\u0142atno\u015b\u0107, aby zabezpieczy\u0107 rezerwacj\u0119. Bali Paragliding Tours","og_url":"https:\/\/baliparaglidingtours.com\/pl\/product\/30-minutowy-lot-paralotnia-w-tandemie-ze-zdjeciem-wideo-wplata-depozytu\/","og_site_name":"Bali Paragliding Tours","article_publisher":"https:\/\/facebook.com\/bali.paragliding","article_modified_time":"2025-10-08T18:44:33+00:00","og_image":[{"width":1080,"height":810,"url":"https:\/\/baliparaglidingtours.com\/wp-content\/uploads\/2019\/09\/8aeef2b5409fa30a6f4b3e17c9c27c3f.jpg","type":"image\/jpeg"}],"twitter_card":"summary_large_image","twitter_misc":{"Szacowany czas czytania":"2 minuty"},"schema":{"@context":"https:\/\/schema.org","@graph":[{"@type":"WebPage","@id":"https:\/\/baliparaglidingtours.com\/pl\/product\/30-minutowy-lot-paralotnia-w-tandemie-ze-zdjeciem-wideo-wplata-depozytu\/","url":"https:\/\/baliparaglidingtours.com\/pl\/product\/30-minutowy-lot-paralotnia-w-tandemie-ze-zdjeciem-wideo-wplata-depozytu\/","name":"30-minutowy lot paralotni\u0105 w tandemie ze zdj\u0119ciami\/wideo - Bali Paragliding Tours","isPartOf":{"@id":"https:\/\/darkgreen-panther-294679.hostingersite.com\/#website"},"primaryImageOfPage":{"@id":"https:\/\/baliparaglidingtours.com\/pl\/product\/30-minutowy-lot-paralotnia-w-tandemie-ze-zdjeciem-wideo-wplata-depozytu\/#primaryimage"},"image":{"@id":"https:\/\/baliparaglidingtours.com\/pl\/product\/30-minutowy-lot-paralotnia-w-tandemie-ze-zdjeciem-wideo-wplata-depozytu\/#primaryimage"},"thumbnailUrl":"https:\/\/baliparaglidingtours.com\/wp-content\/uploads\/2019\/09\/8aeef2b5409fa30a6f4b3e17c9c27c3f.jpg","datePublished":"2021-05-06T05:43:00+00:00","dateModified":"2025-10-08T18:44:33+00:00","description":"30-minutowy lot paralotni\u0105 w tandemie na Bali z bezp\u0142atn\u0105 dokumentacj\u0105. Lataj d\u0142u\u017cej i odkryj wi\u0119cej widok\u00f3w. Zarezerwuj bez obaw, mo\u017cesz wp\u0142aci\u0107 depozyt lub pe\u0142n\u0105 p\u0142atno\u015b\u0107, aby zabezpieczy\u0107 rezerwacj\u0119. Bali Paragliding Tours","breadcrumb":{"@id":"https:\/\/baliparaglidingtours.com\/pl\/product\/30-minutowy-lot-paralotnia-w-tandemie-ze-zdjeciem-wideo-wplata-depozytu\/#breadcrumb"},"inLanguage":"pl-PL","potentialAction":[{"@type":"ReadAction","target":["https:\/\/baliparaglidingtours.com\/pl\/product\/30-minutowy-lot-paralotnia-w-tandemie-ze-zdjeciem-wideo-wplata-depozytu\/"]}]},{"@type":"ImageObject","inLanguage":"pl-PL","@id":"https:\/\/baliparaglidingtours.com\/pl\/product\/30-minutowy-lot-paralotnia-w-tandemie-ze-zdjeciem-wideo-wplata-depozytu\/#primaryimage","url":"https:\/\/baliparaglidingtours.com\/wp-content\/uploads\/2019\/09\/8aeef2b5409fa30a6f4b3e17c9c27c3f.jpg","contentUrl":"https:\/\/baliparaglidingtours.com\/wp-content\/uploads\/2019\/09\/8aeef2b5409fa30a6f4b3e17c9c27c3f.jpg","width":1080,"height":810,"caption":"paralotniarstwo bali uluwatu"},{"@type":"BreadcrumbList","@id":"https:\/\/baliparaglidingtours.com\/pl\/product\/30-minutowy-lot-paralotnia-w-tandemie-ze-zdjeciem-wideo-wplata-depozytu\/#breadcrumb","itemListElement":[{"@type":"ListItem","position":1,"name":"Home","item":"https:\/\/baliparaglidingtours.com\/pl\/"},{"@type":"ListItem","position":2,"name":"Sklep","item":"https:\/\/baliparaglidingtours.com\/pl\/"},{"@type":"ListItem","position":3,"name":"30-minutowy lot paralotni\u0105 w tandemie ze zdj\u0119ciami\/wideo"}]},{"@type":"WebSite","@id":"https:\/\/darkgreen-panther-294679.hostingersite.com\/#website","url":"https:\/\/darkgreen-panther-294679.hostingersite.com\/","name":"Bali Paragliding Tours","description":"The best and first tandem paragliding in Bali","publisher":{"@id":"https:\/\/darkgreen-panther-294679.hostingersite.com\/#organization"},"potentialAction":[{"@type":"SearchAction","target":{"@type":"EntryPoint","urlTemplate":"https:\/\/darkgreen-panther-294679.hostingersite.com\/?s={search_term_string}"},"query-input":{"@type":"PropertyValueSpecification","valueRequired":true,"valueName":"search_term_string"}}],"inLanguage":"pl-PL"},{"@type":"Organization","@id":"https:\/\/darkgreen-panther-294679.hostingersite.com\/#organization","name":"Bali Paragliding Tours","url":"https:\/\/darkgreen-panther-294679.hostingersite.com\/","logo":{"@type":"ImageObject","inLanguage":"pl-PL","@id":"https:\/\/darkgreen-panther-294679.hostingersite.com\/#\/schema\/logo\/image\/","url":"https:\/\/baliparaglidingtours.com\/wp-content\/uploads\/2019\/07\/Logopit_1563347307259-1.png","contentUrl":"https:\/\/baliparaglidingtours.com\/wp-content\/uploads\/2019\/07\/Logopit_1563347307259-1.png","width":2160,"height":2160,"caption":"Bali Paragliding Tours"},"image":{"@id":"https:\/\/darkgreen-panther-294679.hostingersite.com\/#\/schema\/logo\/image\/"},"sameAs":["https:\/\/facebook.com\/bali.paragliding"]}]}},"_links":{"self":[{"href":"https:\/\/baliparaglidingtours.com\/pl\/wp-json\/wp\/v2\/product\/4877","targetHints":{"allow":["GET"]}}],"collection":[{"href":"https:\/\/baliparaglidingtours.com\/pl\/wp-json\/wp\/v2\/product"}],"about":[{"href":"https:\/\/baliparaglidingtours.com\/pl\/wp-json\/wp\/v2\/types\/product"}],"replies":[{"embeddable":true,"href":"https:\/\/baliparaglidingtours.com\/pl\/wp-json\/wp\/v2\/comments?post=4877"}],"wp:featuredmedia":[{"embeddable":true,"href":"https:\/\/baliparaglidingtours.com\/pl\/wp-json\/wp\/v2\/media\/4137"}],"wp:attachment":[{"href":"https:\/\/baliparaglidingtours.com\/pl\/wp-json\/wp\/v2\/media?parent=4877"}],"wp:term":[{"taxonomy":"product_brand","embeddable":true,"href":"https:\/\/baliparaglidingtours.com\/pl\/wp-json\/wp\/v2\/product_brand?post=4877"},{"taxonomy":"product_cat","embeddable":true,"href":"https:\/\/baliparaglidingtours.com\/pl\/wp-json\/wp\/v2\/product_cat?post=4877"},{"taxonomy":"product_tag","embeddable":true,"href":"https:\/\/baliparaglidingtours.com\/pl\/wp-json\/wp\/v2\/product_tag?post=4877"}],"curies":[{"name":"wp","href":"https:\/\/api.w.org\/{rel}","templated":true}]}}