{"id":4853,"date":"2023-08-05T16:32:48","date_gmt":"2023-08-05T08:32:48","guid":{"rendered":"https:\/\/baliparaglidingtours.com\/product\/paralotniarstwo-na-bali-wycieczki-lotnicze-na-klif-uluwatu-i-plaze-nusa-dua\/"},"modified":"2025-06-19T10:49:40","modified_gmt":"2025-06-19T02:49:40","slug":"paralotniarstwo-na-bali-wycieczki-lotnicze-na-klif-uluwatu-i-plaze-nusa-dua","status":"publish","type":"product","link":"https:\/\/baliparaglidingtours.com\/pl\/product\/paralotniarstwo-na-bali-wycieczki-lotnicze-na-klif-uluwatu-i-plaze-nusa-dua\/","title":{"rendered":"Paralotniarstwo na Bali: Wycieczki lotnicze na klif Uluwatu i pla\u017c\u0119 Nusa Dua"},"content":{"rendered":"\t<div id=\"text-4162868542\" class=\"text\">\n\t\t\n<p style=\"text-align: left;\">Przygotuj si\u0119 na ekscytuj\u0105c\u0105 przygod\u0119 z paralotniarstwem Bali Uluwatu &amp; Nusa Dua Cliff! Wznie\u015b si\u0119 wysoko ponad osza\u0142amiaj\u0105ce krajobrazy Bali, do\u015bwiadczaj\u0105c emocji zwi\u0105zanych z paralotniarstwem w tandemie. Poczuj wiatr pod skrzyd\u0142ami, szybuj\u0105c nad majestatycznymi klifami Uluwatu i Nusa Dua, podziwiaj\u0105c zapieraj\u0105ce dech w piersiach widoki na turkusowe wody i bujn\u0105 ziele\u0144.  <\/p>\n<p>Ta pompuj\u0105ca adrenalin\u0119 aktywno\u015b\u0107 jest idealna zar\u00f3wno dla poszukiwaczy mocnych wra\u017ce\u0144, jak i entuzjast\u00f3w przyrody. Niezale\u017cnie od tego, czy jeste\u015b pocz\u0105tkuj\u0105cym, nasi do\u015bwiadczeni instruktorzy zapewni\u0105 bezpieczne i niezapomniane wra\u017cenia. Nie przegap tej jedynej w swoim rodzaju okazji, aby podbi\u0107 niebo Bali z paralotniarstwem Bali. Zarezerwuj swoj\u0105 przygod\u0119 ju\u017c teraz i pozw\u00f3l swoim marzeniom wzbi\u0107 si\u0119 w powietrze nad Uluwatu Paragliding Bali   <\/p>\n<p><strong>ZAWARTO\u015a\u0106:<\/strong><\/p>\n<ul>\n<li>15 lub 30 minut lotu w powietrzu (w zale\u017cno\u015bci od wybranej opcji)<\/li>\n<li>Kamera sportowa z kijem do selfie<\/li>\n<li>Ochrona ubezpieczeniowa<\/li>\n<li>Op\u0142ata za transakcj\u0119\/rezerwacj\u0119<\/li>\n<\/ul>\n<p><strong>WY\u0141\u0104CZENIA:<\/strong><\/p>\n<ul>\n<li>Transport<\/li>\n<li>Posi\u0142ki\/napoje<\/li>\n<li>Wydatki osobiste<\/li>\n<\/ul>\n<p><strong>WSKAZ\u00d3WKI:<\/strong><\/p>\n<ul>\n<li><strong>Przybycie na miejsce spotkania, realizacja rezerwacji, ponowne pomiary masy cia\u0142a i za\u0142o\u017cenie sprz\u0119tu (0-10 minut)<\/strong><\/li>\n<li><strong>Lot w powietrzu (15 lub 30 minut w zale\u017cno\u015bci od wybranej opcji) (15-30 minut)<\/strong><\/li>\n<li><strong>Przesy\u0142anie materia\u0142u wideo do telefonu kom\u00f3rkowego, upewnij si\u0119, \u017ce masz wystarczaj\u0105co du\u017co miejsca w pami\u0119ci 4-6 GB (5-10 minut)<\/strong><\/li>\n<li><strong>Aktywno\u015bci zako\u0144czone, Czas wolny<\/strong><\/li>\n<\/ul>\n<p><strong>Ca\u0142kowity szacowany czas ca\u0142ego procesu wynosi 30-35 minut dla 15-minutowego lotu i 45-50 minut dla 30-minutowego lotu. 6-8 pilot\u00f3w mo\u017ce lata\u0107 w tym samym czasie <\/strong><\/p>\n<p><strong>DODATKOWE INFORMACJE:<\/strong><\/p>\n<ul>\n<li>Ta aktywno\u015b\u0107 nie jest zalecana dla os\u00f3b w ci\u0105\u017cy, bez problem\u00f3w z sercem lub innych powa\u017cnych schorze\u0144.<\/li>\n<li>Uczestnicy musz\u0105 by\u0107 w wieku 5-60 lat<\/li>\n<li>Maksymalna waga uczestnika nie mo\u017ce przekracza\u0107 110 KG <\/li>\n<li>Aktywno\u015bci te s\u0105 zale\u017cne od warunk\u00f3w pogodowych i wietrznych, mo\u017cemy zaoferowa\u0107 zmian\u0119 harmonogramu lub zwrot koszt\u00f3w w przypadku, gdy lot nie b\u0119dzie dost\u0119pny w wybranym dniu z powodu nag\u0142ej zmiany pogody.<\/li>\n<\/ul>\n<p><strong>MIEJSCE SPOTKANIA I WYKUP<\/strong><br \/>\n<iframe loading=\"lazy\" src=\"https:\/\/www.google.com\/maps\/d\/u\/2\/embed?mid=1qAvdNHm6hhUu5Le9c7m_8Vl_D4mndOk&amp;ehbc=2E312F&amp;noprof=1\" width=\"640\" height=\"280\"><\/iframe><\/p>\n<ul>\n<li><strong>Klif Nusa Dua lub Uluwatu<\/strong>, sprawd\u017a <a href=\"https:\/\/baliparaglidingtours.com\/contact\/\">map\u0119 miejsca docelowego<\/a><strong>. <\/strong>Dok\u0142adn\u0105 lokalizacj\u0119 lotu prze\u015blemy po otrzymaniu rezerwacji<\/li>\n<li>Miejsce startu i l\u0105dowania znajduje si\u0119 w tym samym miejscu, co start, z wyj\u0105tkiem sytuacji awaryjnych, l\u0105dowanie odb\u0119dzie si\u0119 na wybrze\u017cu, zostaniesz przetransportowany z powrotem do miejsca startu.<\/li>\n<\/ul>\n<p>Prosimy o okazanie podsumowania rezerwacji w punkcie rejestracji w celu realizacji rezerwacji.<\/p>\n<p><strong>POLITYKA ANULOWANIA I ZWROT\u00d3W<\/strong><\/p>\n<ul>\n<li>Aby za\u017c\u0105da\u0107 anulowania lub zmiany rezerwacji, nale\u017cy powiadomi\u0107 nas o tym co najmniej 12 godzin przed planowan\u0105 godzin\u0105 lotu.<\/li>\n<li>Aby zmieni\u0107, prze\u0142o\u017cy\u0107 lub anulowa\u0107 rezerwacj\u0119, nale\u017cy odpowiedzie\u0107 na wiadomo\u015b\u0107 e-mail lub za po\u015brednictwem aplikacji Whatsapp, podaj\u0105c numer zam\u00f3wienia.<\/li>\n<li>zwrot pieni\u0119dzy zostanie natychmiast przetworzony na Twoj\u0105 kart\u0119. U\u017cywamy bramki p\u0142atno\u015bci Paypal do przyjmowania i zwracania p\u0142atno\u015bci. <\/li>\n<li>Otrzymasz zwrot pieni\u0119dzy pomniejszony o op\u0142at\u0119 transakcyjn\u0105, je\u015bli lot nie b\u0119dzie mo\u017cliwy w wybranym dniu z powodu pogody lub braku wystarczaj\u0105cych wiatr\u00f3w do lotu.<\/li>\n<li>Wi\u0119cej informacji: <a href=\"https:\/\/wa.me\/6285237041667\">czat na WhatsApp<\/a><\/li>\n<\/ul>\n<p><strong>Uwaga:<\/strong><\/p>\n<p><strong>Cena ta obowi\u0105zuje tylko w przypadku rezerwacji potwierdzonej online.<\/strong><\/p>\n<p><em><span style=\"color: #000000;\"><strong>Ta aktywno\u015b\u0107 dzia\u0142a przy naturalnej pr\u0119dko\u015bci i warunkach wiatru. Czas lotu mo\u017ce ulec pewnym op\u00f3\u017anieniom\/zmianom w przypadku problem\u00f3w z wiatrem\/pogod\u0105.   <\/strong><strong>Zostaniesz zauwa\u017cony (w przypadku p\u0142atnej potwierdzonej rezerwacji) przed przyjazdem. Aby uzyska\u0107 wi\u0119cej informacji, prosimy o kontakt przez e-mail lub <a style=\"color: #000000;\" href=\"https:\/\/wa.me\/6285237041667\" target=\"_blank\" rel=\"noopener\">Whatsapp<\/a>.  <\/strong><\/span><\/em><\/p>\n\t\t\n<style>\n#text-4162868542 {\n  line-height: 1.2;\n}\n<\/style>\n\t<\/div>\n\t\n","protected":false},"excerpt":{"rendered":"<p>Ciesz si\u0119 zapieraj\u0105cym dech w piersiach pi\u0119knem Bali z lotu ptaka dzi\u0119ki naszym najwy\u017cszej klasy do\u015bwiadczeniom paralotniarskim! Szybuj przez osza\u0142amiaj\u0105ce krajobrazy nad wybrze\u017cem Uluwatu i Nusa dua i podziwiaj niesamowite widoki podczas lotu paralotni\u0105 na Bali. Dost\u0119pne opcje od 15 do 30 minut z pla\u017cy Uluwatu lub Pandawa\/Timbis. Przygotuj si\u0119 na ekscytuj\u0105ce do\u015bwiadczenie, kt\u00f3re sprawi, \u017ce b\u0119dziesz chcia\u0142 wi\u0119cej!    <\/p>\n","protected":false},"featured_media":5647,"comment_status":"closed","ping_status":"closed","template":"","meta":[],"product_brand":[],"product_cat":[90],"product_tag":[],"class_list":{"0":"post-4853","1":"product","2":"type-product","3":"status-publish","4":"has-post-thumbnail","6":"product_cat-bez-kategorii","7":"wcpa_has_options","9":"first","10":"instock","11":"featured","12":"shipping-taxable","13":"purchasable","14":"product-type-variable","15":"has-default-attributes"},"yoast_head":"<!-- This site is optimized with the Yoast SEO plugin v27.2 - https:\/\/yoast.com\/product\/yoast-seo-wordpress\/ -->\n<title>Paralotniarstwo na Bali: Wycieczki lotnicze na klif Uluwatu i pla\u017c\u0119 Nusa Dua - Bali Paragliding Tours<\/title>\n<meta name=\"description\" content=\"Paralotniarstwo w tandemie na Bali na klifie Uluwatu i pla\u017cy Nusa Dua, cena od 60 USD\/osoba z bezp\u0142atn\u0105 dokumentacj\u0105 fotograficzn\u0105\/wideo. Dost\u0119pna rezerwacja last minute\" \/>\n<meta name=\"robots\" content=\"index, follow, max-snippet:-1, max-image-preview:large, max-video-preview:-1\" \/>\n<link rel=\"canonical\" href=\"https:\/\/baliparaglidingtours.com\/pl\/product\/paralotniarstwo-na-bali-wycieczki-lotnicze-na-klif-uluwatu-i-plaze-nusa-dua\/\" \/>\n<meta property=\"og:locale\" content=\"pl_PL\" \/>\n<meta property=\"og:type\" content=\"article\" \/>\n<meta property=\"og:title\" content=\"Paralotniarstwo na Bali: Wycieczki lotnicze na klif Uluwatu i pla\u017c\u0119 Nusa Dua - Bali Paragliding Tours\" \/>\n<meta property=\"og:description\" content=\"Paralotniarstwo w tandemie na Bali na klifie Uluwatu i pla\u017cy Nusa Dua, cena od 60 USD\/osoba z bezp\u0142atn\u0105 dokumentacj\u0105 fotograficzn\u0105\/wideo. Dost\u0119pna rezerwacja last minute\" \/>\n<meta property=\"og:url\" content=\"https:\/\/baliparaglidingtours.com\/pl\/product\/paralotniarstwo-na-bali-wycieczki-lotnicze-na-klif-uluwatu-i-plaze-nusa-dua\/\" \/>\n<meta property=\"og:site_name\" content=\"Bali Paragliding Tours\" \/>\n<meta property=\"article:publisher\" content=\"https:\/\/facebook.com\/bali.paragliding\" \/>\n<meta property=\"article:modified_time\" content=\"2025-06-19T02:49:40+00:00\" \/>\n<meta property=\"og:image\" content=\"https:\/\/baliparaglidingtours.com\/wp-content\/uploads\/2023\/08\/paragliding-bali-uluwatu.webp\" \/>\n\t<meta property=\"og:image:width\" content=\"1200\" \/>\n\t<meta property=\"og:image:height\" content=\"1200\" \/>\n\t<meta property=\"og:image:type\" content=\"image\/webp\" \/>\n<meta name=\"twitter:card\" content=\"summary_large_image\" \/>\n<meta name=\"twitter:label1\" content=\"Szacowany czas czytania\" \/>\n\t<meta name=\"twitter:data1\" content=\"3 minuty\" \/>\n<script type=\"application\/ld+json\" class=\"yoast-schema-graph\">{\"@context\":\"https:\/\/schema.org\",\"@graph\":[{\"@type\":\"WebPage\",\"@id\":\"https:\/\/baliparaglidingtours.com\/pl\/product\/paralotniarstwo-na-bali-wycieczki-lotnicze-na-klif-uluwatu-i-plaze-nusa-dua\/\",\"url\":\"https:\/\/baliparaglidingtours.com\/pl\/product\/paralotniarstwo-na-bali-wycieczki-lotnicze-na-klif-uluwatu-i-plaze-nusa-dua\/\",\"name\":\"Paralotniarstwo na Bali: Wycieczki lotnicze na klif Uluwatu i pla\u017c\u0119 Nusa Dua - Bali Paragliding Tours\",\"isPartOf\":{\"@id\":\"https:\/\/darkgreen-panther-294679.hostingersite.com\/#website\"},\"primaryImageOfPage\":{\"@id\":\"https:\/\/baliparaglidingtours.com\/pl\/product\/paralotniarstwo-na-bali-wycieczki-lotnicze-na-klif-uluwatu-i-plaze-nusa-dua\/#primaryimage\"},\"image\":{\"@id\":\"https:\/\/baliparaglidingtours.com\/pl\/product\/paralotniarstwo-na-bali-wycieczki-lotnicze-na-klif-uluwatu-i-plaze-nusa-dua\/#primaryimage\"},\"thumbnailUrl\":\"https:\/\/baliparaglidingtours.com\/wp-content\/uploads\/2023\/08\/paragliding-bali-uluwatu.webp\",\"datePublished\":\"2023-08-05T08:32:48+00:00\",\"dateModified\":\"2025-06-19T02:49:40+00:00\",\"description\":\"Paralotniarstwo w tandemie na Bali na klifie Uluwatu i pla\u017cy Nusa Dua, cena od 60 USD\/osoba z bezp\u0142atn\u0105 dokumentacj\u0105 fotograficzn\u0105\/wideo. Dost\u0119pna rezerwacja last minute\",\"breadcrumb\":{\"@id\":\"https:\/\/baliparaglidingtours.com\/pl\/product\/paralotniarstwo-na-bali-wycieczki-lotnicze-na-klif-uluwatu-i-plaze-nusa-dua\/#breadcrumb\"},\"inLanguage\":\"pl-PL\",\"potentialAction\":[{\"@type\":\"ReadAction\",\"target\":[\"https:\/\/baliparaglidingtours.com\/pl\/product\/paralotniarstwo-na-bali-wycieczki-lotnicze-na-klif-uluwatu-i-plaze-nusa-dua\/\"]}]},{\"@type\":\"ImageObject\",\"inLanguage\":\"pl-PL\",\"@id\":\"https:\/\/baliparaglidingtours.com\/pl\/product\/paralotniarstwo-na-bali-wycieczki-lotnicze-na-klif-uluwatu-i-plaze-nusa-dua\/#primaryimage\",\"url\":\"https:\/\/baliparaglidingtours.com\/wp-content\/uploads\/2023\/08\/paragliding-bali-uluwatu.webp\",\"contentUrl\":\"https:\/\/baliparaglidingtours.com\/wp-content\/uploads\/2023\/08\/paragliding-bali-uluwatu.webp\",\"width\":1200,\"height\":1200,\"caption\":\"paragliding Bali uluwatu\"},{\"@type\":\"BreadcrumbList\",\"@id\":\"https:\/\/baliparaglidingtours.com\/pl\/product\/paralotniarstwo-na-bali-wycieczki-lotnicze-na-klif-uluwatu-i-plaze-nusa-dua\/#breadcrumb\",\"itemListElement\":[{\"@type\":\"ListItem\",\"position\":1,\"name\":\"Home\",\"item\":\"https:\/\/baliparaglidingtours.com\/pl\/\"},{\"@type\":\"ListItem\",\"position\":2,\"name\":\"Sklep\",\"item\":\"https:\/\/baliparaglidingtours.com\/pl\/\"},{\"@type\":\"ListItem\",\"position\":3,\"name\":\"Paralotniarstwo na Bali: Wycieczki lotnicze na klif Uluwatu i pla\u017c\u0119 Nusa Dua\"}]},{\"@type\":\"WebSite\",\"@id\":\"https:\/\/darkgreen-panther-294679.hostingersite.com\/#website\",\"url\":\"https:\/\/darkgreen-panther-294679.hostingersite.com\/\",\"name\":\"Bali Paragliding Tours\",\"description\":\"The best and first tandem paragliding in Bali\",\"publisher\":{\"@id\":\"https:\/\/darkgreen-panther-294679.hostingersite.com\/#organization\"},\"potentialAction\":[{\"@type\":\"SearchAction\",\"target\":{\"@type\":\"EntryPoint\",\"urlTemplate\":\"https:\/\/darkgreen-panther-294679.hostingersite.com\/?s={search_term_string}\"},\"query-input\":{\"@type\":\"PropertyValueSpecification\",\"valueRequired\":true,\"valueName\":\"search_term_string\"}}],\"inLanguage\":\"pl-PL\"},{\"@type\":\"Organization\",\"@id\":\"https:\/\/darkgreen-panther-294679.hostingersite.com\/#organization\",\"name\":\"Bali Paragliding Tours\",\"url\":\"https:\/\/darkgreen-panther-294679.hostingersite.com\/\",\"logo\":{\"@type\":\"ImageObject\",\"inLanguage\":\"pl-PL\",\"@id\":\"https:\/\/darkgreen-panther-294679.hostingersite.com\/#\/schema\/logo\/image\/\",\"url\":\"https:\/\/baliparaglidingtours.com\/wp-content\/uploads\/2019\/07\/Logopit_1563347307259-1.png\",\"contentUrl\":\"https:\/\/baliparaglidingtours.com\/wp-content\/uploads\/2019\/07\/Logopit_1563347307259-1.png\",\"width\":2160,\"height\":2160,\"caption\":\"Bali Paragliding Tours\"},\"image\":{\"@id\":\"https:\/\/darkgreen-panther-294679.hostingersite.com\/#\/schema\/logo\/image\/\"},\"sameAs\":[\"https:\/\/facebook.com\/bali.paragliding\"]}]}<\/script>\n<!-- \/ Yoast SEO plugin. -->","yoast_head_json":{"title":"Paralotniarstwo na Bali: Wycieczki lotnicze na klif Uluwatu i pla\u017c\u0119 Nusa Dua - Bali Paragliding Tours","description":"Paralotniarstwo w tandemie na Bali na klifie Uluwatu i pla\u017cy Nusa Dua, cena od 60 USD\/osoba z bezp\u0142atn\u0105 dokumentacj\u0105 fotograficzn\u0105\/wideo. Dost\u0119pna rezerwacja last minute","robots":{"index":"index","follow":"follow","max-snippet":"max-snippet:-1","max-image-preview":"max-image-preview:large","max-video-preview":"max-video-preview:-1"},"canonical":"https:\/\/baliparaglidingtours.com\/pl\/product\/paralotniarstwo-na-bali-wycieczki-lotnicze-na-klif-uluwatu-i-plaze-nusa-dua\/","og_locale":"pl_PL","og_type":"article","og_title":"Paralotniarstwo na Bali: Wycieczki lotnicze na klif Uluwatu i pla\u017c\u0119 Nusa Dua - Bali Paragliding Tours","og_description":"Paralotniarstwo w tandemie na Bali na klifie Uluwatu i pla\u017cy Nusa Dua, cena od 60 USD\/osoba z bezp\u0142atn\u0105 dokumentacj\u0105 fotograficzn\u0105\/wideo. Dost\u0119pna rezerwacja last minute","og_url":"https:\/\/baliparaglidingtours.com\/pl\/product\/paralotniarstwo-na-bali-wycieczki-lotnicze-na-klif-uluwatu-i-plaze-nusa-dua\/","og_site_name":"Bali Paragliding Tours","article_publisher":"https:\/\/facebook.com\/bali.paragliding","article_modified_time":"2025-06-19T02:49:40+00:00","og_image":[{"width":1200,"height":1200,"url":"https:\/\/baliparaglidingtours.com\/wp-content\/uploads\/2023\/08\/paragliding-bali-uluwatu.webp","type":"image\/webp"}],"twitter_card":"summary_large_image","twitter_misc":{"Szacowany czas czytania":"3 minuty"},"schema":{"@context":"https:\/\/schema.org","@graph":[{"@type":"WebPage","@id":"https:\/\/baliparaglidingtours.com\/pl\/product\/paralotniarstwo-na-bali-wycieczki-lotnicze-na-klif-uluwatu-i-plaze-nusa-dua\/","url":"https:\/\/baliparaglidingtours.com\/pl\/product\/paralotniarstwo-na-bali-wycieczki-lotnicze-na-klif-uluwatu-i-plaze-nusa-dua\/","name":"Paralotniarstwo na Bali: Wycieczki lotnicze na klif Uluwatu i pla\u017c\u0119 Nusa Dua - Bali Paragliding Tours","isPartOf":{"@id":"https:\/\/darkgreen-panther-294679.hostingersite.com\/#website"},"primaryImageOfPage":{"@id":"https:\/\/baliparaglidingtours.com\/pl\/product\/paralotniarstwo-na-bali-wycieczki-lotnicze-na-klif-uluwatu-i-plaze-nusa-dua\/#primaryimage"},"image":{"@id":"https:\/\/baliparaglidingtours.com\/pl\/product\/paralotniarstwo-na-bali-wycieczki-lotnicze-na-klif-uluwatu-i-plaze-nusa-dua\/#primaryimage"},"thumbnailUrl":"https:\/\/baliparaglidingtours.com\/wp-content\/uploads\/2023\/08\/paragliding-bali-uluwatu.webp","datePublished":"2023-08-05T08:32:48+00:00","dateModified":"2025-06-19T02:49:40+00:00","description":"Paralotniarstwo w tandemie na Bali na klifie Uluwatu i pla\u017cy Nusa Dua, cena od 60 USD\/osoba z bezp\u0142atn\u0105 dokumentacj\u0105 fotograficzn\u0105\/wideo. Dost\u0119pna rezerwacja last minute","breadcrumb":{"@id":"https:\/\/baliparaglidingtours.com\/pl\/product\/paralotniarstwo-na-bali-wycieczki-lotnicze-na-klif-uluwatu-i-plaze-nusa-dua\/#breadcrumb"},"inLanguage":"pl-PL","potentialAction":[{"@type":"ReadAction","target":["https:\/\/baliparaglidingtours.com\/pl\/product\/paralotniarstwo-na-bali-wycieczki-lotnicze-na-klif-uluwatu-i-plaze-nusa-dua\/"]}]},{"@type":"ImageObject","inLanguage":"pl-PL","@id":"https:\/\/baliparaglidingtours.com\/pl\/product\/paralotniarstwo-na-bali-wycieczki-lotnicze-na-klif-uluwatu-i-plaze-nusa-dua\/#primaryimage","url":"https:\/\/baliparaglidingtours.com\/wp-content\/uploads\/2023\/08\/paragliding-bali-uluwatu.webp","contentUrl":"https:\/\/baliparaglidingtours.com\/wp-content\/uploads\/2023\/08\/paragliding-bali-uluwatu.webp","width":1200,"height":1200,"caption":"paragliding Bali uluwatu"},{"@type":"BreadcrumbList","@id":"https:\/\/baliparaglidingtours.com\/pl\/product\/paralotniarstwo-na-bali-wycieczki-lotnicze-na-klif-uluwatu-i-plaze-nusa-dua\/#breadcrumb","itemListElement":[{"@type":"ListItem","position":1,"name":"Home","item":"https:\/\/baliparaglidingtours.com\/pl\/"},{"@type":"ListItem","position":2,"name":"Sklep","item":"https:\/\/baliparaglidingtours.com\/pl\/"},{"@type":"ListItem","position":3,"name":"Paralotniarstwo na Bali: Wycieczki lotnicze na klif Uluwatu i pla\u017c\u0119 Nusa Dua"}]},{"@type":"WebSite","@id":"https:\/\/darkgreen-panther-294679.hostingersite.com\/#website","url":"https:\/\/darkgreen-panther-294679.hostingersite.com\/","name":"Bali Paragliding Tours","description":"The best and first tandem paragliding in Bali","publisher":{"@id":"https:\/\/darkgreen-panther-294679.hostingersite.com\/#organization"},"potentialAction":[{"@type":"SearchAction","target":{"@type":"EntryPoint","urlTemplate":"https:\/\/darkgreen-panther-294679.hostingersite.com\/?s={search_term_string}"},"query-input":{"@type":"PropertyValueSpecification","valueRequired":true,"valueName":"search_term_string"}}],"inLanguage":"pl-PL"},{"@type":"Organization","@id":"https:\/\/darkgreen-panther-294679.hostingersite.com\/#organization","name":"Bali Paragliding Tours","url":"https:\/\/darkgreen-panther-294679.hostingersite.com\/","logo":{"@type":"ImageObject","inLanguage":"pl-PL","@id":"https:\/\/darkgreen-panther-294679.hostingersite.com\/#\/schema\/logo\/image\/","url":"https:\/\/baliparaglidingtours.com\/wp-content\/uploads\/2019\/07\/Logopit_1563347307259-1.png","contentUrl":"https:\/\/baliparaglidingtours.com\/wp-content\/uploads\/2019\/07\/Logopit_1563347307259-1.png","width":2160,"height":2160,"caption":"Bali Paragliding Tours"},"image":{"@id":"https:\/\/darkgreen-panther-294679.hostingersite.com\/#\/schema\/logo\/image\/"},"sameAs":["https:\/\/facebook.com\/bali.paragliding"]}]}},"_links":{"self":[{"href":"https:\/\/baliparaglidingtours.com\/pl\/wp-json\/wp\/v2\/product\/4853","targetHints":{"allow":["GET"]}}],"collection":[{"href":"https:\/\/baliparaglidingtours.com\/pl\/wp-json\/wp\/v2\/product"}],"about":[{"href":"https:\/\/baliparaglidingtours.com\/pl\/wp-json\/wp\/v2\/types\/product"}],"replies":[{"embeddable":true,"href":"https:\/\/baliparaglidingtours.com\/pl\/wp-json\/wp\/v2\/comments?post=4853"}],"wp:featuredmedia":[{"embeddable":true,"href":"https:\/\/baliparaglidingtours.com\/pl\/wp-json\/wp\/v2\/media\/5647"}],"wp:attachment":[{"href":"https:\/\/baliparaglidingtours.com\/pl\/wp-json\/wp\/v2\/media?parent=4853"}],"wp:term":[{"taxonomy":"product_brand","embeddable":true,"href":"https:\/\/baliparaglidingtours.com\/pl\/wp-json\/wp\/v2\/product_brand?post=4853"},{"taxonomy":"product_cat","embeddable":true,"href":"https:\/\/baliparaglidingtours.com\/pl\/wp-json\/wp\/v2\/product_cat?post=4853"},{"taxonomy":"product_tag","embeddable":true,"href":"https:\/\/baliparaglidingtours.com\/pl\/wp-json\/wp\/v2\/product_tag?post=4853"}],"curies":[{"name":"wp","href":"https:\/\/api.w.org\/{rel}","templated":true}]}}