{"id":4973,"date":"2019-01-18T06:48:22","date_gmt":"2019-01-17T22:48:22","guid":{"rendered":"https:\/\/baliparaglidingtours.com\/kontakt-i-miejsce-spotkania\/"},"modified":"2025-06-21T11:51:53","modified_gmt":"2025-06-21T03:51:53","slug":"kontakt-i-miejsce-spotkania","status":"publish","type":"page","link":"https:\/\/baliparaglidingtours.com\/pl\/kontakt-i-miejsce-spotkania\/","title":{"rendered":"Kontakt i miejsce spotkania"},"content":{"rendered":"\n<h3 class=\"accordion_title\">miejsce spotkania<\/h3><div class=\"accordion\">\n\n\t<div id=\"accordion-3113681304\" class=\"accordion-item\">\n\t\t<a id=\"accordion-3113681304-label\" class=\"accordion-title plain\" href=\"#accordion-item-lot-nusa-dua-(od-kwietnia-do-czerwca)\" aria-expanded=\"false\" aria-controls=\"accordion-3113681304-content\">\n\t\t\t<button class=\"toggle\" aria-label=\"Prze\u0142\u0105cznik\"><i class=\"icon-angle-down\" aria-hidden=\"true\"><\/i><\/button>\n\t\t\t<span>Lot Nusa Dua (od kwietnia do czerwca)<\/span>\n\t\t<\/a>\n\t\t<div id=\"accordion-3113681304-content\" class=\"accordion-inner\" aria-labelledby=\"accordion-3113681304-label\">\n\t\t\t\n\n<div class=\"message-box relative dark\" style=\"padding-top:15px;padding-bottom:15px;\"><div class=\"message-box-bg-image bg-fill fill\" ><\/div><div class=\"message-box-bg-overlay bg-fill fill\" ><\/div><div class=\"container relative\"><div class=\"inner last-reset\">\n\n<div class=\"row align-middle align-center\"  id=\"row-1629881068\">\n\n\n\t<div id=\"col-1905041726\" class=\"col medium-9 small-12 large-9\"  >\n\t\t\t\t<div class=\"col-inner\"  >\n\t\t\t\n\t\t\t\n\n<p>Po\u0142o\u017cony w po\u0142udniowej cz\u0119\u015bci Nusa Dua, przele\u0107 wzd\u0142u\u017c wybrze\u017ca nad Gunung Payung i pla\u017c\u0105 Sawangan, podziwiaj\u0105c dziewicze pla\u017ce i widok na luksusowe o\u015brodki wypoczynkowe. Punkt startu i punkt l\u0105dowania znajduj\u0105 si\u0119 na tej samej bazie. Wysoko\u015b\u0107 startu oko\u0142o 70 metr\u00f3w nad poziomem morza.<\/p>\n\n\n\t\t<\/div>\n\t\t\t\t\t<\/div>\n\n\t\n\n\t<div id=\"col-659300347\" class=\"col medium-2 small-12 large-2\"  >\n\t\t\t\t<div class=\"col-inner text-center\"  >\n\t\t\t\n\t\t\t\n\n<a href=\"https:\/\/maps.app.goo.gl\/dUbKRb5rGoSiFVCR6\" class=\"button white is-outline\" style=\"border-radius:99px;\">\n\t\t<span>Google Map<\/span>\n\t<\/a>\n\n\n\n\t\t<\/div>\n\t\t\t\t\t<\/div>\n\n\t\n\n<\/div>\n\n<\/div><\/div><\/div>\n\n\t\t<\/div>\n\t<\/div>\n\t\n\t<div id=\"accordion-13082596\" class=\"accordion-item\">\n\t\t<a id=\"accordion-13082596-label\" class=\"accordion-title plain\" href=\"#accordion-item-miejsce-wschodniego-uluwatu-(od-kwietnia-do-listopada)\" aria-expanded=\"false\" aria-controls=\"accordion-13082596-content\">\n\t\t\t<button class=\"toggle\" aria-label=\"Prze\u0142\u0105cznik\"><i class=\"icon-angle-down\" aria-hidden=\"true\"><\/i><\/button>\n\t\t\t<span>Miejsce wschodniego Uluwatu (od kwietnia do listopada)<\/span>\n\t\t<\/a>\n\t\t<div id=\"accordion-13082596-content\" class=\"accordion-inner\" aria-labelledby=\"accordion-13082596-label\">\n\t\t\t\n\n<div class=\"message-box relative dark\" style=\"padding-top:15px;padding-bottom:15px;\"><div class=\"message-box-bg-image bg-fill fill\" ><\/div><div class=\"message-box-bg-overlay bg-fill fill\" ><\/div><div class=\"container relative\"><div class=\"inner last-reset\">\n\n<div class=\"row align-middle align-center\"  id=\"row-1796174891\">\n\n\n\t<div id=\"col-299276788\" class=\"col medium-9 small-12 large-9\"  >\n\t\t\t\t<div class=\"col-inner\"  >\n\t\t\t\n\t\t\t\n\n<p> Po\u0142o\u017cony tu\u017c nad pla\u017c\u0105 Pandawa i pla\u017c\u0105 Timbis. Loty dost\u0119pne w sezonie letnim od lipca do listopada. Lot rozpoczyna si\u0119 i ko\u0144czy w tym samym punkcie. po\u0142o\u017cony oko\u0142o 80 metr\u00f3w od poziomu morza <\/p>\n\n\n\t\t<\/div>\n\t\t\t\t\t<\/div>\n\n\t\n\n\t<div id=\"col-90005239\" class=\"col medium-2 small-12 large-2\"  >\n\t\t\t\t<div class=\"col-inner text-center\"  >\n\t\t\t\n\t\t\t\n\n<a href=\"https:\/\/maps.app.goo.gl\/FgRSh3uPexG2SP9KA\" class=\"button white is-outline\" style=\"border-radius:99px;\">\n\t\t<span>Google Map<\/span>\n\t<\/a>\n\n\n\n\t\t<\/div>\n\t\t\t\t\t<\/div>\n\n\t\n\n<\/div>\n\n<\/div><\/div><\/div>\n\n\t\t<\/div>\n\t<\/div>\n\t\n\t<div id=\"accordion-890022761\" class=\"accordion-item\">\n\t\t<a id=\"accordion-890022761-label\" class=\"accordion-title plain\" href=\"#accordion-item-loty-do-zachodniego-uluwatu-(od-grudnia-do-kwietnia)\" aria-expanded=\"false\" aria-controls=\"accordion-890022761-content\">\n\t\t\t<button class=\"toggle\" aria-label=\"Prze\u0142\u0105cznik\"><i class=\"icon-angle-down\" aria-hidden=\"true\"><\/i><\/button>\n\t\t\t<span>Loty do Zachodniego Uluwatu (od grudnia do kwietnia)<\/span>\n\t\t<\/a>\n\t\t<div id=\"accordion-890022761-content\" class=\"accordion-inner\" aria-labelledby=\"accordion-890022761-label\">\n\t\t\t\n\n<div class=\"message-box relative dark\" style=\"padding-top:15px;padding-bottom:15px;\"><div class=\"message-box-bg-image bg-fill fill\" ><\/div><div class=\"message-box-bg-overlay bg-fill fill\" ><\/div><div class=\"container relative\"><div class=\"inner last-reset\">\n\n<div class=\"row align-middle align-center\"  id=\"row-1984184394\">\n\n\n\t<div id=\"col-1619304954\" class=\"col medium-9 small-12 large-9\"  >\n\t\t\t\t<div class=\"col-inner\"  >\n\t\t\t\n\t\t\t\n\n<p>Najlepsza okazja na lot nad Uluwatu przypada na okres od grudnia do marca. Le\u0107 wzd\u0142u\u017c pla\u017c Nyang Nyang i Nunggalan w Uluwatu. Start lotu z klifu oko\u0142o 100 metr\u00f3w nad poziomem morza <\/p>\n\n\t\t<\/div>\n\t\t\t\t\t<\/div>\n\n\t\n\n\t<div id=\"col-320450723\" class=\"col medium-2 small-12 large-2\"  >\n\t\t\t\t<div class=\"col-inner text-center\"  >\n\t\t\t\n\t\t\t\n\n<a href=\"https:\/\/maps.app.goo.gl\/U8ddH9K8ngjsCkzx6\" class=\"button white is-outline\" style=\"border-radius:99px;\">\n\t\t<span>Google Map<\/span>\n\t<\/a>\n\n\n\n\t\t<\/div>\n\t\t\t\t\t<\/div>\n\n\t\n\n<\/div>\n\n<\/div><\/div><\/div>\n\n\t\t<\/div>\n\t<\/div>\n\t\n\n<\/div>\n<h3>Notatki<\/h3>\n<p>dost\u0119pno\u015b\u0107 \u015bwiat\u0142a zale\u017cy od warunk\u00f3w pogodowych i wiatru. Dok\u0142adna lokalizacja lotu zostanie zaktualizowana w pobli\u017cu wybranej daty podr\u00f3\u017cy. Nasz dzia\u0142 obs\u0142ugi klienta skontaktuje si\u0119 z Tob\u0105 przez e-mail lub WhatsApp. <\/p>\n<a href=\"https:\/\/wa.me\/6285237041667\" class=\"button success is-shade is-larger box-shadow-4 box-shadow-5-hover\" style=\"border-radius:10px;\">\n\t\t<span>Whatsapp<\/span>\n\t<i class=\"icon-whatsapp\" aria-hidden=\"true\"><\/i><\/a>\n\n\n<div class=\"social-icons follow-icons\" ><a href=\"http:\/\/bali.paragliding\" target=\"_blank\" data-label=\"Facebook\" class=\"icon button circle is-outline tooltip facebook\" title=\"\u015aled\u017a na Facebooku\" aria-label=\"\u015aled\u017a na Facebooku\" rel=\"noopener nofollow\"><i class=\"icon-facebook\" aria-hidden=\"true\"><\/i><\/a><a href=\"http:\/\/baliparaglidingtandemtours\" target=\"_blank\" data-label=\"Instagram\" class=\"icon button circle is-outline tooltip instagram\" title=\"Obserwuj na Instagramie\" aria-label=\"Obserwuj na Instagramie\" rel=\"noopener nofollow\"><i class=\"icon-instagram\" aria-hidden=\"true\"><\/i><\/a><a href=\"mailto:baliparaglidingtandem@gmail.com\" data-label=\"E-mail\" target=\"_blank\" class=\"icon button circle is-outline tooltip email\" title=\"Wy\u015blij nam email\" aria-label=\"Wy\u015blij nam email\" rel=\"nofollow noopener\"><i class=\"icon-envelop\" aria-hidden=\"true\"><\/i><\/a><a href=\"tel:+6285237041667\" data-label=\"Phone\" target=\"_blank\" class=\"icon button circle is-outline tooltip phone\" title=\"Zadzwo\u0144 do nas\" aria-label=\"Zadzwo\u0144 do nas\" rel=\"nofollow noopener\"><i class=\"icon-phone\" aria-hidden=\"true\"><\/i><\/a><a href=\"https:\/\/t.me\/baliparaglidingtours\" data-label=\"Telegram\" target=\"_blank\" class=\"icon button circle is-outline tooltip telegram\" title=\"\u015aled\u017a na Telegramie\" aria-label=\"\u015aled\u017a na Telegramie\" rel=\"noopener nofollow\"><i class=\"icon-telegram\" aria-hidden=\"true\"><\/i><\/a><\/div>\n\n\n","protected":false},"excerpt":{"rendered":"","protected":false},"author":1,"featured_media":0,"parent":0,"menu_order":0,"comment_status":"closed","ping_status":"closed","template":"","meta":{"footnotes":""},"class_list":["post-4973","page","type-page","status-publish","hentry"],"yoast_head":"<!-- This site is optimized with the Yoast SEO plugin v27.2 - https:\/\/yoast.com\/product\/yoast-seo-wordpress\/ -->\n<title>Kontakt i miejsce spotkania Bali Paragliding Tours<\/title>\n<meta name=\"description\" content=\"Miejsca do uprawiania paralotniarstwa na Bali, kontakt oraz mapy online tras startu i l\u0105dowania na podstawie wycieczek paralotniarskich na Bali.\" \/>\n<meta name=\"robots\" content=\"index, follow, max-snippet:-1, max-image-preview:large, max-video-preview:-1\" \/>\n<link rel=\"canonical\" href=\"https:\/\/baliparaglidingtours.com\/pl\/kontakt-i-miejsce-spotkania\/\" \/>\n<meta property=\"og:locale\" content=\"pl_PL\" \/>\n<meta property=\"og:type\" content=\"article\" \/>\n<meta property=\"og:title\" content=\"Kontakt i miejsce spotkania Bali Paragliding Tours\" \/>\n<meta property=\"og:description\" content=\"Miejsca do uprawiania paralotniarstwa na Bali, kontakt oraz mapy online tras startu i l\u0105dowania na podstawie wycieczek paralotniarskich na Bali.\" \/>\n<meta property=\"og:url\" content=\"https:\/\/baliparaglidingtours.com\/pl\/kontakt-i-miejsce-spotkania\/\" \/>\n<meta property=\"og:site_name\" content=\"Bali Paragliding Tours\" \/>\n<meta property=\"article:publisher\" content=\"https:\/\/facebook.com\/bali.paragliding\" \/>\n<meta property=\"article:modified_time\" content=\"2025-06-21T03:51:53+00:00\" \/>\n<meta name=\"twitter:card\" content=\"summary_large_image\" \/>\n<meta name=\"twitter:label1\" content=\"Szacowany czas czytania\" \/>\n\t<meta name=\"twitter:data1\" content=\"2 minuty\" \/>\n<script type=\"application\/ld+json\" class=\"yoast-schema-graph\">{\"@context\":\"https:\/\/schema.org\",\"@graph\":[{\"@type\":\"WebPage\",\"@id\":\"https:\/\/baliparaglidingtours.com\/pl\/kontakt-i-miejsce-spotkania\/\",\"url\":\"https:\/\/baliparaglidingtours.com\/pl\/kontakt-i-miejsce-spotkania\/\",\"name\":\"Kontakt i miejsce spotkania Bali Paragliding Tours\",\"isPartOf\":{\"@id\":\"https:\/\/darkgreen-panther-294679.hostingersite.com\/#website\"},\"datePublished\":\"2019-01-17T22:48:22+00:00\",\"dateModified\":\"2025-06-21T03:51:53+00:00\",\"description\":\"Miejsca do uprawiania paralotniarstwa na Bali, kontakt oraz mapy online tras startu i l\u0105dowania na podstawie wycieczek paralotniarskich na Bali.\",\"breadcrumb\":{\"@id\":\"https:\/\/baliparaglidingtours.com\/pl\/kontakt-i-miejsce-spotkania\/#breadcrumb\"},\"inLanguage\":\"pl-PL\",\"potentialAction\":[{\"@type\":\"ReadAction\",\"target\":[\"https:\/\/baliparaglidingtours.com\/pl\/kontakt-i-miejsce-spotkania\/\"]}]},{\"@type\":\"BreadcrumbList\",\"@id\":\"https:\/\/baliparaglidingtours.com\/pl\/kontakt-i-miejsce-spotkania\/#breadcrumb\",\"itemListElement\":[{\"@type\":\"ListItem\",\"position\":1,\"name\":\"Home\",\"item\":\"https:\/\/baliparaglidingtours.com\/pl\/\"},{\"@type\":\"ListItem\",\"position\":2,\"name\":\"Kontakt i miejsce spotkania\"}]},{\"@type\":\"WebSite\",\"@id\":\"https:\/\/darkgreen-panther-294679.hostingersite.com\/#website\",\"url\":\"https:\/\/darkgreen-panther-294679.hostingersite.com\/\",\"name\":\"Bali Paragliding Tours\",\"description\":\"The best and first tandem paragliding in Bali\",\"publisher\":{\"@id\":\"https:\/\/darkgreen-panther-294679.hostingersite.com\/#organization\"},\"potentialAction\":[{\"@type\":\"SearchAction\",\"target\":{\"@type\":\"EntryPoint\",\"urlTemplate\":\"https:\/\/darkgreen-panther-294679.hostingersite.com\/?s={search_term_string}\"},\"query-input\":{\"@type\":\"PropertyValueSpecification\",\"valueRequired\":true,\"valueName\":\"search_term_string\"}}],\"inLanguage\":\"pl-PL\"},{\"@type\":\"Organization\",\"@id\":\"https:\/\/darkgreen-panther-294679.hostingersite.com\/#organization\",\"name\":\"Bali Paragliding Tours\",\"url\":\"https:\/\/darkgreen-panther-294679.hostingersite.com\/\",\"logo\":{\"@type\":\"ImageObject\",\"inLanguage\":\"pl-PL\",\"@id\":\"https:\/\/darkgreen-panther-294679.hostingersite.com\/#\/schema\/logo\/image\/\",\"url\":\"https:\/\/baliparaglidingtours.com\/wp-content\/uploads\/2019\/07\/Logopit_1563347307259-1.png\",\"contentUrl\":\"https:\/\/baliparaglidingtours.com\/wp-content\/uploads\/2019\/07\/Logopit_1563347307259-1.png\",\"width\":2160,\"height\":2160,\"caption\":\"Bali Paragliding Tours\"},\"image\":{\"@id\":\"https:\/\/darkgreen-panther-294679.hostingersite.com\/#\/schema\/logo\/image\/\"},\"sameAs\":[\"https:\/\/facebook.com\/bali.paragliding\"]}]}<\/script>\n<!-- \/ Yoast SEO plugin. -->","yoast_head_json":{"title":"Kontakt i miejsce spotkania Bali Paragliding Tours","description":"Miejsca do uprawiania paralotniarstwa na Bali, kontakt oraz mapy online tras startu i l\u0105dowania na podstawie wycieczek paralotniarskich na Bali.","robots":{"index":"index","follow":"follow","max-snippet":"max-snippet:-1","max-image-preview":"max-image-preview:large","max-video-preview":"max-video-preview:-1"},"canonical":"https:\/\/baliparaglidingtours.com\/pl\/kontakt-i-miejsce-spotkania\/","og_locale":"pl_PL","og_type":"article","og_title":"Kontakt i miejsce spotkania Bali Paragliding Tours","og_description":"Miejsca do uprawiania paralotniarstwa na Bali, kontakt oraz mapy online tras startu i l\u0105dowania na podstawie wycieczek paralotniarskich na Bali.","og_url":"https:\/\/baliparaglidingtours.com\/pl\/kontakt-i-miejsce-spotkania\/","og_site_name":"Bali Paragliding Tours","article_publisher":"https:\/\/facebook.com\/bali.paragliding","article_modified_time":"2025-06-21T03:51:53+00:00","twitter_card":"summary_large_image","twitter_misc":{"Szacowany czas czytania":"2 minuty"},"schema":{"@context":"https:\/\/schema.org","@graph":[{"@type":"WebPage","@id":"https:\/\/baliparaglidingtours.com\/pl\/kontakt-i-miejsce-spotkania\/","url":"https:\/\/baliparaglidingtours.com\/pl\/kontakt-i-miejsce-spotkania\/","name":"Kontakt i miejsce spotkania Bali Paragliding Tours","isPartOf":{"@id":"https:\/\/darkgreen-panther-294679.hostingersite.com\/#website"},"datePublished":"2019-01-17T22:48:22+00:00","dateModified":"2025-06-21T03:51:53+00:00","description":"Miejsca do uprawiania paralotniarstwa na Bali, kontakt oraz mapy online tras startu i l\u0105dowania na podstawie wycieczek paralotniarskich na Bali.","breadcrumb":{"@id":"https:\/\/baliparaglidingtours.com\/pl\/kontakt-i-miejsce-spotkania\/#breadcrumb"},"inLanguage":"pl-PL","potentialAction":[{"@type":"ReadAction","target":["https:\/\/baliparaglidingtours.com\/pl\/kontakt-i-miejsce-spotkania\/"]}]},{"@type":"BreadcrumbList","@id":"https:\/\/baliparaglidingtours.com\/pl\/kontakt-i-miejsce-spotkania\/#breadcrumb","itemListElement":[{"@type":"ListItem","position":1,"name":"Home","item":"https:\/\/baliparaglidingtours.com\/pl\/"},{"@type":"ListItem","position":2,"name":"Kontakt i miejsce spotkania"}]},{"@type":"WebSite","@id":"https:\/\/darkgreen-panther-294679.hostingersite.com\/#website","url":"https:\/\/darkgreen-panther-294679.hostingersite.com\/","name":"Bali Paragliding Tours","description":"The best and first tandem paragliding in Bali","publisher":{"@id":"https:\/\/darkgreen-panther-294679.hostingersite.com\/#organization"},"potentialAction":[{"@type":"SearchAction","target":{"@type":"EntryPoint","urlTemplate":"https:\/\/darkgreen-panther-294679.hostingersite.com\/?s={search_term_string}"},"query-input":{"@type":"PropertyValueSpecification","valueRequired":true,"valueName":"search_term_string"}}],"inLanguage":"pl-PL"},{"@type":"Organization","@id":"https:\/\/darkgreen-panther-294679.hostingersite.com\/#organization","name":"Bali Paragliding Tours","url":"https:\/\/darkgreen-panther-294679.hostingersite.com\/","logo":{"@type":"ImageObject","inLanguage":"pl-PL","@id":"https:\/\/darkgreen-panther-294679.hostingersite.com\/#\/schema\/logo\/image\/","url":"https:\/\/baliparaglidingtours.com\/wp-content\/uploads\/2019\/07\/Logopit_1563347307259-1.png","contentUrl":"https:\/\/baliparaglidingtours.com\/wp-content\/uploads\/2019\/07\/Logopit_1563347307259-1.png","width":2160,"height":2160,"caption":"Bali Paragliding Tours"},"image":{"@id":"https:\/\/darkgreen-panther-294679.hostingersite.com\/#\/schema\/logo\/image\/"},"sameAs":["https:\/\/facebook.com\/bali.paragliding"]}]}},"_links":{"self":[{"href":"https:\/\/baliparaglidingtours.com\/pl\/wp-json\/wp\/v2\/pages\/4973","targetHints":{"allow":["GET"]}}],"collection":[{"href":"https:\/\/baliparaglidingtours.com\/pl\/wp-json\/wp\/v2\/pages"}],"about":[{"href":"https:\/\/baliparaglidingtours.com\/pl\/wp-json\/wp\/v2\/types\/page"}],"author":[{"embeddable":true,"href":"https:\/\/baliparaglidingtours.com\/pl\/wp-json\/wp\/v2\/users\/1"}],"replies":[{"embeddable":true,"href":"https:\/\/baliparaglidingtours.com\/pl\/wp-json\/wp\/v2\/comments?post=4973"}],"version-history":[{"count":1,"href":"https:\/\/baliparaglidingtours.com\/pl\/wp-json\/wp\/v2\/pages\/4973\/revisions"}],"predecessor-version":[{"id":4974,"href":"https:\/\/baliparaglidingtours.com\/pl\/wp-json\/wp\/v2\/pages\/4973\/revisions\/4974"}],"wp:attachment":[{"href":"https:\/\/baliparaglidingtours.com\/pl\/wp-json\/wp\/v2\/media?parent=4973"}],"curies":[{"name":"wp","href":"https:\/\/api.w.org\/{rel}","templated":true}]}}