{"id":5113,"date":"2025-08-06T09:14:51","date_gmt":"2025-08-06T01:14:51","guid":{"rendered":"https:\/\/baliparaglidingtours.com\/product\/billets-de-parapente-a-bali-a-uluwatu-ou-nusa-dua-paiement-dacompte\/"},"modified":"2025-08-17T20:11:37","modified_gmt":"2025-08-17T12:11:37","slug":"billets-de-parapente-a-bali-a-uluwatu-ou-nusa-dua-paiement-dacompte","status":"publish","type":"product","link":"https:\/\/baliparaglidingtours.com\/fr\/product\/billets-de-parapente-a-bali-a-uluwatu-ou-nusa-dua-paiement-dacompte\/","title":{"rendered":"Billets de parapente \u00e0 Bali \u00e0 Uluwatu ou Nusa Dua (paiement d&rsquo;acompte)"},"content":{"rendered":"<p>R\u00e9servez vos billets de parapente \u00e0 Bali en toute simplicit\u00e9. R\u00e9servation de derni\u00e8re minute disponible en un simple clic. Envolez-vous en parapente tandem \u00e0 Bali (r\u00e9gion d&rsquo;Uluwatu ou de Nusa Dua) et profitez d&rsquo;une vue imprenable sur l&rsquo;oc\u00e9an tout en survolant plusieurs plages. Volez en toute s\u00e9curit\u00e9 avec des parapentistes professionnels et certifi\u00e9s tout en immortalisant votre vol gr\u00e2ce \u00e0 la cam\u00e9ra d&rsquo;action fournie. Une fois le vol termin\u00e9, nous transf\u00e9rerons le fichier sur votre appareil.<\/p>\n<p>Traduit avec DeepL.com (version gratuite)    <\/p>\n<p><strong>D\u00e9tail des prix <\/strong><\/p>\n<ul>\n<li>&#8211; <\/li>\n<li>&#8211; <\/li>\n<\/ul>\n<p><strong>ITIN\u00c9RAIRE:<\/strong><\/p>\n<ul>\n<li><strong>Arriv\u00e9e au point de rendez-vous, Validation de votre r\u00e9servation, Nouvelle mesure du poids et \u00e9quipement (0-10 minutes)<\/strong><\/li>\n<li><strong>Vol dans les airs (15 ou 30 minutes selon l&rsquo;option choisie) (15-30 minutes)<\/strong><\/li>\n<li><strong>Transfert des s\u00e9quences vid\u00e9o sur votre t\u00e9l\u00e9phone portable, Assurez-vous d&rsquo;avoir suffisamment d&rsquo;espace m\u00e9moire, 4-6 Go requis (5-10 minutes)<\/strong><\/li>\n<li><strong>Fin des activit\u00e9s, Temps libre<\/strong><\/li>\n<\/ul>\n<p><strong>L&rsquo;estimation du temps total pour l&rsquo;ensemble du processus est de 30-35 minutes pour un vol de 15 minutes, et de 45-50 minutes pour un vol de 30 minutes. 6-8 pilotes peuvent voler en m\u00eame temps <\/strong><\/p>\n<p><strong>POINT DE RENDEZ-VOUS  VALIDATION<\/strong><br \/>\n<iframe loading=\"lazy\" src=\"https:\/\/www.google.com\/maps\/d\/u\/2\/embed?mid=1qAvdNHm6hhUu5Le9c7m_8Vl_D4mndOkehbc=2E312Fnoprof=1\" width=\"640\" height=\"280\"><\/iframe><\/p>\n<ul>\n<li><strong>Falaises de Nusa Dua ou Uluwatu<\/strong>, Consultez la <a href=\"https:\/\/baliparaglidingtours.com\/fr\/contact-et-lieu-de-rencontrecontact-flight-location\/\">carte des sites de vol<\/a><strong>. <\/strong>Nous envoyons l&#8217;emplacement exact du vol apr\u00e8s r\u00e9ception de votre r\u00e9servation<\/li>\n<li>Le point de d\u00e9collage et d&rsquo;atterrissage est le m\u00eame sauf en cas d&rsquo;urgence, L&rsquo;atterrissage se fera sur la c\u00f4te, Vous serez transport\u00e9 de retour au point de d\u00e9collage<\/li>\n<\/ul>\n<p>Veuillez pr\u00e9senter votre r\u00e9capitulatif de r\u00e9servation \u00e0 notre comptoir d&rsquo;enregistrement pour validation.<\/p>\n<p><strong>LES ACTIVIT\u00c9S COMPRENNENT :<\/strong><\/p>\n<ul>\n<li>Vol de 15\/30 minutes selon l&rsquo;option choisie<\/li>\n<li>Couverture d&rsquo;assurance<\/li>\n<li>Utilisation d&rsquo;une cam\u00e9ra d&rsquo;action avec une perche \u00e0 selfie pour enregistrer votre vol<\/li>\n<li>Utilisation du casier<\/li>\n<\/ul>\n<p><strong>ACTIVIT\u00c9S NON INCLUSES :<\/strong><\/p>\n<ul>\n<li>Transfert depuis l&rsquo;h\u00f4tel non inclus. Nous pouvons vous proposer ce service moyennant un suppl\u00e9ment (service disponible pour les r\u00e9gions de Nusa Dua, Uluwatu, Jimbaran ou Ungasan).<\/li>\n<li>Repas\/boissons<\/li>\n<li>Autres d\u00e9penses personnelles<\/li>\n<\/ul>\n<p><strong>\u00c9QUIPEMENTS :<\/strong><\/p>\n<ul>\n<li>Grand parking<\/li>\n<li>Utilisation du casier<\/li>\n<li>toilettes<\/li>\n<li>Salle d&rsquo;attente confortable<\/li>\n<\/ul>\n<p><strong>POLITIQUE D&rsquo;ANNULATION  DE REMBOURSEMENT<\/strong><\/p>\n<ul>\n<li>Pour demander une annulation ou une modification de r\u00e9servation, veuillez nous en informer au moins 12 heures avant l&rsquo;heure de votre vol.<\/li>\n<li>Pour modifier, reprogrammer ou annuler votre r\u00e9servation, veuillez r\u00e9pondre au courriel ou via WhatsApp en indiquant votre num\u00e9ro de commande.<\/li>\n<li>Votre remboursement sera trait\u00e9 imm\u00e9diatement sur votre carte. Nous utilisons la passerelle de paiement PayPal pour accepter et rembourser votre paiement. <\/li>\n<li>Vous recevrez le remboursement moins les frais de transaction si le vol n&rsquo;est pas possible \u00e0 la date choisie en raison des conditions m\u00e9t\u00e9orologiques ou d&rsquo;un manque de vent suffisant pour le vol.<\/li>\n<li>Plus d&rsquo;informations : <a href=\"https:\/\/wa.me\/6285237041667\">Discutez avec nous sur WhatsApp<\/a><\/li>\n<\/ul>\n","protected":false},"excerpt":{"rendered":"<p>R\u00e9servez votre place pour des excursions en parapente \u00e0 Bali au d\u00e9part d&rsquo;Uluwatu ou de Nusa Dua en versant un acompte de 10 $\/20 $ (selon la dur\u00e9e du vol que vous choisissez). Vous pouvez r\u00e9gler le solde \u00e0 votre arriv\u00e9e par carte bancaire, en esp\u00e8ces ou par virement bancaire local. Ne vous inqui\u00e9tez pas, l&rsquo;acompte vous sera rembours\u00e9 en cas d&rsquo;annulation.  <\/p>\n<ul>\n<li>&#8211; <\/li>\n<li>&#8211; <\/li>\n<\/ul>\n","protected":false},"featured_media":4799,"comment_status":"closed","ping_status":"closed","template":"","meta":[],"product_brand":[93],"product_cat":[87],"product_tag":[],"class_list":{"0":"post-5113","1":"product","2":"type-product","3":"status-publish","4":"has-post-thumbnail","6":"product_brand-bali-paragliding-tours","7":"product_cat-non-categorise","8":"wcpa_has_options","10":"first","11":"instock","12":"shipping-taxable","13":"purchasable","14":"product-type-variable"},"yoast_head":"<!-- This site is optimized with the Yoast SEO plugin v27.2 - https:\/\/yoast.com\/product\/yoast-seo-wordpress\/ -->\n<title>Billets de parapente \u00e0 Bali \u00e0 Uluwatu ou Nusa Dua (paiement d&#039;acompte) - Bali Paragliding Tours<\/title>\n<meta name=\"description\" content=\"Book online Tandem paragliding in Bali, Fly with the First and Best Bali Paragliding Company, Fly, Swing and soar above the amazing Beach and cliff, Experience the spectacular bird eye view from the sky\" \/>\n<meta name=\"robots\" content=\"index, follow, max-snippet:-1, max-image-preview:large, max-video-preview:-1\" \/>\n<link rel=\"canonical\" href=\"https:\/\/baliparaglidingtours.com\/fr\/product\/billets-de-parapente-a-bali-a-uluwatu-ou-nusa-dua-paiement-dacompte\/\" \/>\n<meta property=\"og:locale\" content=\"fr_FR\" \/>\n<meta property=\"og:type\" content=\"article\" \/>\n<meta property=\"og:title\" content=\"Billets de parapente \u00e0 Bali \u00e0 Uluwatu ou Nusa Dua (paiement d&#039;acompte) - Bali Paragliding Tours\" \/>\n<meta property=\"og:description\" content=\"Book online Tandem paragliding in Bali, Fly with the First and Best Bali Paragliding Company, Fly, Swing and soar above the amazing Beach and cliff, Experience the spectacular bird eye view from the sky\" \/>\n<meta property=\"og:url\" content=\"https:\/\/baliparaglidingtours.com\/fr\/product\/billets-de-parapente-a-bali-a-uluwatu-ou-nusa-dua-paiement-dacompte\/\" \/>\n<meta property=\"og:site_name\" content=\"Bali Paragliding Tours\" \/>\n<meta property=\"article:publisher\" content=\"https:\/\/facebook.com\/bali.paragliding\" \/>\n<meta property=\"article:modified_time\" content=\"2025-08-17T12:11:37+00:00\" \/>\n<meta property=\"og:image\" content=\"https:\/\/baliparaglidingtours.com\/wp-content\/uploads\/2023\/08\/IMG_20190111_155754_Original-scaled.jpeg\" \/>\n\t<meta property=\"og:image:width\" content=\"2560\" \/>\n\t<meta property=\"og:image:height\" content=\"1920\" \/>\n\t<meta property=\"og:image:type\" content=\"image\/jpeg\" \/>\n<meta name=\"twitter:card\" content=\"summary_large_image\" \/>\n<meta name=\"twitter:label1\" content=\"Dur\u00e9e de lecture estim\u00e9e\" \/>\n\t<meta name=\"twitter:data1\" content=\"2 minutes\" \/>\n<script type=\"application\/ld+json\" class=\"yoast-schema-graph\">{\"@context\":\"https:\/\/schema.org\",\"@graph\":[{\"@type\":\"WebPage\",\"@id\":\"https:\/\/baliparaglidingtours.com\/fr\/product\/billets-de-parapente-a-bali-a-uluwatu-ou-nusa-dua-paiement-dacompte\/\",\"url\":\"https:\/\/baliparaglidingtours.com\/fr\/product\/billets-de-parapente-a-bali-a-uluwatu-ou-nusa-dua-paiement-dacompte\/\",\"name\":\"Billets de parapente \u00e0 Bali \u00e0 Uluwatu ou Nusa Dua (paiement d'acompte) - Bali Paragliding Tours\",\"isPartOf\":{\"@id\":\"https:\/\/darkgreen-panther-294679.hostingersite.com\/#website\"},\"primaryImageOfPage\":{\"@id\":\"https:\/\/baliparaglidingtours.com\/fr\/product\/billets-de-parapente-a-bali-a-uluwatu-ou-nusa-dua-paiement-dacompte\/#primaryimage\"},\"image\":{\"@id\":\"https:\/\/baliparaglidingtours.com\/fr\/product\/billets-de-parapente-a-bali-a-uluwatu-ou-nusa-dua-paiement-dacompte\/#primaryimage\"},\"thumbnailUrl\":\"https:\/\/baliparaglidingtours.com\/wp-content\/uploads\/2023\/08\/IMG_20190111_155754_Original-scaled.jpeg\",\"datePublished\":\"2025-08-06T01:14:51+00:00\",\"dateModified\":\"2025-08-17T12:11:37+00:00\",\"description\":\"Book online Tandem paragliding in Bali, Fly with the First and Best Bali Paragliding Company, Fly, Swing and soar above the amazing Beach and cliff, Experience the spectacular bird eye view from the sky\",\"breadcrumb\":{\"@id\":\"https:\/\/baliparaglidingtours.com\/fr\/product\/billets-de-parapente-a-bali-a-uluwatu-ou-nusa-dua-paiement-dacompte\/#breadcrumb\"},\"inLanguage\":\"fr-FR\",\"potentialAction\":[{\"@type\":\"ReadAction\",\"target\":[\"https:\/\/baliparaglidingtours.com\/fr\/product\/billets-de-parapente-a-bali-a-uluwatu-ou-nusa-dua-paiement-dacompte\/\"]}]},{\"@type\":\"ImageObject\",\"inLanguage\":\"fr-FR\",\"@id\":\"https:\/\/baliparaglidingtours.com\/fr\/product\/billets-de-parapente-a-bali-a-uluwatu-ou-nusa-dua-paiement-dacompte\/#primaryimage\",\"url\":\"https:\/\/baliparaglidingtours.com\/wp-content\/uploads\/2023\/08\/IMG_20190111_155754_Original-scaled.jpeg\",\"contentUrl\":\"https:\/\/baliparaglidingtours.com\/wp-content\/uploads\/2023\/08\/IMG_20190111_155754_Original-scaled.jpeg\",\"width\":2560,\"height\":1920,\"caption\":\"paragliding uluwatu bali\"},{\"@type\":\"BreadcrumbList\",\"@id\":\"https:\/\/baliparaglidingtours.com\/fr\/product\/billets-de-parapente-a-bali-a-uluwatu-ou-nusa-dua-paiement-dacompte\/#breadcrumb\",\"itemListElement\":[{\"@type\":\"ListItem\",\"position\":1,\"name\":\"Home\",\"item\":\"https:\/\/baliparaglidingtours.com\/fr\/\"},{\"@type\":\"ListItem\",\"position\":2,\"name\":\"Boutique\",\"item\":\"https:\/\/baliparaglidingtours.com\/\"},{\"@type\":\"ListItem\",\"position\":3,\"name\":\"Billets de parapente \u00e0 Bali \u00e0 Uluwatu ou Nusa Dua (paiement d&#8217;acompte)\"}]},{\"@type\":\"WebSite\",\"@id\":\"https:\/\/darkgreen-panther-294679.hostingersite.com\/#website\",\"url\":\"https:\/\/darkgreen-panther-294679.hostingersite.com\/\",\"name\":\"Bali Paragliding Tours\",\"description\":\"The best and first tandem paragliding in Bali\",\"publisher\":{\"@id\":\"https:\/\/darkgreen-panther-294679.hostingersite.com\/#organization\"},\"potentialAction\":[{\"@type\":\"SearchAction\",\"target\":{\"@type\":\"EntryPoint\",\"urlTemplate\":\"https:\/\/darkgreen-panther-294679.hostingersite.com\/?s={search_term_string}\"},\"query-input\":{\"@type\":\"PropertyValueSpecification\",\"valueRequired\":true,\"valueName\":\"search_term_string\"}}],\"inLanguage\":\"fr-FR\"},{\"@type\":\"Organization\",\"@id\":\"https:\/\/darkgreen-panther-294679.hostingersite.com\/#organization\",\"name\":\"Bali Paragliding Tours\",\"url\":\"https:\/\/darkgreen-panther-294679.hostingersite.com\/\",\"logo\":{\"@type\":\"ImageObject\",\"inLanguage\":\"fr-FR\",\"@id\":\"https:\/\/darkgreen-panther-294679.hostingersite.com\/#\/schema\/logo\/image\/\",\"url\":\"https:\/\/baliparaglidingtours.com\/wp-content\/uploads\/2019\/07\/Logopit_1563347307259-1.png\",\"contentUrl\":\"https:\/\/baliparaglidingtours.com\/wp-content\/uploads\/2019\/07\/Logopit_1563347307259-1.png\",\"width\":2160,\"height\":2160,\"caption\":\"Bali Paragliding Tours\"},\"image\":{\"@id\":\"https:\/\/darkgreen-panther-294679.hostingersite.com\/#\/schema\/logo\/image\/\"},\"sameAs\":[\"https:\/\/facebook.com\/bali.paragliding\"]}]}<\/script>\n<!-- \/ Yoast SEO plugin. -->","yoast_head_json":{"title":"Billets de parapente \u00e0 Bali \u00e0 Uluwatu ou Nusa Dua (paiement d'acompte) - Bali Paragliding Tours","description":"Book online Tandem paragliding in Bali, Fly with the First and Best Bali Paragliding Company, Fly, Swing and soar above the amazing Beach and cliff, Experience the spectacular bird eye view from the sky","robots":{"index":"index","follow":"follow","max-snippet":"max-snippet:-1","max-image-preview":"max-image-preview:large","max-video-preview":"max-video-preview:-1"},"canonical":"https:\/\/baliparaglidingtours.com\/fr\/product\/billets-de-parapente-a-bali-a-uluwatu-ou-nusa-dua-paiement-dacompte\/","og_locale":"fr_FR","og_type":"article","og_title":"Billets de parapente \u00e0 Bali \u00e0 Uluwatu ou Nusa Dua (paiement d'acompte) - Bali Paragliding Tours","og_description":"Book online Tandem paragliding in Bali, Fly with the First and Best Bali Paragliding Company, Fly, Swing and soar above the amazing Beach and cliff, Experience the spectacular bird eye view from the sky","og_url":"https:\/\/baliparaglidingtours.com\/fr\/product\/billets-de-parapente-a-bali-a-uluwatu-ou-nusa-dua-paiement-dacompte\/","og_site_name":"Bali Paragliding Tours","article_publisher":"https:\/\/facebook.com\/bali.paragliding","article_modified_time":"2025-08-17T12:11:37+00:00","og_image":[{"width":2560,"height":1920,"url":"https:\/\/baliparaglidingtours.com\/wp-content\/uploads\/2023\/08\/IMG_20190111_155754_Original-scaled.jpeg","type":"image\/jpeg"}],"twitter_card":"summary_large_image","twitter_misc":{"Dur\u00e9e de lecture estim\u00e9e":"2 minutes"},"schema":{"@context":"https:\/\/schema.org","@graph":[{"@type":"WebPage","@id":"https:\/\/baliparaglidingtours.com\/fr\/product\/billets-de-parapente-a-bali-a-uluwatu-ou-nusa-dua-paiement-dacompte\/","url":"https:\/\/baliparaglidingtours.com\/fr\/product\/billets-de-parapente-a-bali-a-uluwatu-ou-nusa-dua-paiement-dacompte\/","name":"Billets de parapente \u00e0 Bali \u00e0 Uluwatu ou Nusa Dua (paiement d'acompte) - Bali Paragliding Tours","isPartOf":{"@id":"https:\/\/darkgreen-panther-294679.hostingersite.com\/#website"},"primaryImageOfPage":{"@id":"https:\/\/baliparaglidingtours.com\/fr\/product\/billets-de-parapente-a-bali-a-uluwatu-ou-nusa-dua-paiement-dacompte\/#primaryimage"},"image":{"@id":"https:\/\/baliparaglidingtours.com\/fr\/product\/billets-de-parapente-a-bali-a-uluwatu-ou-nusa-dua-paiement-dacompte\/#primaryimage"},"thumbnailUrl":"https:\/\/baliparaglidingtours.com\/wp-content\/uploads\/2023\/08\/IMG_20190111_155754_Original-scaled.jpeg","datePublished":"2025-08-06T01:14:51+00:00","dateModified":"2025-08-17T12:11:37+00:00","description":"Book online Tandem paragliding in Bali, Fly with the First and Best Bali Paragliding Company, Fly, Swing and soar above the amazing Beach and cliff, Experience the spectacular bird eye view from the sky","breadcrumb":{"@id":"https:\/\/baliparaglidingtours.com\/fr\/product\/billets-de-parapente-a-bali-a-uluwatu-ou-nusa-dua-paiement-dacompte\/#breadcrumb"},"inLanguage":"fr-FR","potentialAction":[{"@type":"ReadAction","target":["https:\/\/baliparaglidingtours.com\/fr\/product\/billets-de-parapente-a-bali-a-uluwatu-ou-nusa-dua-paiement-dacompte\/"]}]},{"@type":"ImageObject","inLanguage":"fr-FR","@id":"https:\/\/baliparaglidingtours.com\/fr\/product\/billets-de-parapente-a-bali-a-uluwatu-ou-nusa-dua-paiement-dacompte\/#primaryimage","url":"https:\/\/baliparaglidingtours.com\/wp-content\/uploads\/2023\/08\/IMG_20190111_155754_Original-scaled.jpeg","contentUrl":"https:\/\/baliparaglidingtours.com\/wp-content\/uploads\/2023\/08\/IMG_20190111_155754_Original-scaled.jpeg","width":2560,"height":1920,"caption":"paragliding uluwatu bali"},{"@type":"BreadcrumbList","@id":"https:\/\/baliparaglidingtours.com\/fr\/product\/billets-de-parapente-a-bali-a-uluwatu-ou-nusa-dua-paiement-dacompte\/#breadcrumb","itemListElement":[{"@type":"ListItem","position":1,"name":"Home","item":"https:\/\/baliparaglidingtours.com\/fr\/"},{"@type":"ListItem","position":2,"name":"Boutique","item":"https:\/\/baliparaglidingtours.com\/"},{"@type":"ListItem","position":3,"name":"Billets de parapente \u00e0 Bali \u00e0 Uluwatu ou Nusa Dua (paiement d&#8217;acompte)"}]},{"@type":"WebSite","@id":"https:\/\/darkgreen-panther-294679.hostingersite.com\/#website","url":"https:\/\/darkgreen-panther-294679.hostingersite.com\/","name":"Bali Paragliding Tours","description":"The best and first tandem paragliding in Bali","publisher":{"@id":"https:\/\/darkgreen-panther-294679.hostingersite.com\/#organization"},"potentialAction":[{"@type":"SearchAction","target":{"@type":"EntryPoint","urlTemplate":"https:\/\/darkgreen-panther-294679.hostingersite.com\/?s={search_term_string}"},"query-input":{"@type":"PropertyValueSpecification","valueRequired":true,"valueName":"search_term_string"}}],"inLanguage":"fr-FR"},{"@type":"Organization","@id":"https:\/\/darkgreen-panther-294679.hostingersite.com\/#organization","name":"Bali Paragliding Tours","url":"https:\/\/darkgreen-panther-294679.hostingersite.com\/","logo":{"@type":"ImageObject","inLanguage":"fr-FR","@id":"https:\/\/darkgreen-panther-294679.hostingersite.com\/#\/schema\/logo\/image\/","url":"https:\/\/baliparaglidingtours.com\/wp-content\/uploads\/2019\/07\/Logopit_1563347307259-1.png","contentUrl":"https:\/\/baliparaglidingtours.com\/wp-content\/uploads\/2019\/07\/Logopit_1563347307259-1.png","width":2160,"height":2160,"caption":"Bali Paragliding Tours"},"image":{"@id":"https:\/\/darkgreen-panther-294679.hostingersite.com\/#\/schema\/logo\/image\/"},"sameAs":["https:\/\/facebook.com\/bali.paragliding"]}]}},"_links":{"self":[{"href":"https:\/\/baliparaglidingtours.com\/fr\/wp-json\/wp\/v2\/product\/5113","targetHints":{"allow":["GET"]}}],"collection":[{"href":"https:\/\/baliparaglidingtours.com\/fr\/wp-json\/wp\/v2\/product"}],"about":[{"href":"https:\/\/baliparaglidingtours.com\/fr\/wp-json\/wp\/v2\/types\/product"}],"replies":[{"embeddable":true,"href":"https:\/\/baliparaglidingtours.com\/fr\/wp-json\/wp\/v2\/comments?post=5113"}],"wp:featuredmedia":[{"embeddable":true,"href":"https:\/\/baliparaglidingtours.com\/fr\/wp-json\/wp\/v2\/media\/4799"}],"wp:attachment":[{"href":"https:\/\/baliparaglidingtours.com\/fr\/wp-json\/wp\/v2\/media?parent=5113"}],"wp:term":[{"taxonomy":"product_brand","embeddable":true,"href":"https:\/\/baliparaglidingtours.com\/fr\/wp-json\/wp\/v2\/product_brand?post=5113"},{"taxonomy":"product_cat","embeddable":true,"href":"https:\/\/baliparaglidingtours.com\/fr\/wp-json\/wp\/v2\/product_cat?post=5113"},{"taxonomy":"product_tag","embeddable":true,"href":"https:\/\/baliparaglidingtours.com\/fr\/wp-json\/wp\/v2\/product_tag?post=5113"}],"curies":[{"name":"wp","href":"https:\/\/api.w.org\/{rel}","templated":true}]}}