{"id":4988,"date":"2024-01-04T16:52:26","date_gmt":"2024-01-04T08:52:26","guid":{"rendered":"https:\/\/baliparaglidingtours.com\/product\/flyboarding-a-bali-sur-la-plage-de-nusa-dua\/"},"modified":"2025-06-21T18:31:23","modified_gmt":"2025-06-21T10:31:23","slug":"flyboarding-a-bali-sur-la-plage-de-nusa-dua","status":"publish","type":"product","link":"https:\/\/baliparaglidingtours.com\/fr\/product\/flyboarding-a-bali-sur-la-plage-de-nusa-dua\/","title":{"rendered":"Flyboarding \u00e0 Bali sur la plage de Nusa Dua"},"content":{"rendered":"<div class=\"accordion\">\n\t<div id=\"accordion-623935848\" class=\"accordion-item\">\n\t\t<a id=\"accordion-623935848-label\" class=\"accordion-title plain\" href=\"#accordion-item-description\" aria-expanded=\"false\" aria-controls=\"accordion-623935848-content\">\n\t\t\t<button class=\"toggle\" aria-label=\"Basculer\"><i class=\"icon-angle-down\" aria-hidden=\"true\"><\/i><\/button>\n\t\t\t<span>Description<\/span>\n\t\t<\/a>\n\t\t<div id=\"accordion-623935848-content\" class=\"accordion-inner\" aria-labelledby=\"accordion-623935848-label\">\n\t\t\t\n<p>Le flyboard est un sport aquatique exaltant qui implique l&rsquo;utilisation d&rsquo;un dispositif propuls\u00e9 par l&rsquo;eau pour planer au-dessus et man\u0153uvrer \u00e0 la surface de l&rsquo;eau. Les composants principaux d&rsquo;un \u00e9quipement de flyboard comprennent une planche ressemblant \u00e0 un wakeboard ou \u00e0 un snowboard, reli\u00e9e par un long tuyau \u00e0 une embarcation nautique personnelle (PWC), telle qu&rsquo;un Jet Ski, \u00e9quip\u00e9e d&rsquo;un syst\u00e8me de propulsion sp\u00e9cialis\u00e9. <\/p>\n<p>Voici une explication \u00e9tape par \u00e9tape du fonctionnement du flyboard :<\/p>\n<p>Installation de l&rsquo;\u00e9quipement : Le pratiquant de flyboard porte un casque et est attach\u00e9 \u00e0 des fixations sur le flyboard, qui est reli\u00e9 au Jet Ski par un tuyau.<\/p>\n<p>Syst\u00e8me de propulsion \u00e0 eau : Le Jet Ski pompe l&rsquo;eau du plan d&rsquo;eau environnant \u00e0 travers le tuyau connect\u00e9 au flyboard. L&rsquo;eau est ensuite expuls\u00e9e avec force \u00e0 travers des buses situ\u00e9es sous le flyboard. <\/p>\n<p>\u00c9l\u00e9vation et contr\u00f4le : Lorsque l&rsquo;eau jaillit des buses, elle cr\u00e9e une pouss\u00e9e, propulsant le pratiquant vers le haut et lui permettant de planer au-dessus de la surface de l&rsquo;eau. La quantit\u00e9 de pouss\u00e9e et la direction des jets d&rsquo;eau sont contr\u00f4l\u00e9es par les mouvements corporels et la r\u00e9partition du poids du pratiquant. <\/p>\n<p>Man\u0153uvre : En inclinant, en d\u00e9pla\u00e7ant leur poids et en ajustant leurs pieds sur le flyboard, les pratiquants peuvent contr\u00f4ler leur altitude, leur direction et effectuer diverses figures, telles que des rotations, des retournements et des plongeons.<\/p>\n<p>Mesures de s\u00e9curit\u00e9 : Un instructeur ou un op\u00e9rateur exp\u00e9riment\u00e9 supervise g\u00e9n\u00e9ralement la s\u00e9ance de flyboard, fournissant des conseils et s&rsquo;assurant que les pr\u00e9cautions de s\u00e9curit\u00e9 sont suivies. Des mesures de s\u00e9curit\u00e9 telles que le port d&rsquo;un gilet de sauvetage, l&rsquo;utilisation d&rsquo;un casque et la pratique dans un environnement contr\u00f4l\u00e9 avec des eaux calmes sont g\u00e9n\u00e9ralement appliqu\u00e9es. <\/p>\n<p>Le flyboard combine des \u00e9l\u00e9ments de sports nautiques et d&rsquo;acrobaties, offrant aux pratiquants une exp\u00e9rience grisante de vol, de plong\u00e9e et de r\u00e9alisation de figures au-dessus de la surface de l&rsquo;eau. C&rsquo;est une activit\u00e9 palpitante qui n\u00e9cessite un peu d&rsquo;\u00e9quilibre et de coordination, mais qui est accessible aux d\u00e9butants sous la direction de professionnels form\u00e9s.<\/p>\n\t\t<\/div>\n\t<\/div>\n\t\n\t<div id=\"accordion-3513935084\" class=\"accordion-item\">\n\t\t<a id=\"accordion-3513935084-label\" class=\"accordion-title plain\" href=\"#accordion-item-inclusion\" aria-expanded=\"false\" aria-controls=\"accordion-3513935084-content\">\n\t\t\t<button class=\"toggle\" aria-label=\"Basculer\"><i class=\"icon-angle-down\" aria-hidden=\"true\"><\/i><\/button>\n\t\t\t<span>Inclusion<\/span>\n\t\t<\/a>\n\t\t<div id=\"accordion-3513935084-content\" class=\"accordion-inner\" aria-labelledby=\"accordion-3513935084-label\">\n\t\t\t\n\t<div id=\"text-3175456081\" class=\"text\">\n\t\t\n<p><strong>Inclusions :<\/strong><\/p>\n<ul>\n<li>Instructeur professionnel<\/li>\n<li>Transfert depuis l&rsquo;h\u00f4tel disponible pour les h\u00f4tels de la zone de Nusa Dua (Commande minimum de 2 personnes)<\/li>\n<li>Assurance<\/li>\n<li>Coffre-fort<\/li>\n<\/ul>\n<p><strong>\u00c0 apporter :<\/strong><\/p>\n<ul>\n<li>V\u00eatements de rechange<\/li>\n<li>Maillot de bain<\/li>\n<li>Serviettes<\/li>\n<li>Cr\u00e8me solaire<\/li>\n<\/ul>\n<p><b>Informations compl\u00e9mentaires<\/b><\/p>\n<ul>\n<li>Non recommand\u00e9 pour les enfants de moins de 10 ans<\/li>\n<li>Non recommand\u00e9 pour les voyageurs souffrant de probl\u00e8mes de dos<\/li>\n<li>Non recommand\u00e9 pour les femmes enceintes<\/li>\n<li>Pas de probl\u00e8mes cardiaques ou autres conditions m\u00e9dicales graves<\/li>\n<\/ul>\n<p><strong>Paiement <\/strong><\/p>\n<ul>\n<li>Paiement int\u00e9gral \u00e0 l&rsquo;avance requis<\/li>\n<li>Paiement en ligne accept\u00e9 via Visa\/Mastercard\/Amex\/Discover<\/li>\n<\/ul>\n\t\t\n<style>\n#text-3175456081 {\n  font-size: 0.95rem;\n  line-height: 1;\n}\n<\/style>\n\t<\/div>\n\t\n\t\t<\/div>\n\t<\/div>\n\t\n<\/div>\n","protected":false},"excerpt":{"rendered":"<p>Pr\u00eat pour l&rsquo;aventure ? Essayez le Flyboard \u00e0 Bali d\u00e8s aujourd&rsquo;hui ! Plongez, retournez-vous et volez comme jamais auparavant. Profitez d&rsquo;une exp\u00e9rience de flyboard de 20 minutes \u00e0 la plage de Nusa Dua, au sud de Bali. R\u00e9servez votre s\u00e9ance maintenant    <\/p>\n","protected":false},"featured_media":4267,"comment_status":"closed","ping_status":"closed","template":"","meta":[],"product_brand":[],"product_cat":[100],"product_tag":[],"class_list":{"0":"post-4988","1":"product","2":"type-product","3":"status-publish","4":"has-post-thumbnail","6":"product_cat-sports-nautiques","7":"wcpa_has_options","9":"first","10":"instock","11":"sale","12":"shipping-taxable","13":"purchasable","14":"product-type-simple"},"yoast_head":"<!-- This site is optimized with the Yoast SEO plugin v27.2 - https:\/\/yoast.com\/product\/yoast-seo-wordpress\/ -->\n<title>Flyboarding \u00e0 Bali sur la plage de Nusa Dua - Bali Paragliding Tours<\/title>\n<meta name=\"description\" content=\"Aventure \u00e0 Bali : Essayez le Flyboard ! Plongez et volez. R\u00e9servez maintenant. Transfert gratuit, meilleur prix garanti.\" \/>\n<meta name=\"robots\" content=\"index, follow, max-snippet:-1, max-image-preview:large, max-video-preview:-1\" \/>\n<link rel=\"canonical\" href=\"https:\/\/baliparaglidingtours.com\/fr\/product\/flyboarding-a-bali-sur-la-plage-de-nusa-dua\/\" \/>\n<meta property=\"og:locale\" content=\"fr_FR\" \/>\n<meta property=\"og:type\" content=\"article\" \/>\n<meta property=\"og:title\" content=\"Flyboarding \u00e0 Bali sur la plage de Nusa Dua - Bali Paragliding Tours\" \/>\n<meta property=\"og:description\" content=\"Aventure \u00e0 Bali : Essayez le Flyboard ! Plongez et volez. R\u00e9servez maintenant. Transfert gratuit, meilleur prix garanti.\" \/>\n<meta property=\"og:url\" content=\"https:\/\/baliparaglidingtours.com\/fr\/product\/flyboarding-a-bali-sur-la-plage-de-nusa-dua\/\" \/>\n<meta property=\"og:site_name\" content=\"Bali Paragliding Tours\" \/>\n<meta property=\"article:publisher\" content=\"https:\/\/facebook.com\/bali.paragliding\" \/>\n<meta property=\"article:modified_time\" content=\"2025-06-21T10:31:23+00:00\" \/>\n<meta property=\"og:image\" content=\"https:\/\/baliparaglidingtours.com\/wp-content\/uploads\/2020\/01\/flyboard-bali.png\" \/>\n\t<meta property=\"og:image:width\" content=\"1080\" \/>\n\t<meta property=\"og:image:height\" content=\"1080\" \/>\n\t<meta property=\"og:image:type\" content=\"image\/png\" \/>\n<meta name=\"twitter:card\" content=\"summary_large_image\" \/>\n<meta name=\"twitter:label1\" content=\"Dur\u00e9e de lecture estim\u00e9e\" \/>\n\t<meta name=\"twitter:data1\" content=\"2 minutes\" \/>\n<script type=\"application\/ld+json\" class=\"yoast-schema-graph\">{\"@context\":\"https:\/\/schema.org\",\"@graph\":[{\"@type\":\"WebPage\",\"@id\":\"https:\/\/baliparaglidingtours.com\/fr\/product\/flyboarding-a-bali-sur-la-plage-de-nusa-dua\/\",\"url\":\"https:\/\/baliparaglidingtours.com\/fr\/product\/flyboarding-a-bali-sur-la-plage-de-nusa-dua\/\",\"name\":\"Flyboarding \u00e0 Bali sur la plage de Nusa Dua - Bali Paragliding Tours\",\"isPartOf\":{\"@id\":\"https:\/\/darkgreen-panther-294679.hostingersite.com\/#website\"},\"primaryImageOfPage\":{\"@id\":\"https:\/\/baliparaglidingtours.com\/fr\/product\/flyboarding-a-bali-sur-la-plage-de-nusa-dua\/#primaryimage\"},\"image\":{\"@id\":\"https:\/\/baliparaglidingtours.com\/fr\/product\/flyboarding-a-bali-sur-la-plage-de-nusa-dua\/#primaryimage\"},\"thumbnailUrl\":\"https:\/\/baliparaglidingtours.com\/wp-content\/uploads\/2020\/01\/flyboard-bali.png\",\"datePublished\":\"2024-01-04T08:52:26+00:00\",\"dateModified\":\"2025-06-21T10:31:23+00:00\",\"description\":\"Aventure \u00e0 Bali : Essayez le Flyboard ! Plongez et volez. R\u00e9servez maintenant. Transfert gratuit, meilleur prix garanti.\",\"breadcrumb\":{\"@id\":\"https:\/\/baliparaglidingtours.com\/fr\/product\/flyboarding-a-bali-sur-la-plage-de-nusa-dua\/#breadcrumb\"},\"inLanguage\":\"fr-FR\",\"potentialAction\":[{\"@type\":\"ReadAction\",\"target\":[\"https:\/\/baliparaglidingtours.com\/fr\/product\/flyboarding-a-bali-sur-la-plage-de-nusa-dua\/\"]}]},{\"@type\":\"ImageObject\",\"inLanguage\":\"fr-FR\",\"@id\":\"https:\/\/baliparaglidingtours.com\/fr\/product\/flyboarding-a-bali-sur-la-plage-de-nusa-dua\/#primaryimage\",\"url\":\"https:\/\/baliparaglidingtours.com\/wp-content\/uploads\/2020\/01\/flyboard-bali.png\",\"contentUrl\":\"https:\/\/baliparaglidingtours.com\/wp-content\/uploads\/2020\/01\/flyboard-bali.png\",\"width\":1080,\"height\":1080,\"caption\":\"Flyboard Bali\"},{\"@type\":\"BreadcrumbList\",\"@id\":\"https:\/\/baliparaglidingtours.com\/fr\/product\/flyboarding-a-bali-sur-la-plage-de-nusa-dua\/#breadcrumb\",\"itemListElement\":[{\"@type\":\"ListItem\",\"position\":1,\"name\":\"Home\",\"item\":\"https:\/\/baliparaglidingtours.com\/fr\/\"},{\"@type\":\"ListItem\",\"position\":2,\"name\":\"Boutique\",\"item\":\"https:\/\/baliparaglidingtours.com\/\"},{\"@type\":\"ListItem\",\"position\":3,\"name\":\"Flyboarding \u00e0 Bali sur la plage de Nusa Dua\"}]},{\"@type\":\"WebSite\",\"@id\":\"https:\/\/darkgreen-panther-294679.hostingersite.com\/#website\",\"url\":\"https:\/\/darkgreen-panther-294679.hostingersite.com\/\",\"name\":\"Bali Paragliding Tours\",\"description\":\"The best and first tandem paragliding in Bali\",\"publisher\":{\"@id\":\"https:\/\/darkgreen-panther-294679.hostingersite.com\/#organization\"},\"potentialAction\":[{\"@type\":\"SearchAction\",\"target\":{\"@type\":\"EntryPoint\",\"urlTemplate\":\"https:\/\/darkgreen-panther-294679.hostingersite.com\/?s={search_term_string}\"},\"query-input\":{\"@type\":\"PropertyValueSpecification\",\"valueRequired\":true,\"valueName\":\"search_term_string\"}}],\"inLanguage\":\"fr-FR\"},{\"@type\":\"Organization\",\"@id\":\"https:\/\/darkgreen-panther-294679.hostingersite.com\/#organization\",\"name\":\"Bali Paragliding Tours\",\"url\":\"https:\/\/darkgreen-panther-294679.hostingersite.com\/\",\"logo\":{\"@type\":\"ImageObject\",\"inLanguage\":\"fr-FR\",\"@id\":\"https:\/\/darkgreen-panther-294679.hostingersite.com\/#\/schema\/logo\/image\/\",\"url\":\"https:\/\/baliparaglidingtours.com\/wp-content\/uploads\/2019\/07\/Logopit_1563347307259-1.png\",\"contentUrl\":\"https:\/\/baliparaglidingtours.com\/wp-content\/uploads\/2019\/07\/Logopit_1563347307259-1.png\",\"width\":2160,\"height\":2160,\"caption\":\"Bali Paragliding Tours\"},\"image\":{\"@id\":\"https:\/\/darkgreen-panther-294679.hostingersite.com\/#\/schema\/logo\/image\/\"},\"sameAs\":[\"https:\/\/facebook.com\/bali.paragliding\"]}]}<\/script>\n<!-- \/ Yoast SEO plugin. -->","yoast_head_json":{"title":"Flyboarding \u00e0 Bali sur la plage de Nusa Dua - Bali Paragliding Tours","description":"Aventure \u00e0 Bali : Essayez le Flyboard ! Plongez et volez. R\u00e9servez maintenant. Transfert gratuit, meilleur prix garanti.","robots":{"index":"index","follow":"follow","max-snippet":"max-snippet:-1","max-image-preview":"max-image-preview:large","max-video-preview":"max-video-preview:-1"},"canonical":"https:\/\/baliparaglidingtours.com\/fr\/product\/flyboarding-a-bali-sur-la-plage-de-nusa-dua\/","og_locale":"fr_FR","og_type":"article","og_title":"Flyboarding \u00e0 Bali sur la plage de Nusa Dua - Bali Paragliding Tours","og_description":"Aventure \u00e0 Bali : Essayez le Flyboard ! Plongez et volez. R\u00e9servez maintenant. Transfert gratuit, meilleur prix garanti.","og_url":"https:\/\/baliparaglidingtours.com\/fr\/product\/flyboarding-a-bali-sur-la-plage-de-nusa-dua\/","og_site_name":"Bali Paragliding Tours","article_publisher":"https:\/\/facebook.com\/bali.paragliding","article_modified_time":"2025-06-21T10:31:23+00:00","og_image":[{"width":1080,"height":1080,"url":"https:\/\/baliparaglidingtours.com\/wp-content\/uploads\/2020\/01\/flyboard-bali.png","type":"image\/png"}],"twitter_card":"summary_large_image","twitter_misc":{"Dur\u00e9e de lecture estim\u00e9e":"2 minutes"},"schema":{"@context":"https:\/\/schema.org","@graph":[{"@type":"WebPage","@id":"https:\/\/baliparaglidingtours.com\/fr\/product\/flyboarding-a-bali-sur-la-plage-de-nusa-dua\/","url":"https:\/\/baliparaglidingtours.com\/fr\/product\/flyboarding-a-bali-sur-la-plage-de-nusa-dua\/","name":"Flyboarding \u00e0 Bali sur la plage de Nusa Dua - Bali Paragliding Tours","isPartOf":{"@id":"https:\/\/darkgreen-panther-294679.hostingersite.com\/#website"},"primaryImageOfPage":{"@id":"https:\/\/baliparaglidingtours.com\/fr\/product\/flyboarding-a-bali-sur-la-plage-de-nusa-dua\/#primaryimage"},"image":{"@id":"https:\/\/baliparaglidingtours.com\/fr\/product\/flyboarding-a-bali-sur-la-plage-de-nusa-dua\/#primaryimage"},"thumbnailUrl":"https:\/\/baliparaglidingtours.com\/wp-content\/uploads\/2020\/01\/flyboard-bali.png","datePublished":"2024-01-04T08:52:26+00:00","dateModified":"2025-06-21T10:31:23+00:00","description":"Aventure \u00e0 Bali : Essayez le Flyboard ! Plongez et volez. R\u00e9servez maintenant. Transfert gratuit, meilleur prix garanti.","breadcrumb":{"@id":"https:\/\/baliparaglidingtours.com\/fr\/product\/flyboarding-a-bali-sur-la-plage-de-nusa-dua\/#breadcrumb"},"inLanguage":"fr-FR","potentialAction":[{"@type":"ReadAction","target":["https:\/\/baliparaglidingtours.com\/fr\/product\/flyboarding-a-bali-sur-la-plage-de-nusa-dua\/"]}]},{"@type":"ImageObject","inLanguage":"fr-FR","@id":"https:\/\/baliparaglidingtours.com\/fr\/product\/flyboarding-a-bali-sur-la-plage-de-nusa-dua\/#primaryimage","url":"https:\/\/baliparaglidingtours.com\/wp-content\/uploads\/2020\/01\/flyboard-bali.png","contentUrl":"https:\/\/baliparaglidingtours.com\/wp-content\/uploads\/2020\/01\/flyboard-bali.png","width":1080,"height":1080,"caption":"Flyboard Bali"},{"@type":"BreadcrumbList","@id":"https:\/\/baliparaglidingtours.com\/fr\/product\/flyboarding-a-bali-sur-la-plage-de-nusa-dua\/#breadcrumb","itemListElement":[{"@type":"ListItem","position":1,"name":"Home","item":"https:\/\/baliparaglidingtours.com\/fr\/"},{"@type":"ListItem","position":2,"name":"Boutique","item":"https:\/\/baliparaglidingtours.com\/"},{"@type":"ListItem","position":3,"name":"Flyboarding \u00e0 Bali sur la plage de Nusa Dua"}]},{"@type":"WebSite","@id":"https:\/\/darkgreen-panther-294679.hostingersite.com\/#website","url":"https:\/\/darkgreen-panther-294679.hostingersite.com\/","name":"Bali Paragliding Tours","description":"The best and first tandem paragliding in Bali","publisher":{"@id":"https:\/\/darkgreen-panther-294679.hostingersite.com\/#organization"},"potentialAction":[{"@type":"SearchAction","target":{"@type":"EntryPoint","urlTemplate":"https:\/\/darkgreen-panther-294679.hostingersite.com\/?s={search_term_string}"},"query-input":{"@type":"PropertyValueSpecification","valueRequired":true,"valueName":"search_term_string"}}],"inLanguage":"fr-FR"},{"@type":"Organization","@id":"https:\/\/darkgreen-panther-294679.hostingersite.com\/#organization","name":"Bali Paragliding Tours","url":"https:\/\/darkgreen-panther-294679.hostingersite.com\/","logo":{"@type":"ImageObject","inLanguage":"fr-FR","@id":"https:\/\/darkgreen-panther-294679.hostingersite.com\/#\/schema\/logo\/image\/","url":"https:\/\/baliparaglidingtours.com\/wp-content\/uploads\/2019\/07\/Logopit_1563347307259-1.png","contentUrl":"https:\/\/baliparaglidingtours.com\/wp-content\/uploads\/2019\/07\/Logopit_1563347307259-1.png","width":2160,"height":2160,"caption":"Bali Paragliding Tours"},"image":{"@id":"https:\/\/darkgreen-panther-294679.hostingersite.com\/#\/schema\/logo\/image\/"},"sameAs":["https:\/\/facebook.com\/bali.paragliding"]}]}},"_links":{"self":[{"href":"https:\/\/baliparaglidingtours.com\/fr\/wp-json\/wp\/v2\/product\/4988","targetHints":{"allow":["GET"]}}],"collection":[{"href":"https:\/\/baliparaglidingtours.com\/fr\/wp-json\/wp\/v2\/product"}],"about":[{"href":"https:\/\/baliparaglidingtours.com\/fr\/wp-json\/wp\/v2\/types\/product"}],"replies":[{"embeddable":true,"href":"https:\/\/baliparaglidingtours.com\/fr\/wp-json\/wp\/v2\/comments?post=4988"}],"wp:featuredmedia":[{"embeddable":true,"href":"https:\/\/baliparaglidingtours.com\/fr\/wp-json\/wp\/v2\/media\/4267"}],"wp:attachment":[{"href":"https:\/\/baliparaglidingtours.com\/fr\/wp-json\/wp\/v2\/media?parent=4988"}],"wp:term":[{"taxonomy":"product_brand","embeddable":true,"href":"https:\/\/baliparaglidingtours.com\/fr\/wp-json\/wp\/v2\/product_brand?post=4988"},{"taxonomy":"product_cat","embeddable":true,"href":"https:\/\/baliparaglidingtours.com\/fr\/wp-json\/wp\/v2\/product_cat?post=4988"},{"taxonomy":"product_tag","embeddable":true,"href":"https:\/\/baliparaglidingtours.com\/fr\/wp-json\/wp\/v2\/product_tag?post=4988"}],"curies":[{"name":"wp","href":"https:\/\/api.w.org\/{rel}","templated":true}]}}