{"id":4954,"date":"2023-01-04T22:00:32","date_gmt":"2023-01-04T14:00:32","guid":{"rendered":"https:\/\/baliparaglidingtours.com\/product\/parapente-a-bali-et-forfait-de-sports-nautiques-transfert-hotelier-gratuit\/"},"modified":"2023-01-04T22:00:32","modified_gmt":"2023-01-04T14:00:32","slug":"parapente-a-bali-et-forfait-de-sports-nautiques-transfert-hotelier-gratuit","status":"publish","type":"product","link":"https:\/\/baliparaglidingtours.com\/fr\/product\/parapente-a-bali-et-forfait-de-sports-nautiques-transfert-hotelier-gratuit\/","title":{"rendered":"Parapente \u00e0 Bali et forfait de sports nautiques (transfert h\u00f4telier gratuit)"},"content":{"rendered":"<ul>\n<li>R\u00e9servation minimale : 2 personnes<\/li>\n<li>Liste des prix en USD, vous pouvez payer dans n&rsquo;importe quelle devise, elle sera automatiquement convertie dans votre devise<\/li>\n<li>Prix valable pour 1 personne<\/li>\n<\/ul>\n<p><strong>D\u00e9tails du forfait : <\/strong><\/p>\n<p>Forfait 1 : 70 USD\/personne<\/p>\n<ul>\n<li>Parapente<\/li>\n<li>Banana boat<\/li>\n<li>Jet ski\/bou\u00e9e volante<\/li>\n<li>Bou\u00e9e donut<\/li>\n<\/ul>\n<p>Forfait 2 : 90 USD\/personne<\/p>\n<ul>\n<li>Parapente<\/li>\n<li>Jet ski\/bou\u00e9e volante<\/li>\n<li>Banana boat\/Bou\u00e9e donut<\/li>\n<li>Promenade sous-marine\/plong\u00e9e sous-marine<\/li>\n<\/ul>\n<p>Forfait 3 : 100 USD\/personne<\/p>\n<ul>\n<li>Parapente<\/li>\n<li>Jet ski\/bou\u00e9e volante\/bou\u00e9e donut<\/li>\n<li>Promenade sous-marine\/plong\u00e9e sous-marine<\/li>\n<li>Flyboard<\/li>\n<\/ul>\n<p>&nbsp;<\/p>\n<p>Inclusions du forfait :<\/p>\n<ul>\n<li>Transfert aller-retour de votre h\u00f4tel (Zones de Nusa Dua, Jimbaran, Uluwatu, Kuta et Seminyak)<\/li>\n<li>Assurance fournie par l&rsquo;op\u00e9rateur<\/li>\n<li>Tout l&rsquo;\u00e9quipement de s\u00e9curit\u00e9 n\u00e9cessaire<\/li>\n<li>Utilisation d&rsquo;un casier<\/li>\n<li>Salle de douche<\/li>\n<li>Cabine d&rsquo;essayage\/Vestiaire<\/li>\n<li>Utilisation de serviettes<\/li>\n<\/ul>\n<p><strong>Non inclus :<\/strong><\/p>\n<ul>\n<li>Pourboires et gratifications<\/li>\n<li>Repas et boissons<\/li>\n<li>Frais de transaction (3,9%)<\/li>\n<\/ul>\n<p><strong>\u00c0 apporter :<\/strong><\/p>\n<ul>\n<li>Cr\u00e8me solaire<\/li>\n<li>Maillot de bain<\/li>\n<li>Serviette<\/li>\n<li>V\u00eatements de rechange<\/li>\n<\/ul>\n<p><strong>\u00c9ligibilit\u00e9 :<\/strong><\/p>\n<ul>\n<li>Les participants doivent \u00eatre \u00e2g\u00e9s de 9 \u00e0 60 ans<\/li>\n<li>Ne convient pas aux voyageurs enceintes, aux personnes souffrant de probl\u00e8mes cardiaques\/respiratoires<\/li>\n<\/ul>\n<p><strong>Confirmation\/mode d&#8217;emploi :<\/strong><\/p>\n<ul>\n<li>Vous recevrez une confirmation dans les minutes qui suivent par e-mail \u00e0 l&rsquo;adresse que vous avez fournie. Nous pouvons \u00e9galement vous envoyer un message via WhatsApp au num\u00e9ro que vous avez indiqu\u00e9. Si vous ne voyez pas la confirmation, contactez-nous par e-mail\/WhatsApp sur la page <a href=\"https:\/\/baliparaglidingtours.com\/contact-2\/\">Contactez-nous<\/a>.  <\/li>\n<li>Vous pouvez pr\u00e9senter le r\u00e9sum\u00e9 de la r\u00e9servation \u00e0 la r\u00e9ception de notre entreprise pour l&rsquo;utiliser, aucun bon imprim\u00e9 n&rsquo;est n\u00e9cessaire. Vous pouvez montrer votre bon directement depuis votre appareil. <\/li>\n<\/ul>\n<p><strong>Modification de r\u00e9servation, annulation et demande de remboursement :<\/strong><\/p>\n<ul>\n<li>Pour annuler, reprogrammer et demander un remboursement pour votre r\u00e9servation, vous pouvez facilement nous contacter par e-mail ou WhatsApp (r\u00e9ponse rapide)<\/li>\n<li>Le remboursement sera trait\u00e9 imm\u00e9diatement apr\u00e8s la demande de remboursement. Nous utilisons une passerelle de paiement PayPal fiable pour accepter et rembourser les paiements. <\/li>\n<li>Vous obtiendrez le remboursement moins les frais de transaction de 3,9%, si le vol n&rsquo;est pas possible le jour choisi en raison des conditions m\u00e9t\u00e9orologiques ou d&rsquo;un manque de vent pour le vol.<\/li>\n<\/ul>\n<p><strong>\u00c0 propos des activit\u00e9s :<\/strong><\/p>\n<ol>\n<li><strong>Parapente<\/strong> (6 minutes) : Vous pouvez voler avec votre partenaire en m\u00eame temps, maximum 3 personnes par session. Volez au milieu de l&rsquo;oc\u00e9an, tir\u00e9 par un bateau sp\u00e9cial attach\u00e9 \u00e0 un parachute <\/li>\n<li><strong>Banana Boat<\/strong> (15 minutes) : Jusqu&rsquo;\u00e0 5 personnes, un bateau rapide vous emm\u00e8nera au milieu de l&rsquo;oc\u00e9an pour une balade amusante et mouvement\u00e9e.<\/li>\n<li><strong>Bou\u00e9e Donut<\/strong> (15 minutes) : Similaire au Banana boat, mais plus stimulant<\/li>\n<li><strong>Jet Ski<\/strong> (15 minutes) : Conduisez un jet ski avec un instructeur, vous pouvez aller aussi vite que vous le souhaitez au milieu de la mer.<\/li>\n<li><strong>Flying Fish<\/strong> (2 tours, environ 10 minutes) Volez au-dessus d&rsquo;un bateau gonflable en forme de matelas volant tir\u00e9 par un bateau \u00e0 grande vitesse. <\/li>\n<li><strong>Promenade sous-marine<\/strong> (1 fois, environ 30 minutes) Marchez sous la mer et nourrissez les poissons accompagn\u00e9 d&rsquo;un instructeur professionnel<\/li>\n<li><strong>Plong\u00e9e d&rsquo;initiation<\/strong> (1 fois, environ 30 minutes) Apprenez \u00e0 plonger avec un ma\u00eetre de plong\u00e9e et commencez \u00e0 explorer la vie sous-marine<\/li>\n<li><strong>Flyboard<\/strong> (20 minutes) : Un pratiquant de flyboard se tient sur une planche sp\u00e9ciale ressemblant \u00e0 un snowboard\/wakeboard propuls\u00e9e par un jet d&rsquo;eau \u00e0 haute pression. Cette force hydraulique provient d&rsquo;un jet-ski de 200 cv connect\u00e9. Un rider de flyboard peut s&rsquo;\u00e9lever jusqu&rsquo;\u00e0 5 m\u00e8tres dans les airs ou plonger la t\u00eate la premi\u00e8re dans l&rsquo;eau.  <\/li>\n<\/ol>\n<p>&nbsp;<\/p>\n","protected":false},"excerpt":{"rendered":"<p>Parapente en tandem et forfait de sports nautiques sur la p\u00e9ninsule immacul\u00e9e de Nusa Dua, au sud de Bali. Tous les forfaits incluent le transfert depuis l&rsquo;h\u00f4tel (Liste des zones couvertes, lire les descriptions compl\u00e8tes). R\u00e9servation minimale de 2 personnes, prix par personne, liste des prix en USD  <\/p>\n","protected":false},"featured_media":4281,"comment_status":"closed","ping_status":"closed","template":"","meta":[],"product_brand":[],"product_cat":[100],"product_tag":[],"class_list":{"0":"post-4954","1":"product","2":"type-product","3":"status-publish","4":"has-post-thumbnail","6":"product_cat-sports-nautiques","7":"wcpa_has_options","9":"first","10":"instock","11":"featured","12":"shipping-taxable","13":"purchasable","14":"product-type-variable"},"yoast_head":"<!-- This site is optimized with the Yoast SEO plugin v27.2 - https:\/\/yoast.com\/product\/yoast-seo-wordpress\/ -->\n<title>Parapente \u00e0 Bali et forfait de sports nautiques (transfert h\u00f4telier gratuit) - Bali Paragliding Tours<\/title>\n<meta name=\"description\" content=\"Parapente \u00e0 Bali + 3 activit\u00e9s nautiques, transfert inclus. 70$ pour 4 activit\u00e9s. R\u00e9servez !\" \/>\n<meta name=\"robots\" content=\"index, follow, max-snippet:-1, max-image-preview:large, max-video-preview:-1\" \/>\n<link rel=\"canonical\" href=\"https:\/\/baliparaglidingtours.com\/fr\/product\/parapente-a-bali-et-forfait-de-sports-nautiques-transfert-hotelier-gratuit\/\" \/>\n<meta property=\"og:locale\" content=\"fr_FR\" \/>\n<meta property=\"og:type\" content=\"article\" \/>\n<meta property=\"og:title\" content=\"Parapente \u00e0 Bali et forfait de sports nautiques (transfert h\u00f4telier gratuit) - Bali Paragliding Tours\" \/>\n<meta property=\"og:description\" content=\"Parapente \u00e0 Bali + 3 activit\u00e9s nautiques, transfert inclus. 70$ pour 4 activit\u00e9s. R\u00e9servez !\" \/>\n<meta property=\"og:url\" content=\"https:\/\/baliparaglidingtours.com\/fr\/product\/parapente-a-bali-et-forfait-de-sports-nautiques-transfert-hotelier-gratuit\/\" \/>\n<meta property=\"og:site_name\" content=\"Bali Paragliding Tours\" \/>\n<meta property=\"article:publisher\" content=\"https:\/\/facebook.com\/bali.paragliding\" \/>\n<meta property=\"og:image\" content=\"https:\/\/baliparaglidingtours.com\/wp-content\/uploads\/2020\/01\/bali-fly-board.png\" \/>\n\t<meta property=\"og:image:width\" content=\"779\" \/>\n\t<meta property=\"og:image:height\" content=\"779\" \/>\n\t<meta property=\"og:image:type\" content=\"image\/png\" \/>\n<meta name=\"twitter:card\" content=\"summary_large_image\" \/>\n<meta name=\"twitter:label1\" content=\"Dur\u00e9e de lecture estim\u00e9e\" \/>\n\t<meta name=\"twitter:data1\" content=\"3 minutes\" \/>\n<script type=\"application\/ld+json\" class=\"yoast-schema-graph\">{\"@context\":\"https:\/\/schema.org\",\"@graph\":[{\"@type\":\"WebPage\",\"@id\":\"https:\/\/baliparaglidingtours.com\/fr\/product\/parapente-a-bali-et-forfait-de-sports-nautiques-transfert-hotelier-gratuit\/\",\"url\":\"https:\/\/baliparaglidingtours.com\/fr\/product\/parapente-a-bali-et-forfait-de-sports-nautiques-transfert-hotelier-gratuit\/\",\"name\":\"Parapente \u00e0 Bali et forfait de sports nautiques (transfert h\u00f4telier gratuit) - Bali Paragliding Tours\",\"isPartOf\":{\"@id\":\"https:\/\/darkgreen-panther-294679.hostingersite.com\/#website\"},\"primaryImageOfPage\":{\"@id\":\"https:\/\/baliparaglidingtours.com\/fr\/product\/parapente-a-bali-et-forfait-de-sports-nautiques-transfert-hotelier-gratuit\/#primaryimage\"},\"image\":{\"@id\":\"https:\/\/baliparaglidingtours.com\/fr\/product\/parapente-a-bali-et-forfait-de-sports-nautiques-transfert-hotelier-gratuit\/#primaryimage\"},\"thumbnailUrl\":\"https:\/\/baliparaglidingtours.com\/wp-content\/uploads\/2020\/01\/bali-fly-board.png\",\"datePublished\":\"2023-01-04T14:00:32+00:00\",\"description\":\"Parapente \u00e0 Bali + 3 activit\u00e9s nautiques, transfert inclus. 70$ pour 4 activit\u00e9s. R\u00e9servez !\",\"breadcrumb\":{\"@id\":\"https:\/\/baliparaglidingtours.com\/fr\/product\/parapente-a-bali-et-forfait-de-sports-nautiques-transfert-hotelier-gratuit\/#breadcrumb\"},\"inLanguage\":\"fr-FR\",\"potentialAction\":[{\"@type\":\"ReadAction\",\"target\":[\"https:\/\/baliparaglidingtours.com\/fr\/product\/parapente-a-bali-et-forfait-de-sports-nautiques-transfert-hotelier-gratuit\/\"]}]},{\"@type\":\"ImageObject\",\"inLanguage\":\"fr-FR\",\"@id\":\"https:\/\/baliparaglidingtours.com\/fr\/product\/parapente-a-bali-et-forfait-de-sports-nautiques-transfert-hotelier-gratuit\/#primaryimage\",\"url\":\"https:\/\/baliparaglidingtours.com\/wp-content\/uploads\/2020\/01\/bali-fly-board.png\",\"contentUrl\":\"https:\/\/baliparaglidingtours.com\/wp-content\/uploads\/2020\/01\/bali-fly-board.png\",\"width\":779,\"height\":779,\"caption\":\"Flyboard Bali\"},{\"@type\":\"BreadcrumbList\",\"@id\":\"https:\/\/baliparaglidingtours.com\/fr\/product\/parapente-a-bali-et-forfait-de-sports-nautiques-transfert-hotelier-gratuit\/#breadcrumb\",\"itemListElement\":[{\"@type\":\"ListItem\",\"position\":1,\"name\":\"Home\",\"item\":\"https:\/\/baliparaglidingtours.com\/fr\/\"},{\"@type\":\"ListItem\",\"position\":2,\"name\":\"Boutique\",\"item\":\"https:\/\/baliparaglidingtours.com\/\"},{\"@type\":\"ListItem\",\"position\":3,\"name\":\"Parapente \u00e0 Bali et forfait de sports nautiques (transfert h\u00f4telier gratuit)\"}]},{\"@type\":\"WebSite\",\"@id\":\"https:\/\/darkgreen-panther-294679.hostingersite.com\/#website\",\"url\":\"https:\/\/darkgreen-panther-294679.hostingersite.com\/\",\"name\":\"Bali Paragliding Tours\",\"description\":\"The best and first tandem paragliding in Bali\",\"publisher\":{\"@id\":\"https:\/\/darkgreen-panther-294679.hostingersite.com\/#organization\"},\"potentialAction\":[{\"@type\":\"SearchAction\",\"target\":{\"@type\":\"EntryPoint\",\"urlTemplate\":\"https:\/\/darkgreen-panther-294679.hostingersite.com\/?s={search_term_string}\"},\"query-input\":{\"@type\":\"PropertyValueSpecification\",\"valueRequired\":true,\"valueName\":\"search_term_string\"}}],\"inLanguage\":\"fr-FR\"},{\"@type\":\"Organization\",\"@id\":\"https:\/\/darkgreen-panther-294679.hostingersite.com\/#organization\",\"name\":\"Bali Paragliding Tours\",\"url\":\"https:\/\/darkgreen-panther-294679.hostingersite.com\/\",\"logo\":{\"@type\":\"ImageObject\",\"inLanguage\":\"fr-FR\",\"@id\":\"https:\/\/darkgreen-panther-294679.hostingersite.com\/#\/schema\/logo\/image\/\",\"url\":\"https:\/\/baliparaglidingtours.com\/wp-content\/uploads\/2019\/07\/Logopit_1563347307259-1.png\",\"contentUrl\":\"https:\/\/baliparaglidingtours.com\/wp-content\/uploads\/2019\/07\/Logopit_1563347307259-1.png\",\"width\":2160,\"height\":2160,\"caption\":\"Bali Paragliding Tours\"},\"image\":{\"@id\":\"https:\/\/darkgreen-panther-294679.hostingersite.com\/#\/schema\/logo\/image\/\"},\"sameAs\":[\"https:\/\/facebook.com\/bali.paragliding\"]}]}<\/script>\n<!-- \/ Yoast SEO plugin. -->","yoast_head_json":{"title":"Parapente \u00e0 Bali et forfait de sports nautiques (transfert h\u00f4telier gratuit) - Bali Paragliding Tours","description":"Parapente \u00e0 Bali + 3 activit\u00e9s nautiques, transfert inclus. 70$ pour 4 activit\u00e9s. R\u00e9servez !","robots":{"index":"index","follow":"follow","max-snippet":"max-snippet:-1","max-image-preview":"max-image-preview:large","max-video-preview":"max-video-preview:-1"},"canonical":"https:\/\/baliparaglidingtours.com\/fr\/product\/parapente-a-bali-et-forfait-de-sports-nautiques-transfert-hotelier-gratuit\/","og_locale":"fr_FR","og_type":"article","og_title":"Parapente \u00e0 Bali et forfait de sports nautiques (transfert h\u00f4telier gratuit) - Bali Paragliding Tours","og_description":"Parapente \u00e0 Bali + 3 activit\u00e9s nautiques, transfert inclus. 70$ pour 4 activit\u00e9s. R\u00e9servez !","og_url":"https:\/\/baliparaglidingtours.com\/fr\/product\/parapente-a-bali-et-forfait-de-sports-nautiques-transfert-hotelier-gratuit\/","og_site_name":"Bali Paragliding Tours","article_publisher":"https:\/\/facebook.com\/bali.paragliding","og_image":[{"width":779,"height":779,"url":"https:\/\/baliparaglidingtours.com\/wp-content\/uploads\/2020\/01\/bali-fly-board.png","type":"image\/png"}],"twitter_card":"summary_large_image","twitter_misc":{"Dur\u00e9e de lecture estim\u00e9e":"3 minutes"},"schema":{"@context":"https:\/\/schema.org","@graph":[{"@type":"WebPage","@id":"https:\/\/baliparaglidingtours.com\/fr\/product\/parapente-a-bali-et-forfait-de-sports-nautiques-transfert-hotelier-gratuit\/","url":"https:\/\/baliparaglidingtours.com\/fr\/product\/parapente-a-bali-et-forfait-de-sports-nautiques-transfert-hotelier-gratuit\/","name":"Parapente \u00e0 Bali et forfait de sports nautiques (transfert h\u00f4telier gratuit) - Bali Paragliding Tours","isPartOf":{"@id":"https:\/\/darkgreen-panther-294679.hostingersite.com\/#website"},"primaryImageOfPage":{"@id":"https:\/\/baliparaglidingtours.com\/fr\/product\/parapente-a-bali-et-forfait-de-sports-nautiques-transfert-hotelier-gratuit\/#primaryimage"},"image":{"@id":"https:\/\/baliparaglidingtours.com\/fr\/product\/parapente-a-bali-et-forfait-de-sports-nautiques-transfert-hotelier-gratuit\/#primaryimage"},"thumbnailUrl":"https:\/\/baliparaglidingtours.com\/wp-content\/uploads\/2020\/01\/bali-fly-board.png","datePublished":"2023-01-04T14:00:32+00:00","description":"Parapente \u00e0 Bali + 3 activit\u00e9s nautiques, transfert inclus. 70$ pour 4 activit\u00e9s. R\u00e9servez !","breadcrumb":{"@id":"https:\/\/baliparaglidingtours.com\/fr\/product\/parapente-a-bali-et-forfait-de-sports-nautiques-transfert-hotelier-gratuit\/#breadcrumb"},"inLanguage":"fr-FR","potentialAction":[{"@type":"ReadAction","target":["https:\/\/baliparaglidingtours.com\/fr\/product\/parapente-a-bali-et-forfait-de-sports-nautiques-transfert-hotelier-gratuit\/"]}]},{"@type":"ImageObject","inLanguage":"fr-FR","@id":"https:\/\/baliparaglidingtours.com\/fr\/product\/parapente-a-bali-et-forfait-de-sports-nautiques-transfert-hotelier-gratuit\/#primaryimage","url":"https:\/\/baliparaglidingtours.com\/wp-content\/uploads\/2020\/01\/bali-fly-board.png","contentUrl":"https:\/\/baliparaglidingtours.com\/wp-content\/uploads\/2020\/01\/bali-fly-board.png","width":779,"height":779,"caption":"Flyboard Bali"},{"@type":"BreadcrumbList","@id":"https:\/\/baliparaglidingtours.com\/fr\/product\/parapente-a-bali-et-forfait-de-sports-nautiques-transfert-hotelier-gratuit\/#breadcrumb","itemListElement":[{"@type":"ListItem","position":1,"name":"Home","item":"https:\/\/baliparaglidingtours.com\/fr\/"},{"@type":"ListItem","position":2,"name":"Boutique","item":"https:\/\/baliparaglidingtours.com\/"},{"@type":"ListItem","position":3,"name":"Parapente \u00e0 Bali et forfait de sports nautiques (transfert h\u00f4telier gratuit)"}]},{"@type":"WebSite","@id":"https:\/\/darkgreen-panther-294679.hostingersite.com\/#website","url":"https:\/\/darkgreen-panther-294679.hostingersite.com\/","name":"Bali Paragliding Tours","description":"The best and first tandem paragliding in Bali","publisher":{"@id":"https:\/\/darkgreen-panther-294679.hostingersite.com\/#organization"},"potentialAction":[{"@type":"SearchAction","target":{"@type":"EntryPoint","urlTemplate":"https:\/\/darkgreen-panther-294679.hostingersite.com\/?s={search_term_string}"},"query-input":{"@type":"PropertyValueSpecification","valueRequired":true,"valueName":"search_term_string"}}],"inLanguage":"fr-FR"},{"@type":"Organization","@id":"https:\/\/darkgreen-panther-294679.hostingersite.com\/#organization","name":"Bali Paragliding Tours","url":"https:\/\/darkgreen-panther-294679.hostingersite.com\/","logo":{"@type":"ImageObject","inLanguage":"fr-FR","@id":"https:\/\/darkgreen-panther-294679.hostingersite.com\/#\/schema\/logo\/image\/","url":"https:\/\/baliparaglidingtours.com\/wp-content\/uploads\/2019\/07\/Logopit_1563347307259-1.png","contentUrl":"https:\/\/baliparaglidingtours.com\/wp-content\/uploads\/2019\/07\/Logopit_1563347307259-1.png","width":2160,"height":2160,"caption":"Bali Paragliding Tours"},"image":{"@id":"https:\/\/darkgreen-panther-294679.hostingersite.com\/#\/schema\/logo\/image\/"},"sameAs":["https:\/\/facebook.com\/bali.paragliding"]}]}},"_links":{"self":[{"href":"https:\/\/baliparaglidingtours.com\/fr\/wp-json\/wp\/v2\/product\/4954","targetHints":{"allow":["GET"]}}],"collection":[{"href":"https:\/\/baliparaglidingtours.com\/fr\/wp-json\/wp\/v2\/product"}],"about":[{"href":"https:\/\/baliparaglidingtours.com\/fr\/wp-json\/wp\/v2\/types\/product"}],"replies":[{"embeddable":true,"href":"https:\/\/baliparaglidingtours.com\/fr\/wp-json\/wp\/v2\/comments?post=4954"}],"wp:featuredmedia":[{"embeddable":true,"href":"https:\/\/baliparaglidingtours.com\/fr\/wp-json\/wp\/v2\/media\/4281"}],"wp:attachment":[{"href":"https:\/\/baliparaglidingtours.com\/fr\/wp-json\/wp\/v2\/media?parent=4954"}],"wp:term":[{"taxonomy":"product_brand","embeddable":true,"href":"https:\/\/baliparaglidingtours.com\/fr\/wp-json\/wp\/v2\/product_brand?post=4954"},{"taxonomy":"product_cat","embeddable":true,"href":"https:\/\/baliparaglidingtours.com\/fr\/wp-json\/wp\/v2\/product_cat?post=4954"},{"taxonomy":"product_tag","embeddable":true,"href":"https:\/\/baliparaglidingtours.com\/fr\/wp-json\/wp\/v2\/product_tag?post=4954"}],"curies":[{"name":"wp","href":"https:\/\/api.w.org\/{rel}","templated":true}]}}