{"id":4917,"date":"2024-02-24T20:44:33","date_gmt":"2024-02-24T12:44:33","guid":{"rendered":"https:\/\/baliparaglidingtours.com\/product\/parapente-a-bali-depuis-la-falaise-de-nusa-dua-avec-photo-video\/"},"modified":"2025-06-19T18:50:50","modified_gmt":"2025-06-19T10:50:50","slug":"parapente-a-bali-depuis-la-falaise-de-nusa-dua-avec-photo-video","status":"publish","type":"product","link":"https:\/\/baliparaglidingtours.com\/fr\/product\/parapente-a-bali-depuis-la-falaise-de-nusa-dua-avec-photo-video\/","title":{"rendered":"Parapente \u00e0 Bali depuis la falaise de Nusa Dua avec photo\/vid\u00e9o"},"content":{"rendered":"<div class=\"container section-title-container\" ><h3 class=\"section-title section-title-normal\"><b aria-hidden=\"true\"><\/b><span class=\"section-title-main\" >Parapente \u00e0 Bali Nusa Dua<\/span><b aria-hidden=\"true\"><\/b><\/h3><\/div>\n<p>Vivez l&rsquo;ultime frisson des circuits en parapente biplace le long des impressionnantes falaises m\u00e9ridionales de Nusa Dua, \u00e0 Bali ! Notre aventure exaltante commence \u00e0 seulement 70 m\u00e8tres au-dessus du niveau de la mer, o\u00f9 vous prendrez votre envol avec un instructeur chevronn\u00e9 \u00e0 vos c\u00f4t\u00e9s. Choisissez parmi nos forfaits de 15 ou 30 minutes et planez haut au-dessus des eaux azur\u00e9es, en vous \u00e9merveillant devant les vues panoramiques du littoral \u00e9poustouflant de Bali.  <\/p>\n<p>Capturez chaque moment exaltant gr\u00e2ce \u00e0 notre documentation photo ou vid\u00e9o incluse, garantissant des souvenirs qui dureront toute une vie. Que vous soyez un aventurier aguerri ou un novice du vol, nos guides experts vous garantissent une exp\u00e9rience s\u00fbre et inoubliable. <\/p>\n<p>Pr\u00eat \u00e0 \u00e9lever votre s\u00e9jour \u00e0 Bali ? R\u00e9servez d\u00e8s aujourd&rsquo;hui votre circuit de parapente biplace \u00e0 Nusa Dua et d\u00e9couvrez le v\u00e9ritable sens de la libert\u00e9 dans les cieux au-dessus du paradis. Ne manquez pas cette opportunit\u00e9 &#8211; assurez votre place maintenant et laissez l&rsquo;aventure commencer.<\/p>\n<div class=\"container section-title-container\" ><h3 class=\"section-title section-title-normal\"><b aria-hidden=\"true\"><\/b><span class=\"section-title-main\" >\u00c9tapes du parapente \u00e0 Bali Nusa Dua<\/span><b aria-hidden=\"true\"><\/b><\/h3><\/div>\n<p>\u00c9tape 1 : Briefing de s\u00e9curit\u00e9<br \/>\n\u00c0 votre arriv\u00e9e sur notre site de parapente biplace \u00e0 Nusa Dua, Bali, vous serez accueilli par nos instructeurs exp\u00e9riment\u00e9s qui vous fourniront un briefing de s\u00e9curit\u00e9 complet. Vous en apprendrez davantage sur l&rsquo;\u00e9quipement, les proc\u00e9dures de s\u00e9curit\u00e9 et ce \u00e0 quoi vous attendre pendant votre vol en biplace. <\/p>\n<p>\u00c9tape 2 : \u00c9quipement<br \/>\nEnsuite, vous serez \u00e9quip\u00e9 de tout le mat\u00e9riel de s\u00e9curit\u00e9 n\u00e9cessaire, y compris un harnais et un casque. Notre \u00e9quipe s&rsquo;assurera que tout est confortable et solidement fix\u00e9 avant de proc\u00e9der \u00e0 l&rsquo;aire de d\u00e9collage. <\/p>\n<p>\u00c9tape 3 : V\u00e9rification pr\u00e9-vol<br \/>\nAvant le d\u00e9collage, nos instructeurs effectueront une v\u00e9rification minutieuse de tout l&rsquo;\u00e9quipement pour s&rsquo;assurer que tout est en condition optimale pour votre exp\u00e9rience de parapente biplace. La s\u00e9curit\u00e9 est notre priorit\u00e9 absolue. <\/p>\n<p>\u00c9tape 4 : D\u00e9collage<br \/>\nAvec votre instructeur \u00e0 vos c\u00f4t\u00e9s, vous vous dirigerez vers l&rsquo;aire de d\u00e9collage le long des falaises m\u00e9ridionales de Nusa Dua. Une fois en position et lorsque les conditions seront jug\u00e9es s\u00fbres, il sera temps de prendre votre envol ! Vous recevrez des instructions sur la mani\u00e8re de d\u00e9coller et ce qu&rsquo;il faut faire pendant le vol.  <\/p>\n<p>\u00c9tape 5 : Planer au-dessus de Nusa Dua<br \/>\nRessentez la mont\u00e9e d&rsquo;adr\u00e9naline lorsque vous d\u00e9collez et planez haut au-dessus du littoral \u00e9poustouflant de Nusa Dua. \u00c9merveillez-vous devant les vues \u00e0 couper le souffle des eaux azur\u00e9es et des paysages luxuriants en contrebas tandis que vous glissez sans effort dans les airs. <\/p>\n<p>\u00c9tape 6 : Profitez du vol<br \/>\nPendant votre exp\u00e9rience de parapente biplace, votre instructeur s&rsquo;occupera des commandes, vous permettant de vous d\u00e9tendre et de vous immerger pleinement dans la beaut\u00e9 de Bali depuis une perspective unique. N&rsquo;oubliez pas d&rsquo;admirer le paysage et de capturer le moment gr\u00e2ce \u00e0 notre forfait de documentation photo ou vid\u00e9o inclus. <\/p>\n<p>\u00c9tape 7 : Atterrissage<br \/>\n\u00c0 la fin de votre vol, votre instructeur vous guidera en douceur vers le sol pour un atterrissage en douceur. Ressentez le frisson de votre aventure qui persiste alors que vous touchez terre en toute s\u00e9curit\u00e9 sur le site d&rsquo;atterrissage.<\/p>\n<div class=\"container section-title-container\" ><h3 class=\"section-title section-title-normal\"><b aria-hidden=\"true\"><\/b><span class=\"section-title-main\" >Termes et conditions<\/span><b aria-hidden=\"true\"><\/b><\/h3><\/div>\n\n<p><strong>INCLUSIONS :<\/strong><\/p>\n<ul>\n<li>Vol de 15 minutes dans les airs<\/li>\n<li>Cam\u00e9ra d&rsquo;action avec perche \u00e0 selfie<\/li>\n<li>Couverture d&rsquo;assurance<\/li>\n<\/ul>\n<p><strong>EXCLUSIONS :<\/strong><\/p>\n<ul>\n<li>Transports<\/li>\n<li>Repas\/boissons<\/li>\n<li>D\u00e9penses personnelles<\/li>\n<li>Frais de transaction\/r\u00e9servation<\/li>\n<\/ul>\n<p><strong>INFORMATIONS COMPL\u00c9MENTAIRES :<\/strong><\/p>\n<ul>\n<li>Ces activit\u00e9s ne sont pas recommand\u00e9es pour les voyageuses enceintes, les personnes souffrant de probl\u00e8mes cardiaques ou d&rsquo;autres conditions m\u00e9dicales graves<\/li>\n<li>Les participants doivent \u00eatre \u00e2g\u00e9s de 5 \u00e0 60 ans<\/li>\n<li>Le poids maximal des participants ne doit pas d\u00e9passer 110 KG <\/li>\n<li>Ces activit\u00e9s d\u00e9pendent des conditions m\u00e9t\u00e9orologiques et de vent, Nous pouvons proposer un report ou un remboursement en cas d&rsquo;impossibilit\u00e9 de vol le jour s\u00e9lectionn\u00e9 en raison d&rsquo;un changement m\u00e9t\u00e9orologique soudain.<\/li>\n<\/ul>\n<p><strong>POINT DE RENDEZ-VOUS  VALIDATION<\/strong><\/p>\n<ul>\n<li>Le point de rendez-vous se trouve sur le <a href=\"https:\/\/baliparaglidingtours.com\/contact\/\">site de vol<\/a>. L&#8217;emplacement sera confirm\u00e9 car nous disposons de 2 bases de vol. L&rsquo;adresse exacte vous sera communiqu\u00e9e par courriel ou WhatsApp apr\u00e8s r\u00e9ception de votre r\u00e9servation.<\/li>\n<li>Veuillez pr\u00e9senter votre r\u00e9capitulatif de r\u00e9servation \u00e0 notre comptoir d&rsquo;enregistrement pour le rachat<\/li>\n<\/ul>\n<p><strong>POLITIQUE D&rsquo;ANNULATION  DE REMBOURSEMENT<\/strong><\/p>\n<ul>\n<li>Pour demander une annulation ou une modification de r\u00e9servation, veuillez nous en informer au moins 12 heures avant l&rsquo;heure de votre vol.<\/li>\n<li>Pour modifier, reprogrammer ou annuler votre r\u00e9servation, veuillez r\u00e9pondre au courriel ou via WhatsApp en indiquant votre num\u00e9ro de commande.<\/li>\n<li>Votre remboursement sera trait\u00e9 imm\u00e9diatement sur votre carte. Nous utilisons la passerelle de paiement PayPal pour accepter et rembourser votre paiement. <\/li>\n<li>Vous recevrez le remboursement moins les frais de transaction si le vol n&rsquo;est pas possible \u00e0 la date choisie en raison des conditions m\u00e9t\u00e9orologiques ou d&rsquo;un manque de vent suffisant pour le vol.<\/li>\n<li>Plus d&rsquo;informations : <a href=\"https:\/\/wa.me\/6285237041667\">Discutez avec nous sur WhatsApp<\/a><\/li>\n<\/ul>\n<p><strong>Note :<\/strong><\/p>\n<p><strong>Ce tarif ne sera valable que pour une confirmation avec r\u00e9servation en ligne uniquement.<\/strong><\/p>\n<p><strong><span style=\"color: #ff0000;\">Cette activit\u00e9 fonctionne avec la vitesse et les conditions naturelles du vent. L&rsquo;horaire du vol peut subir des retards\/changements en cas de probl\u00e8me de vent\/m\u00e9t\u00e9o.  <\/span><\/strong><strong><span style=\"color: #ff0000;\">Vous serez notifi\u00e9 (pour les r\u00e9servations confirm\u00e9es et pay\u00e9es) avant votre arriv\u00e9e. Pour plus de d\u00e9tails, veuillez nous contacter par e-mail ou <a href=\"https:\/\/wa.me\/6285237041667\" target=\"_blank\" rel=\"noopener\">WhatsApp<\/a>  <\/span><\/strong><br \/>\n\n","protected":false},"excerpt":{"rendered":"<p>\u00c9prouvez le frisson de planer au-dessus du littoral \u00e9poustouflant de Bali lors de notre aventure en parapente biplace \u00e0 Nusa Dua ! Ressentez la mont\u00e9e d&rsquo;adr\u00e9naline lorsque vous prenez votre envol et admirez les vues \u00e0 couper le souffle des eaux cristallines et des paysages luxuriants en contrebas. Documentation photo\/vid\u00e9o incluse.  <\/p>\n","protected":false},"featured_media":4071,"comment_status":"closed","ping_status":"closed","template":"","meta":[],"product_brand":[],"product_cat":[87],"product_tag":[],"class_list":{"0":"post-4917","1":"product","2":"type-product","3":"status-publish","4":"has-post-thumbnail","6":"product_cat-non-categorise","7":"wcpa_has_options","9":"first","10":"instock","11":"sale","12":"shipping-taxable","13":"purchasable","14":"product-type-variable"},"yoast_head":"<!-- This site is optimized with the Yoast SEO plugin v27.4 - https:\/\/yoast.com\/product\/yoast-seo-wordpress\/ -->\n<title>Parapente \u00e0 Bali depuis la falaise de Nusa Dua avec photo\/vid\u00e9o - Bali Paragliding Tours<\/title>\n<meta name=\"description\" content=\"Participez au parapente en tandem \u00e0 Bali \u00e0 Nusa Dua, obtenez gratuitement des documents photo\/vid\u00e9o. R\u00e9servez en ligne d\u00e8s aujourd&#039;hui et obtenez un tarif direct. R\u00e9servation de derni\u00e8re minute avec confirmation instantan\u00e9e\" \/>\n<meta name=\"robots\" content=\"index, follow, max-snippet:-1, max-image-preview:large, max-video-preview:-1\" \/>\n<link rel=\"canonical\" href=\"https:\/\/baliparaglidingtours.com\/fr\/product\/parapente-a-bali-depuis-la-falaise-de-nusa-dua-avec-photo-video\/\" \/>\n<meta property=\"og:locale\" content=\"fr_FR\" \/>\n<meta property=\"og:type\" content=\"article\" \/>\n<meta property=\"og:title\" content=\"Parapente \u00e0 Bali depuis la falaise de Nusa Dua avec photo\/vid\u00e9o - Bali Paragliding Tours\" \/>\n<meta property=\"og:description\" content=\"Participez au parapente en tandem \u00e0 Bali \u00e0 Nusa Dua, obtenez gratuitement des documents photo\/vid\u00e9o. R\u00e9servez en ligne d\u00e8s aujourd&#039;hui et obtenez un tarif direct. R\u00e9servation de derni\u00e8re minute avec confirmation instantan\u00e9e\" \/>\n<meta property=\"og:url\" content=\"https:\/\/baliparaglidingtours.com\/fr\/product\/parapente-a-bali-depuis-la-falaise-de-nusa-dua-avec-photo-video\/\" \/>\n<meta property=\"og:site_name\" content=\"Bali Paragliding Tours\" \/>\n<meta property=\"article:publisher\" content=\"https:\/\/facebook.com\/bali.paragliding\" \/>\n<meta property=\"article:modified_time\" content=\"2025-06-19T10:50:50+00:00\" \/>\n<meta property=\"og:image\" content=\"https:\/\/baliparaglidingtours.com\/wp-content\/uploads\/2019\/08\/154778647904471.jpg\" \/>\n\t<meta property=\"og:image:width\" content=\"1402\" \/>\n\t<meta property=\"og:image:height\" content=\"1051\" \/>\n\t<meta property=\"og:image:type\" content=\"image\/jpeg\" \/>\n<meta name=\"twitter:card\" content=\"summary_large_image\" \/>\n<meta name=\"twitter:label1\" content=\"Dur\u00e9e de lecture estim\u00e9e\" \/>\n\t<meta name=\"twitter:data1\" content=\"5 minutes\" \/>\n<script type=\"application\/ld+json\" class=\"yoast-schema-graph\">{\"@context\":\"https:\\\/\\\/schema.org\",\"@graph\":[{\"@type\":\"WebPage\",\"@id\":\"https:\\\/\\\/baliparaglidingtours.com\\\/fr\\\/product\\\/parapente-a-bali-depuis-la-falaise-de-nusa-dua-avec-photo-video\\\/\",\"url\":\"https:\\\/\\\/baliparaglidingtours.com\\\/fr\\\/product\\\/parapente-a-bali-depuis-la-falaise-de-nusa-dua-avec-photo-video\\\/\",\"name\":\"Parapente \u00e0 Bali depuis la falaise de Nusa Dua avec photo\\\/vid\u00e9o - Bali Paragliding Tours\",\"isPartOf\":{\"@id\":\"https:\\\/\\\/darkgreen-panther-294679.hostingersite.com\\\/#website\"},\"primaryImageOfPage\":{\"@id\":\"https:\\\/\\\/baliparaglidingtours.com\\\/fr\\\/product\\\/parapente-a-bali-depuis-la-falaise-de-nusa-dua-avec-photo-video\\\/#primaryimage\"},\"image\":{\"@id\":\"https:\\\/\\\/baliparaglidingtours.com\\\/fr\\\/product\\\/parapente-a-bali-depuis-la-falaise-de-nusa-dua-avec-photo-video\\\/#primaryimage\"},\"thumbnailUrl\":\"https:\\\/\\\/baliparaglidingtours.com\\\/wp-content\\\/uploads\\\/2019\\\/08\\\/154778647904471.jpg\",\"datePublished\":\"2024-02-24T12:44:33+00:00\",\"dateModified\":\"2025-06-19T10:50:50+00:00\",\"description\":\"Participez au parapente en tandem \u00e0 Bali \u00e0 Nusa Dua, obtenez gratuitement des documents photo\\\/vid\u00e9o. R\u00e9servez en ligne d\u00e8s aujourd'hui et obtenez un tarif direct. R\u00e9servation de derni\u00e8re minute avec confirmation instantan\u00e9e\",\"breadcrumb\":{\"@id\":\"https:\\\/\\\/baliparaglidingtours.com\\\/fr\\\/product\\\/parapente-a-bali-depuis-la-falaise-de-nusa-dua-avec-photo-video\\\/#breadcrumb\"},\"inLanguage\":\"fr-FR\",\"potentialAction\":[{\"@type\":\"ReadAction\",\"target\":[\"https:\\\/\\\/baliparaglidingtours.com\\\/fr\\\/product\\\/parapente-a-bali-depuis-la-falaise-de-nusa-dua-avec-photo-video\\\/\"]}]},{\"@type\":\"ImageObject\",\"inLanguage\":\"fr-FR\",\"@id\":\"https:\\\/\\\/baliparaglidingtours.com\\\/fr\\\/product\\\/parapente-a-bali-depuis-la-falaise-de-nusa-dua-avec-photo-video\\\/#primaryimage\",\"url\":\"https:\\\/\\\/baliparaglidingtours.com\\\/wp-content\\\/uploads\\\/2019\\\/08\\\/154778647904471.jpg\",\"contentUrl\":\"https:\\\/\\\/baliparaglidingtours.com\\\/wp-content\\\/uploads\\\/2019\\\/08\\\/154778647904471.jpg\",\"width\":1402,\"height\":1051,\"caption\":\"Parapente \u00e0 Bali Nusa Dua\"},{\"@type\":\"BreadcrumbList\",\"@id\":\"https:\\\/\\\/baliparaglidingtours.com\\\/fr\\\/product\\\/parapente-a-bali-depuis-la-falaise-de-nusa-dua-avec-photo-video\\\/#breadcrumb\",\"itemListElement\":[{\"@type\":\"ListItem\",\"position\":1,\"name\":\"Home\",\"item\":\"https:\\\/\\\/baliparaglidingtours.com\\\/fr\\\/\"},{\"@type\":\"ListItem\",\"position\":2,\"name\":\"Boutique\",\"item\":\"https:\\\/\\\/baliparaglidingtours.com\\\/\"},{\"@type\":\"ListItem\",\"position\":3,\"name\":\"Parapente \u00e0 Bali depuis la falaise de Nusa Dua avec photo\\\/vid\u00e9o\"}]},{\"@type\":\"WebSite\",\"@id\":\"https:\\\/\\\/darkgreen-panther-294679.hostingersite.com\\\/#website\",\"url\":\"https:\\\/\\\/darkgreen-panther-294679.hostingersite.com\\\/\",\"name\":\"Bali Paragliding Tours\",\"description\":\"The best and first tandem paragliding in Bali\",\"publisher\":{\"@id\":\"https:\\\/\\\/darkgreen-panther-294679.hostingersite.com\\\/#organization\"},\"potentialAction\":[{\"@type\":\"SearchAction\",\"target\":{\"@type\":\"EntryPoint\",\"urlTemplate\":\"https:\\\/\\\/darkgreen-panther-294679.hostingersite.com\\\/?s={search_term_string}\"},\"query-input\":{\"@type\":\"PropertyValueSpecification\",\"valueRequired\":true,\"valueName\":\"search_term_string\"}}],\"inLanguage\":\"fr-FR\"},{\"@type\":\"Organization\",\"@id\":\"https:\\\/\\\/darkgreen-panther-294679.hostingersite.com\\\/#organization\",\"name\":\"Bali Paragliding Tours\",\"url\":\"https:\\\/\\\/darkgreen-panther-294679.hostingersite.com\\\/\",\"logo\":{\"@type\":\"ImageObject\",\"inLanguage\":\"fr-FR\",\"@id\":\"https:\\\/\\\/darkgreen-panther-294679.hostingersite.com\\\/#\\\/schema\\\/logo\\\/image\\\/\",\"url\":\"https:\\\/\\\/baliparaglidingtours.com\\\/wp-content\\\/uploads\\\/2019\\\/07\\\/Logopit_1563347307259-1.png\",\"contentUrl\":\"https:\\\/\\\/baliparaglidingtours.com\\\/wp-content\\\/uploads\\\/2019\\\/07\\\/Logopit_1563347307259-1.png\",\"width\":2160,\"height\":2160,\"caption\":\"Bali Paragliding Tours\"},\"image\":{\"@id\":\"https:\\\/\\\/darkgreen-panther-294679.hostingersite.com\\\/#\\\/schema\\\/logo\\\/image\\\/\"},\"sameAs\":[\"https:\\\/\\\/facebook.com\\\/bali.paragliding\"]}]}<\/script>\n<!-- \/ Yoast SEO plugin. -->","yoast_head_json":{"title":"Parapente \u00e0 Bali depuis la falaise de Nusa Dua avec photo\/vid\u00e9o - Bali Paragliding Tours","description":"Participez au parapente en tandem \u00e0 Bali \u00e0 Nusa Dua, obtenez gratuitement des documents photo\/vid\u00e9o. R\u00e9servez en ligne d\u00e8s aujourd'hui et obtenez un tarif direct. R\u00e9servation de derni\u00e8re minute avec confirmation instantan\u00e9e","robots":{"index":"index","follow":"follow","max-snippet":"max-snippet:-1","max-image-preview":"max-image-preview:large","max-video-preview":"max-video-preview:-1"},"canonical":"https:\/\/baliparaglidingtours.com\/fr\/product\/parapente-a-bali-depuis-la-falaise-de-nusa-dua-avec-photo-video\/","og_locale":"fr_FR","og_type":"article","og_title":"Parapente \u00e0 Bali depuis la falaise de Nusa Dua avec photo\/vid\u00e9o - Bali Paragliding Tours","og_description":"Participez au parapente en tandem \u00e0 Bali \u00e0 Nusa Dua, obtenez gratuitement des documents photo\/vid\u00e9o. R\u00e9servez en ligne d\u00e8s aujourd'hui et obtenez un tarif direct. R\u00e9servation de derni\u00e8re minute avec confirmation instantan\u00e9e","og_url":"https:\/\/baliparaglidingtours.com\/fr\/product\/parapente-a-bali-depuis-la-falaise-de-nusa-dua-avec-photo-video\/","og_site_name":"Bali Paragliding Tours","article_publisher":"https:\/\/facebook.com\/bali.paragliding","article_modified_time":"2025-06-19T10:50:50+00:00","og_image":[{"width":1402,"height":1051,"url":"https:\/\/baliparaglidingtours.com\/wp-content\/uploads\/2019\/08\/154778647904471.jpg","type":"image\/jpeg"}],"twitter_card":"summary_large_image","twitter_misc":{"Dur\u00e9e de lecture estim\u00e9e":"5 minutes"},"schema":{"@context":"https:\/\/schema.org","@graph":[{"@type":"WebPage","@id":"https:\/\/baliparaglidingtours.com\/fr\/product\/parapente-a-bali-depuis-la-falaise-de-nusa-dua-avec-photo-video\/","url":"https:\/\/baliparaglidingtours.com\/fr\/product\/parapente-a-bali-depuis-la-falaise-de-nusa-dua-avec-photo-video\/","name":"Parapente \u00e0 Bali depuis la falaise de Nusa Dua avec photo\/vid\u00e9o - Bali Paragliding Tours","isPartOf":{"@id":"https:\/\/darkgreen-panther-294679.hostingersite.com\/#website"},"primaryImageOfPage":{"@id":"https:\/\/baliparaglidingtours.com\/fr\/product\/parapente-a-bali-depuis-la-falaise-de-nusa-dua-avec-photo-video\/#primaryimage"},"image":{"@id":"https:\/\/baliparaglidingtours.com\/fr\/product\/parapente-a-bali-depuis-la-falaise-de-nusa-dua-avec-photo-video\/#primaryimage"},"thumbnailUrl":"https:\/\/baliparaglidingtours.com\/wp-content\/uploads\/2019\/08\/154778647904471.jpg","datePublished":"2024-02-24T12:44:33+00:00","dateModified":"2025-06-19T10:50:50+00:00","description":"Participez au parapente en tandem \u00e0 Bali \u00e0 Nusa Dua, obtenez gratuitement des documents photo\/vid\u00e9o. R\u00e9servez en ligne d\u00e8s aujourd'hui et obtenez un tarif direct. R\u00e9servation de derni\u00e8re minute avec confirmation instantan\u00e9e","breadcrumb":{"@id":"https:\/\/baliparaglidingtours.com\/fr\/product\/parapente-a-bali-depuis-la-falaise-de-nusa-dua-avec-photo-video\/#breadcrumb"},"inLanguage":"fr-FR","potentialAction":[{"@type":"ReadAction","target":["https:\/\/baliparaglidingtours.com\/fr\/product\/parapente-a-bali-depuis-la-falaise-de-nusa-dua-avec-photo-video\/"]}]},{"@type":"ImageObject","inLanguage":"fr-FR","@id":"https:\/\/baliparaglidingtours.com\/fr\/product\/parapente-a-bali-depuis-la-falaise-de-nusa-dua-avec-photo-video\/#primaryimage","url":"https:\/\/baliparaglidingtours.com\/wp-content\/uploads\/2019\/08\/154778647904471.jpg","contentUrl":"https:\/\/baliparaglidingtours.com\/wp-content\/uploads\/2019\/08\/154778647904471.jpg","width":1402,"height":1051,"caption":"Parapente \u00e0 Bali Nusa Dua"},{"@type":"BreadcrumbList","@id":"https:\/\/baliparaglidingtours.com\/fr\/product\/parapente-a-bali-depuis-la-falaise-de-nusa-dua-avec-photo-video\/#breadcrumb","itemListElement":[{"@type":"ListItem","position":1,"name":"Home","item":"https:\/\/baliparaglidingtours.com\/fr\/"},{"@type":"ListItem","position":2,"name":"Boutique","item":"https:\/\/baliparaglidingtours.com\/"},{"@type":"ListItem","position":3,"name":"Parapente \u00e0 Bali depuis la falaise de Nusa Dua avec photo\/vid\u00e9o"}]},{"@type":"WebSite","@id":"https:\/\/darkgreen-panther-294679.hostingersite.com\/#website","url":"https:\/\/darkgreen-panther-294679.hostingersite.com\/","name":"Bali Paragliding Tours","description":"The best and first tandem paragliding in Bali","publisher":{"@id":"https:\/\/darkgreen-panther-294679.hostingersite.com\/#organization"},"potentialAction":[{"@type":"SearchAction","target":{"@type":"EntryPoint","urlTemplate":"https:\/\/darkgreen-panther-294679.hostingersite.com\/?s={search_term_string}"},"query-input":{"@type":"PropertyValueSpecification","valueRequired":true,"valueName":"search_term_string"}}],"inLanguage":"fr-FR"},{"@type":"Organization","@id":"https:\/\/darkgreen-panther-294679.hostingersite.com\/#organization","name":"Bali Paragliding Tours","url":"https:\/\/darkgreen-panther-294679.hostingersite.com\/","logo":{"@type":"ImageObject","inLanguage":"fr-FR","@id":"https:\/\/darkgreen-panther-294679.hostingersite.com\/#\/schema\/logo\/image\/","url":"https:\/\/baliparaglidingtours.com\/wp-content\/uploads\/2019\/07\/Logopit_1563347307259-1.png","contentUrl":"https:\/\/baliparaglidingtours.com\/wp-content\/uploads\/2019\/07\/Logopit_1563347307259-1.png","width":2160,"height":2160,"caption":"Bali Paragliding Tours"},"image":{"@id":"https:\/\/darkgreen-panther-294679.hostingersite.com\/#\/schema\/logo\/image\/"},"sameAs":["https:\/\/facebook.com\/bali.paragliding"]}]}},"_links":{"self":[{"href":"https:\/\/baliparaglidingtours.com\/fr\/wp-json\/wp\/v2\/product\/4917","targetHints":{"allow":["GET"]}}],"collection":[{"href":"https:\/\/baliparaglidingtours.com\/fr\/wp-json\/wp\/v2\/product"}],"about":[{"href":"https:\/\/baliparaglidingtours.com\/fr\/wp-json\/wp\/v2\/types\/product"}],"replies":[{"embeddable":true,"href":"https:\/\/baliparaglidingtours.com\/fr\/wp-json\/wp\/v2\/comments?post=4917"}],"wp:featuredmedia":[{"embeddable":true,"href":"https:\/\/baliparaglidingtours.com\/fr\/wp-json\/wp\/v2\/media\/4071"}],"wp:attachment":[{"href":"https:\/\/baliparaglidingtours.com\/fr\/wp-json\/wp\/v2\/media?parent=4917"}],"wp:term":[{"taxonomy":"product_brand","embeddable":true,"href":"https:\/\/baliparaglidingtours.com\/fr\/wp-json\/wp\/v2\/product_brand?post=4917"},{"taxonomy":"product_cat","embeddable":true,"href":"https:\/\/baliparaglidingtours.com\/fr\/wp-json\/wp\/v2\/product_cat?post=4917"},{"taxonomy":"product_tag","embeddable":true,"href":"https:\/\/baliparaglidingtours.com\/fr\/wp-json\/wp\/v2\/product_tag?post=4917"}],"curies":[{"name":"wp","href":"https:\/\/api.w.org\/{rel}","templated":true}]}}