{"id":4894,"date":"2024-04-14T16:49:59","date_gmt":"2024-04-14T08:49:59","guid":{"rendered":"https:\/\/baliparaglidingtours.com\/product\/billet-pour-le-parapente-timbis-a-bali-sur-la-plage-de-pandawa-avec-photo-video\/"},"modified":"2025-06-19T14:25:05","modified_gmt":"2025-06-19T06:25:05","slug":"billet-pour-le-parapente-timbis-a-bali-sur-la-plage-de-pandawa-avec-photo-video","status":"publish","type":"product","link":"https:\/\/baliparaglidingtours.com\/fr\/product\/billet-pour-le-parapente-timbis-a-bali-sur-la-plage-de-pandawa-avec-photo-video\/","title":{"rendered":"Billet pour le parapente Timbis \u00e0 Bali sur la plage de Pandawa avec photo\/vid\u00e9o"},"content":{"rendered":"<p><span style=\"color: #282828;\"><div class=\"container section-title-container\" ><h3 class=\"section-title section-title-normal\"><b aria-hidden=\"true\"><\/b><span class=\"section-title-main\" >Parapente Timbis Bali Nusa Dua<\/span><b aria-hidden=\"true\"><\/b><\/h3><\/div><\/span><\/p>\n<p><span style=\"color: #282828;\">Embarquez pour une aventure \u00e0 couper le souffle au-dessus des paysages \u00e9poustouflants de Bali avec Timbis Paragliding Bali, le pionnier de l&rsquo;exp\u00e9rience de parapente en tandem \u00e0 Bali ! Ressentez la mont\u00e9e d&rsquo;adr\u00e9naline en prenant votre envol depuis la plage de Timbis, planant haut au-dessus des jungles luxuriantes et des eaux cristallines. <\/span><\/p>\n<p><span style=\"color: #282828;\"><div class=\"container section-title-container\" ><h3 class=\"section-title section-title-normal\"><b aria-hidden=\"true\"><\/b><span class=\"section-title-main\" >\u00c9tapes du parapente Timbis Bali<\/span><b aria-hidden=\"true\"><\/b><\/h3><\/div><\/span><\/p>\n<div class=\"flex-1 overflow-hidden\">\n<div class=\"react-scroll-to-bottom--css-vqrye-79elbk h-full\">\n<div class=\"react-scroll-to-bottom--css-vqrye-1n7m0yu\">\n<div class=\"flex flex-col text-sm pb-9\">\n<div class=\"w-full text-token-text-primary\" dir=\"auto\" data-testid=\"conversation-turn-13\">\n<div class=\"px-4 py-2 justify-center text-base md:gap-6 m-auto\">\n<div class=\"flex flex-1 text-base mx-auto gap-3 juice:gap-4 juice:md:gap-6 md:px-5 lg:px-1 xl:px-5 md:max-w-3xl lg:max-w-[40rem] xl:max-w-[48rem] group final-completion\">\n<div class=\"relative flex w-full flex-col agent-turn\">\n<div class=\"flex-col gap-1 md:gap-3\">\n<div class=\"flex flex-grow flex-col max-w-full\">\n<div class=\"min-h-[20px] text-message flex flex-col items-start gap-3 whitespace-pre-wrap break-words [.text-message+&amp;]:mt-5 overflow-x-auto\" dir=\"auto\" data-message-author-role=\"assistant\" data-message-id=\"cfebe402-417f-4a81-918b-cf5ba9228e0a\">\n<div class=\"markdown prose w-full break-words dark:prose-invert dark\">\n<ol>\n<li><span style=\"color: #282828;\"><strong>Briefing pr\u00e9-vol<\/strong> : Votre aventure commence par un briefing pr\u00e9-vol complet men\u00e9 par votre pilote en tandem. Il vous expliquera les bases du parapente, les proc\u00e9dures de s\u00e9curit\u00e9 et ce \u00e0 quoi vous attendre pendant le vol. Vous serez \u00e9galement \u00e9quip\u00e9 d&rsquo;un harnais et d&rsquo;un casque, assurant votre confort et votre s\u00e9curit\u00e9 tout au long de l&rsquo;exp\u00e9rience.  <\/span><\/li>\n<li><span style=\"color: #282828;\"><strong>Pr\u00e9paration au d\u00e9collage<\/strong> : Une fois \u00e9quip\u00e9 et pr\u00eat \u00e0 partir, vous vous dirigerez vers le site de d\u00e9collage d\u00e9sign\u00e9, g\u00e9n\u00e9ralement situ\u00e9 au sommet d&rsquo;une colline ou d&rsquo;une falaise pittoresque surplombant les paysages \u00e0 couper le souffle de Bali. Votre pilote inspectera soigneusement l&rsquo;\u00e9quipement et \u00e9valuera les conditions m\u00e9t\u00e9orologiques pour garantir un d\u00e9collage en toute s\u00e9curit\u00e9. <\/span><\/li>\n<li><span style=\"color: #282828;\"><strong>D\u00e9collage<\/strong> : Avec votre pilote derri\u00e8re vous et solidement attach\u00e9 au parapente, vous ferez ensemble quelques pas en avant, gagnant progressivement de l&rsquo;\u00e9lan \u00e0 mesure que le vent saisit la voilure. Avant m\u00eame de vous en rendre compte, vous serez soulev\u00e9 du sol, ressentant la sensation exaltante d&rsquo;apesanteur en vous \u00e9levant dans le ciel. <\/span><\/li>\n<li><span style=\"color: #282828;\"><strong>Planer dans les cieux<\/strong> : Une fois dans les airs, vous serez gratifi\u00e9 de vues panoramiques spectaculaires sur la beaut\u00e9 naturelle de Bali. Glissez gracieusement dans les airs pendant que votre pilote man\u0153uvre le parapente, indiquant les points de rep\u00e8re notables et partageant des informations sur le paysage en contrebas. N&rsquo;h\u00e9sitez pas \u00e0 profiter du paysage et \u00e0 prendre des photos ou des vid\u00e9os pour comm\u00e9morer l&rsquo;exp\u00e9rience.  <\/span><\/li>\n<li><span style=\"color: #282828;\"><strong>Dur\u00e9e du vol<\/strong> : La dur\u00e9e de votre vol en parapente en tandem variera en fonction de facteurs tels que les conditions m\u00e9t\u00e9orologiques et le forfait sp\u00e9cifique que vous avez choisi. En g\u00e9n\u00e9ral, les vols durent entre 15 et 30 minutes, offrant amplement le temps de profiter de la sensation de vol et de s&rsquo;impr\u00e9gner des vues impressionnantes. <\/span><\/li>\n<li><span style=\"color: #282828;\"><strong>Atterrissage<\/strong> : Alors que votre vol touche \u00e0 sa fin, votre pilote vous pr\u00e9parera \u00e0 un atterrissage en douceur sur la terre ferme. Avec des conseils d&rsquo;expert, vous descendrez en douceur, touchant le sol avec un sentiment d&rsquo;exaltation et d&rsquo;accomplissement. Prenez un moment pour savourer l&rsquo;exp\u00e9rience et r\u00e9fl\u00e9chir au voyage inoubliable que vous venez de vivre.  <\/span><\/li>\n<\/ol>\n<\/div>\n<\/div>\n<\/div>\n<div class=\"mt-1 flex gap-3 empty:hidden\">\n<div class=\"text-gray-400 flex self-end lg:self-center items-center justify-center lg:justify-start mt-0 -ml-1 h-7 gap-[2px] visible\">\n<div class=\"flex\"><\/div>\n<\/div>\n<\/div>\n<\/div>\n<\/div>\n<\/div>\n<\/div>\n<\/div>\n<\/div>\n<\/div>\n<\/div>\n<\/div>\n<p><span style=\"color: #282828;\"><div class=\"container section-title-container\" ><h3 class=\"section-title section-title-normal\"><b aria-hidden=\"true\"><\/b><span class=\"section-title-main\" >Termes et conditions<\/span><b aria-hidden=\"true\"><\/b><\/h3><\/div><\/span><\/p>\n<p><span style=\"color: #282828;\"><\/span><\/p>\n<p><span style=\"color: #282828;\"><strong>INCLUSIONS :<\/strong><\/span><\/p>\n<ul>\n<li><span style=\"color: #282828;\">Vol de 15 ou 30 minutes dans les airs<\/span><\/li>\n<li><span style=\"color: #282828;\">Cam\u00e9ra d&rsquo;action avec perche \u00e0 selfie<\/span><\/li>\n<li><span style=\"color: #282828;\">Couverture d&rsquo;assurance<\/span><\/li>\n<\/ul>\n<p><span style=\"color: #282828;\"><strong>EXCLUSIONS :<\/strong><\/span><\/p>\n<ul>\n<li><span style=\"color: #282828;\">Transports<\/span><\/li>\n<li><span style=\"color: #282828;\">Repas\/boissons<\/span><\/li>\n<li><span style=\"color: #282828;\">D\u00e9penses personnelles<\/span><\/li>\n<li><span style=\"color: #282828;\">Frais de transaction\/r\u00e9servation<\/span><\/li>\n<\/ul>\n<p><span style=\"color: #282828;\"><strong>INFORMATIONS COMPL\u00c9MENTAIRES :<\/strong><\/span><\/p>\n<ul>\n<li><span style=\"color: #282828;\">Ces activit\u00e9s ne sont pas recommand\u00e9es pour les voyageuses enceintes, les personnes souffrant de probl\u00e8mes cardiaques ou d&rsquo;autres conditions m\u00e9dicales graves<\/span><\/li>\n<li><span style=\"color: #282828;\">Les participants doivent \u00eatre \u00e2g\u00e9s de 5 \u00e0 60 ans<\/span><\/li>\n<li><span style=\"color: #282828;\">Le poids maximal des participants ne doit pas d\u00e9passer 110 KG <\/span><\/li>\n<li><span style=\"color: #282828;\">Ces activit\u00e9s d\u00e9pendent des conditions m\u00e9t\u00e9orologiques et de vent, Nous pouvons proposer un report ou un remboursement en cas d&rsquo;impossibilit\u00e9 de vol le jour s\u00e9lectionn\u00e9 en raison d&rsquo;un changement m\u00e9t\u00e9orologique soudain.<\/span><\/li>\n<\/ul>\n<p><span style=\"color: #282828;\"><strong>POINT DE RENDEZ-VOUS  VALIDATION<\/strong><\/span><\/p>\n<ul>\n<li><span style=\"color: #282828;\">Le point de rendez-vous est sur le site de vol de Timbis. Le lien de localisation sera confirm\u00e9 car nous disposons de 2 bases de vol. L&rsquo;adresse exacte vous sera communiqu\u00e9e par e-mail ou WhatsApp apr\u00e8s r\u00e9ception de votre r\u00e9servation<\/span><\/li>\n<li><span style=\"color: #282828;\">Veuillez pr\u00e9senter votre r\u00e9capitulatif de r\u00e9servation \u00e0 notre comptoir d&rsquo;enregistrement pour le rachat<\/span><\/li>\n<\/ul>\n<p><span style=\"color: #282828;\"><strong>POLITIQUE D&rsquo;ANNULATION  DE REMBOURSEMENT<\/strong><\/span><\/p>\n<ul>\n<li><span style=\"color: #282828;\">Pour demander une annulation ou une modification de r\u00e9servation, veuillez nous en informer au moins 12 heures avant l&rsquo;heure de votre vol.<\/span><\/li>\n<li><span style=\"color: #282828;\">Pour modifier, reprogrammer ou annuler votre r\u00e9servation, veuillez r\u00e9pondre au courriel ou via WhatsApp en indiquant votre num\u00e9ro de commande.<\/span><\/li>\n<li><span style=\"color: #282828;\">Votre remboursement sera trait\u00e9 imm\u00e9diatement sur votre carte. Nous utilisons la passerelle de paiement PayPal pour accepter et rembourser votre paiement. <\/span><\/li>\n<li><span style=\"color: #282828;\">Vous recevrez le remboursement moins les frais de transaction si le vol n&rsquo;est pas possible \u00e0 la date choisie en raison des conditions m\u00e9t\u00e9orologiques ou d&rsquo;un manque de vent suffisant pour le vol.<\/span><\/li>\n<li><span style=\"color: #282828;\">Plus d&rsquo;informations : <a style=\"color: #282828;\" href=\"https:\/\/wa.me\/6285237041667\">Discutez avec nous sur WhatsApp<\/a><\/span><\/li>\n<\/ul>\n<p><span style=\"color: #282828;\"><strong>Note :<\/strong><\/span><\/p>\n<p><span style=\"color: #282828;\"><strong>La disponibilit\u00e9 du parapente d\u00e9pend des conditions m\u00e9t\u00e9orologiques et de vent. Veuillez noter que les vols programm\u00e9s peuvent \u00eatre sujets \u00e0 modification ou annulation en raison de conditions m\u00e9t\u00e9orologiques d\u00e9favorables ou de vitesses de vent \u00e9lev\u00e9es. La s\u00e9curit\u00e9 est notre priorit\u00e9. Merci de votre compr\u00e9hension. Veuillez nous contacter par e-mail ou <a style=\"color: #282828;\" href=\"https:\/\/wa.me\/6285237041667\" target=\"_blank\" rel=\"noopener\">WhatsApp<\/a> pour plus de d\u00e9tails<\/strong><\/span><br \/>\n<span style=\"color: #282828;\"><\/span><\/p>\n","protected":false},"excerpt":{"rendered":"<p>Vivez une exp\u00e9rience extraordinaire avec le parapente Timbis \u00e0 Bali. Survolez Timbis et la plage de Pandawa. Disponible pour 15 ou 30 minutes au meilleur prix, incluant une cam\u00e9ra d&rsquo;action pour enregistrer les images de votre vol. R\u00e9servez maintenant, r\u00e9servation en ligne de derni\u00e8re minute disponible. <\/p>\n","protected":false},"featured_media":4533,"comment_status":"closed","ping_status":"closed","template":"","meta":[],"product_brand":[],"product_cat":[87],"product_tag":[],"class_list":{"0":"post-4894","1":"product","2":"type-product","3":"status-publish","4":"has-post-thumbnail","6":"product_cat-non-categorise","7":"wcpa_has_options","9":"first","10":"instock","11":"sale","12":"shipping-taxable","13":"purchasable","14":"product-type-variable","15":"has-default-attributes"},"yoast_head":"<!-- This site is optimized with the Yoast SEO plugin v27.4 - https:\/\/yoast.com\/product\/yoast-seo-wordpress\/ -->\n<title>Billet pour le parapente Timbis \u00e0 Bali sur la plage de Pandawa avec photo\/vid\u00e9o - Bali Paragliding Tours<\/title>\n<meta name=\"description\" content=\"Participez au parapente en tandem \u00e0 Bali \u00e0 Nusa Dua, obtenez gratuitement des documents photo\/vid\u00e9o. R\u00e9servez en ligne d\u00e8s aujourd&#039;hui et obtenez un tarif direct. R\u00e9servation de derni\u00e8re minute avec confirmation instantan\u00e9e\" \/>\n<meta name=\"robots\" content=\"index, follow, max-snippet:-1, max-image-preview:large, max-video-preview:-1\" \/>\n<link rel=\"canonical\" href=\"https:\/\/baliparaglidingtours.com\/fr\/product\/billet-pour-le-parapente-timbis-a-bali-sur-la-plage-de-pandawa-avec-photo-video\/\" \/>\n<meta property=\"og:locale\" content=\"fr_FR\" \/>\n<meta property=\"og:type\" content=\"article\" \/>\n<meta property=\"og:title\" content=\"Billet pour le parapente Timbis \u00e0 Bali sur la plage de Pandawa avec photo\/vid\u00e9o - Bali Paragliding Tours\" \/>\n<meta property=\"og:description\" content=\"Participez au parapente en tandem \u00e0 Bali \u00e0 Nusa Dua, obtenez gratuitement des documents photo\/vid\u00e9o. R\u00e9servez en ligne d\u00e8s aujourd&#039;hui et obtenez un tarif direct. R\u00e9servation de derni\u00e8re minute avec confirmation instantan\u00e9e\" \/>\n<meta property=\"og:url\" content=\"https:\/\/baliparaglidingtours.com\/fr\/product\/billet-pour-le-parapente-timbis-a-bali-sur-la-plage-de-pandawa-avec-photo-video\/\" \/>\n<meta property=\"og:site_name\" content=\"Bali Paragliding Tours\" \/>\n<meta property=\"article:publisher\" content=\"https:\/\/facebook.com\/bali.paragliding\" \/>\n<meta property=\"article:modified_time\" content=\"2025-06-19T06:25:05+00:00\" \/>\n<meta property=\"og:image\" content=\"https:\/\/baliparaglidingtours.com\/wp-content\/uploads\/2023\/08\/20230614_124145_compress23.jpg\" \/>\n\t<meta property=\"og:image:width\" content=\"1344\" \/>\n\t<meta property=\"og:image:height\" content=\"756\" \/>\n\t<meta property=\"og:image:type\" content=\"image\/jpeg\" \/>\n<meta name=\"twitter:card\" content=\"summary_large_image\" \/>\n<meta name=\"twitter:label1\" content=\"Dur\u00e9e de lecture estim\u00e9e\" \/>\n\t<meta name=\"twitter:data1\" content=\"4 minutes\" \/>\n<script type=\"application\/ld+json\" class=\"yoast-schema-graph\">{\"@context\":\"https:\\\/\\\/schema.org\",\"@graph\":[{\"@type\":\"WebPage\",\"@id\":\"https:\\\/\\\/baliparaglidingtours.com\\\/fr\\\/product\\\/billet-pour-le-parapente-timbis-a-bali-sur-la-plage-de-pandawa-avec-photo-video\\\/\",\"url\":\"https:\\\/\\\/baliparaglidingtours.com\\\/fr\\\/product\\\/billet-pour-le-parapente-timbis-a-bali-sur-la-plage-de-pandawa-avec-photo-video\\\/\",\"name\":\"Billet pour le parapente Timbis \u00e0 Bali sur la plage de Pandawa avec photo\\\/vid\u00e9o - Bali Paragliding Tours\",\"isPartOf\":{\"@id\":\"https:\\\/\\\/darkgreen-panther-294679.hostingersite.com\\\/#website\"},\"primaryImageOfPage\":{\"@id\":\"https:\\\/\\\/baliparaglidingtours.com\\\/fr\\\/product\\\/billet-pour-le-parapente-timbis-a-bali-sur-la-plage-de-pandawa-avec-photo-video\\\/#primaryimage\"},\"image\":{\"@id\":\"https:\\\/\\\/baliparaglidingtours.com\\\/fr\\\/product\\\/billet-pour-le-parapente-timbis-a-bali-sur-la-plage-de-pandawa-avec-photo-video\\\/#primaryimage\"},\"thumbnailUrl\":\"https:\\\/\\\/baliparaglidingtours.com\\\/wp-content\\\/uploads\\\/2023\\\/08\\\/20230614_124145_compress23.jpg\",\"datePublished\":\"2024-04-14T08:49:59+00:00\",\"dateModified\":\"2025-06-19T06:25:05+00:00\",\"description\":\"Participez au parapente en tandem \u00e0 Bali \u00e0 Nusa Dua, obtenez gratuitement des documents photo\\\/vid\u00e9o. R\u00e9servez en ligne d\u00e8s aujourd'hui et obtenez un tarif direct. R\u00e9servation de derni\u00e8re minute avec confirmation instantan\u00e9e\",\"breadcrumb\":{\"@id\":\"https:\\\/\\\/baliparaglidingtours.com\\\/fr\\\/product\\\/billet-pour-le-parapente-timbis-a-bali-sur-la-plage-de-pandawa-avec-photo-video\\\/#breadcrumb\"},\"inLanguage\":\"fr-FR\",\"potentialAction\":[{\"@type\":\"ReadAction\",\"target\":[\"https:\\\/\\\/baliparaglidingtours.com\\\/fr\\\/product\\\/billet-pour-le-parapente-timbis-a-bali-sur-la-plage-de-pandawa-avec-photo-video\\\/\"]}]},{\"@type\":\"ImageObject\",\"inLanguage\":\"fr-FR\",\"@id\":\"https:\\\/\\\/baliparaglidingtours.com\\\/fr\\\/product\\\/billet-pour-le-parapente-timbis-a-bali-sur-la-plage-de-pandawa-avec-photo-video\\\/#primaryimage\",\"url\":\"https:\\\/\\\/baliparaglidingtours.com\\\/wp-content\\\/uploads\\\/2023\\\/08\\\/20230614_124145_compress23.jpg\",\"contentUrl\":\"https:\\\/\\\/baliparaglidingtours.com\\\/wp-content\\\/uploads\\\/2023\\\/08\\\/20230614_124145_compress23.jpg\",\"width\":1344,\"height\":756,\"caption\":\"Parapente \u00e0 Bali\"},{\"@type\":\"BreadcrumbList\",\"@id\":\"https:\\\/\\\/baliparaglidingtours.com\\\/fr\\\/product\\\/billet-pour-le-parapente-timbis-a-bali-sur-la-plage-de-pandawa-avec-photo-video\\\/#breadcrumb\",\"itemListElement\":[{\"@type\":\"ListItem\",\"position\":1,\"name\":\"Home\",\"item\":\"https:\\\/\\\/baliparaglidingtours.com\\\/fr\\\/\"},{\"@type\":\"ListItem\",\"position\":2,\"name\":\"Boutique\",\"item\":\"https:\\\/\\\/baliparaglidingtours.com\\\/\"},{\"@type\":\"ListItem\",\"position\":3,\"name\":\"Billet pour le parapente Timbis \u00e0 Bali sur la plage de Pandawa avec photo\\\/vid\u00e9o\"}]},{\"@type\":\"WebSite\",\"@id\":\"https:\\\/\\\/darkgreen-panther-294679.hostingersite.com\\\/#website\",\"url\":\"https:\\\/\\\/darkgreen-panther-294679.hostingersite.com\\\/\",\"name\":\"Bali Paragliding Tours\",\"description\":\"The best and first tandem paragliding in Bali\",\"publisher\":{\"@id\":\"https:\\\/\\\/darkgreen-panther-294679.hostingersite.com\\\/#organization\"},\"potentialAction\":[{\"@type\":\"SearchAction\",\"target\":{\"@type\":\"EntryPoint\",\"urlTemplate\":\"https:\\\/\\\/darkgreen-panther-294679.hostingersite.com\\\/?s={search_term_string}\"},\"query-input\":{\"@type\":\"PropertyValueSpecification\",\"valueRequired\":true,\"valueName\":\"search_term_string\"}}],\"inLanguage\":\"fr-FR\"},{\"@type\":\"Organization\",\"@id\":\"https:\\\/\\\/darkgreen-panther-294679.hostingersite.com\\\/#organization\",\"name\":\"Bali Paragliding Tours\",\"url\":\"https:\\\/\\\/darkgreen-panther-294679.hostingersite.com\\\/\",\"logo\":{\"@type\":\"ImageObject\",\"inLanguage\":\"fr-FR\",\"@id\":\"https:\\\/\\\/darkgreen-panther-294679.hostingersite.com\\\/#\\\/schema\\\/logo\\\/image\\\/\",\"url\":\"https:\\\/\\\/baliparaglidingtours.com\\\/wp-content\\\/uploads\\\/2019\\\/07\\\/Logopit_1563347307259-1.png\",\"contentUrl\":\"https:\\\/\\\/baliparaglidingtours.com\\\/wp-content\\\/uploads\\\/2019\\\/07\\\/Logopit_1563347307259-1.png\",\"width\":2160,\"height\":2160,\"caption\":\"Bali Paragliding Tours\"},\"image\":{\"@id\":\"https:\\\/\\\/darkgreen-panther-294679.hostingersite.com\\\/#\\\/schema\\\/logo\\\/image\\\/\"},\"sameAs\":[\"https:\\\/\\\/facebook.com\\\/bali.paragliding\"]}]}<\/script>\n<!-- \/ Yoast SEO plugin. -->","yoast_head_json":{"title":"Billet pour le parapente Timbis \u00e0 Bali sur la plage de Pandawa avec photo\/vid\u00e9o - Bali Paragliding Tours","description":"Participez au parapente en tandem \u00e0 Bali \u00e0 Nusa Dua, obtenez gratuitement des documents photo\/vid\u00e9o. R\u00e9servez en ligne d\u00e8s aujourd'hui et obtenez un tarif direct. R\u00e9servation de derni\u00e8re minute avec confirmation instantan\u00e9e","robots":{"index":"index","follow":"follow","max-snippet":"max-snippet:-1","max-image-preview":"max-image-preview:large","max-video-preview":"max-video-preview:-1"},"canonical":"https:\/\/baliparaglidingtours.com\/fr\/product\/billet-pour-le-parapente-timbis-a-bali-sur-la-plage-de-pandawa-avec-photo-video\/","og_locale":"fr_FR","og_type":"article","og_title":"Billet pour le parapente Timbis \u00e0 Bali sur la plage de Pandawa avec photo\/vid\u00e9o - Bali Paragliding Tours","og_description":"Participez au parapente en tandem \u00e0 Bali \u00e0 Nusa Dua, obtenez gratuitement des documents photo\/vid\u00e9o. R\u00e9servez en ligne d\u00e8s aujourd'hui et obtenez un tarif direct. R\u00e9servation de derni\u00e8re minute avec confirmation instantan\u00e9e","og_url":"https:\/\/baliparaglidingtours.com\/fr\/product\/billet-pour-le-parapente-timbis-a-bali-sur-la-plage-de-pandawa-avec-photo-video\/","og_site_name":"Bali Paragliding Tours","article_publisher":"https:\/\/facebook.com\/bali.paragliding","article_modified_time":"2025-06-19T06:25:05+00:00","og_image":[{"width":1344,"height":756,"url":"https:\/\/baliparaglidingtours.com\/wp-content\/uploads\/2023\/08\/20230614_124145_compress23.jpg","type":"image\/jpeg"}],"twitter_card":"summary_large_image","twitter_misc":{"Dur\u00e9e de lecture estim\u00e9e":"4 minutes"},"schema":{"@context":"https:\/\/schema.org","@graph":[{"@type":"WebPage","@id":"https:\/\/baliparaglidingtours.com\/fr\/product\/billet-pour-le-parapente-timbis-a-bali-sur-la-plage-de-pandawa-avec-photo-video\/","url":"https:\/\/baliparaglidingtours.com\/fr\/product\/billet-pour-le-parapente-timbis-a-bali-sur-la-plage-de-pandawa-avec-photo-video\/","name":"Billet pour le parapente Timbis \u00e0 Bali sur la plage de Pandawa avec photo\/vid\u00e9o - Bali Paragliding Tours","isPartOf":{"@id":"https:\/\/darkgreen-panther-294679.hostingersite.com\/#website"},"primaryImageOfPage":{"@id":"https:\/\/baliparaglidingtours.com\/fr\/product\/billet-pour-le-parapente-timbis-a-bali-sur-la-plage-de-pandawa-avec-photo-video\/#primaryimage"},"image":{"@id":"https:\/\/baliparaglidingtours.com\/fr\/product\/billet-pour-le-parapente-timbis-a-bali-sur-la-plage-de-pandawa-avec-photo-video\/#primaryimage"},"thumbnailUrl":"https:\/\/baliparaglidingtours.com\/wp-content\/uploads\/2023\/08\/20230614_124145_compress23.jpg","datePublished":"2024-04-14T08:49:59+00:00","dateModified":"2025-06-19T06:25:05+00:00","description":"Participez au parapente en tandem \u00e0 Bali \u00e0 Nusa Dua, obtenez gratuitement des documents photo\/vid\u00e9o. R\u00e9servez en ligne d\u00e8s aujourd'hui et obtenez un tarif direct. R\u00e9servation de derni\u00e8re minute avec confirmation instantan\u00e9e","breadcrumb":{"@id":"https:\/\/baliparaglidingtours.com\/fr\/product\/billet-pour-le-parapente-timbis-a-bali-sur-la-plage-de-pandawa-avec-photo-video\/#breadcrumb"},"inLanguage":"fr-FR","potentialAction":[{"@type":"ReadAction","target":["https:\/\/baliparaglidingtours.com\/fr\/product\/billet-pour-le-parapente-timbis-a-bali-sur-la-plage-de-pandawa-avec-photo-video\/"]}]},{"@type":"ImageObject","inLanguage":"fr-FR","@id":"https:\/\/baliparaglidingtours.com\/fr\/product\/billet-pour-le-parapente-timbis-a-bali-sur-la-plage-de-pandawa-avec-photo-video\/#primaryimage","url":"https:\/\/baliparaglidingtours.com\/wp-content\/uploads\/2023\/08\/20230614_124145_compress23.jpg","contentUrl":"https:\/\/baliparaglidingtours.com\/wp-content\/uploads\/2023\/08\/20230614_124145_compress23.jpg","width":1344,"height":756,"caption":"Parapente \u00e0 Bali"},{"@type":"BreadcrumbList","@id":"https:\/\/baliparaglidingtours.com\/fr\/product\/billet-pour-le-parapente-timbis-a-bali-sur-la-plage-de-pandawa-avec-photo-video\/#breadcrumb","itemListElement":[{"@type":"ListItem","position":1,"name":"Home","item":"https:\/\/baliparaglidingtours.com\/fr\/"},{"@type":"ListItem","position":2,"name":"Boutique","item":"https:\/\/baliparaglidingtours.com\/"},{"@type":"ListItem","position":3,"name":"Billet pour le parapente Timbis \u00e0 Bali sur la plage de Pandawa avec photo\/vid\u00e9o"}]},{"@type":"WebSite","@id":"https:\/\/darkgreen-panther-294679.hostingersite.com\/#website","url":"https:\/\/darkgreen-panther-294679.hostingersite.com\/","name":"Bali Paragliding Tours","description":"The best and first tandem paragliding in Bali","publisher":{"@id":"https:\/\/darkgreen-panther-294679.hostingersite.com\/#organization"},"potentialAction":[{"@type":"SearchAction","target":{"@type":"EntryPoint","urlTemplate":"https:\/\/darkgreen-panther-294679.hostingersite.com\/?s={search_term_string}"},"query-input":{"@type":"PropertyValueSpecification","valueRequired":true,"valueName":"search_term_string"}}],"inLanguage":"fr-FR"},{"@type":"Organization","@id":"https:\/\/darkgreen-panther-294679.hostingersite.com\/#organization","name":"Bali Paragliding Tours","url":"https:\/\/darkgreen-panther-294679.hostingersite.com\/","logo":{"@type":"ImageObject","inLanguage":"fr-FR","@id":"https:\/\/darkgreen-panther-294679.hostingersite.com\/#\/schema\/logo\/image\/","url":"https:\/\/baliparaglidingtours.com\/wp-content\/uploads\/2019\/07\/Logopit_1563347307259-1.png","contentUrl":"https:\/\/baliparaglidingtours.com\/wp-content\/uploads\/2019\/07\/Logopit_1563347307259-1.png","width":2160,"height":2160,"caption":"Bali Paragliding Tours"},"image":{"@id":"https:\/\/darkgreen-panther-294679.hostingersite.com\/#\/schema\/logo\/image\/"},"sameAs":["https:\/\/facebook.com\/bali.paragliding"]}]}},"_links":{"self":[{"href":"https:\/\/baliparaglidingtours.com\/fr\/wp-json\/wp\/v2\/product\/4894","targetHints":{"allow":["GET"]}}],"collection":[{"href":"https:\/\/baliparaglidingtours.com\/fr\/wp-json\/wp\/v2\/product"}],"about":[{"href":"https:\/\/baliparaglidingtours.com\/fr\/wp-json\/wp\/v2\/types\/product"}],"replies":[{"embeddable":true,"href":"https:\/\/baliparaglidingtours.com\/fr\/wp-json\/wp\/v2\/comments?post=4894"}],"wp:featuredmedia":[{"embeddable":true,"href":"https:\/\/baliparaglidingtours.com\/fr\/wp-json\/wp\/v2\/media\/4533"}],"wp:attachment":[{"href":"https:\/\/baliparaglidingtours.com\/fr\/wp-json\/wp\/v2\/media?parent=4894"}],"wp:term":[{"taxonomy":"product_brand","embeddable":true,"href":"https:\/\/baliparaglidingtours.com\/fr\/wp-json\/wp\/v2\/product_brand?post=4894"},{"taxonomy":"product_cat","embeddable":true,"href":"https:\/\/baliparaglidingtours.com\/fr\/wp-json\/wp\/v2\/product_cat?post=4894"},{"taxonomy":"product_tag","embeddable":true,"href":"https:\/\/baliparaglidingtours.com\/fr\/wp-json\/wp\/v2\/product_tag?post=4894"}],"curies":[{"name":"wp","href":"https:\/\/api.w.org\/{rel}","templated":true}]}}