{"id":4882,"date":"2021-05-06T13:43:00","date_gmt":"2021-05-06T05:43:00","guid":{"rendered":"https:\/\/baliparaglidingtours.com\/product\/vol-en-parapente-biplace-de-30-minutes-incluant-photo-video-paiement-dacompte\/"},"modified":"2025-10-09T02:44:33","modified_gmt":"2025-10-08T18:44:33","slug":"vol-en-parapente-biplace-de-30-minutes-incluant-photo-video-paiement-dacompte","status":"publish","type":"product","link":"https:\/\/baliparaglidingtours.com\/fr\/product\/vol-en-parapente-biplace-de-30-minutes-incluant-photo-video-paiement-dacompte\/","title":{"rendered":"Vol en parapente biplace de 30 minutes incluant photo\/vid\u00e9o"},"content":{"rendered":"<p><strong>INCLUSIONS :<\/strong><\/p>\n<ul>\n<li>Vol de 30 minutes dans les airs<\/li>\n<li>Cam\u00e9ra d&rsquo;action avec perche \u00e0 selfie<\/li>\n<li>Couverture d&rsquo;assurance<\/li>\n<\/ul>\n<p><strong>EXCLUSIONS :<\/strong><\/p>\n<ul>\n<li>Transports<\/li>\n<li>Frais de transaction\/r\u00e9servation<\/li>\n<li>Repas\/boissons<\/li>\n<li>D\u00e9penses personnelles<\/li>\n<\/ul>\n<p><strong>INFORMATIONS COMPL\u00c9MENTAIRES :<\/strong><\/p>\n<ul>\n<li>Ces activit\u00e9s ne sont pas recommand\u00e9es pour les voyageuses enceintes, les personnes souffrant de probl\u00e8mes cardiaques ou d&rsquo;autres conditions m\u00e9dicales graves<\/li>\n<li>Les participants doivent \u00eatre \u00e2g\u00e9s de 5 \u00e0 60 ans<\/li>\n<li>Le poids maximal des participants ne doit pas d\u00e9passer 110 KG <\/li>\n<li>Ces activit\u00e9s d\u00e9pendent des conditions m\u00e9t\u00e9orologiques et de vent, Nous pouvons proposer un report ou un remboursement en cas d&rsquo;impossibilit\u00e9 de vol le jour s\u00e9lectionn\u00e9 en raison d&rsquo;un changement m\u00e9t\u00e9orologique soudain.<\/li>\n<\/ul>\n<p><strong>POINT DE RENDEZ-VOUS  VALIDATION<\/strong><\/p>\n<ul>\n<li>Le point de rendez-vous se situe sur le <a href=\"https:\/\/baliparaglidingtours.com\/fr\/contact-et-lieu-de-rencontrecontact-flight-location\/\">site de vol<\/a>. L&#8217;emplacement sera confirm\u00e9 car nous volons depuis plusieurs bases en fonction des directions du vent. L&rsquo;adresse exacte vous sera communiqu\u00e9e par courriel ou WhatsApp apr\u00e8s r\u00e9ception de votre r\u00e9servation<\/li>\n<li>Veuillez pr\u00e9senter votre r\u00e9capitulatif de r\u00e9servation \u00e0 notre comptoir d&rsquo;enregistrement pour le rachat<\/li>\n<\/ul>\n<p><strong>POLITIQUE D&rsquo;ANNULATION  DE REMBOURSEMENT<\/strong><\/p>\n<ul>\n<li>Pour demander une annulation ou une modification de r\u00e9servation, veuillez nous en informer au moins 12 heures avant l&rsquo;heure de votre vol.<\/li>\n<li>Pour modifier, reporter ou annuler votre r\u00e9servation, veuillez r\u00e9pondre au courriel ou via WhatsApp en indiquant votre num\u00e9ro de commande.<\/li>\n<li>Votre remboursement sera trait\u00e9 imm\u00e9diatement sur votre carte. Nous utilisons la passerelle de paiement PayPal pour accepter et rembourser votre paiement. <\/li>\n<li>Vous obtiendrez un remboursement, d\u00e9duction faite des frais de transaction, si le vol n&rsquo;est pas r\u00e9alisable le jour choisi en raison des conditions m\u00e9t\u00e9orologiques ou de vents insuffisants pour le vol.<\/li>\n<li>Plus d&rsquo;informations : <a href=\"https:\/\/wa.me\/6285237041667\">Discutez avec nous sur WhatsApp<\/a><\/li>\n<\/ul>\n<p><strong>Note :<\/strong><\/p>\n<p><strong>Ce tarif ne sera valable que pour une confirmation avec r\u00e9servation en ligne uniquement.<\/strong><\/p>\n<p><strong><span style=\"color: #ff0000;\">Cette activit\u00e9 fonctionne avec la vitesse et les conditions naturelles du vent. L&rsquo;horaire du vol peut subir des retards\/changements en cas de probl\u00e8me de vent\/m\u00e9t\u00e9o.  <\/span><\/strong><strong><span style=\"color: #ff0000;\">Vous serez notifi\u00e9 (pour les r\u00e9servations confirm\u00e9es et pay\u00e9es) avant votre arriv\u00e9e. Pour plus de d\u00e9tails, veuillez nous contacter par e-mail ou <a href=\"https:\/\/wa.me\/6285237041667\" target=\"_blank\" rel=\"noopener\">WhatsApp<\/a>  <\/span><\/strong><\/p>\n","protected":false},"excerpt":{"rendered":"<p>Vol biplace de 30 minutes avec un pilote de parapente, incluant une documentation photo\/vid\u00e9o gratuite en vol. Volez plus longtemps et d\u00e9couvrez des panoramas plus spectaculaires avec un pilote de parapente certifi\u00e9. La documentation vid\u00e9o incluse sera transf\u00e9r\u00e9e directement sur votre t\u00e9l\u00e9phone portable  <\/p>\n","protected":false},"featured_media":4134,"comment_status":"closed","ping_status":"closed","template":"","meta":[],"product_brand":[93],"product_cat":[87],"product_tag":[],"class_list":{"0":"post-4882","1":"product","2":"type-product","3":"status-publish","4":"has-post-thumbnail","6":"product_brand-bali-paragliding-tours","7":"product_cat-non-categorise","8":"wcpa_has_options","10":"first","11":"instock","12":"shipping-taxable","13":"purchasable","14":"product-type-simple"},"yoast_head":"<!-- This site is optimized with the Yoast SEO plugin v27.3 - https:\/\/yoast.com\/product\/yoast-seo-wordpress\/ -->\n<title>Vol en parapente biplace de 30 minutes incluant photo\/vid\u00e9o - Bali Paragliding Tours<\/title>\n<meta name=\"description\" content=\"Vol en parapente biplace de 30 minutes \u00e0 Bali avec documentation gratuite. Volez plus longtemps et d\u00e9couvrez davantage de panoramas. R\u00e9servez sans inqui\u00e9tude, vous pouvez effectuer un acompte ou un paiement int\u00e9gral pour garantir votre r\u00e9servation. Bali Paragliding Tours\" \/>\n<meta name=\"robots\" content=\"index, follow, max-snippet:-1, max-image-preview:large, max-video-preview:-1\" \/>\n<link rel=\"canonical\" href=\"https:\/\/baliparaglidingtours.com\/fr\/product\/vol-en-parapente-biplace-de-30-minutes-incluant-photo-video-paiement-dacompte\/\" \/>\n<meta property=\"og:locale\" content=\"fr_FR\" \/>\n<meta property=\"og:type\" content=\"article\" \/>\n<meta property=\"og:title\" content=\"Vol en parapente biplace de 30 minutes incluant photo\/vid\u00e9o - Bali Paragliding Tours\" \/>\n<meta property=\"og:description\" content=\"Vol en parapente biplace de 30 minutes \u00e0 Bali avec documentation gratuite. Volez plus longtemps et d\u00e9couvrez davantage de panoramas. R\u00e9servez sans inqui\u00e9tude, vous pouvez effectuer un acompte ou un paiement int\u00e9gral pour garantir votre r\u00e9servation. Bali Paragliding Tours\" \/>\n<meta property=\"og:url\" content=\"https:\/\/baliparaglidingtours.com\/fr\/product\/vol-en-parapente-biplace-de-30-minutes-incluant-photo-video-paiement-dacompte\/\" \/>\n<meta property=\"og:site_name\" content=\"Bali Paragliding Tours\" \/>\n<meta property=\"article:publisher\" content=\"https:\/\/facebook.com\/bali.paragliding\" \/>\n<meta property=\"article:modified_time\" content=\"2025-10-08T18:44:33+00:00\" \/>\n<meta property=\"og:image\" content=\"https:\/\/baliparaglidingtours.com\/wp-content\/uploads\/2019\/09\/8aeef2b5409fa30a6f4b3e17c9c27c3f.jpg\" \/>\n\t<meta property=\"og:image:width\" content=\"1080\" \/>\n\t<meta property=\"og:image:height\" content=\"810\" \/>\n\t<meta property=\"og:image:type\" content=\"image\/jpeg\" \/>\n<meta name=\"twitter:card\" content=\"summary_large_image\" \/>\n<meta name=\"twitter:label1\" content=\"Dur\u00e9e de lecture estim\u00e9e\" \/>\n\t<meta name=\"twitter:data1\" content=\"2 minutes\" \/>\n<script type=\"application\/ld+json\" class=\"yoast-schema-graph\">{\"@context\":\"https:\\\/\\\/schema.org\",\"@graph\":[{\"@type\":\"WebPage\",\"@id\":\"https:\\\/\\\/baliparaglidingtours.com\\\/fr\\\/product\\\/vol-en-parapente-biplace-de-30-minutes-incluant-photo-video-paiement-dacompte\\\/\",\"url\":\"https:\\\/\\\/baliparaglidingtours.com\\\/fr\\\/product\\\/vol-en-parapente-biplace-de-30-minutes-incluant-photo-video-paiement-dacompte\\\/\",\"name\":\"Vol en parapente biplace de 30 minutes incluant photo\\\/vid\u00e9o - Bali Paragliding Tours\",\"isPartOf\":{\"@id\":\"https:\\\/\\\/darkgreen-panther-294679.hostingersite.com\\\/#website\"},\"primaryImageOfPage\":{\"@id\":\"https:\\\/\\\/baliparaglidingtours.com\\\/fr\\\/product\\\/vol-en-parapente-biplace-de-30-minutes-incluant-photo-video-paiement-dacompte\\\/#primaryimage\"},\"image\":{\"@id\":\"https:\\\/\\\/baliparaglidingtours.com\\\/fr\\\/product\\\/vol-en-parapente-biplace-de-30-minutes-incluant-photo-video-paiement-dacompte\\\/#primaryimage\"},\"thumbnailUrl\":\"https:\\\/\\\/baliparaglidingtours.com\\\/wp-content\\\/uploads\\\/2019\\\/09\\\/8aeef2b5409fa30a6f4b3e17c9c27c3f.jpg\",\"datePublished\":\"2021-05-06T05:43:00+00:00\",\"dateModified\":\"2025-10-08T18:44:33+00:00\",\"description\":\"Vol en parapente biplace de 30 minutes \u00e0 Bali avec documentation gratuite. Volez plus longtemps et d\u00e9couvrez davantage de panoramas. R\u00e9servez sans inqui\u00e9tude, vous pouvez effectuer un acompte ou un paiement int\u00e9gral pour garantir votre r\u00e9servation. Bali Paragliding Tours\",\"breadcrumb\":{\"@id\":\"https:\\\/\\\/baliparaglidingtours.com\\\/fr\\\/product\\\/vol-en-parapente-biplace-de-30-minutes-incluant-photo-video-paiement-dacompte\\\/#breadcrumb\"},\"inLanguage\":\"fr-FR\",\"potentialAction\":[{\"@type\":\"ReadAction\",\"target\":[\"https:\\\/\\\/baliparaglidingtours.com\\\/fr\\\/product\\\/vol-en-parapente-biplace-de-30-minutes-incluant-photo-video-paiement-dacompte\\\/\"]}]},{\"@type\":\"ImageObject\",\"inLanguage\":\"fr-FR\",\"@id\":\"https:\\\/\\\/baliparaglidingtours.com\\\/fr\\\/product\\\/vol-en-parapente-biplace-de-30-minutes-incluant-photo-video-paiement-dacompte\\\/#primaryimage\",\"url\":\"https:\\\/\\\/baliparaglidingtours.com\\\/wp-content\\\/uploads\\\/2019\\\/09\\\/8aeef2b5409fa30a6f4b3e17c9c27c3f.jpg\",\"contentUrl\":\"https:\\\/\\\/baliparaglidingtours.com\\\/wp-content\\\/uploads\\\/2019\\\/09\\\/8aeef2b5409fa30a6f4b3e17c9c27c3f.jpg\",\"width\":1080,\"height\":810,\"caption\":\"parapente Bali uluwatu\"},{\"@type\":\"BreadcrumbList\",\"@id\":\"https:\\\/\\\/baliparaglidingtours.com\\\/fr\\\/product\\\/vol-en-parapente-biplace-de-30-minutes-incluant-photo-video-paiement-dacompte\\\/#breadcrumb\",\"itemListElement\":[{\"@type\":\"ListItem\",\"position\":1,\"name\":\"Home\",\"item\":\"https:\\\/\\\/baliparaglidingtours.com\\\/fr\\\/\"},{\"@type\":\"ListItem\",\"position\":2,\"name\":\"Boutique\",\"item\":\"https:\\\/\\\/baliparaglidingtours.com\\\/\"},{\"@type\":\"ListItem\",\"position\":3,\"name\":\"Vol en parapente biplace de 30 minutes incluant photo\\\/vid\u00e9o\"}]},{\"@type\":\"WebSite\",\"@id\":\"https:\\\/\\\/darkgreen-panther-294679.hostingersite.com\\\/#website\",\"url\":\"https:\\\/\\\/darkgreen-panther-294679.hostingersite.com\\\/\",\"name\":\"Bali Paragliding Tours\",\"description\":\"The best and first tandem paragliding in Bali\",\"publisher\":{\"@id\":\"https:\\\/\\\/darkgreen-panther-294679.hostingersite.com\\\/#organization\"},\"potentialAction\":[{\"@type\":\"SearchAction\",\"target\":{\"@type\":\"EntryPoint\",\"urlTemplate\":\"https:\\\/\\\/darkgreen-panther-294679.hostingersite.com\\\/?s={search_term_string}\"},\"query-input\":{\"@type\":\"PropertyValueSpecification\",\"valueRequired\":true,\"valueName\":\"search_term_string\"}}],\"inLanguage\":\"fr-FR\"},{\"@type\":\"Organization\",\"@id\":\"https:\\\/\\\/darkgreen-panther-294679.hostingersite.com\\\/#organization\",\"name\":\"Bali Paragliding Tours\",\"url\":\"https:\\\/\\\/darkgreen-panther-294679.hostingersite.com\\\/\",\"logo\":{\"@type\":\"ImageObject\",\"inLanguage\":\"fr-FR\",\"@id\":\"https:\\\/\\\/darkgreen-panther-294679.hostingersite.com\\\/#\\\/schema\\\/logo\\\/image\\\/\",\"url\":\"https:\\\/\\\/baliparaglidingtours.com\\\/wp-content\\\/uploads\\\/2019\\\/07\\\/Logopit_1563347307259-1.png\",\"contentUrl\":\"https:\\\/\\\/baliparaglidingtours.com\\\/wp-content\\\/uploads\\\/2019\\\/07\\\/Logopit_1563347307259-1.png\",\"width\":2160,\"height\":2160,\"caption\":\"Bali Paragliding Tours\"},\"image\":{\"@id\":\"https:\\\/\\\/darkgreen-panther-294679.hostingersite.com\\\/#\\\/schema\\\/logo\\\/image\\\/\"},\"sameAs\":[\"https:\\\/\\\/facebook.com\\\/bali.paragliding\"]}]}<\/script>\n<!-- \/ Yoast SEO plugin. -->","yoast_head_json":{"title":"Vol en parapente biplace de 30 minutes incluant photo\/vid\u00e9o - Bali Paragliding Tours","description":"Vol en parapente biplace de 30 minutes \u00e0 Bali avec documentation gratuite. Volez plus longtemps et d\u00e9couvrez davantage de panoramas. R\u00e9servez sans inqui\u00e9tude, vous pouvez effectuer un acompte ou un paiement int\u00e9gral pour garantir votre r\u00e9servation. Bali Paragliding Tours","robots":{"index":"index","follow":"follow","max-snippet":"max-snippet:-1","max-image-preview":"max-image-preview:large","max-video-preview":"max-video-preview:-1"},"canonical":"https:\/\/baliparaglidingtours.com\/fr\/product\/vol-en-parapente-biplace-de-30-minutes-incluant-photo-video-paiement-dacompte\/","og_locale":"fr_FR","og_type":"article","og_title":"Vol en parapente biplace de 30 minutes incluant photo\/vid\u00e9o - Bali Paragliding Tours","og_description":"Vol en parapente biplace de 30 minutes \u00e0 Bali avec documentation gratuite. Volez plus longtemps et d\u00e9couvrez davantage de panoramas. R\u00e9servez sans inqui\u00e9tude, vous pouvez effectuer un acompte ou un paiement int\u00e9gral pour garantir votre r\u00e9servation. Bali Paragliding Tours","og_url":"https:\/\/baliparaglidingtours.com\/fr\/product\/vol-en-parapente-biplace-de-30-minutes-incluant-photo-video-paiement-dacompte\/","og_site_name":"Bali Paragliding Tours","article_publisher":"https:\/\/facebook.com\/bali.paragliding","article_modified_time":"2025-10-08T18:44:33+00:00","og_image":[{"width":1080,"height":810,"url":"https:\/\/baliparaglidingtours.com\/wp-content\/uploads\/2019\/09\/8aeef2b5409fa30a6f4b3e17c9c27c3f.jpg","type":"image\/jpeg"}],"twitter_card":"summary_large_image","twitter_misc":{"Dur\u00e9e de lecture estim\u00e9e":"2 minutes"},"schema":{"@context":"https:\/\/schema.org","@graph":[{"@type":"WebPage","@id":"https:\/\/baliparaglidingtours.com\/fr\/product\/vol-en-parapente-biplace-de-30-minutes-incluant-photo-video-paiement-dacompte\/","url":"https:\/\/baliparaglidingtours.com\/fr\/product\/vol-en-parapente-biplace-de-30-minutes-incluant-photo-video-paiement-dacompte\/","name":"Vol en parapente biplace de 30 minutes incluant photo\/vid\u00e9o - Bali Paragliding Tours","isPartOf":{"@id":"https:\/\/darkgreen-panther-294679.hostingersite.com\/#website"},"primaryImageOfPage":{"@id":"https:\/\/baliparaglidingtours.com\/fr\/product\/vol-en-parapente-biplace-de-30-minutes-incluant-photo-video-paiement-dacompte\/#primaryimage"},"image":{"@id":"https:\/\/baliparaglidingtours.com\/fr\/product\/vol-en-parapente-biplace-de-30-minutes-incluant-photo-video-paiement-dacompte\/#primaryimage"},"thumbnailUrl":"https:\/\/baliparaglidingtours.com\/wp-content\/uploads\/2019\/09\/8aeef2b5409fa30a6f4b3e17c9c27c3f.jpg","datePublished":"2021-05-06T05:43:00+00:00","dateModified":"2025-10-08T18:44:33+00:00","description":"Vol en parapente biplace de 30 minutes \u00e0 Bali avec documentation gratuite. Volez plus longtemps et d\u00e9couvrez davantage de panoramas. R\u00e9servez sans inqui\u00e9tude, vous pouvez effectuer un acompte ou un paiement int\u00e9gral pour garantir votre r\u00e9servation. Bali Paragliding Tours","breadcrumb":{"@id":"https:\/\/baliparaglidingtours.com\/fr\/product\/vol-en-parapente-biplace-de-30-minutes-incluant-photo-video-paiement-dacompte\/#breadcrumb"},"inLanguage":"fr-FR","potentialAction":[{"@type":"ReadAction","target":["https:\/\/baliparaglidingtours.com\/fr\/product\/vol-en-parapente-biplace-de-30-minutes-incluant-photo-video-paiement-dacompte\/"]}]},{"@type":"ImageObject","inLanguage":"fr-FR","@id":"https:\/\/baliparaglidingtours.com\/fr\/product\/vol-en-parapente-biplace-de-30-minutes-incluant-photo-video-paiement-dacompte\/#primaryimage","url":"https:\/\/baliparaglidingtours.com\/wp-content\/uploads\/2019\/09\/8aeef2b5409fa30a6f4b3e17c9c27c3f.jpg","contentUrl":"https:\/\/baliparaglidingtours.com\/wp-content\/uploads\/2019\/09\/8aeef2b5409fa30a6f4b3e17c9c27c3f.jpg","width":1080,"height":810,"caption":"parapente Bali uluwatu"},{"@type":"BreadcrumbList","@id":"https:\/\/baliparaglidingtours.com\/fr\/product\/vol-en-parapente-biplace-de-30-minutes-incluant-photo-video-paiement-dacompte\/#breadcrumb","itemListElement":[{"@type":"ListItem","position":1,"name":"Home","item":"https:\/\/baliparaglidingtours.com\/fr\/"},{"@type":"ListItem","position":2,"name":"Boutique","item":"https:\/\/baliparaglidingtours.com\/"},{"@type":"ListItem","position":3,"name":"Vol en parapente biplace de 30 minutes incluant photo\/vid\u00e9o"}]},{"@type":"WebSite","@id":"https:\/\/darkgreen-panther-294679.hostingersite.com\/#website","url":"https:\/\/darkgreen-panther-294679.hostingersite.com\/","name":"Bali Paragliding Tours","description":"The best and first tandem paragliding in Bali","publisher":{"@id":"https:\/\/darkgreen-panther-294679.hostingersite.com\/#organization"},"potentialAction":[{"@type":"SearchAction","target":{"@type":"EntryPoint","urlTemplate":"https:\/\/darkgreen-panther-294679.hostingersite.com\/?s={search_term_string}"},"query-input":{"@type":"PropertyValueSpecification","valueRequired":true,"valueName":"search_term_string"}}],"inLanguage":"fr-FR"},{"@type":"Organization","@id":"https:\/\/darkgreen-panther-294679.hostingersite.com\/#organization","name":"Bali Paragliding Tours","url":"https:\/\/darkgreen-panther-294679.hostingersite.com\/","logo":{"@type":"ImageObject","inLanguage":"fr-FR","@id":"https:\/\/darkgreen-panther-294679.hostingersite.com\/#\/schema\/logo\/image\/","url":"https:\/\/baliparaglidingtours.com\/wp-content\/uploads\/2019\/07\/Logopit_1563347307259-1.png","contentUrl":"https:\/\/baliparaglidingtours.com\/wp-content\/uploads\/2019\/07\/Logopit_1563347307259-1.png","width":2160,"height":2160,"caption":"Bali Paragliding Tours"},"image":{"@id":"https:\/\/darkgreen-panther-294679.hostingersite.com\/#\/schema\/logo\/image\/"},"sameAs":["https:\/\/facebook.com\/bali.paragliding"]}]}},"_links":{"self":[{"href":"https:\/\/baliparaglidingtours.com\/fr\/wp-json\/wp\/v2\/product\/4882","targetHints":{"allow":["GET"]}}],"collection":[{"href":"https:\/\/baliparaglidingtours.com\/fr\/wp-json\/wp\/v2\/product"}],"about":[{"href":"https:\/\/baliparaglidingtours.com\/fr\/wp-json\/wp\/v2\/types\/product"}],"replies":[{"embeddable":true,"href":"https:\/\/baliparaglidingtours.com\/fr\/wp-json\/wp\/v2\/comments?post=4882"}],"wp:featuredmedia":[{"embeddable":true,"href":"https:\/\/baliparaglidingtours.com\/fr\/wp-json\/wp\/v2\/media\/4134"}],"wp:attachment":[{"href":"https:\/\/baliparaglidingtours.com\/fr\/wp-json\/wp\/v2\/media?parent=4882"}],"wp:term":[{"taxonomy":"product_brand","embeddable":true,"href":"https:\/\/baliparaglidingtours.com\/fr\/wp-json\/wp\/v2\/product_brand?post=4882"},{"taxonomy":"product_cat","embeddable":true,"href":"https:\/\/baliparaglidingtours.com\/fr\/wp-json\/wp\/v2\/product_cat?post=4882"},{"taxonomy":"product_tag","embeddable":true,"href":"https:\/\/baliparaglidingtours.com\/fr\/wp-json\/wp\/v2\/product_tag?post=4882"}],"curies":[{"name":"wp","href":"https:\/\/api.w.org\/{rel}","templated":true}]}}