{"id":4843,"date":"2023-08-05T16:32:48","date_gmt":"2023-08-05T08:32:48","guid":{"rendered":"https:\/\/baliparaglidingtours.com\/product\/parapente-a-bali-tours-aeriens-des-falaises-duluwatu-et-de-la-plage-de-nusa-dua\/"},"modified":"2025-06-19T10:42:31","modified_gmt":"2025-06-19T02:42:31","slug":"parapente-a-bali-tours-aeriens-des-falaises-duluwatu-et-de-la-plage-de-nusa-dua","status":"publish","type":"product","link":"https:\/\/baliparaglidingtours.com\/fr\/product\/parapente-a-bali-tours-aeriens-des-falaises-duluwatu-et-de-la-plage-de-nusa-dua\/","title":{"rendered":"Parapente \u00e0 Bali : tours a\u00e9riens des falaises d&rsquo;Uluwatu et de la plage de Nusa Dua"},"content":{"rendered":"\t<div id=\"text-37782370\" class=\"text\">\n\t\t\n<p style=\"text-align: left;\">Pr\u00e9parez-vous \u00e0 une aventure exaltante avec le Parapente Bali Uluwatu  Falaises de Nusa Dua ! Planez haut au-dessus des paysages \u00e9poustouflants de Bali en exp\u00e9rimentant le frisson du parapente en tandem. Sentez le vent sous vos ailes tandis que vous glissez au-dessus des majestueuses falaises d&rsquo;Uluwatu et de Nusa Dua, admirant des vues \u00e0 couper le souffle sur les eaux turquoise et la verdure luxuriante.  <\/p>\n<p>Cette activit\u00e9 stimulante d&rsquo;adr\u00e9naline est parfaite pour les amateurs de sensations fortes et les passionn\u00e9s de nature. Que vous soyez d\u00e9butant, nos instructeurs experts vous assureront une exp\u00e9rience s\u00fbre et inoubliable. Ne manquez pas cette opportunit\u00e9 unique de conqu\u00e9rir les cieux de Bali avec Parapente Bali. R\u00e9servez votre aventure maintenant et laissez vos r\u00eaves prendre leur envol au-dessus du Parapente Uluwatu Bali.   <\/p>\n<p><strong>INCLUSIONS :<\/strong><\/p>\n<ul>\n<li>15 ou 30 minutes de vol dans les airs (selon l&rsquo;option choisie)<\/li>\n<li>Cam\u00e9ra d&rsquo;action avec perche \u00e0 selfie<\/li>\n<li>Couverture d&rsquo;assurance<\/li>\n<li>Frais de transaction\/r\u00e9servation<\/li>\n<\/ul>\n<p><strong>EXCLUSIONS :<\/strong><\/p>\n<ul>\n<li>Transports<\/li>\n<li>Repas\/boissons<\/li>\n<li>D\u00e9penses personnelles<\/li>\n<\/ul>\n<p><strong>ITIN\u00c9RAIRE :<\/strong><\/p>\n<ul>\n<li><strong>Arriv\u00e9e au point de rendez-vous, Validation de votre r\u00e9servation, Nouvelle mesure du poids et \u00e9quipement (0-10 minutes)<\/strong><\/li>\n<li><strong>Vol dans les airs (15 ou 30 minutes selon l&rsquo;option choisie) (15-30 minutes)<\/strong><\/li>\n<li><strong>Transfert des s\u00e9quences vid\u00e9o sur votre t\u00e9l\u00e9phone portable, Assurez-vous d&rsquo;avoir suffisamment d&rsquo;espace m\u00e9moire, 4-6 Go requis (5-10 minutes)<\/strong><\/li>\n<li><strong>Fin des activit\u00e9s, Temps libre<\/strong><\/li>\n<\/ul>\n<p><strong>L&rsquo;estimation du temps total pour l&rsquo;ensemble du processus est de 30-35 minutes pour un vol de 15 minutes, et de 45-50 minutes pour un vol de 30 minutes. 6-8 pilotes peuvent voler en m\u00eame temps <\/strong><\/p>\n<p><strong>INFORMATIONS COMPL\u00c9MENTAIRES :<\/strong><\/p>\n<ul>\n<li>Ces activit\u00e9s ne sont pas recommand\u00e9es pour les voyageuses enceintes, les personnes souffrant de probl\u00e8mes cardiaques ou d&rsquo;autres conditions m\u00e9dicales graves<\/li>\n<li>Les participants doivent \u00eatre \u00e2g\u00e9s de 5 \u00e0 60 ans<\/li>\n<li>Le poids maximal des participants ne doit pas d\u00e9passer 110 KG <\/li>\n<li>Ces activit\u00e9s d\u00e9pendent des conditions m\u00e9t\u00e9orologiques et de vent, Nous pouvons proposer un report ou un remboursement en cas d&rsquo;impossibilit\u00e9 de vol le jour s\u00e9lectionn\u00e9 en raison d&rsquo;un changement m\u00e9t\u00e9orologique soudain.<\/li>\n<\/ul>\n<p><strong>POINT DE RENDEZ-VOUS  VALIDATION<\/strong><br \/>\n<iframe loading=\"lazy\" src=\"https:\/\/www.google.com\/maps\/d\/u\/2\/embed?mid=1qAvdNHm6hhUu5Le9c7m_8Vl_D4mndOkehbc=2E312Fnoprof=1\" width=\"640\" height=\"280\"><\/iframe><\/p>\n<ul>\n<li><strong>Falaises de Nusa Dua ou Uluwatu<\/strong>, Consultez la <a href=\"https:\/\/baliparaglidingtours.com\/contact\/\">carte des sites de vol<\/a><strong>. <\/strong>Nous envoyons l&#8217;emplacement exact du vol apr\u00e8s r\u00e9ception de votre r\u00e9servation<\/li>\n<li>Le point de d\u00e9collage et d&rsquo;atterrissage est le m\u00eame sauf en cas d&rsquo;urgence, L&rsquo;atterrissage se fera sur la c\u00f4te, Vous serez transport\u00e9 de retour au point de d\u00e9collage<\/li>\n<\/ul>\n<p>Veuillez pr\u00e9senter votre r\u00e9capitulatif de r\u00e9servation \u00e0 notre comptoir d&rsquo;enregistrement pour validation.<\/p>\n<p><strong>POLITIQUE D&rsquo;ANNULATION  DE REMBOURSEMENT<\/strong><\/p>\n<ul>\n<li>Pour demander une annulation ou une modification de r\u00e9servation, veuillez nous en informer au moins 12 heures avant l&rsquo;heure de votre vol.<\/li>\n<li>Pour modifier, reporter ou annuler votre r\u00e9servation, veuillez r\u00e9pondre \u00e0 l&rsquo;e-mail ou via WhatsApp en incluant votre num\u00e9ro de commande.<\/li>\n<li>Votre remboursement sera trait\u00e9 imm\u00e9diatement sur votre carte. Nous utilisons la passerelle de paiement PayPal pour accepter et rembourser votre paiement. <\/li>\n<li>Vous obtiendrez le remboursement moins les frais de transaction, si le vol n&rsquo;est pas possible le jour s\u00e9lectionn\u00e9 en raison des conditions m\u00e9t\u00e9orologiques ou d&rsquo;un vent insuffisant pour le vol.<\/li>\n<li>Plus d&rsquo;informations : <a href=\"https:\/\/wa.me\/6285237041667\">Discutez avec nous sur WhatsApp<\/a><\/li>\n<\/ul>\n<p><strong>Note :<\/strong><\/p>\n<p><strong>Ce tarif ne sera valable que pour une confirmation avec r\u00e9servation en ligne uniquement.<\/strong><\/p>\n<p><em><span style=\"color: #000000;\"><strong>Cette activit\u00e9 fonctionne avec la vitesse et les conditions naturelles du vent. L&rsquo;horaire du vol peut subir des retards\/changements en cas de probl\u00e8me de vent\/m\u00e9t\u00e9o.  <\/strong><strong>Vous serez notifi\u00e9 (pour les r\u00e9servations confirm\u00e9es et pay\u00e9es) avant votre arriv\u00e9e. Pour plus de d\u00e9tails, veuillez nous contacter par e-mail ou <a style=\"color: #000000;\" href=\"https:\/\/wa.me\/6285237041667\" target=\"_blank\" rel=\"noopener\">WhatsApp<\/a>  <\/strong><\/span><\/em><\/p>\n\t\t\n<style>\n#text-37782370 {\n  line-height: 1.2;\n}\n<\/style>\n\t<\/div>\n\t\n","protected":false},"excerpt":{"rendered":"<p>Profitez de la beaut\u00e9 \u00e0 couper le souffle de Bali depuis les cieux avec notre exp\u00e9rience de parapente haut de gamme ! Survolez les paysages stup\u00e9fiants au-dessus d&rsquo;Uluwatu et de la c\u00f4te de Nusa Dua et admirez les vues incroyables en parapente \u00e0 Bali. Options disponibles de 15 ou 30 minutes, depuis Uluwatu ou la plage de Pandawa\/Timbis. Pr\u00e9parez-vous \u00e0 une exp\u00e9rience exaltante qui vous laissera en redemander !    <\/p>\n","protected":false},"featured_media":5643,"comment_status":"closed","ping_status":"closed","template":"","meta":[],"product_brand":[],"product_cat":[87],"product_tag":[],"class_list":{"0":"post-4843","1":"product","2":"type-product","3":"status-publish","4":"has-post-thumbnail","6":"product_cat-non-categorise","7":"wcpa_has_options","9":"first","10":"instock","11":"featured","12":"shipping-taxable","13":"purchasable","14":"product-type-variable","15":"has-default-attributes"},"yoast_head":"<!-- This site is optimized with the Yoast SEO plugin v27.2 - https:\/\/yoast.com\/product\/yoast-seo-wordpress\/ -->\n<title>Parapente \u00e0 Bali : tours a\u00e9riens des falaises d&#039;Uluwatu et de la plage de Nusa Dua - Bali Paragliding Tours<\/title>\n<meta name=\"description\" content=\"Parapente tandem \u00e0 Bali: Uluwatu et Nusa Dua. 60$\/pers, photos offertes. R\u00e9sa derni\u00e8re minute ok\" \/>\n<meta name=\"robots\" content=\"index, follow, max-snippet:-1, max-image-preview:large, max-video-preview:-1\" \/>\n<link rel=\"canonical\" href=\"https:\/\/baliparaglidingtours.com\/fr\/product\/parapente-a-bali-tours-aeriens-des-falaises-duluwatu-et-de-la-plage-de-nusa-dua\/\" \/>\n<meta property=\"og:locale\" content=\"fr_FR\" \/>\n<meta property=\"og:type\" content=\"article\" \/>\n<meta property=\"og:title\" content=\"Parapente \u00e0 Bali : tours a\u00e9riens des falaises d&#039;Uluwatu et de la plage de Nusa Dua - Bali Paragliding Tours\" \/>\n<meta property=\"og:description\" content=\"Parapente tandem \u00e0 Bali: Uluwatu et Nusa Dua. 60$\/pers, photos offertes. R\u00e9sa derni\u00e8re minute ok\" \/>\n<meta property=\"og:url\" content=\"https:\/\/baliparaglidingtours.com\/fr\/product\/parapente-a-bali-tours-aeriens-des-falaises-duluwatu-et-de-la-plage-de-nusa-dua\/\" \/>\n<meta property=\"og:site_name\" content=\"Bali Paragliding Tours\" \/>\n<meta property=\"article:publisher\" content=\"https:\/\/facebook.com\/bali.paragliding\" \/>\n<meta property=\"article:modified_time\" content=\"2025-06-19T02:42:31+00:00\" \/>\n<meta property=\"og:image\" content=\"https:\/\/baliparaglidingtours.com\/wp-content\/uploads\/2023\/08\/paragliding-bali-uluwatu.webp\" \/>\n\t<meta property=\"og:image:width\" content=\"1200\" \/>\n\t<meta property=\"og:image:height\" content=\"1200\" \/>\n\t<meta property=\"og:image:type\" content=\"image\/webp\" \/>\n<meta name=\"twitter:card\" content=\"summary_large_image\" \/>\n<meta name=\"twitter:label1\" content=\"Dur\u00e9e de lecture estim\u00e9e\" \/>\n\t<meta name=\"twitter:data1\" content=\"3 minutes\" \/>\n<script type=\"application\/ld+json\" class=\"yoast-schema-graph\">{\"@context\":\"https:\/\/schema.org\",\"@graph\":[{\"@type\":\"WebPage\",\"@id\":\"https:\/\/baliparaglidingtours.com\/fr\/product\/parapente-a-bali-tours-aeriens-des-falaises-duluwatu-et-de-la-plage-de-nusa-dua\/\",\"url\":\"https:\/\/baliparaglidingtours.com\/fr\/product\/parapente-a-bali-tours-aeriens-des-falaises-duluwatu-et-de-la-plage-de-nusa-dua\/\",\"name\":\"Parapente \u00e0 Bali : tours a\u00e9riens des falaises d'Uluwatu et de la plage de Nusa Dua - Bali Paragliding Tours\",\"isPartOf\":{\"@id\":\"https:\/\/darkgreen-panther-294679.hostingersite.com\/#website\"},\"primaryImageOfPage\":{\"@id\":\"https:\/\/baliparaglidingtours.com\/fr\/product\/parapente-a-bali-tours-aeriens-des-falaises-duluwatu-et-de-la-plage-de-nusa-dua\/#primaryimage\"},\"image\":{\"@id\":\"https:\/\/baliparaglidingtours.com\/fr\/product\/parapente-a-bali-tours-aeriens-des-falaises-duluwatu-et-de-la-plage-de-nusa-dua\/#primaryimage\"},\"thumbnailUrl\":\"https:\/\/baliparaglidingtours.com\/wp-content\/uploads\/2023\/08\/paragliding-bali-uluwatu.webp\",\"datePublished\":\"2023-08-05T08:32:48+00:00\",\"dateModified\":\"2025-06-19T02:42:31+00:00\",\"description\":\"Parapente tandem \u00e0 Bali: Uluwatu et Nusa Dua. 60$\/pers, photos offertes. R\u00e9sa derni\u00e8re minute ok\",\"breadcrumb\":{\"@id\":\"https:\/\/baliparaglidingtours.com\/fr\/product\/parapente-a-bali-tours-aeriens-des-falaises-duluwatu-et-de-la-plage-de-nusa-dua\/#breadcrumb\"},\"inLanguage\":\"fr-FR\",\"potentialAction\":[{\"@type\":\"ReadAction\",\"target\":[\"https:\/\/baliparaglidingtours.com\/fr\/product\/parapente-a-bali-tours-aeriens-des-falaises-duluwatu-et-de-la-plage-de-nusa-dua\/\"]}]},{\"@type\":\"ImageObject\",\"inLanguage\":\"fr-FR\",\"@id\":\"https:\/\/baliparaglidingtours.com\/fr\/product\/parapente-a-bali-tours-aeriens-des-falaises-duluwatu-et-de-la-plage-de-nusa-dua\/#primaryimage\",\"url\":\"https:\/\/baliparaglidingtours.com\/wp-content\/uploads\/2023\/08\/paragliding-bali-uluwatu.webp\",\"contentUrl\":\"https:\/\/baliparaglidingtours.com\/wp-content\/uploads\/2023\/08\/paragliding-bali-uluwatu.webp\",\"width\":1200,\"height\":1200,\"caption\":\"paragliding Bali uluwatu\"},{\"@type\":\"BreadcrumbList\",\"@id\":\"https:\/\/baliparaglidingtours.com\/fr\/product\/parapente-a-bali-tours-aeriens-des-falaises-duluwatu-et-de-la-plage-de-nusa-dua\/#breadcrumb\",\"itemListElement\":[{\"@type\":\"ListItem\",\"position\":1,\"name\":\"Home\",\"item\":\"https:\/\/baliparaglidingtours.com\/fr\/\"},{\"@type\":\"ListItem\",\"position\":2,\"name\":\"Boutique\",\"item\":\"https:\/\/baliparaglidingtours.com\/\"},{\"@type\":\"ListItem\",\"position\":3,\"name\":\"Parapente \u00e0 Bali : tours a\u00e9riens des falaises d&#8217;Uluwatu et de la plage de Nusa Dua\"}]},{\"@type\":\"WebSite\",\"@id\":\"https:\/\/darkgreen-panther-294679.hostingersite.com\/#website\",\"url\":\"https:\/\/darkgreen-panther-294679.hostingersite.com\/\",\"name\":\"Bali Paragliding Tours\",\"description\":\"The best and first tandem paragliding in Bali\",\"publisher\":{\"@id\":\"https:\/\/darkgreen-panther-294679.hostingersite.com\/#organization\"},\"potentialAction\":[{\"@type\":\"SearchAction\",\"target\":{\"@type\":\"EntryPoint\",\"urlTemplate\":\"https:\/\/darkgreen-panther-294679.hostingersite.com\/?s={search_term_string}\"},\"query-input\":{\"@type\":\"PropertyValueSpecification\",\"valueRequired\":true,\"valueName\":\"search_term_string\"}}],\"inLanguage\":\"fr-FR\"},{\"@type\":\"Organization\",\"@id\":\"https:\/\/darkgreen-panther-294679.hostingersite.com\/#organization\",\"name\":\"Bali Paragliding Tours\",\"url\":\"https:\/\/darkgreen-panther-294679.hostingersite.com\/\",\"logo\":{\"@type\":\"ImageObject\",\"inLanguage\":\"fr-FR\",\"@id\":\"https:\/\/darkgreen-panther-294679.hostingersite.com\/#\/schema\/logo\/image\/\",\"url\":\"https:\/\/baliparaglidingtours.com\/wp-content\/uploads\/2019\/07\/Logopit_1563347307259-1.png\",\"contentUrl\":\"https:\/\/baliparaglidingtours.com\/wp-content\/uploads\/2019\/07\/Logopit_1563347307259-1.png\",\"width\":2160,\"height\":2160,\"caption\":\"Bali Paragliding Tours\"},\"image\":{\"@id\":\"https:\/\/darkgreen-panther-294679.hostingersite.com\/#\/schema\/logo\/image\/\"},\"sameAs\":[\"https:\/\/facebook.com\/bali.paragliding\"]}]}<\/script>\n<!-- \/ Yoast SEO plugin. -->","yoast_head_json":{"title":"Parapente \u00e0 Bali : tours a\u00e9riens des falaises d'Uluwatu et de la plage de Nusa Dua - Bali Paragliding Tours","description":"Parapente tandem \u00e0 Bali: Uluwatu et Nusa Dua. 60$\/pers, photos offertes. R\u00e9sa derni\u00e8re minute ok","robots":{"index":"index","follow":"follow","max-snippet":"max-snippet:-1","max-image-preview":"max-image-preview:large","max-video-preview":"max-video-preview:-1"},"canonical":"https:\/\/baliparaglidingtours.com\/fr\/product\/parapente-a-bali-tours-aeriens-des-falaises-duluwatu-et-de-la-plage-de-nusa-dua\/","og_locale":"fr_FR","og_type":"article","og_title":"Parapente \u00e0 Bali : tours a\u00e9riens des falaises d'Uluwatu et de la plage de Nusa Dua - Bali Paragliding Tours","og_description":"Parapente tandem \u00e0 Bali: Uluwatu et Nusa Dua. 60$\/pers, photos offertes. R\u00e9sa derni\u00e8re minute ok","og_url":"https:\/\/baliparaglidingtours.com\/fr\/product\/parapente-a-bali-tours-aeriens-des-falaises-duluwatu-et-de-la-plage-de-nusa-dua\/","og_site_name":"Bali Paragliding Tours","article_publisher":"https:\/\/facebook.com\/bali.paragliding","article_modified_time":"2025-06-19T02:42:31+00:00","og_image":[{"width":1200,"height":1200,"url":"https:\/\/baliparaglidingtours.com\/wp-content\/uploads\/2023\/08\/paragliding-bali-uluwatu.webp","type":"image\/webp"}],"twitter_card":"summary_large_image","twitter_misc":{"Dur\u00e9e de lecture estim\u00e9e":"3 minutes"},"schema":{"@context":"https:\/\/schema.org","@graph":[{"@type":"WebPage","@id":"https:\/\/baliparaglidingtours.com\/fr\/product\/parapente-a-bali-tours-aeriens-des-falaises-duluwatu-et-de-la-plage-de-nusa-dua\/","url":"https:\/\/baliparaglidingtours.com\/fr\/product\/parapente-a-bali-tours-aeriens-des-falaises-duluwatu-et-de-la-plage-de-nusa-dua\/","name":"Parapente \u00e0 Bali : tours a\u00e9riens des falaises d'Uluwatu et de la plage de Nusa Dua - Bali Paragliding Tours","isPartOf":{"@id":"https:\/\/darkgreen-panther-294679.hostingersite.com\/#website"},"primaryImageOfPage":{"@id":"https:\/\/baliparaglidingtours.com\/fr\/product\/parapente-a-bali-tours-aeriens-des-falaises-duluwatu-et-de-la-plage-de-nusa-dua\/#primaryimage"},"image":{"@id":"https:\/\/baliparaglidingtours.com\/fr\/product\/parapente-a-bali-tours-aeriens-des-falaises-duluwatu-et-de-la-plage-de-nusa-dua\/#primaryimage"},"thumbnailUrl":"https:\/\/baliparaglidingtours.com\/wp-content\/uploads\/2023\/08\/paragliding-bali-uluwatu.webp","datePublished":"2023-08-05T08:32:48+00:00","dateModified":"2025-06-19T02:42:31+00:00","description":"Parapente tandem \u00e0 Bali: Uluwatu et Nusa Dua. 60$\/pers, photos offertes. R\u00e9sa derni\u00e8re minute ok","breadcrumb":{"@id":"https:\/\/baliparaglidingtours.com\/fr\/product\/parapente-a-bali-tours-aeriens-des-falaises-duluwatu-et-de-la-plage-de-nusa-dua\/#breadcrumb"},"inLanguage":"fr-FR","potentialAction":[{"@type":"ReadAction","target":["https:\/\/baliparaglidingtours.com\/fr\/product\/parapente-a-bali-tours-aeriens-des-falaises-duluwatu-et-de-la-plage-de-nusa-dua\/"]}]},{"@type":"ImageObject","inLanguage":"fr-FR","@id":"https:\/\/baliparaglidingtours.com\/fr\/product\/parapente-a-bali-tours-aeriens-des-falaises-duluwatu-et-de-la-plage-de-nusa-dua\/#primaryimage","url":"https:\/\/baliparaglidingtours.com\/wp-content\/uploads\/2023\/08\/paragliding-bali-uluwatu.webp","contentUrl":"https:\/\/baliparaglidingtours.com\/wp-content\/uploads\/2023\/08\/paragliding-bali-uluwatu.webp","width":1200,"height":1200,"caption":"paragliding Bali uluwatu"},{"@type":"BreadcrumbList","@id":"https:\/\/baliparaglidingtours.com\/fr\/product\/parapente-a-bali-tours-aeriens-des-falaises-duluwatu-et-de-la-plage-de-nusa-dua\/#breadcrumb","itemListElement":[{"@type":"ListItem","position":1,"name":"Home","item":"https:\/\/baliparaglidingtours.com\/fr\/"},{"@type":"ListItem","position":2,"name":"Boutique","item":"https:\/\/baliparaglidingtours.com\/"},{"@type":"ListItem","position":3,"name":"Parapente \u00e0 Bali : tours a\u00e9riens des falaises d&#8217;Uluwatu et de la plage de Nusa Dua"}]},{"@type":"WebSite","@id":"https:\/\/darkgreen-panther-294679.hostingersite.com\/#website","url":"https:\/\/darkgreen-panther-294679.hostingersite.com\/","name":"Bali Paragliding Tours","description":"The best and first tandem paragliding in Bali","publisher":{"@id":"https:\/\/darkgreen-panther-294679.hostingersite.com\/#organization"},"potentialAction":[{"@type":"SearchAction","target":{"@type":"EntryPoint","urlTemplate":"https:\/\/darkgreen-panther-294679.hostingersite.com\/?s={search_term_string}"},"query-input":{"@type":"PropertyValueSpecification","valueRequired":true,"valueName":"search_term_string"}}],"inLanguage":"fr-FR"},{"@type":"Organization","@id":"https:\/\/darkgreen-panther-294679.hostingersite.com\/#organization","name":"Bali Paragliding Tours","url":"https:\/\/darkgreen-panther-294679.hostingersite.com\/","logo":{"@type":"ImageObject","inLanguage":"fr-FR","@id":"https:\/\/darkgreen-panther-294679.hostingersite.com\/#\/schema\/logo\/image\/","url":"https:\/\/baliparaglidingtours.com\/wp-content\/uploads\/2019\/07\/Logopit_1563347307259-1.png","contentUrl":"https:\/\/baliparaglidingtours.com\/wp-content\/uploads\/2019\/07\/Logopit_1563347307259-1.png","width":2160,"height":2160,"caption":"Bali Paragliding Tours"},"image":{"@id":"https:\/\/darkgreen-panther-294679.hostingersite.com\/#\/schema\/logo\/image\/"},"sameAs":["https:\/\/facebook.com\/bali.paragliding"]}]}},"_links":{"self":[{"href":"https:\/\/baliparaglidingtours.com\/fr\/wp-json\/wp\/v2\/product\/4843","targetHints":{"allow":["GET"]}}],"collection":[{"href":"https:\/\/baliparaglidingtours.com\/fr\/wp-json\/wp\/v2\/product"}],"about":[{"href":"https:\/\/baliparaglidingtours.com\/fr\/wp-json\/wp\/v2\/types\/product"}],"replies":[{"embeddable":true,"href":"https:\/\/baliparaglidingtours.com\/fr\/wp-json\/wp\/v2\/comments?post=4843"}],"wp:featuredmedia":[{"embeddable":true,"href":"https:\/\/baliparaglidingtours.com\/fr\/wp-json\/wp\/v2\/media\/5643"}],"wp:attachment":[{"href":"https:\/\/baliparaglidingtours.com\/fr\/wp-json\/wp\/v2\/media?parent=4843"}],"wp:term":[{"taxonomy":"product_brand","embeddable":true,"href":"https:\/\/baliparaglidingtours.com\/fr\/wp-json\/wp\/v2\/product_brand?post=4843"},{"taxonomy":"product_cat","embeddable":true,"href":"https:\/\/baliparaglidingtours.com\/fr\/wp-json\/wp\/v2\/product_cat?post=4843"},{"taxonomy":"product_tag","embeddable":true,"href":"https:\/\/baliparaglidingtours.com\/fr\/wp-json\/wp\/v2\/product_tag?post=4843"}],"curies":[{"name":"wp","href":"https:\/\/api.w.org\/{rel}","templated":true}]}}