{"id":4963,"date":"2019-01-18T06:48:22","date_gmt":"2019-01-17T22:48:22","guid":{"rendered":"https:\/\/baliparaglidingtours.com\/contact-et-lieu-de-rencontrecontact-flight-location\/"},"modified":"2025-06-20T13:44:43","modified_gmt":"2025-06-20T05:44:43","slug":"contact-et-lieu-de-rencontrecontact-flight-location","status":"publish","type":"page","link":"https:\/\/baliparaglidingtours.com\/fr\/contact-et-lieu-de-rencontrecontact-flight-location\/","title":{"rendered":"contact et lieu de rencontre"},"content":{"rendered":"\n<h3 class=\"accordion_title\">Lieu de rencontre<\/h3><div class=\"accordion\">\n\n\t<div id=\"accordion-135306829\" class=\"accordion-item\">\n\t\t<a id=\"accordion-135306829-label\" class=\"accordion-title plain\" href=\"#accordion-item-vol-nusa-dua-(avril-\u00e0-juin)\" aria-expanded=\"false\" aria-controls=\"accordion-135306829-content\">\n\t\t\t<button class=\"toggle\" aria-label=\"Basculer\"><i class=\"icon-angle-down\" aria-hidden=\"true\"><\/i><\/button>\n\t\t\t<span>Vol Nusa Dua (avril \u00e0 juin)<\/span>\n\t\t<\/a>\n\t\t<div id=\"accordion-135306829-content\" class=\"accordion-inner\" aria-labelledby=\"accordion-135306829-label\">\n\t\t\t\n\n<div class=\"message-box relative dark\" style=\"padding-top:15px;padding-bottom:15px;\"><div class=\"message-box-bg-image bg-fill fill\" ><\/div><div class=\"message-box-bg-overlay bg-fill fill\" ><\/div><div class=\"container relative\"><div class=\"inner last-reset\">\n\n<div class=\"row align-middle align-center\"  id=\"row-1090974300\">\n\n\n\t<div id=\"col-772890872\" class=\"col medium-9 small-12 large-9\"  >\n\t\t\t\t<div class=\"col-inner\"  >\n\t\t\t\n\t\t\t\n\n<p>Situ\u00e9 au sud de Nusa Dua, survolez la c\u00f4te au-dessus de Gunung Payung et de la plage de Sawangan, avec vue sur les plages immacul\u00e9es et les complexes h\u00f4teliers de luxe. D\u00e9part et atterrissage au m\u00eame endroit. D\u00e9collage \u00e0 environ 70 m\u00e8tres du niveau de la mer. <\/p>\n\n\n\t\t<\/div>\n\t\t\t\t\t<\/div>\n\n\t\n\n\t<div id=\"col-246860102\" class=\"col medium-2 small-12 large-2\"  >\n\t\t\t\t<div class=\"col-inner text-center\"  >\n\t\t\t\n\t\t\t\n\n<a href=\"https:\/\/maps.app.goo.gl\/dUbKRb5rGoSiFVCR6\" class=\"button white is-outline\" style=\"border-radius:99px;\">\n\t\t<span>Carte Google<\/span>\n\t<\/a>\n\n\n\n\t\t<\/div>\n\t\t\t\t\t<\/div>\n\n\t\n\n<\/div>\n\n<\/div><\/div><\/div>\n\n\t\t<\/div>\n\t<\/div>\n\t\n\t<div id=\"accordion-2040043983\" class=\"accordion-item\">\n\t\t<a id=\"accordion-2040043983-label\" class=\"accordion-title plain\" href=\"#accordion-item-east-uluwatu-site-(-april-to-november)\" aria-expanded=\"false\" aria-controls=\"accordion-2040043983-content\">\n\t\t\t<button class=\"toggle\" aria-label=\"Basculer\"><i class=\"icon-angle-down\" aria-hidden=\"true\"><\/i><\/button>\n\t\t\t<span>East Uluwatu Site ( April to November)<\/span>\n\t\t<\/a>\n\t\t<div id=\"accordion-2040043983-content\" class=\"accordion-inner\" aria-labelledby=\"accordion-2040043983-label\">\n\t\t\t\n\n<div class=\"message-box relative dark\" style=\"padding-top:15px;padding-bottom:15px;\"><div class=\"message-box-bg-image bg-fill fill\" ><\/div><div class=\"message-box-bg-overlay bg-fill fill\" ><\/div><div class=\"container relative\"><div class=\"inner last-reset\">\n\n<div class=\"row align-middle align-center\"  id=\"row-1796298722\">\n\n\n\t<div id=\"col-661944000\" class=\"col medium-9 small-12 large-9\"  >\n\t\t\t\t<div class=\"col-inner\"  >\n\t\t\t\n\t\t\t\n\n<p> Situ\u00e9 juste au-dessus des plages de Pandawa et de Timbis. Vol disponible pendant la saison estivale, de juillet \u00e0 novembre. D\u00e9part et arriv\u00e9e au m\u00eame endroit. Situ\u00e9 \u00e0 environ 80 m\u00e8tres au-dessus du niveau de la mer.    <\/p>\n\n\n\t\t<\/div>\n\t\t\t\t\t<\/div>\n\n\t\n\n\t<div id=\"col-1567397507\" class=\"col medium-2 small-12 large-2\"  >\n\t\t\t\t<div class=\"col-inner text-center\"  >\n\t\t\t\n\t\t\t\n\n<a href=\"https:\/\/maps.app.goo.gl\/FgRSh3uPexG2SP9KA\" class=\"button white is-outline\" style=\"border-radius:99px;\">\n\t\t<span>Carte Google<\/span>\n\t<\/a>\n\n\n\n\t\t<\/div>\n\t\t\t\t\t<\/div>\n\n\t\n\n<\/div>\n\n<\/div><\/div><\/div>\n\n\t\t<\/div>\n\t<\/div>\n\t\n\t<div id=\"accordion-2151545346\" class=\"accordion-item\">\n\t\t<a id=\"accordion-2151545346-label\" class=\"accordion-title plain\" href=\"#accordion-item-vols-vers-l&apos;ouest-d&apos;uluwatu-(de-d\u00e9cembre-\u00e0-avril)\" aria-expanded=\"false\" aria-controls=\"accordion-2151545346-content\">\n\t\t\t<button class=\"toggle\" aria-label=\"Basculer\"><i class=\"icon-angle-down\" aria-hidden=\"true\"><\/i><\/button>\n\t\t\t<span>Vols vers l&apos;ouest d&apos;Uluwatu (de d\u00e9cembre \u00e0 avril)<\/span>\n\t\t<\/a>\n\t\t<div id=\"accordion-2151545346-content\" class=\"accordion-inner\" aria-labelledby=\"accordion-2151545346-label\">\n\t\t\t\n\n<div class=\"message-box relative dark\" style=\"padding-top:15px;padding-bottom:15px;\"><div class=\"message-box-bg-image bg-fill fill\" ><\/div><div class=\"message-box-bg-overlay bg-fill fill\" ><\/div><div class=\"container relative\"><div class=\"inner last-reset\">\n\n<div class=\"row align-middle align-center\"  id=\"row-775273116\">\n\n\n\t<div id=\"col-1046330807\" class=\"col medium-9 small-12 large-9\"  >\n\t\t\t\t<div class=\"col-inner\"  >\n\t\t\t\n\t\t\t\n\n<p>Les meilleures chances de survoler Uluwatu sont de d\u00e9cembre \u00e0 mars. Volez le long des plages de Nyang Nyang et de Nunggalan \u00e0 Uluwatu. Le vol d\u00e9marre depuis la falaise, \u00e0 environ 100 m\u00e8tres au-dessus du niveau de la mer.  <\/p>\n\n\t\t<\/div>\n\t\t\t\t\t<\/div>\n\n\t\n\n\t<div id=\"col-447592509\" class=\"col medium-2 small-12 large-2\"  >\n\t\t\t\t<div class=\"col-inner text-center\"  >\n\t\t\t\n\t\t\t\n\n<a href=\"https:\/\/maps.app.goo.gl\/U8ddH9K8ngjsCkzx6\" class=\"button white is-outline\" style=\"border-radius:99px;\">\n\t\t<span>Carte Google<\/span>\n\t<\/a>\n\n\n\n\t\t<\/div>\n\t\t\t\t\t<\/div>\n\n\t\n\n<\/div>\n\n<\/div><\/div><\/div>\n\n\t\t<\/div>\n\t<\/div>\n\t\n\n<\/div>\n<h3>Notes<\/h3>\n<p>La disponibilit\u00e9 des vols d\u00e9pend des conditions m\u00e9t\u00e9orologiques et du vent. Le lieu exact du vol sera mis \u00e0 jour \u00e0 la date de votre choix. Notre service client vous contactera par e-mail ou WhatsApp.  <\/p>\n<a href=\"https:\/\/wa.me\/6285237041667\" class=\"button success is-shade is-larger box-shadow-4 box-shadow-5-hover\" style=\"border-radius:10px;\">\n\t\t<span>Whatsapp<\/span>\n\t<i class=\"icon-whatsapp\" aria-hidden=\"true\"><\/i><\/a>\n\n\n<div class=\"social-icons follow-icons\" ><a href=\"http:\/\/bali.paragliding\" target=\"_blank\" data-label=\"Facebook\" class=\"icon button circle is-outline tooltip facebook\" title=\"Nous suivre sur Facebook\" aria-label=\"Nous suivre sur Facebook\" rel=\"noopener nofollow\"><i class=\"icon-facebook\" aria-hidden=\"true\"><\/i><\/a><a href=\"http:\/\/baliparaglidingtandemtours\" target=\"_blank\" data-label=\"Instagram\" class=\"icon button circle is-outline tooltip instagram\" title=\"Nous suivre sur Instagram\" aria-label=\"Nous suivre sur Instagram\" rel=\"noopener nofollow\"><i class=\"icon-instagram\" aria-hidden=\"true\"><\/i><\/a><a href=\"mailto:baliparaglidingtandem@gmail.com\" data-label=\"E-mail\" target=\"_blank\" class=\"icon button circle is-outline tooltip email\" title=\"Nous envoyer un email\" aria-label=\"Nous envoyer un email\" rel=\"nofollow noopener\"><i class=\"icon-envelop\" aria-hidden=\"true\"><\/i><\/a><a href=\"tel:+6285237041667\" data-label=\"Phone\" target=\"_blank\" class=\"icon button circle is-outline tooltip phone\" title=\"Appelez-nous\" aria-label=\"Appelez-nous\" rel=\"nofollow noopener\"><i class=\"icon-phone\" aria-hidden=\"true\"><\/i><\/a><a href=\"https:\/\/t.me\/baliparaglidingtours\" data-label=\"Telegram\" target=\"_blank\" class=\"icon button circle is-outline tooltip telegram\" title=\"Nous suivre sur Telegram\" aria-label=\"Nous suivre sur Telegram\" rel=\"noopener nofollow\"><i class=\"icon-telegram\" aria-hidden=\"true\"><\/i><\/a><\/div>\n\n\n","protected":false},"excerpt":{"rendered":"","protected":false},"author":1,"featured_media":0,"parent":0,"menu_order":0,"comment_status":"closed","ping_status":"closed","template":"","meta":{"footnotes":""},"class_list":["post-4963","page","type-page","status-publish","hentry"],"yoast_head":"<!-- This site is optimized with the Yoast SEO plugin v27.2 - https:\/\/yoast.com\/product\/yoast-seo-wordpress\/ -->\n<title>contact et lieu de rencontre Bali Paragliding Tours<\/title>\n<meta name=\"description\" content=\"Sites de parapente \u00e0 Bali, Contact et Plans en ligne des d\u00e9collages et atterrissages pour le parapente \u00e0 Bali avec Bali Paragliding Tours.\" \/>\n<meta name=\"robots\" content=\"index, follow, max-snippet:-1, max-image-preview:large, max-video-preview:-1\" \/>\n<link rel=\"canonical\" href=\"https:\/\/baliparaglidingtours.com\/fr\/contact-et-lieu-de-rencontrecontact-flight-location\/\" \/>\n<meta property=\"og:locale\" content=\"fr_FR\" \/>\n<meta property=\"og:type\" content=\"article\" \/>\n<meta property=\"og:title\" content=\"contact et lieu de rencontre Bali Paragliding Tours\" \/>\n<meta property=\"og:description\" content=\"Sites de parapente \u00e0 Bali, Contact et Plans en ligne des d\u00e9collages et atterrissages pour le parapente \u00e0 Bali avec Bali Paragliding Tours.\" \/>\n<meta property=\"og:url\" content=\"https:\/\/baliparaglidingtours.com\/fr\/contact-et-lieu-de-rencontrecontact-flight-location\/\" \/>\n<meta property=\"og:site_name\" content=\"Bali Paragliding Tours\" \/>\n<meta property=\"article:publisher\" content=\"https:\/\/facebook.com\/bali.paragliding\" \/>\n<meta property=\"article:modified_time\" content=\"2025-06-20T05:44:43+00:00\" \/>\n<meta name=\"twitter:card\" content=\"summary_large_image\" \/>\n<meta name=\"twitter:label1\" content=\"Dur\u00e9e de lecture estim\u00e9e\" \/>\n\t<meta name=\"twitter:data1\" content=\"2 minutes\" \/>\n<script type=\"application\/ld+json\" class=\"yoast-schema-graph\">{\"@context\":\"https:\/\/schema.org\",\"@graph\":[{\"@type\":\"WebPage\",\"@id\":\"https:\/\/baliparaglidingtours.com\/fr\/contact-et-lieu-de-rencontrecontact-flight-location\/\",\"url\":\"https:\/\/baliparaglidingtours.com\/fr\/contact-et-lieu-de-rencontrecontact-flight-location\/\",\"name\":\"contact et lieu de rencontre Bali Paragliding Tours\",\"isPartOf\":{\"@id\":\"https:\/\/darkgreen-panther-294679.hostingersite.com\/#website\"},\"datePublished\":\"2019-01-17T22:48:22+00:00\",\"dateModified\":\"2025-06-20T05:44:43+00:00\",\"description\":\"Sites de parapente \u00e0 Bali, Contact et Plans en ligne des d\u00e9collages et atterrissages pour le parapente \u00e0 Bali avec Bali Paragliding Tours.\",\"breadcrumb\":{\"@id\":\"https:\/\/baliparaglidingtours.com\/fr\/contact-et-lieu-de-rencontrecontact-flight-location\/#breadcrumb\"},\"inLanguage\":\"fr-FR\",\"potentialAction\":[{\"@type\":\"ReadAction\",\"target\":[\"https:\/\/baliparaglidingtours.com\/fr\/contact-et-lieu-de-rencontrecontact-flight-location\/\"]}]},{\"@type\":\"BreadcrumbList\",\"@id\":\"https:\/\/baliparaglidingtours.com\/fr\/contact-et-lieu-de-rencontrecontact-flight-location\/#breadcrumb\",\"itemListElement\":[{\"@type\":\"ListItem\",\"position\":1,\"name\":\"Home\",\"item\":\"https:\/\/baliparaglidingtours.com\/fr\/\"},{\"@type\":\"ListItem\",\"position\":2,\"name\":\"contact et lieu de rencontre\"}]},{\"@type\":\"WebSite\",\"@id\":\"https:\/\/darkgreen-panther-294679.hostingersite.com\/#website\",\"url\":\"https:\/\/darkgreen-panther-294679.hostingersite.com\/\",\"name\":\"Bali Paragliding Tours\",\"description\":\"The best and first tandem paragliding in Bali\",\"publisher\":{\"@id\":\"https:\/\/darkgreen-panther-294679.hostingersite.com\/#organization\"},\"potentialAction\":[{\"@type\":\"SearchAction\",\"target\":{\"@type\":\"EntryPoint\",\"urlTemplate\":\"https:\/\/darkgreen-panther-294679.hostingersite.com\/?s={search_term_string}\"},\"query-input\":{\"@type\":\"PropertyValueSpecification\",\"valueRequired\":true,\"valueName\":\"search_term_string\"}}],\"inLanguage\":\"fr-FR\"},{\"@type\":\"Organization\",\"@id\":\"https:\/\/darkgreen-panther-294679.hostingersite.com\/#organization\",\"name\":\"Bali Paragliding Tours\",\"url\":\"https:\/\/darkgreen-panther-294679.hostingersite.com\/\",\"logo\":{\"@type\":\"ImageObject\",\"inLanguage\":\"fr-FR\",\"@id\":\"https:\/\/darkgreen-panther-294679.hostingersite.com\/#\/schema\/logo\/image\/\",\"url\":\"https:\/\/baliparaglidingtours.com\/wp-content\/uploads\/2019\/07\/Logopit_1563347307259-1.png\",\"contentUrl\":\"https:\/\/baliparaglidingtours.com\/wp-content\/uploads\/2019\/07\/Logopit_1563347307259-1.png\",\"width\":2160,\"height\":2160,\"caption\":\"Bali Paragliding Tours\"},\"image\":{\"@id\":\"https:\/\/darkgreen-panther-294679.hostingersite.com\/#\/schema\/logo\/image\/\"},\"sameAs\":[\"https:\/\/facebook.com\/bali.paragliding\"]}]}<\/script>\n<!-- \/ Yoast SEO plugin. -->","yoast_head_json":{"title":"contact et lieu de rencontre Bali Paragliding Tours","description":"Sites de parapente \u00e0 Bali, Contact et Plans en ligne des d\u00e9collages et atterrissages pour le parapente \u00e0 Bali avec Bali Paragliding Tours.","robots":{"index":"index","follow":"follow","max-snippet":"max-snippet:-1","max-image-preview":"max-image-preview:large","max-video-preview":"max-video-preview:-1"},"canonical":"https:\/\/baliparaglidingtours.com\/fr\/contact-et-lieu-de-rencontrecontact-flight-location\/","og_locale":"fr_FR","og_type":"article","og_title":"contact et lieu de rencontre Bali Paragliding Tours","og_description":"Sites de parapente \u00e0 Bali, Contact et Plans en ligne des d\u00e9collages et atterrissages pour le parapente \u00e0 Bali avec Bali Paragliding Tours.","og_url":"https:\/\/baliparaglidingtours.com\/fr\/contact-et-lieu-de-rencontrecontact-flight-location\/","og_site_name":"Bali Paragliding Tours","article_publisher":"https:\/\/facebook.com\/bali.paragliding","article_modified_time":"2025-06-20T05:44:43+00:00","twitter_card":"summary_large_image","twitter_misc":{"Dur\u00e9e de lecture estim\u00e9e":"2 minutes"},"schema":{"@context":"https:\/\/schema.org","@graph":[{"@type":"WebPage","@id":"https:\/\/baliparaglidingtours.com\/fr\/contact-et-lieu-de-rencontrecontact-flight-location\/","url":"https:\/\/baliparaglidingtours.com\/fr\/contact-et-lieu-de-rencontrecontact-flight-location\/","name":"contact et lieu de rencontre Bali Paragliding Tours","isPartOf":{"@id":"https:\/\/darkgreen-panther-294679.hostingersite.com\/#website"},"datePublished":"2019-01-17T22:48:22+00:00","dateModified":"2025-06-20T05:44:43+00:00","description":"Sites de parapente \u00e0 Bali, Contact et Plans en ligne des d\u00e9collages et atterrissages pour le parapente \u00e0 Bali avec Bali Paragliding Tours.","breadcrumb":{"@id":"https:\/\/baliparaglidingtours.com\/fr\/contact-et-lieu-de-rencontrecontact-flight-location\/#breadcrumb"},"inLanguage":"fr-FR","potentialAction":[{"@type":"ReadAction","target":["https:\/\/baliparaglidingtours.com\/fr\/contact-et-lieu-de-rencontrecontact-flight-location\/"]}]},{"@type":"BreadcrumbList","@id":"https:\/\/baliparaglidingtours.com\/fr\/contact-et-lieu-de-rencontrecontact-flight-location\/#breadcrumb","itemListElement":[{"@type":"ListItem","position":1,"name":"Home","item":"https:\/\/baliparaglidingtours.com\/fr\/"},{"@type":"ListItem","position":2,"name":"contact et lieu de rencontre"}]},{"@type":"WebSite","@id":"https:\/\/darkgreen-panther-294679.hostingersite.com\/#website","url":"https:\/\/darkgreen-panther-294679.hostingersite.com\/","name":"Bali Paragliding Tours","description":"The best and first tandem paragliding in Bali","publisher":{"@id":"https:\/\/darkgreen-panther-294679.hostingersite.com\/#organization"},"potentialAction":[{"@type":"SearchAction","target":{"@type":"EntryPoint","urlTemplate":"https:\/\/darkgreen-panther-294679.hostingersite.com\/?s={search_term_string}"},"query-input":{"@type":"PropertyValueSpecification","valueRequired":true,"valueName":"search_term_string"}}],"inLanguage":"fr-FR"},{"@type":"Organization","@id":"https:\/\/darkgreen-panther-294679.hostingersite.com\/#organization","name":"Bali Paragliding Tours","url":"https:\/\/darkgreen-panther-294679.hostingersite.com\/","logo":{"@type":"ImageObject","inLanguage":"fr-FR","@id":"https:\/\/darkgreen-panther-294679.hostingersite.com\/#\/schema\/logo\/image\/","url":"https:\/\/baliparaglidingtours.com\/wp-content\/uploads\/2019\/07\/Logopit_1563347307259-1.png","contentUrl":"https:\/\/baliparaglidingtours.com\/wp-content\/uploads\/2019\/07\/Logopit_1563347307259-1.png","width":2160,"height":2160,"caption":"Bali Paragliding Tours"},"image":{"@id":"https:\/\/darkgreen-panther-294679.hostingersite.com\/#\/schema\/logo\/image\/"},"sameAs":["https:\/\/facebook.com\/bali.paragliding"]}]}},"_links":{"self":[{"href":"https:\/\/baliparaglidingtours.com\/fr\/wp-json\/wp\/v2\/pages\/4963","targetHints":{"allow":["GET"]}}],"collection":[{"href":"https:\/\/baliparaglidingtours.com\/fr\/wp-json\/wp\/v2\/pages"}],"about":[{"href":"https:\/\/baliparaglidingtours.com\/fr\/wp-json\/wp\/v2\/types\/page"}],"author":[{"embeddable":true,"href":"https:\/\/baliparaglidingtours.com\/fr\/wp-json\/wp\/v2\/users\/1"}],"replies":[{"embeddable":true,"href":"https:\/\/baliparaglidingtours.com\/fr\/wp-json\/wp\/v2\/comments?post=4963"}],"version-history":[{"count":3,"href":"https:\/\/baliparaglidingtours.com\/fr\/wp-json\/wp\/v2\/pages\/4963\/revisions"}],"predecessor-version":[{"id":4966,"href":"https:\/\/baliparaglidingtours.com\/fr\/wp-json\/wp\/v2\/pages\/4963\/revisions\/4966"}],"wp:attachment":[{"href":"https:\/\/baliparaglidingtours.com\/fr\/wp-json\/wp\/v2\/media?parent=4963"}],"curies":[{"name":"wp","href":"https:\/\/api.w.org\/{rel}","templated":true}]}}