{"id":4982,"date":"2024-04-14T16:49:59","date_gmt":"2024-04-14T08:49:59","guid":{"rendered":"https:\/\/baliparaglidingtours.com\/product\/parapente-en-la-playa-de-timbis-bali-con-video\/"},"modified":"2025-06-21T12:33:55","modified_gmt":"2025-06-21T04:33:55","slug":"parapente-en-la-playa-de-timbis-bali-con-video","status":"publish","type":"product","link":"https:\/\/baliparaglidingtours.com\/es\/product\/parapente-en-la-playa-de-timbis-bali-con-video\/","title":{"rendered":"Parapente en la playa de Timbis, Bali, con v\u00eddeo"},"content":{"rendered":"<p><span style=\"color: #282828;\"><div class=\"container section-title-container\" ><h3 class=\"section-title section-title-normal\"><b aria-hidden=\"true\"><\/b><span class=\"section-title-main\" >parapente en Timbis, Bali<\/span><b aria-hidden=\"true\"><\/b><\/h3><\/div><\/span><\/p>\n<p><span style=\"color: #282828;\">Emb\u00e1rcate en una aventura impresionante sobre los impresionantes paisajes de Bali con Timbis Paragliding Bali, \u00a1el pionero del parapente biplaza en Bali! Siente la adrenalina al despegar desde la playa de Timbis, sobrevolando exuberantes selvas y aguas cristalinas. <\/span><\/p>\n<p><span style=\"color: #282828;\"><div class=\"container section-title-container\" ><h3 class=\"section-title section-title-normal\"><b aria-hidden=\"true\"><\/b><span class=\"section-title-main\" >\u00bfC\u00f3mo va?<\/span><b aria-hidden=\"true\"><\/b><\/h3><\/div><\/span><\/p>\n<div class=\"flex-1 overflow-hidden\">\n<div class=\"react-scroll-to-bottom--css-vqrye-79elbk h-full\">\n<div class=\"react-scroll-to-bottom--css-vqrye-1n7m0yu\">\n<div class=\"flex flex-col text-sm pb-9\">\n<div class=\"w-full text-token-text-primary\" dir=\"auto\" data-testid=\"conversation-turn-13\">\n<div class=\"px-4 py-2 justify-center text-base md:gap-6 m-auto\">\n<div class=\"flex flex-1 text-base mx-auto gap-3 juice:gap-4 juice:md:gap-6 md:px-5 lg:px-1 xl:px-5 md:max-w-3xl lg:max-w-[40rem] xl:max-w-[48rem] group final-completion\">\n<div class=\"relative flex w-full flex-col agent-turn\">\n<div class=\"flex-col gap-1 md:gap-3\">\n<div class=\"flex flex-grow flex-col max-w-full\">\n<div class=\"min-h-[20px] text-message flex flex-col items-start gap-3 whitespace-pre-wrap break-words [.text-message+&amp;]:mt-5 overflow-x-auto\" dir=\"auto\" data-message-author-role=\"assistant\" data-message-id=\"cfebe402-417f-4a81-918b-cf5ba9228e0a\">\n<div class=\"markdown prose w-full break-words dark:prose-invert dark\">\n<ol>\n<li><span style=\"color: #282828;\"><strong>Sesi\u00f3n informativa previa al vuelo:<\/strong> Tu aventura comienza con una completa sesi\u00f3n informativa previa al vuelo impartida por tu piloto biplaza. Te explicar\u00e1n los fundamentos del parapente, los procedimientos de seguridad y qu\u00e9 esperar durante el vuelo. Tambi\u00e9n te proporcionaremos un arn\u00e9s y un casco para garantizar tu comodidad y seguridad durante toda la experiencia.  <\/span><\/li>\n<li><span style=\"color: #282828;\"><strong>Preparaci\u00f3n para el despegue<\/strong>: Una vez equipado y listo para despegar, se dirigir\u00e1 al punto de despegue designado, generalmente ubicado en la cima de una colina o acantilado con vistas panor\u00e1micas a los impresionantes paisajes de Bali. Su piloto inspeccionar\u00e1 cuidadosamente el equipo y evaluar\u00e1 las condiciones meteorol\u00f3gicas para garantizar un despegue seguro. <\/span><\/li>\n<li><span style=\"color: #282828;\"><strong>Despegue<\/strong>: Con el piloto detr\u00e1s de ti y firmemente sujeto al parapente, avanzar\u00e1n juntos unos pasos, ganando impulso gradualmente a medida que el viento azota la vela. Antes de que te des cuenta, te elevar\u00e1s del suelo, sintiendo la emocionante sensaci\u00f3n de ingravidez mientras asciendes hacia el cielo. <\/span><\/li>\n<li><span style=\"color: #282828;\"><strong>Surcando los Cielos<\/strong>: Una vez en el aire, disfrutar\u00e1 de impresionantes vistas panor\u00e1micas de la belleza natural de Bali. Desl\u00edcese con elegancia mientras su piloto maniobra el parapente, se\u00f1alando los lugares emblem\u00e1ticos y compartiendo sus impresiones sobre el paisaje. Disfrute del paisaje y tome fotos o videos para conmemorar la experiencia.  <\/span><\/li>\n<li><span style=\"color: #282828;\"><strong>Duraci\u00f3n del vuelo<\/strong>: La duraci\u00f3n de su vuelo en parapente biplaza variar\u00e1 seg\u00fan factores como las condiciones meteorol\u00f3gicas y el paquete espec\u00edfico que haya elegido. Normalmente, los vuelos duran entre 15 y 30 minutos, tiempo suficiente para disfrutar de la sensaci\u00f3n de volar y admirar las impresionantes vistas. <\/span><\/li>\n<li><span style=\"color: #282828;\"><strong>Aterrizaje<\/strong>: Al finalizar el vuelo, el piloto lo preparar\u00e1 para un aterrizaje suave en tierra firme. Con la gu\u00eda experta, descender\u00e1 suavemente y tocar\u00e1 tierra con una sensaci\u00f3n de euforia y logro. T\u00f3mese un momento para disfrutar de la experiencia y reflexionar sobre el inolvidable viaje que acaba de completar.  <\/span><\/li>\n<\/ol>\n<\/div>\n<\/div>\n<\/div>\n<div class=\"mt-1 flex gap-3 empty:hidden\">\n<div class=\"text-gray-400 flex self-end lg:self-center items-center justify-center lg:justify-start mt-0 -ml-1 h-7 gap-[2px] visible\">\n<div class=\"flex\"><\/div>\n<\/div>\n<\/div>\n<\/div>\n<\/div>\n<\/div>\n<\/div>\n<\/div>\n<\/div>\n<\/div>\n<\/div>\n<\/div>\n<p><span style=\"color: #282828;\"><div class=\"container section-title-container\" ><h3 class=\"section-title section-title-normal\"><b aria-hidden=\"true\"><\/b><span class=\"section-title-main\" >T\u00e9rminos y condiciones<\/span><b aria-hidden=\"true\"><\/b><\/h3><\/div><\/span><\/p>\n<p><span style=\"color: #282828;\"><\/span><\/p>\n<p><span style=\"color: #282828;\"><strong>INCLUSIONES:<\/strong><\/span><\/p>\n<ul>\n<li><span style=\"color: #282828;\">Parapente Timbis Bali 15 o 30 minutos de vuelo en el aire<\/span><\/li>\n<li><span style=\"color: #282828;\">C\u00e1mara de acci\u00f3n con palo para selfies<\/span><\/li>\n<li><span style=\"color: #282828;\">Cobertura de seguro<\/span><\/li>\n<\/ul>\n<p><span style=\"color: #282828;\"><strong>EXCLUYE:<\/strong><\/span><\/p>\n<ul>\n<li><span style=\"color: #282828;\">Transportes<\/span><\/li>\n<li><span style=\"color: #282828;\">Comidas\/bebidas<\/span><\/li>\n<li><span style=\"color: #282828;\">Gastos personales<\/span><\/li>\n<li><span style=\"color: #282828;\">Tarifa de transacci\u00f3n\/reserva<\/span><\/li>\n<\/ul>\n<p><span style=\"color: #282828;\"><strong>INFORMACI\u00d3N ADICIONAL:<\/strong><\/span><\/p>\n<ul>\n<li><span style=\"color: #282828;\">Esta actividad no se recomienda para viajeros embarazadas, personas con problemas card\u00edacos u otras condiciones m\u00e9dicas graves<\/span><\/li>\n<li><span style=\"color: #282828;\">Los participantes deben tener entre 5 y 60 a\u00f1os de edad<\/span><\/li>\n<li><span style=\"color: #282828;\">El peso m\u00e1ximo del participante no debe exceder los 110 KG <\/span><\/li>\n<li><span style=\"color: #282828;\">Esta actividad depende de las condiciones meteorol\u00f3gicas y del viento. Podemos ofrecer reprogramaci\u00f3n o reembolso en caso de que el vuelo no est\u00e9 disponible el d\u00eda seleccionado debido a cambios repentinos en el clima.<\/span><\/li>\n<\/ul>\n<p><span style=\"color: #282828;\"><strong>PUNTO DE ENCUENTRO Y CANJE<\/strong><\/span><\/p>\n<ul>\n<li><span style=\"color: #282828;\">El punto de encuentro y la ubicaci\u00f3n del enlace se confirmar\u00e1n ya que tenemos varias bases de vuelo (ubicadas cerca una de la otra). La direcci\u00f3n exacta se informar\u00e1 por correo electr\u00f3nico o WhatsApp despu\u00e9s de que recibamos su reserva.<\/span><\/li>\n<li><span style=\"color: #282828;\">Por favor, muestre el resumen de su reserva en nuestro mostrador de registro para su canje<\/span><\/li>\n<\/ul>\n<p><span style=\"color: #282828;\"><strong>POL\u00cdTICA DE CANCELACI\u00d3N Y REEMBOLSO<\/strong><\/span><\/p>\n<ul>\n<li><span style=\"color: #282828;\">Para solicitar la cancelaci\u00f3n o modificaci\u00f3n de la reserva, por favor notif\u00edquenos al menos 12 horas antes de su hora de vuelo.<\/span><\/li>\n<li><span style=\"color: #282828;\">Para modificar, reprogramar o cancelar su reserva, por favor responda al correo electr\u00f3nico o v\u00eda WhatsApp incluyendo su n\u00famero de pedido.<\/span><\/li>\n<li><span style=\"color: #282828;\">Su reembolso se procesar\u00e1 inmediatamente a su tarjeta. Utilizamos la pasarela de pago de PayPal para aceptar y reembolsar su pago. <\/span><\/li>\n<li><span style=\"color: #282828;\">Recibir\u00e1 el reembolso menos la comisi\u00f3n de transacci\u00f3n, si el vuelo no es posible en el d\u00eda seleccionado debido al clima o a la falta de vientos suficientes para el vuelo.<\/span><\/li>\n<li><span style=\"color: #282828;\">M\u00e1s informaci\u00f3n: <a style=\"color: #282828;\" href=\"https:\/\/wa.me\/6285237041667\">Chatea con nosotros en WhatsApp<\/a><\/span><\/li>\n<\/ul>\n<p><span style=\"color: #282828;\"><strong>Nota:<\/strong><\/span><\/p>\n<p><span style=\"color: #282828;\"><strong>Paragliding availability is contingent upon weather and wind conditions. Please note that scheduled flights may be subject to change or cancellation due to unfavorable weather or high wind speeds. Safety is our priority. Thank you for your understanding., Please contact us via Email or <a style=\"color: #282828;\" href=\"https:\/\/wa.me\/6285237041667\" target=\"_blank\" rel=\"noopener\">Whatsapp<\/a> for more details<\/strong><\/span><br \/>\n<span style=\"color: #282828;\"><\/span><\/p>\n","protected":false},"excerpt":{"rendered":"<p>Parapente en la playa. \u00danete a una experiencia extraordinaria con parapente en Timbis, Bali. Vuela sobre Timbis y la playa de Pandawa. Disponible por 15 o 30 minutos al mejor precio, incluye c\u00e1mara de acci\u00f3n para grabar tu vuelo. Reserva ahora. Reserva online de \u00faltima hora. Playa de Timbis, Bali, con v\u00eddeo. <\/p>\n","protected":false},"featured_media":4538,"comment_status":"closed","ping_status":"closed","template":"","meta":[],"product_brand":[],"product_cat":[92],"product_tag":[],"class_list":{"0":"post-4982","1":"product","2":"type-product","3":"status-publish","4":"has-post-thumbnail","6":"product_cat-sin-categoria","7":"wcpa_has_options","9":"first","10":"instock","11":"sale","12":"shipping-taxable","13":"purchasable","14":"product-type-variable","15":"has-default-attributes"},"yoast_head":"<!-- This site is optimized with the Yoast SEO plugin v27.4 - https:\/\/yoast.com\/product\/yoast-seo-wordpress\/ -->\n<title>Parapente en la playa de Timbis, Bali, con v\u00eddeo - Bali Paragliding Tours<\/title>\n<meta name=\"description\" content=\"\u00danase al Parapente en T\u00e1ndem en Bali en Nusa Dua. Obtenga documentaci\u00f3n fotogr\u00e1fica\/videogr\u00e1fica gratuita. Reserve en l\u00ednea hoy y obtenga el precio directo. Reserva de \u00faltima hora con confirmaci\u00f3n instant\u00e1nea\" \/>\n<meta name=\"robots\" content=\"index, follow, max-snippet:-1, max-image-preview:large, max-video-preview:-1\" \/>\n<link rel=\"canonical\" href=\"https:\/\/baliparaglidingtours.com\/es\/product\/parapente-en-la-playa-de-timbis-bali-con-video\/\" \/>\n<meta property=\"og:locale\" content=\"es_ES\" \/>\n<meta property=\"og:type\" content=\"article\" \/>\n<meta property=\"og:title\" content=\"Parapente en la playa de Timbis, Bali, con v\u00eddeo - Bali Paragliding Tours\" \/>\n<meta property=\"og:description\" content=\"\u00danase al Parapente en T\u00e1ndem en Bali en Nusa Dua. Obtenga documentaci\u00f3n fotogr\u00e1fica\/videogr\u00e1fica gratuita. Reserve en l\u00ednea hoy y obtenga el precio directo. Reserva de \u00faltima hora con confirmaci\u00f3n instant\u00e1nea\" \/>\n<meta property=\"og:url\" content=\"https:\/\/baliparaglidingtours.com\/es\/product\/parapente-en-la-playa-de-timbis-bali-con-video\/\" \/>\n<meta property=\"og:site_name\" content=\"Bali Paragliding Tours\" \/>\n<meta property=\"article:publisher\" content=\"https:\/\/facebook.com\/bali.paragliding\" \/>\n<meta property=\"article:modified_time\" content=\"2025-06-21T04:33:55+00:00\" \/>\n<meta property=\"og:image\" content=\"https:\/\/baliparaglidingtours.com\/wp-content\/uploads\/2023\/08\/20230614_124145_compress23.jpg\" \/>\n\t<meta property=\"og:image:width\" content=\"1344\" \/>\n\t<meta property=\"og:image:height\" content=\"756\" \/>\n\t<meta property=\"og:image:type\" content=\"image\/jpeg\" \/>\n<meta name=\"twitter:card\" content=\"summary_large_image\" \/>\n<meta name=\"twitter:label1\" content=\"Tiempo de lectura\" \/>\n\t<meta name=\"twitter:data1\" content=\"4 minutos\" \/>\n<script type=\"application\/ld+json\" class=\"yoast-schema-graph\">{\"@context\":\"https:\\\/\\\/schema.org\",\"@graph\":[{\"@type\":\"WebPage\",\"@id\":\"https:\\\/\\\/baliparaglidingtours.com\\\/es\\\/product\\\/parapente-en-la-playa-de-timbis-bali-con-video\\\/\",\"url\":\"https:\\\/\\\/baliparaglidingtours.com\\\/es\\\/product\\\/parapente-en-la-playa-de-timbis-bali-con-video\\\/\",\"name\":\"Parapente en la playa de Timbis, Bali, con v\u00eddeo - Bali Paragliding Tours\",\"isPartOf\":{\"@id\":\"https:\\\/\\\/darkgreen-panther-294679.hostingersite.com\\\/#website\"},\"primaryImageOfPage\":{\"@id\":\"https:\\\/\\\/baliparaglidingtours.com\\\/es\\\/product\\\/parapente-en-la-playa-de-timbis-bali-con-video\\\/#primaryimage\"},\"image\":{\"@id\":\"https:\\\/\\\/baliparaglidingtours.com\\\/es\\\/product\\\/parapente-en-la-playa-de-timbis-bali-con-video\\\/#primaryimage\"},\"thumbnailUrl\":\"https:\\\/\\\/baliparaglidingtours.com\\\/wp-content\\\/uploads\\\/2023\\\/08\\\/20230614_124145_compress23.jpg\",\"datePublished\":\"2024-04-14T08:49:59+00:00\",\"dateModified\":\"2025-06-21T04:33:55+00:00\",\"description\":\"\u00danase al Parapente en T\u00e1ndem en Bali en Nusa Dua. Obtenga documentaci\u00f3n fotogr\u00e1fica\\\/videogr\u00e1fica gratuita. Reserve en l\u00ednea hoy y obtenga el precio directo. Reserva de \u00faltima hora con confirmaci\u00f3n instant\u00e1nea\",\"breadcrumb\":{\"@id\":\"https:\\\/\\\/baliparaglidingtours.com\\\/es\\\/product\\\/parapente-en-la-playa-de-timbis-bali-con-video\\\/#breadcrumb\"},\"inLanguage\":\"es\",\"potentialAction\":[{\"@type\":\"ReadAction\",\"target\":[\"https:\\\/\\\/baliparaglidingtours.com\\\/es\\\/product\\\/parapente-en-la-playa-de-timbis-bali-con-video\\\/\"]}]},{\"@type\":\"ImageObject\",\"inLanguage\":\"es\",\"@id\":\"https:\\\/\\\/baliparaglidingtours.com\\\/es\\\/product\\\/parapente-en-la-playa-de-timbis-bali-con-video\\\/#primaryimage\",\"url\":\"https:\\\/\\\/baliparaglidingtours.com\\\/wp-content\\\/uploads\\\/2023\\\/08\\\/20230614_124145_compress23.jpg\",\"contentUrl\":\"https:\\\/\\\/baliparaglidingtours.com\\\/wp-content\\\/uploads\\\/2023\\\/08\\\/20230614_124145_compress23.jpg\",\"width\":1344,\"height\":756,\"caption\":\"Paragliding baliParapente en Timbis, Bali\"},{\"@type\":\"BreadcrumbList\",\"@id\":\"https:\\\/\\\/baliparaglidingtours.com\\\/es\\\/product\\\/parapente-en-la-playa-de-timbis-bali-con-video\\\/#breadcrumb\",\"itemListElement\":[{\"@type\":\"ListItem\",\"position\":1,\"name\":\"Home\",\"item\":\"https:\\\/\\\/baliparaglidingtours.com\\\/es\\\/\"},{\"@type\":\"ListItem\",\"position\":2,\"name\":\"Tienda\",\"item\":\"https:\\\/\\\/baliparaglidingtours.com\\\/\"},{\"@type\":\"ListItem\",\"position\":3,\"name\":\"Parapente en la playa de Timbis, Bali, con v\u00eddeo\"}]},{\"@type\":\"WebSite\",\"@id\":\"https:\\\/\\\/darkgreen-panther-294679.hostingersite.com\\\/#website\",\"url\":\"https:\\\/\\\/darkgreen-panther-294679.hostingersite.com\\\/\",\"name\":\"Bali Paragliding Tours\",\"description\":\"The best and first tandem paragliding in Bali\",\"publisher\":{\"@id\":\"https:\\\/\\\/darkgreen-panther-294679.hostingersite.com\\\/#organization\"},\"potentialAction\":[{\"@type\":\"SearchAction\",\"target\":{\"@type\":\"EntryPoint\",\"urlTemplate\":\"https:\\\/\\\/darkgreen-panther-294679.hostingersite.com\\\/?s={search_term_string}\"},\"query-input\":{\"@type\":\"PropertyValueSpecification\",\"valueRequired\":true,\"valueName\":\"search_term_string\"}}],\"inLanguage\":\"es\"},{\"@type\":\"Organization\",\"@id\":\"https:\\\/\\\/darkgreen-panther-294679.hostingersite.com\\\/#organization\",\"name\":\"Bali Paragliding Tours\",\"url\":\"https:\\\/\\\/darkgreen-panther-294679.hostingersite.com\\\/\",\"logo\":{\"@type\":\"ImageObject\",\"inLanguage\":\"es\",\"@id\":\"https:\\\/\\\/darkgreen-panther-294679.hostingersite.com\\\/#\\\/schema\\\/logo\\\/image\\\/\",\"url\":\"https:\\\/\\\/baliparaglidingtours.com\\\/wp-content\\\/uploads\\\/2019\\\/07\\\/Logopit_1563347307259-1.png\",\"contentUrl\":\"https:\\\/\\\/baliparaglidingtours.com\\\/wp-content\\\/uploads\\\/2019\\\/07\\\/Logopit_1563347307259-1.png\",\"width\":2160,\"height\":2160,\"caption\":\"Bali Paragliding Tours\"},\"image\":{\"@id\":\"https:\\\/\\\/darkgreen-panther-294679.hostingersite.com\\\/#\\\/schema\\\/logo\\\/image\\\/\"},\"sameAs\":[\"https:\\\/\\\/facebook.com\\\/bali.paragliding\"]}]}<\/script>\n<!-- \/ Yoast SEO plugin. -->","yoast_head_json":{"title":"Parapente en la playa de Timbis, Bali, con v\u00eddeo - Bali Paragliding Tours","description":"\u00danase al Parapente en T\u00e1ndem en Bali en Nusa Dua. Obtenga documentaci\u00f3n fotogr\u00e1fica\/videogr\u00e1fica gratuita. Reserve en l\u00ednea hoy y obtenga el precio directo. Reserva de \u00faltima hora con confirmaci\u00f3n instant\u00e1nea","robots":{"index":"index","follow":"follow","max-snippet":"max-snippet:-1","max-image-preview":"max-image-preview:large","max-video-preview":"max-video-preview:-1"},"canonical":"https:\/\/baliparaglidingtours.com\/es\/product\/parapente-en-la-playa-de-timbis-bali-con-video\/","og_locale":"es_ES","og_type":"article","og_title":"Parapente en la playa de Timbis, Bali, con v\u00eddeo - Bali Paragliding Tours","og_description":"\u00danase al Parapente en T\u00e1ndem en Bali en Nusa Dua. Obtenga documentaci\u00f3n fotogr\u00e1fica\/videogr\u00e1fica gratuita. Reserve en l\u00ednea hoy y obtenga el precio directo. Reserva de \u00faltima hora con confirmaci\u00f3n instant\u00e1nea","og_url":"https:\/\/baliparaglidingtours.com\/es\/product\/parapente-en-la-playa-de-timbis-bali-con-video\/","og_site_name":"Bali Paragliding Tours","article_publisher":"https:\/\/facebook.com\/bali.paragliding","article_modified_time":"2025-06-21T04:33:55+00:00","og_image":[{"width":1344,"height":756,"url":"https:\/\/baliparaglidingtours.com\/wp-content\/uploads\/2023\/08\/20230614_124145_compress23.jpg","type":"image\/jpeg"}],"twitter_card":"summary_large_image","twitter_misc":{"Tiempo de lectura":"4 minutos"},"schema":{"@context":"https:\/\/schema.org","@graph":[{"@type":"WebPage","@id":"https:\/\/baliparaglidingtours.com\/es\/product\/parapente-en-la-playa-de-timbis-bali-con-video\/","url":"https:\/\/baliparaglidingtours.com\/es\/product\/parapente-en-la-playa-de-timbis-bali-con-video\/","name":"Parapente en la playa de Timbis, Bali, con v\u00eddeo - Bali Paragliding Tours","isPartOf":{"@id":"https:\/\/darkgreen-panther-294679.hostingersite.com\/#website"},"primaryImageOfPage":{"@id":"https:\/\/baliparaglidingtours.com\/es\/product\/parapente-en-la-playa-de-timbis-bali-con-video\/#primaryimage"},"image":{"@id":"https:\/\/baliparaglidingtours.com\/es\/product\/parapente-en-la-playa-de-timbis-bali-con-video\/#primaryimage"},"thumbnailUrl":"https:\/\/baliparaglidingtours.com\/wp-content\/uploads\/2023\/08\/20230614_124145_compress23.jpg","datePublished":"2024-04-14T08:49:59+00:00","dateModified":"2025-06-21T04:33:55+00:00","description":"\u00danase al Parapente en T\u00e1ndem en Bali en Nusa Dua. Obtenga documentaci\u00f3n fotogr\u00e1fica\/videogr\u00e1fica gratuita. Reserve en l\u00ednea hoy y obtenga el precio directo. Reserva de \u00faltima hora con confirmaci\u00f3n instant\u00e1nea","breadcrumb":{"@id":"https:\/\/baliparaglidingtours.com\/es\/product\/parapente-en-la-playa-de-timbis-bali-con-video\/#breadcrumb"},"inLanguage":"es","potentialAction":[{"@type":"ReadAction","target":["https:\/\/baliparaglidingtours.com\/es\/product\/parapente-en-la-playa-de-timbis-bali-con-video\/"]}]},{"@type":"ImageObject","inLanguage":"es","@id":"https:\/\/baliparaglidingtours.com\/es\/product\/parapente-en-la-playa-de-timbis-bali-con-video\/#primaryimage","url":"https:\/\/baliparaglidingtours.com\/wp-content\/uploads\/2023\/08\/20230614_124145_compress23.jpg","contentUrl":"https:\/\/baliparaglidingtours.com\/wp-content\/uploads\/2023\/08\/20230614_124145_compress23.jpg","width":1344,"height":756,"caption":"Paragliding baliParapente en Timbis, Bali"},{"@type":"BreadcrumbList","@id":"https:\/\/baliparaglidingtours.com\/es\/product\/parapente-en-la-playa-de-timbis-bali-con-video\/#breadcrumb","itemListElement":[{"@type":"ListItem","position":1,"name":"Home","item":"https:\/\/baliparaglidingtours.com\/es\/"},{"@type":"ListItem","position":2,"name":"Tienda","item":"https:\/\/baliparaglidingtours.com\/"},{"@type":"ListItem","position":3,"name":"Parapente en la playa de Timbis, Bali, con v\u00eddeo"}]},{"@type":"WebSite","@id":"https:\/\/darkgreen-panther-294679.hostingersite.com\/#website","url":"https:\/\/darkgreen-panther-294679.hostingersite.com\/","name":"Bali Paragliding Tours","description":"The best and first tandem paragliding in Bali","publisher":{"@id":"https:\/\/darkgreen-panther-294679.hostingersite.com\/#organization"},"potentialAction":[{"@type":"SearchAction","target":{"@type":"EntryPoint","urlTemplate":"https:\/\/darkgreen-panther-294679.hostingersite.com\/?s={search_term_string}"},"query-input":{"@type":"PropertyValueSpecification","valueRequired":true,"valueName":"search_term_string"}}],"inLanguage":"es"},{"@type":"Organization","@id":"https:\/\/darkgreen-panther-294679.hostingersite.com\/#organization","name":"Bali Paragliding Tours","url":"https:\/\/darkgreen-panther-294679.hostingersite.com\/","logo":{"@type":"ImageObject","inLanguage":"es","@id":"https:\/\/darkgreen-panther-294679.hostingersite.com\/#\/schema\/logo\/image\/","url":"https:\/\/baliparaglidingtours.com\/wp-content\/uploads\/2019\/07\/Logopit_1563347307259-1.png","contentUrl":"https:\/\/baliparaglidingtours.com\/wp-content\/uploads\/2019\/07\/Logopit_1563347307259-1.png","width":2160,"height":2160,"caption":"Bali Paragliding Tours"},"image":{"@id":"https:\/\/darkgreen-panther-294679.hostingersite.com\/#\/schema\/logo\/image\/"},"sameAs":["https:\/\/facebook.com\/bali.paragliding"]}]}},"_links":{"self":[{"href":"https:\/\/baliparaglidingtours.com\/es\/wp-json\/wp\/v2\/product\/4982","targetHints":{"allow":["GET"]}}],"collection":[{"href":"https:\/\/baliparaglidingtours.com\/es\/wp-json\/wp\/v2\/product"}],"about":[{"href":"https:\/\/baliparaglidingtours.com\/es\/wp-json\/wp\/v2\/types\/product"}],"replies":[{"embeddable":true,"href":"https:\/\/baliparaglidingtours.com\/es\/wp-json\/wp\/v2\/comments?post=4982"}],"wp:featuredmedia":[{"embeddable":true,"href":"https:\/\/baliparaglidingtours.com\/es\/wp-json\/wp\/v2\/media\/4538"}],"wp:attachment":[{"href":"https:\/\/baliparaglidingtours.com\/es\/wp-json\/wp\/v2\/media?parent=4982"}],"wp:term":[{"taxonomy":"product_brand","embeddable":true,"href":"https:\/\/baliparaglidingtours.com\/es\/wp-json\/wp\/v2\/product_brand?post=4982"},{"taxonomy":"product_cat","embeddable":true,"href":"https:\/\/baliparaglidingtours.com\/es\/wp-json\/wp\/v2\/product_cat?post=4982"},{"taxonomy":"product_tag","embeddable":true,"href":"https:\/\/baliparaglidingtours.com\/es\/wp-json\/wp\/v2\/product_tag?post=4982"}],"curies":[{"name":"wp","href":"https:\/\/api.w.org\/{rel}","templated":true}]}}