{"id":4942,"date":"2023-01-04T22:00:32","date_gmt":"2023-01-04T14:00:32","guid":{"rendered":"https:\/\/baliparaglidingtours.com\/product\/paquete-de-parasailing-y-deportes-acuaticos-en-bali-traslado-gratuito-desde-el-hotel\/"},"modified":"2023-01-04T22:00:32","modified_gmt":"2023-01-04T14:00:32","slug":"paquete-de-parasailing-y-deportes-acuaticos-en-bali-traslado-gratuito-desde-el-hotel","status":"publish","type":"product","link":"https:\/\/baliparaglidingtours.com\/es\/product\/paquete-de-parasailing-y-deportes-acuaticos-en-bali-traslado-gratuito-desde-el-hotel\/","title":{"rendered":"Paquete de parasailing y deportes acu\u00e1ticos en Bali (traslado gratuito desde el hotel)"},"content":{"rendered":"<ul>\n<li>Reserva m\u00ednima: 2 personas<\/li>\n<li>Lista de precios en USD, puede pagar con cualquier moneda, se convertir\u00e1 autom\u00e1ticamente a su divisa<\/li>\n<li>Precio v\u00e1lido para 1 persona<\/li>\n<\/ul>\n<p><strong>Detalles del paquete: <\/strong><\/p>\n<p>Paquete 1: USD 70\/persona<\/p>\n<ul>\n<li>Parasailing<\/li>\n<li>Banana boat<\/li>\n<li>Moto acu\u00e1tica\/pez volador<\/li>\n<li>Donut tubing<\/li>\n<\/ul>\n<p>Paquete 2: USD 90\/persona<\/p>\n<ul>\n<li>Parasailing<\/li>\n<li>Moto acu\u00e1tica\/pez volador<\/li>\n<li>Banana boat\/Donut tubing<\/li>\n<li>Sea walker\/buceo<\/li>\n<\/ul>\n<p>Paquete 3: USD 100\/persona<\/p>\n<ul>\n<li>Parasailing<\/li>\n<li>Moto acu\u00e1tica\/pez volador\/donut tubing<\/li>\n<li>Sea walker\/buceo<\/li>\n<li>Flyboard<\/li>\n<\/ul>\n<p>&nbsp;<\/p>\n<p>Inclusiones del paquete:<\/p>\n<ul>\n<li>Traslado de ida y vuelta desde y hacia su hotel (\u00c1rea de Nusa Dua, Jimbaran, Uluwatu, Kuta &amp; Seminyak)<\/li>\n<li>Seguro proporcionado por el operador<\/li>\n<li>Todo el equipo de seguridad necesario<\/li>\n<li>Uso de taquilla<\/li>\n<li>Sala de duchas<\/li>\n<li>Sala de ajuste\/Vestuario<\/li>\n<li>Uso de toallas<\/li>\n<\/ul>\n<p><strong>No incluye:<\/strong><\/p>\n<ul>\n<li>Propinas y gratificaciones<\/li>\n<li>Comidas y bebidas<\/li>\n<li>Tarifa de transacci\u00f3n (3.9%)<\/li>\n<\/ul>\n<p><strong>Qu\u00e9 llevar:<\/strong><\/p>\n<ul>\n<li>Protector solar<\/li>\n<li>Traje de ba\u00f1o<\/li>\n<li>Toalla<\/li>\n<li>Ropa extra<\/li>\n<\/ul>\n<p><strong>Elegibilidad:<\/strong><\/p>\n<ul>\n<li>El participante debe tener entre 9 y 60 a\u00f1os de edad<\/li>\n<li>No apto para viajeros embarazadas, personas con problemas card\u00edacos\/respiratorios<\/li>\n<\/ul>\n<p><strong>Confirmaci\u00f3n\/c\u00f3mo utilizar:<\/strong><\/p>\n<ul>\n<li>Recibir\u00e1 la confirmaci\u00f3n en minutos a trav\u00e9s del correo electr\u00f3nico que proporcion\u00f3. Tambi\u00e9n podemos enviarle un mensaje de texto a trav\u00e9s de WhatsApp al n\u00famero que ha proporcionado. Si no ve la confirmaci\u00f3n, cont\u00e1ctenos por correo electr\u00f3nico\/WhatsApp en la p\u00e1gina de <a href=\"https:\/\/baliparaglidingtours.com\/contact-2\/\">Cont\u00e1ctenos<\/a>.  <\/li>\n<li>Puede presentar el resumen de la reserva en la recepci\u00f3n de nuestra empresa para su canje, no se necesita un comprobante impreso. Puede mostrar su comprobante directamente desde su dispositivo. <\/li>\n<\/ul>\n<p><strong>Modificaci\u00f3n de reserva, cancelaci\u00f3n y solicitud de reembolso:<\/strong><\/p>\n<ul>\n<li>Para cancelar, reprogramar y solicitar un reembolso de su reserva, puede contactarnos f\u00e1cilmente por correo electr\u00f3nico o WhatsApp (respuesta r\u00e1pida)<\/li>\n<li>El reembolso se procesar\u00e1 inmediatamente despu\u00e9s de la solicitud. Utilizamos una pasarela de pago PayPal confiable para aceptar y reembolsar pagos. <\/li>\n<li>Recibir\u00e1 el reembolso menos la tarifa de transacci\u00f3n del 3.9%, si el vuelo no es posible en el d\u00eda seleccionado debido al clima o a la falta de vientos suficientes para el vuelo.<\/li>\n<\/ul>\n<p><strong>Acerca de las actividades:<\/strong><\/p>\n<ol>\n<li><strong>Parasailing<\/strong> (6 minutos): Puede volar con su pareja al mismo tiempo, m\u00e1ximo 3 personas en cada sesi\u00f3n. Vuele en medio del oc\u00e9ano, remolcado por un barco especial unido a un paraca\u00eddas <\/li>\n<li><strong>Banana Boat<\/strong> (15 minutos): Paseo de hasta 5 personas, una lancha r\u00e1pida lo llevar\u00e1 al medio del oc\u00e9ano para disfrutar de un divertido paseo lleno de baches.<\/li>\n<li><strong>Doughnut Tubing<\/strong> (15 minutos): Similar al Banana boat, pero m\u00e1s desafiante<\/li>\n<li><strong>Paseo en moto acu\u00e1tica<\/strong> (15 minutos): Monte una moto acu\u00e1tica con instructor, puede conducir tan r\u00e1pido como pueda en medio del mar.<\/li>\n<li><strong>Pez volador<\/strong> (2 rondas aprox. 10 minutos) Vuele sobre el colch\u00f3n volador en forma de bote de goma a alta velocidad. <\/li>\n<li><strong>Sea Walk<\/strong> (1 vez aprox. 30 minutos) Camine bajo el mar y alimente a los peces acompa\u00f1ado por un instructor profesional<\/li>\n<li><strong>Buceo introductorio<\/strong> (1 vez aprox. 30 minutos) Aprenda a bucear con un maestro de buceo y comience a explorar la vida submarina<\/li>\n<li><strong>Flyboard<\/strong> (20 minutos): Un flyboarder se para sobre una tabla especial similar a una tabla de snowboard\/wakeboard que es propulsada por una fuerza de agua a alta presi\u00f3n. Esta fuerza de agua proviene de una moto acu\u00e1tica conectada de 200 cv. Un piloto de flyboard puede volar hasta 5 metros en el aire o sumergirse de cabeza en el agua.  <\/li>\n<\/ol>\n<p>&nbsp;<\/p>\n","protected":false},"excerpt":{"rendered":"<p>Paquete de parasailing en t\u00e1ndem y deportes acu\u00e1ticos en la pr\u00edstina pen\u00ednsula de Nusa Dua, al sur de Bali. Todos los paquetes incluyen traslado al hotel (Lista de \u00e1reas de cobertura, lea las descripciones completas). Reserva m\u00ednima de 2 personas, precio por persona, lista de precios en USD  <\/p>\n","protected":false},"featured_media":4286,"comment_status":"closed","ping_status":"closed","template":"","meta":[],"product_brand":[],"product_cat":[97],"product_tag":[],"class_list":{"0":"post-4942","1":"product","2":"type-product","3":"status-publish","4":"has-post-thumbnail","6":"product_cat-deportes-acuaticos","7":"wcpa_has_options","9":"first","10":"instock","11":"featured","12":"shipping-taxable","13":"purchasable","14":"product-type-variable"},"yoast_head":"<!-- This site is optimized with the Yoast SEO plugin v27.2 - https:\/\/yoast.com\/product\/yoast-seo-wordpress\/ -->\n<title>Paquete de parasailing y deportes acu\u00e1ticos en Bali (traslado gratuito desde el hotel) - Bali Paragliding Tours<\/title>\n<meta name=\"description\" content=\"Paquete Bali: parasailing + 3 deportes acu\u00e1ticos, traslados. 4 actividades por $70. \u00a1Reserve ya!\" \/>\n<meta name=\"robots\" content=\"index, follow, max-snippet:-1, max-image-preview:large, max-video-preview:-1\" \/>\n<link rel=\"canonical\" href=\"https:\/\/baliparaglidingtours.com\/es\/product\/paquete-de-parasailing-y-deportes-acuaticos-en-bali-traslado-gratuito-desde-el-hotel\/\" \/>\n<meta property=\"og:locale\" content=\"es_ES\" \/>\n<meta property=\"og:type\" content=\"article\" \/>\n<meta property=\"og:title\" content=\"Paquete de parasailing y deportes acu\u00e1ticos en Bali (traslado gratuito desde el hotel) - Bali Paragliding Tours\" \/>\n<meta property=\"og:description\" content=\"Paquete Bali: parasailing + 3 deportes acu\u00e1ticos, traslados. 4 actividades por $70. \u00a1Reserve ya!\" \/>\n<meta property=\"og:url\" content=\"https:\/\/baliparaglidingtours.com\/es\/product\/paquete-de-parasailing-y-deportes-acuaticos-en-bali-traslado-gratuito-desde-el-hotel\/\" \/>\n<meta property=\"og:site_name\" content=\"Bali Paragliding Tours\" \/>\n<meta property=\"article:publisher\" content=\"https:\/\/facebook.com\/bali.paragliding\" \/>\n<meta property=\"og:image\" content=\"https:\/\/baliparaglidingtours.com\/wp-content\/uploads\/2020\/01\/bali-fly-board.png\" \/>\n\t<meta property=\"og:image:width\" content=\"779\" \/>\n\t<meta property=\"og:image:height\" content=\"779\" \/>\n\t<meta property=\"og:image:type\" content=\"image\/png\" \/>\n<meta name=\"twitter:card\" content=\"summary_large_image\" \/>\n<meta name=\"twitter:label1\" content=\"Tiempo de lectura\" \/>\n\t<meta name=\"twitter:data1\" content=\"3 minutos\" \/>\n<script type=\"application\/ld+json\" class=\"yoast-schema-graph\">{\"@context\":\"https:\/\/schema.org\",\"@graph\":[{\"@type\":\"WebPage\",\"@id\":\"https:\/\/baliparaglidingtours.com\/es\/product\/paquete-de-parasailing-y-deportes-acuaticos-en-bali-traslado-gratuito-desde-el-hotel\/\",\"url\":\"https:\/\/baliparaglidingtours.com\/es\/product\/paquete-de-parasailing-y-deportes-acuaticos-en-bali-traslado-gratuito-desde-el-hotel\/\",\"name\":\"Paquete de parasailing y deportes acu\u00e1ticos en Bali (traslado gratuito desde el hotel) - Bali Paragliding Tours\",\"isPartOf\":{\"@id\":\"https:\/\/darkgreen-panther-294679.hostingersite.com\/#website\"},\"primaryImageOfPage\":{\"@id\":\"https:\/\/baliparaglidingtours.com\/es\/product\/paquete-de-parasailing-y-deportes-acuaticos-en-bali-traslado-gratuito-desde-el-hotel\/#primaryimage\"},\"image\":{\"@id\":\"https:\/\/baliparaglidingtours.com\/es\/product\/paquete-de-parasailing-y-deportes-acuaticos-en-bali-traslado-gratuito-desde-el-hotel\/#primaryimage\"},\"thumbnailUrl\":\"https:\/\/baliparaglidingtours.com\/wp-content\/uploads\/2020\/01\/bali-fly-board.png\",\"datePublished\":\"2023-01-04T14:00:32+00:00\",\"description\":\"Paquete Bali: parasailing + 3 deportes acu\u00e1ticos, traslados. 4 actividades por $70. \u00a1Reserve ya!\",\"breadcrumb\":{\"@id\":\"https:\/\/baliparaglidingtours.com\/es\/product\/paquete-de-parasailing-y-deportes-acuaticos-en-bali-traslado-gratuito-desde-el-hotel\/#breadcrumb\"},\"inLanguage\":\"es\",\"potentialAction\":[{\"@type\":\"ReadAction\",\"target\":[\"https:\/\/baliparaglidingtours.com\/es\/product\/paquete-de-parasailing-y-deportes-acuaticos-en-bali-traslado-gratuito-desde-el-hotel\/\"]}]},{\"@type\":\"ImageObject\",\"inLanguage\":\"es\",\"@id\":\"https:\/\/baliparaglidingtours.com\/es\/product\/paquete-de-parasailing-y-deportes-acuaticos-en-bali-traslado-gratuito-desde-el-hotel\/#primaryimage\",\"url\":\"https:\/\/baliparaglidingtours.com\/wp-content\/uploads\/2020\/01\/bali-fly-board.png\",\"contentUrl\":\"https:\/\/baliparaglidingtours.com\/wp-content\/uploads\/2020\/01\/bali-fly-board.png\",\"width\":779,\"height\":779,\"caption\":\"tabla voladora de Bali\"},{\"@type\":\"BreadcrumbList\",\"@id\":\"https:\/\/baliparaglidingtours.com\/es\/product\/paquete-de-parasailing-y-deportes-acuaticos-en-bali-traslado-gratuito-desde-el-hotel\/#breadcrumb\",\"itemListElement\":[{\"@type\":\"ListItem\",\"position\":1,\"name\":\"Home\",\"item\":\"https:\/\/baliparaglidingtours.com\/es\/\"},{\"@type\":\"ListItem\",\"position\":2,\"name\":\"Tienda\",\"item\":\"https:\/\/baliparaglidingtours.com\/\"},{\"@type\":\"ListItem\",\"position\":3,\"name\":\"Paquete de parasailing y deportes acu\u00e1ticos en Bali (traslado gratuito desde el hotel)\"}]},{\"@type\":\"WebSite\",\"@id\":\"https:\/\/darkgreen-panther-294679.hostingersite.com\/#website\",\"url\":\"https:\/\/darkgreen-panther-294679.hostingersite.com\/\",\"name\":\"Bali Paragliding Tours\",\"description\":\"The best and first tandem paragliding in Bali\",\"publisher\":{\"@id\":\"https:\/\/darkgreen-panther-294679.hostingersite.com\/#organization\"},\"potentialAction\":[{\"@type\":\"SearchAction\",\"target\":{\"@type\":\"EntryPoint\",\"urlTemplate\":\"https:\/\/darkgreen-panther-294679.hostingersite.com\/?s={search_term_string}\"},\"query-input\":{\"@type\":\"PropertyValueSpecification\",\"valueRequired\":true,\"valueName\":\"search_term_string\"}}],\"inLanguage\":\"es\"},{\"@type\":\"Organization\",\"@id\":\"https:\/\/darkgreen-panther-294679.hostingersite.com\/#organization\",\"name\":\"Bali Paragliding Tours\",\"url\":\"https:\/\/darkgreen-panther-294679.hostingersite.com\/\",\"logo\":{\"@type\":\"ImageObject\",\"inLanguage\":\"es\",\"@id\":\"https:\/\/darkgreen-panther-294679.hostingersite.com\/#\/schema\/logo\/image\/\",\"url\":\"https:\/\/baliparaglidingtours.com\/wp-content\/uploads\/2019\/07\/Logopit_1563347307259-1.png\",\"contentUrl\":\"https:\/\/baliparaglidingtours.com\/wp-content\/uploads\/2019\/07\/Logopit_1563347307259-1.png\",\"width\":2160,\"height\":2160,\"caption\":\"Bali Paragliding Tours\"},\"image\":{\"@id\":\"https:\/\/darkgreen-panther-294679.hostingersite.com\/#\/schema\/logo\/image\/\"},\"sameAs\":[\"https:\/\/facebook.com\/bali.paragliding\"]}]}<\/script>\n<!-- \/ Yoast SEO plugin. -->","yoast_head_json":{"title":"Paquete de parasailing y deportes acu\u00e1ticos en Bali (traslado gratuito desde el hotel) - Bali Paragliding Tours","description":"Paquete Bali: parasailing + 3 deportes acu\u00e1ticos, traslados. 4 actividades por $70. \u00a1Reserve ya!","robots":{"index":"index","follow":"follow","max-snippet":"max-snippet:-1","max-image-preview":"max-image-preview:large","max-video-preview":"max-video-preview:-1"},"canonical":"https:\/\/baliparaglidingtours.com\/es\/product\/paquete-de-parasailing-y-deportes-acuaticos-en-bali-traslado-gratuito-desde-el-hotel\/","og_locale":"es_ES","og_type":"article","og_title":"Paquete de parasailing y deportes acu\u00e1ticos en Bali (traslado gratuito desde el hotel) - Bali Paragliding Tours","og_description":"Paquete Bali: parasailing + 3 deportes acu\u00e1ticos, traslados. 4 actividades por $70. \u00a1Reserve ya!","og_url":"https:\/\/baliparaglidingtours.com\/es\/product\/paquete-de-parasailing-y-deportes-acuaticos-en-bali-traslado-gratuito-desde-el-hotel\/","og_site_name":"Bali Paragliding Tours","article_publisher":"https:\/\/facebook.com\/bali.paragliding","og_image":[{"width":779,"height":779,"url":"https:\/\/baliparaglidingtours.com\/wp-content\/uploads\/2020\/01\/bali-fly-board.png","type":"image\/png"}],"twitter_card":"summary_large_image","twitter_misc":{"Tiempo de lectura":"3 minutos"},"schema":{"@context":"https:\/\/schema.org","@graph":[{"@type":"WebPage","@id":"https:\/\/baliparaglidingtours.com\/es\/product\/paquete-de-parasailing-y-deportes-acuaticos-en-bali-traslado-gratuito-desde-el-hotel\/","url":"https:\/\/baliparaglidingtours.com\/es\/product\/paquete-de-parasailing-y-deportes-acuaticos-en-bali-traslado-gratuito-desde-el-hotel\/","name":"Paquete de parasailing y deportes acu\u00e1ticos en Bali (traslado gratuito desde el hotel) - Bali Paragliding Tours","isPartOf":{"@id":"https:\/\/darkgreen-panther-294679.hostingersite.com\/#website"},"primaryImageOfPage":{"@id":"https:\/\/baliparaglidingtours.com\/es\/product\/paquete-de-parasailing-y-deportes-acuaticos-en-bali-traslado-gratuito-desde-el-hotel\/#primaryimage"},"image":{"@id":"https:\/\/baliparaglidingtours.com\/es\/product\/paquete-de-parasailing-y-deportes-acuaticos-en-bali-traslado-gratuito-desde-el-hotel\/#primaryimage"},"thumbnailUrl":"https:\/\/baliparaglidingtours.com\/wp-content\/uploads\/2020\/01\/bali-fly-board.png","datePublished":"2023-01-04T14:00:32+00:00","description":"Paquete Bali: parasailing + 3 deportes acu\u00e1ticos, traslados. 4 actividades por $70. \u00a1Reserve ya!","breadcrumb":{"@id":"https:\/\/baliparaglidingtours.com\/es\/product\/paquete-de-parasailing-y-deportes-acuaticos-en-bali-traslado-gratuito-desde-el-hotel\/#breadcrumb"},"inLanguage":"es","potentialAction":[{"@type":"ReadAction","target":["https:\/\/baliparaglidingtours.com\/es\/product\/paquete-de-parasailing-y-deportes-acuaticos-en-bali-traslado-gratuito-desde-el-hotel\/"]}]},{"@type":"ImageObject","inLanguage":"es","@id":"https:\/\/baliparaglidingtours.com\/es\/product\/paquete-de-parasailing-y-deportes-acuaticos-en-bali-traslado-gratuito-desde-el-hotel\/#primaryimage","url":"https:\/\/baliparaglidingtours.com\/wp-content\/uploads\/2020\/01\/bali-fly-board.png","contentUrl":"https:\/\/baliparaglidingtours.com\/wp-content\/uploads\/2020\/01\/bali-fly-board.png","width":779,"height":779,"caption":"tabla voladora de Bali"},{"@type":"BreadcrumbList","@id":"https:\/\/baliparaglidingtours.com\/es\/product\/paquete-de-parasailing-y-deportes-acuaticos-en-bali-traslado-gratuito-desde-el-hotel\/#breadcrumb","itemListElement":[{"@type":"ListItem","position":1,"name":"Home","item":"https:\/\/baliparaglidingtours.com\/es\/"},{"@type":"ListItem","position":2,"name":"Tienda","item":"https:\/\/baliparaglidingtours.com\/"},{"@type":"ListItem","position":3,"name":"Paquete de parasailing y deportes acu\u00e1ticos en Bali (traslado gratuito desde el hotel)"}]},{"@type":"WebSite","@id":"https:\/\/darkgreen-panther-294679.hostingersite.com\/#website","url":"https:\/\/darkgreen-panther-294679.hostingersite.com\/","name":"Bali Paragliding Tours","description":"The best and first tandem paragliding in Bali","publisher":{"@id":"https:\/\/darkgreen-panther-294679.hostingersite.com\/#organization"},"potentialAction":[{"@type":"SearchAction","target":{"@type":"EntryPoint","urlTemplate":"https:\/\/darkgreen-panther-294679.hostingersite.com\/?s={search_term_string}"},"query-input":{"@type":"PropertyValueSpecification","valueRequired":true,"valueName":"search_term_string"}}],"inLanguage":"es"},{"@type":"Organization","@id":"https:\/\/darkgreen-panther-294679.hostingersite.com\/#organization","name":"Bali Paragliding Tours","url":"https:\/\/darkgreen-panther-294679.hostingersite.com\/","logo":{"@type":"ImageObject","inLanguage":"es","@id":"https:\/\/darkgreen-panther-294679.hostingersite.com\/#\/schema\/logo\/image\/","url":"https:\/\/baliparaglidingtours.com\/wp-content\/uploads\/2019\/07\/Logopit_1563347307259-1.png","contentUrl":"https:\/\/baliparaglidingtours.com\/wp-content\/uploads\/2019\/07\/Logopit_1563347307259-1.png","width":2160,"height":2160,"caption":"Bali Paragliding Tours"},"image":{"@id":"https:\/\/darkgreen-panther-294679.hostingersite.com\/#\/schema\/logo\/image\/"},"sameAs":["https:\/\/facebook.com\/bali.paragliding"]}]}},"_links":{"self":[{"href":"https:\/\/baliparaglidingtours.com\/es\/wp-json\/wp\/v2\/product\/4942","targetHints":{"allow":["GET"]}}],"collection":[{"href":"https:\/\/baliparaglidingtours.com\/es\/wp-json\/wp\/v2\/product"}],"about":[{"href":"https:\/\/baliparaglidingtours.com\/es\/wp-json\/wp\/v2\/types\/product"}],"replies":[{"embeddable":true,"href":"https:\/\/baliparaglidingtours.com\/es\/wp-json\/wp\/v2\/comments?post=4942"}],"wp:featuredmedia":[{"embeddable":true,"href":"https:\/\/baliparaglidingtours.com\/es\/wp-json\/wp\/v2\/media\/4286"}],"wp:attachment":[{"href":"https:\/\/baliparaglidingtours.com\/es\/wp-json\/wp\/v2\/media?parent=4942"}],"wp:term":[{"taxonomy":"product_brand","embeddable":true,"href":"https:\/\/baliparaglidingtours.com\/es\/wp-json\/wp\/v2\/product_brand?post=4942"},{"taxonomy":"product_cat","embeddable":true,"href":"https:\/\/baliparaglidingtours.com\/es\/wp-json\/wp\/v2\/product_cat?post=4942"},{"taxonomy":"product_tag","embeddable":true,"href":"https:\/\/baliparaglidingtours.com\/es\/wp-json\/wp\/v2\/product_tag?post=4942"}],"curies":[{"name":"wp","href":"https:\/\/api.w.org\/{rel}","templated":true}]}}