{"id":4889,"date":"2022-06-07T12:24:34","date_gmt":"2022-06-07T04:24:34","guid":{"rendered":"https:\/\/baliparaglidingtours.com\/product\/boleto-para-vuelo-en-parapente-tandem-de-15-minutos-incluye-foto-video\/"},"modified":"2025-10-09T02:44:33","modified_gmt":"2025-10-08T18:44:33","slug":"boleto-para-vuelo-en-parapente-tandem-de-15-minutos-incluye-foto-video","status":"publish","type":"product","link":"https:\/\/baliparaglidingtours.com\/es\/product\/boleto-para-vuelo-en-parapente-tandem-de-15-minutos-incluye-foto-video\/","title":{"rendered":"Boleto para vuelo en parapente t\u00e1ndem de 15 minutos, incluye foto\/video"},"content":{"rendered":"<p><strong>INCLUSIONES:<\/strong><\/p>\n<ul>\n<li>Vuelo de 15 minutos en el aire<\/li>\n<li>C\u00e1mara de acci\u00f3n con palo para selfies<\/li>\n<li>Cobertura de seguro<\/li>\n<\/ul>\n<p><strong>NO INCLUYE:<\/strong><\/p>\n<ul>\n<li>Transportes<\/li>\n<li>Comidas\/bebidas<\/li>\n<li>Gastos personales<\/li>\n<li>Tarifa de transacci\u00f3n\/reserva<\/li>\n<\/ul>\n<p><strong>INFORMACI\u00d3N ADICIONAL:<\/strong><\/p>\n<ul>\n<li>Esta actividad no se recomienda para viajeros embarazadas, personas con problemas card\u00edacos u otras condiciones m\u00e9dicas graves<\/li>\n<li>Los participantes deben tener entre 5 y 60 a\u00f1os de edad<\/li>\n<li>El peso m\u00e1ximo del participante no debe exceder los 110 KG <\/li>\n<li>Esta actividad depende de las condiciones meteorol\u00f3gicas y del viento. Podemos ofrecer reprogramaci\u00f3n o reembolso en caso de que el vuelo no est\u00e9 disponible el d\u00eda seleccionado debido a cambios repentinos en el clima.<\/li>\n<\/ul>\n<p><strong>PUNTO DE ENCUENTRO Y CANJE<\/strong><br \/>\n<iframe loading=\"lazy\" src=\"https:\/\/www.google.com\/maps\/d\/u\/2\/embed?mid=1qAvdNHm6hhUu5Le9c7m_8Vl_D4mndOk&amp;ehbc=2E312F&amp;noprof=1\" width=\"640\" height=\"280\"><\/iframe><\/p>\n<ul>\n<li>El punto de encuentro es en el <a href=\"https:\/\/baliparaglidingtours.com\/es\/contacto-y-lugar-de-encuentro\/\">sitio de vuelo<\/a>. La ubicaci\u00f3n se confirmar\u00e1 ya que tenemos m\u00faltiples bases de vuelo. La direcci\u00f3n exacta se informar\u00e1 por correo electr\u00f3nico o WhatsApp despu\u00e9s de recibir su reserva<\/li>\n<li>Por favor, muestre el resumen de su reserva en nuestro mostrador de registro para su canje<\/li>\n<\/ul>\n<p><strong>POL\u00cdTICA DE CANCELACI\u00d3N Y REEMBOLSO<\/strong><\/p>\n<ul>\n<li>Para solicitar la cancelaci\u00f3n o modificaci\u00f3n de la reserva, por favor notif\u00edquenos al menos 12 horas antes de su hora de vuelo.<\/li>\n<li>Para modificar, reprogramar o cancelar su reserva, por favor responda al correo electr\u00f3nico o v\u00eda WhatsApp incluyendo su n\u00famero de pedido.<\/li>\n<li>Su reembolso se procesar\u00e1 inmediatamente a su tarjeta. Utilizamos la pasarela de pago de PayPal para aceptar y reembolsar su pago. <\/li>\n<li>Recibir\u00e1 el reembolso menos la comisi\u00f3n de transacci\u00f3n, si el vuelo no es posible en el d\u00eda seleccionado debido al clima o a la falta de vientos suficientes para el vuelo.<\/li>\n<li>M\u00e1s informaci\u00f3n: <a href=\"https:\/\/wa.me\/6285237041667\">Chatea con nosotros en WhatsApp<\/a><\/li>\n<\/ul>\n<p><strong>Nota:<\/strong><\/p>\n<p><strong>Este precio solo ser\u00e1 v\u00e1lido para confirmaciones con reserva en l\u00ednea.<\/strong><\/p>\n<p><strong><span style=\"color: #ff0000;\">Esta actividad funciona con la velocidad y condici\u00f3n del viento natural. El horario de vuelo puede sufrir algunos retrasos\/cambios en caso de problemas de viento\/clima.  <\/span><\/strong><strong><span style=\"color: #ff0000;\">Se le notificar\u00e1 (para reservas confirmadas y pagadas) antes de su llegada. Para m\u00e1s detalles, por favor cont\u00e1ctenos v\u00eda correo electr\u00f3nico o <a href=\"https:\/\/wa.me\/6285237041667\" target=\"_blank\" rel=\"noopener\">WhatsApp<\/a>  <\/span><\/strong><\/p>\n","protected":false},"excerpt":{"rendered":"<p>Experimente un vuelo t\u00e1ndem de 15 minutos con un instructor certificado. Descubra m\u00faltiples playas desde el cielo. Incluye documentaci\u00f3n en video transferida directamente a su tel\u00e9fono m\u00f3vil inmediatamente despu\u00e9s de completar el vuelo. <\/p>\n","protected":false},"featured_media":3852,"comment_status":"closed","ping_status":"closed","template":"","meta":[],"product_brand":[93],"product_cat":[92],"product_tag":[],"class_list":{"0":"post-4889","1":"product","2":"type-product","3":"status-publish","4":"has-post-thumbnail","6":"product_brand-bali-paragliding-tours","7":"product_cat-sin-categoria","8":"wcpa_has_options","10":"first","11":"instock","12":"featured","13":"shipping-taxable","14":"purchasable","15":"product-type-simple"},"yoast_head":"<!-- This site is optimized with the Yoast SEO plugin v27.2 - https:\/\/yoast.com\/product\/yoast-seo-wordpress\/ -->\n<title>Boleto para vuelo en parapente t\u00e1ndem de 15 minutos, incluye foto\/video - Bali Paragliding Tours<\/title>\n<meta name=\"description\" content=\"Reserve parapente t\u00e1ndem en Bali: 15 min sobre costa. Pague dep\u00f3sito o total para reservar\" \/>\n<meta name=\"robots\" content=\"index, follow, max-snippet:-1, max-image-preview:large, max-video-preview:-1\" \/>\n<link rel=\"canonical\" href=\"https:\/\/baliparaglidingtours.com\/es\/product\/boleto-para-vuelo-en-parapente-tandem-de-15-minutos-incluye-foto-video\/\" \/>\n<meta property=\"og:locale\" content=\"es_ES\" \/>\n<meta property=\"og:type\" content=\"article\" \/>\n<meta property=\"og:title\" content=\"Boleto para vuelo en parapente t\u00e1ndem de 15 minutos, incluye foto\/video - Bali Paragliding Tours\" \/>\n<meta property=\"og:description\" content=\"Reserve parapente t\u00e1ndem en Bali: 15 min sobre costa. Pague dep\u00f3sito o total para reservar\" \/>\n<meta property=\"og:url\" content=\"https:\/\/baliparaglidingtours.com\/es\/product\/boleto-para-vuelo-en-parapente-tandem-de-15-minutos-incluye-foto-video\/\" \/>\n<meta property=\"og:site_name\" content=\"Bali Paragliding Tours\" \/>\n<meta property=\"article:publisher\" content=\"https:\/\/facebook.com\/bali.paragliding\" \/>\n<meta property=\"article:modified_time\" content=\"2025-10-08T18:44:33+00:00\" \/>\n<meta property=\"og:image\" content=\"https:\/\/baliparaglidingtours.com\/wp-content\/uploads\/2019\/02\/15501111419328401.jpg\" \/>\n\t<meta property=\"og:image:width\" content=\"1317\" \/>\n\t<meta property=\"og:image:height\" content=\"1317\" \/>\n\t<meta property=\"og:image:type\" content=\"image\/jpeg\" \/>\n<meta name=\"twitter:card\" content=\"summary_large_image\" \/>\n<meta name=\"twitter:label1\" content=\"Tiempo de lectura\" \/>\n\t<meta name=\"twitter:data1\" content=\"2 minutos\" \/>\n<script type=\"application\/ld+json\" class=\"yoast-schema-graph\">{\"@context\":\"https:\/\/schema.org\",\"@graph\":[{\"@type\":\"WebPage\",\"@id\":\"https:\/\/baliparaglidingtours.com\/es\/product\/boleto-para-vuelo-en-parapente-tandem-de-15-minutos-incluye-foto-video\/\",\"url\":\"https:\/\/baliparaglidingtours.com\/es\/product\/boleto-para-vuelo-en-parapente-tandem-de-15-minutos-incluye-foto-video\/\",\"name\":\"Boleto para vuelo en parapente t\u00e1ndem de 15 minutos, incluye foto\/video - Bali Paragliding Tours\",\"isPartOf\":{\"@id\":\"https:\/\/darkgreen-panther-294679.hostingersite.com\/#website\"},\"primaryImageOfPage\":{\"@id\":\"https:\/\/baliparaglidingtours.com\/es\/product\/boleto-para-vuelo-en-parapente-tandem-de-15-minutos-incluye-foto-video\/#primaryimage\"},\"image\":{\"@id\":\"https:\/\/baliparaglidingtours.com\/es\/product\/boleto-para-vuelo-en-parapente-tandem-de-15-minutos-incluye-foto-video\/#primaryimage\"},\"thumbnailUrl\":\"https:\/\/baliparaglidingtours.com\/wp-content\/uploads\/2019\/02\/15501111419328401.jpg\",\"datePublished\":\"2022-06-07T04:24:34+00:00\",\"dateModified\":\"2025-10-08T18:44:33+00:00\",\"description\":\"Reserve parapente t\u00e1ndem en Bali: 15 min sobre costa. Pague dep\u00f3sito o total para reservar\",\"breadcrumb\":{\"@id\":\"https:\/\/baliparaglidingtours.com\/es\/product\/boleto-para-vuelo-en-parapente-tandem-de-15-minutos-incluye-foto-video\/#breadcrumb\"},\"inLanguage\":\"es\",\"potentialAction\":[{\"@type\":\"ReadAction\",\"target\":[\"https:\/\/baliparaglidingtours.com\/es\/product\/boleto-para-vuelo-en-parapente-tandem-de-15-minutos-incluye-foto-video\/\"]}]},{\"@type\":\"ImageObject\",\"inLanguage\":\"es\",\"@id\":\"https:\/\/baliparaglidingtours.com\/es\/product\/boleto-para-vuelo-en-parapente-tandem-de-15-minutos-incluye-foto-video\/#primaryimage\",\"url\":\"https:\/\/baliparaglidingtours.com\/wp-content\/uploads\/2019\/02\/15501111419328401.jpg\",\"contentUrl\":\"https:\/\/baliparaglidingtours.com\/wp-content\/uploads\/2019\/02\/15501111419328401.jpg\",\"width\":1317,\"height\":1317,\"caption\":\"parapente bali\"},{\"@type\":\"BreadcrumbList\",\"@id\":\"https:\/\/baliparaglidingtours.com\/es\/product\/boleto-para-vuelo-en-parapente-tandem-de-15-minutos-incluye-foto-video\/#breadcrumb\",\"itemListElement\":[{\"@type\":\"ListItem\",\"position\":1,\"name\":\"Home\",\"item\":\"https:\/\/baliparaglidingtours.com\/es\/\"},{\"@type\":\"ListItem\",\"position\":2,\"name\":\"Tienda\",\"item\":\"https:\/\/baliparaglidingtours.com\/\"},{\"@type\":\"ListItem\",\"position\":3,\"name\":\"Boleto para vuelo en parapente t\u00e1ndem de 15 minutos, incluye foto\/video\"}]},{\"@type\":\"WebSite\",\"@id\":\"https:\/\/darkgreen-panther-294679.hostingersite.com\/#website\",\"url\":\"https:\/\/darkgreen-panther-294679.hostingersite.com\/\",\"name\":\"Bali Paragliding Tours\",\"description\":\"The best and first tandem paragliding in Bali\",\"publisher\":{\"@id\":\"https:\/\/darkgreen-panther-294679.hostingersite.com\/#organization\"},\"potentialAction\":[{\"@type\":\"SearchAction\",\"target\":{\"@type\":\"EntryPoint\",\"urlTemplate\":\"https:\/\/darkgreen-panther-294679.hostingersite.com\/?s={search_term_string}\"},\"query-input\":{\"@type\":\"PropertyValueSpecification\",\"valueRequired\":true,\"valueName\":\"search_term_string\"}}],\"inLanguage\":\"es\"},{\"@type\":\"Organization\",\"@id\":\"https:\/\/darkgreen-panther-294679.hostingersite.com\/#organization\",\"name\":\"Bali Paragliding Tours\",\"url\":\"https:\/\/darkgreen-panther-294679.hostingersite.com\/\",\"logo\":{\"@type\":\"ImageObject\",\"inLanguage\":\"es\",\"@id\":\"https:\/\/darkgreen-panther-294679.hostingersite.com\/#\/schema\/logo\/image\/\",\"url\":\"https:\/\/baliparaglidingtours.com\/wp-content\/uploads\/2019\/07\/Logopit_1563347307259-1.png\",\"contentUrl\":\"https:\/\/baliparaglidingtours.com\/wp-content\/uploads\/2019\/07\/Logopit_1563347307259-1.png\",\"width\":2160,\"height\":2160,\"caption\":\"Bali Paragliding Tours\"},\"image\":{\"@id\":\"https:\/\/darkgreen-panther-294679.hostingersite.com\/#\/schema\/logo\/image\/\"},\"sameAs\":[\"https:\/\/facebook.com\/bali.paragliding\"]}]}<\/script>\n<!-- \/ Yoast SEO plugin. -->","yoast_head_json":{"title":"Boleto para vuelo en parapente t\u00e1ndem de 15 minutos, incluye foto\/video - Bali Paragliding Tours","description":"Reserve parapente t\u00e1ndem en Bali: 15 min sobre costa. Pague dep\u00f3sito o total para reservar","robots":{"index":"index","follow":"follow","max-snippet":"max-snippet:-1","max-image-preview":"max-image-preview:large","max-video-preview":"max-video-preview:-1"},"canonical":"https:\/\/baliparaglidingtours.com\/es\/product\/boleto-para-vuelo-en-parapente-tandem-de-15-minutos-incluye-foto-video\/","og_locale":"es_ES","og_type":"article","og_title":"Boleto para vuelo en parapente t\u00e1ndem de 15 minutos, incluye foto\/video - Bali Paragliding Tours","og_description":"Reserve parapente t\u00e1ndem en Bali: 15 min sobre costa. Pague dep\u00f3sito o total para reservar","og_url":"https:\/\/baliparaglidingtours.com\/es\/product\/boleto-para-vuelo-en-parapente-tandem-de-15-minutos-incluye-foto-video\/","og_site_name":"Bali Paragliding Tours","article_publisher":"https:\/\/facebook.com\/bali.paragliding","article_modified_time":"2025-10-08T18:44:33+00:00","og_image":[{"width":1317,"height":1317,"url":"https:\/\/baliparaglidingtours.com\/wp-content\/uploads\/2019\/02\/15501111419328401.jpg","type":"image\/jpeg"}],"twitter_card":"summary_large_image","twitter_misc":{"Tiempo de lectura":"2 minutos"},"schema":{"@context":"https:\/\/schema.org","@graph":[{"@type":"WebPage","@id":"https:\/\/baliparaglidingtours.com\/es\/product\/boleto-para-vuelo-en-parapente-tandem-de-15-minutos-incluye-foto-video\/","url":"https:\/\/baliparaglidingtours.com\/es\/product\/boleto-para-vuelo-en-parapente-tandem-de-15-minutos-incluye-foto-video\/","name":"Boleto para vuelo en parapente t\u00e1ndem de 15 minutos, incluye foto\/video - Bali Paragliding Tours","isPartOf":{"@id":"https:\/\/darkgreen-panther-294679.hostingersite.com\/#website"},"primaryImageOfPage":{"@id":"https:\/\/baliparaglidingtours.com\/es\/product\/boleto-para-vuelo-en-parapente-tandem-de-15-minutos-incluye-foto-video\/#primaryimage"},"image":{"@id":"https:\/\/baliparaglidingtours.com\/es\/product\/boleto-para-vuelo-en-parapente-tandem-de-15-minutos-incluye-foto-video\/#primaryimage"},"thumbnailUrl":"https:\/\/baliparaglidingtours.com\/wp-content\/uploads\/2019\/02\/15501111419328401.jpg","datePublished":"2022-06-07T04:24:34+00:00","dateModified":"2025-10-08T18:44:33+00:00","description":"Reserve parapente t\u00e1ndem en Bali: 15 min sobre costa. Pague dep\u00f3sito o total para reservar","breadcrumb":{"@id":"https:\/\/baliparaglidingtours.com\/es\/product\/boleto-para-vuelo-en-parapente-tandem-de-15-minutos-incluye-foto-video\/#breadcrumb"},"inLanguage":"es","potentialAction":[{"@type":"ReadAction","target":["https:\/\/baliparaglidingtours.com\/es\/product\/boleto-para-vuelo-en-parapente-tandem-de-15-minutos-incluye-foto-video\/"]}]},{"@type":"ImageObject","inLanguage":"es","@id":"https:\/\/baliparaglidingtours.com\/es\/product\/boleto-para-vuelo-en-parapente-tandem-de-15-minutos-incluye-foto-video\/#primaryimage","url":"https:\/\/baliparaglidingtours.com\/wp-content\/uploads\/2019\/02\/15501111419328401.jpg","contentUrl":"https:\/\/baliparaglidingtours.com\/wp-content\/uploads\/2019\/02\/15501111419328401.jpg","width":1317,"height":1317,"caption":"parapente bali"},{"@type":"BreadcrumbList","@id":"https:\/\/baliparaglidingtours.com\/es\/product\/boleto-para-vuelo-en-parapente-tandem-de-15-minutos-incluye-foto-video\/#breadcrumb","itemListElement":[{"@type":"ListItem","position":1,"name":"Home","item":"https:\/\/baliparaglidingtours.com\/es\/"},{"@type":"ListItem","position":2,"name":"Tienda","item":"https:\/\/baliparaglidingtours.com\/"},{"@type":"ListItem","position":3,"name":"Boleto para vuelo en parapente t\u00e1ndem de 15 minutos, incluye foto\/video"}]},{"@type":"WebSite","@id":"https:\/\/darkgreen-panther-294679.hostingersite.com\/#website","url":"https:\/\/darkgreen-panther-294679.hostingersite.com\/","name":"Bali Paragliding Tours","description":"The best and first tandem paragliding in Bali","publisher":{"@id":"https:\/\/darkgreen-panther-294679.hostingersite.com\/#organization"},"potentialAction":[{"@type":"SearchAction","target":{"@type":"EntryPoint","urlTemplate":"https:\/\/darkgreen-panther-294679.hostingersite.com\/?s={search_term_string}"},"query-input":{"@type":"PropertyValueSpecification","valueRequired":true,"valueName":"search_term_string"}}],"inLanguage":"es"},{"@type":"Organization","@id":"https:\/\/darkgreen-panther-294679.hostingersite.com\/#organization","name":"Bali Paragliding Tours","url":"https:\/\/darkgreen-panther-294679.hostingersite.com\/","logo":{"@type":"ImageObject","inLanguage":"es","@id":"https:\/\/darkgreen-panther-294679.hostingersite.com\/#\/schema\/logo\/image\/","url":"https:\/\/baliparaglidingtours.com\/wp-content\/uploads\/2019\/07\/Logopit_1563347307259-1.png","contentUrl":"https:\/\/baliparaglidingtours.com\/wp-content\/uploads\/2019\/07\/Logopit_1563347307259-1.png","width":2160,"height":2160,"caption":"Bali Paragliding Tours"},"image":{"@id":"https:\/\/darkgreen-panther-294679.hostingersite.com\/#\/schema\/logo\/image\/"},"sameAs":["https:\/\/facebook.com\/bali.paragliding"]}]}},"_links":{"self":[{"href":"https:\/\/baliparaglidingtours.com\/es\/wp-json\/wp\/v2\/product\/4889","targetHints":{"allow":["GET"]}}],"collection":[{"href":"https:\/\/baliparaglidingtours.com\/es\/wp-json\/wp\/v2\/product"}],"about":[{"href":"https:\/\/baliparaglidingtours.com\/es\/wp-json\/wp\/v2\/types\/product"}],"replies":[{"embeddable":true,"href":"https:\/\/baliparaglidingtours.com\/es\/wp-json\/wp\/v2\/comments?post=4889"}],"wp:featuredmedia":[{"embeddable":true,"href":"https:\/\/baliparaglidingtours.com\/es\/wp-json\/wp\/v2\/media\/3852"}],"wp:attachment":[{"href":"https:\/\/baliparaglidingtours.com\/es\/wp-json\/wp\/v2\/media?parent=4889"}],"wp:term":[{"taxonomy":"product_brand","embeddable":true,"href":"https:\/\/baliparaglidingtours.com\/es\/wp-json\/wp\/v2\/product_brand?post=4889"},{"taxonomy":"product_cat","embeddable":true,"href":"https:\/\/baliparaglidingtours.com\/es\/wp-json\/wp\/v2\/product_cat?post=4889"},{"taxonomy":"product_tag","embeddable":true,"href":"https:\/\/baliparaglidingtours.com\/es\/wp-json\/wp\/v2\/product_tag?post=4889"}],"curies":[{"name":"wp","href":"https:\/\/api.w.org\/{rel}","templated":true}]}}