{"id":4884,"date":"2021-05-06T13:43:00","date_gmt":"2021-05-06T05:43:00","guid":{"rendered":"https:\/\/baliparaglidingtours.com\/product\/vuelo-en-parapente-en-tandem-de-30-minutos-con-foto-video-incluidos-pago-de-deposito\/"},"modified":"2025-10-09T02:44:33","modified_gmt":"2025-10-08T18:44:33","slug":"vuelo-en-parapente-en-tandem-de-30-minutos-con-foto-video-incluidos-pago-de-deposito","status":"publish","type":"product","link":"https:\/\/baliparaglidingtours.com\/es\/product\/vuelo-en-parapente-en-tandem-de-30-minutos-con-foto-video-incluidos-pago-de-deposito\/","title":{"rendered":"Vuelo en parapente t\u00e1ndem de 30 minutos que incluye fotograf\u00eda\/v\u00eddeo"},"content":{"rendered":"<p><strong>INCLUSIONES:<\/strong><\/p>\n<ul>\n<li>Vuelo de 30 minutos en el aire<\/li>\n<li>C\u00e1mara de acci\u00f3n con palo para selfies<\/li>\n<li>Cobertura de seguro<\/li>\n<\/ul>\n<p><strong>EXCLUYE:<\/strong><\/p>\n<ul>\n<li>Transportes<\/li>\n<li>Tarifa de transacci\u00f3n\/reserva<\/li>\n<li>Comidas\/bebidas<\/li>\n<li>Gastos personales<\/li>\n<\/ul>\n<p><strong>INFORMACI\u00d3N ADICIONAL:<\/strong><\/p>\n<ul>\n<li>Esta actividad no se recomienda para viajeros embarazadas, personas con problemas card\u00edacos u otras condiciones m\u00e9dicas graves<\/li>\n<li>Los participantes deben tener entre 5 y 60 a\u00f1os de edad<\/li>\n<li>El peso m\u00e1ximo del participante no debe exceder los 110 KG <\/li>\n<li>Esta actividad depende de las condiciones meteorol\u00f3gicas y del viento. Podemos ofrecer reprogramaci\u00f3n o reembolso en caso de que el vuelo no est\u00e9 disponible el d\u00eda seleccionado debido a cambios repentinos en el clima.<\/li>\n<\/ul>\n<p><strong>PUNTO DE ENCUENTRO Y CANJE<\/strong><\/p>\n<ul>\n<li>El punto de encuentro es en el <a href=\"https:\/\/baliparaglidingtours.com\/es\/contacto-y-lugar-de-encuentro\/\">sitio de vuelo<\/a>. La ubicaci\u00f3n se confirmar\u00e1 ya que volamos en m\u00faltiples bases de vuelo dependiendo de las direcciones del viento. La direcci\u00f3n exacta se informar\u00e1 por correo electr\u00f3nico o WhatsApp despu\u00e9s de recibir su reserva<\/li>\n<li>Por favor, muestre el resumen de su reserva en nuestro mostrador de registro para su canje<\/li>\n<\/ul>\n<p><strong>POL\u00cdTICA DE CANCELACI\u00d3N Y REEMBOLSO<\/strong><\/p>\n<ul>\n<li>Para solicitar la cancelaci\u00f3n o modificaci\u00f3n de la reserva, por favor notif\u00edquenos al menos 12 horas antes de su hora de vuelo.<\/li>\n<li>Para modificar, reprogramar o cancelar su reserva, por favor responda al correo electr\u00f3nico o v\u00eda WhatsApp incluyendo su n\u00famero de pedido.<\/li>\n<li>Su reembolso se procesar\u00e1 inmediatamente a su tarjeta. Utilizamos la pasarela de pago de PayPal para aceptar y reembolsar su pago. <\/li>\n<li>Recibir\u00e1 el reembolso menos la tarifa de transacci\u00f3n, si el vuelo no es posible en el d\u00eda seleccionado debido al clima o a la falta de vientos suficientes para el vuelo.<\/li>\n<li>M\u00e1s informaci\u00f3n: <a href=\"https:\/\/wa.me\/6285237041667\">Chatea con nosotros en WhatsApp<\/a><\/li>\n<\/ul>\n<p><strong>Nota:<\/strong><\/p>\n<p><strong>Este precio solo ser\u00e1 v\u00e1lido para confirmaciones con reserva en l\u00ednea.<\/strong><\/p>\n<p><strong><span style=\"color: #ff0000;\">Esta actividad funciona con la velocidad y condici\u00f3n del viento natural. El horario de vuelo puede sufrir algunos retrasos\/cambios en caso de problemas de viento\/clima.  <\/span><\/strong><strong><span style=\"color: #ff0000;\">Se le notificar\u00e1 (para reservas confirmadas y pagadas) antes de su llegada. Para m\u00e1s detalles, por favor cont\u00e1ctenos v\u00eda correo electr\u00f3nico o <a href=\"https:\/\/wa.me\/6285237041667\" target=\"_blank\" rel=\"noopener\">WhatsApp<\/a>  <\/span><\/strong><\/p>\n","protected":false},"excerpt":{"rendered":"<p>Vuelo en t\u00e1ndem de 30 minutos con piloto de parapente con documentaci\u00f3n gratuita de foto\/video durante el vuelo. Vuele por m\u00e1s tiempo y descubra vistas m\u00e1s asombrosas con un piloto de parapente certificado. Incluye documentaci\u00f3n en video que se transferir\u00e1 directamente a su tel\u00e9fono m\u00f3vil  <\/p>\n","protected":false},"featured_media":4139,"comment_status":"closed","ping_status":"closed","template":"","meta":[],"product_brand":[93],"product_cat":[92],"product_tag":[],"class_list":{"0":"post-4884","1":"product","2":"type-product","3":"status-publish","4":"has-post-thumbnail","6":"product_brand-bali-paragliding-tours","7":"product_cat-sin-categoria","8":"wcpa_has_options","10":"first","11":"instock","12":"shipping-taxable","13":"purchasable","14":"product-type-simple"},"yoast_head":"<!-- This site is optimized with the Yoast SEO plugin v27.3 - https:\/\/yoast.com\/product\/yoast-seo-wordpress\/ -->\n<title>Vuelo en parapente t\u00e1ndem de 30 minutos que incluye fotograf\u00eda\/v\u00eddeo - Bali Paragliding Tours<\/title>\n<meta name=\"description\" content=\"Vuelo en parapente en t\u00e1ndem de 30 minutos en Bali con documentaci\u00f3n gratuita. Vuele por m\u00e1s tiempo y descubra m\u00e1s vistas. Reserve sin preocupaciones, puede pagar un dep\u00f3sito o el pago completo para asegurar su reserva. Bali Paragliding Tours\" \/>\n<meta name=\"robots\" content=\"index, follow, max-snippet:-1, max-image-preview:large, max-video-preview:-1\" \/>\n<link rel=\"canonical\" href=\"https:\/\/baliparaglidingtours.com\/es\/product\/vuelo-en-parapente-en-tandem-de-30-minutos-con-foto-video-incluidos-pago-de-deposito\/\" \/>\n<meta property=\"og:locale\" content=\"es_ES\" \/>\n<meta property=\"og:type\" content=\"article\" \/>\n<meta property=\"og:title\" content=\"Vuelo en parapente t\u00e1ndem de 30 minutos que incluye fotograf\u00eda\/v\u00eddeo - Bali Paragliding Tours\" \/>\n<meta property=\"og:description\" content=\"Vuelo en parapente en t\u00e1ndem de 30 minutos en Bali con documentaci\u00f3n gratuita. Vuele por m\u00e1s tiempo y descubra m\u00e1s vistas. Reserve sin preocupaciones, puede pagar un dep\u00f3sito o el pago completo para asegurar su reserva. Bali Paragliding Tours\" \/>\n<meta property=\"og:url\" content=\"https:\/\/baliparaglidingtours.com\/es\/product\/vuelo-en-parapente-en-tandem-de-30-minutos-con-foto-video-incluidos-pago-de-deposito\/\" \/>\n<meta property=\"og:site_name\" content=\"Bali Paragliding Tours\" \/>\n<meta property=\"article:publisher\" content=\"https:\/\/facebook.com\/bali.paragliding\" \/>\n<meta property=\"article:modified_time\" content=\"2025-10-08T18:44:33+00:00\" \/>\n<meta property=\"og:image\" content=\"https:\/\/baliparaglidingtours.com\/wp-content\/uploads\/2019\/09\/8aeef2b5409fa30a6f4b3e17c9c27c3f.jpg\" \/>\n\t<meta property=\"og:image:width\" content=\"1080\" \/>\n\t<meta property=\"og:image:height\" content=\"810\" \/>\n\t<meta property=\"og:image:type\" content=\"image\/jpeg\" \/>\n<meta name=\"twitter:card\" content=\"summary_large_image\" \/>\n<meta name=\"twitter:label1\" content=\"Tiempo de lectura\" \/>\n\t<meta name=\"twitter:data1\" content=\"2 minutos\" \/>\n<script type=\"application\/ld+json\" class=\"yoast-schema-graph\">{\"@context\":\"https:\\\/\\\/schema.org\",\"@graph\":[{\"@type\":\"WebPage\",\"@id\":\"https:\\\/\\\/baliparaglidingtours.com\\\/es\\\/product\\\/vuelo-en-parapente-en-tandem-de-30-minutos-con-foto-video-incluidos-pago-de-deposito\\\/\",\"url\":\"https:\\\/\\\/baliparaglidingtours.com\\\/es\\\/product\\\/vuelo-en-parapente-en-tandem-de-30-minutos-con-foto-video-incluidos-pago-de-deposito\\\/\",\"name\":\"Vuelo en parapente t\u00e1ndem de 30 minutos que incluye fotograf\u00eda\\\/v\u00eddeo - Bali Paragliding Tours\",\"isPartOf\":{\"@id\":\"https:\\\/\\\/darkgreen-panther-294679.hostingersite.com\\\/#website\"},\"primaryImageOfPage\":{\"@id\":\"https:\\\/\\\/baliparaglidingtours.com\\\/es\\\/product\\\/vuelo-en-parapente-en-tandem-de-30-minutos-con-foto-video-incluidos-pago-de-deposito\\\/#primaryimage\"},\"image\":{\"@id\":\"https:\\\/\\\/baliparaglidingtours.com\\\/es\\\/product\\\/vuelo-en-parapente-en-tandem-de-30-minutos-con-foto-video-incluidos-pago-de-deposito\\\/#primaryimage\"},\"thumbnailUrl\":\"https:\\\/\\\/baliparaglidingtours.com\\\/wp-content\\\/uploads\\\/2019\\\/09\\\/8aeef2b5409fa30a6f4b3e17c9c27c3f.jpg\",\"datePublished\":\"2021-05-06T05:43:00+00:00\",\"dateModified\":\"2025-10-08T18:44:33+00:00\",\"description\":\"Vuelo en parapente en t\u00e1ndem de 30 minutos en Bali con documentaci\u00f3n gratuita. Vuele por m\u00e1s tiempo y descubra m\u00e1s vistas. Reserve sin preocupaciones, puede pagar un dep\u00f3sito o el pago completo para asegurar su reserva. Bali Paragliding Tours\",\"breadcrumb\":{\"@id\":\"https:\\\/\\\/baliparaglidingtours.com\\\/es\\\/product\\\/vuelo-en-parapente-en-tandem-de-30-minutos-con-foto-video-incluidos-pago-de-deposito\\\/#breadcrumb\"},\"inLanguage\":\"es\",\"potentialAction\":[{\"@type\":\"ReadAction\",\"target\":[\"https:\\\/\\\/baliparaglidingtours.com\\\/es\\\/product\\\/vuelo-en-parapente-en-tandem-de-30-minutos-con-foto-video-incluidos-pago-de-deposito\\\/\"]}]},{\"@type\":\"ImageObject\",\"inLanguage\":\"es\",\"@id\":\"https:\\\/\\\/baliparaglidingtours.com\\\/es\\\/product\\\/vuelo-en-parapente-en-tandem-de-30-minutos-con-foto-video-incluidos-pago-de-deposito\\\/#primaryimage\",\"url\":\"https:\\\/\\\/baliparaglidingtours.com\\\/wp-content\\\/uploads\\\/2019\\\/09\\\/8aeef2b5409fa30a6f4b3e17c9c27c3f.jpg\",\"contentUrl\":\"https:\\\/\\\/baliparaglidingtours.com\\\/wp-content\\\/uploads\\\/2019\\\/09\\\/8aeef2b5409fa30a6f4b3e17c9c27c3f.jpg\",\"width\":1080,\"height\":810,\"caption\":\"parapente Bali uluwatu\"},{\"@type\":\"BreadcrumbList\",\"@id\":\"https:\\\/\\\/baliparaglidingtours.com\\\/es\\\/product\\\/vuelo-en-parapente-en-tandem-de-30-minutos-con-foto-video-incluidos-pago-de-deposito\\\/#breadcrumb\",\"itemListElement\":[{\"@type\":\"ListItem\",\"position\":1,\"name\":\"Home\",\"item\":\"https:\\\/\\\/baliparaglidingtours.com\\\/es\\\/\"},{\"@type\":\"ListItem\",\"position\":2,\"name\":\"Tienda\",\"item\":\"https:\\\/\\\/baliparaglidingtours.com\\\/\"},{\"@type\":\"ListItem\",\"position\":3,\"name\":\"Vuelo en parapente t\u00e1ndem de 30 minutos que incluye fotograf\u00eda\\\/v\u00eddeo\"}]},{\"@type\":\"WebSite\",\"@id\":\"https:\\\/\\\/darkgreen-panther-294679.hostingersite.com\\\/#website\",\"url\":\"https:\\\/\\\/darkgreen-panther-294679.hostingersite.com\\\/\",\"name\":\"Bali Paragliding Tours\",\"description\":\"The best and first tandem paragliding in Bali\",\"publisher\":{\"@id\":\"https:\\\/\\\/darkgreen-panther-294679.hostingersite.com\\\/#organization\"},\"potentialAction\":[{\"@type\":\"SearchAction\",\"target\":{\"@type\":\"EntryPoint\",\"urlTemplate\":\"https:\\\/\\\/darkgreen-panther-294679.hostingersite.com\\\/?s={search_term_string}\"},\"query-input\":{\"@type\":\"PropertyValueSpecification\",\"valueRequired\":true,\"valueName\":\"search_term_string\"}}],\"inLanguage\":\"es\"},{\"@type\":\"Organization\",\"@id\":\"https:\\\/\\\/darkgreen-panther-294679.hostingersite.com\\\/#organization\",\"name\":\"Bali Paragliding Tours\",\"url\":\"https:\\\/\\\/darkgreen-panther-294679.hostingersite.com\\\/\",\"logo\":{\"@type\":\"ImageObject\",\"inLanguage\":\"es\",\"@id\":\"https:\\\/\\\/darkgreen-panther-294679.hostingersite.com\\\/#\\\/schema\\\/logo\\\/image\\\/\",\"url\":\"https:\\\/\\\/baliparaglidingtours.com\\\/wp-content\\\/uploads\\\/2019\\\/07\\\/Logopit_1563347307259-1.png\",\"contentUrl\":\"https:\\\/\\\/baliparaglidingtours.com\\\/wp-content\\\/uploads\\\/2019\\\/07\\\/Logopit_1563347307259-1.png\",\"width\":2160,\"height\":2160,\"caption\":\"Bali Paragliding Tours\"},\"image\":{\"@id\":\"https:\\\/\\\/darkgreen-panther-294679.hostingersite.com\\\/#\\\/schema\\\/logo\\\/image\\\/\"},\"sameAs\":[\"https:\\\/\\\/facebook.com\\\/bali.paragliding\"]}]}<\/script>\n<!-- \/ Yoast SEO plugin. -->","yoast_head_json":{"title":"Vuelo en parapente t\u00e1ndem de 30 minutos que incluye fotograf\u00eda\/v\u00eddeo - Bali Paragliding Tours","description":"Vuelo en parapente en t\u00e1ndem de 30 minutos en Bali con documentaci\u00f3n gratuita. Vuele por m\u00e1s tiempo y descubra m\u00e1s vistas. Reserve sin preocupaciones, puede pagar un dep\u00f3sito o el pago completo para asegurar su reserva. Bali Paragliding Tours","robots":{"index":"index","follow":"follow","max-snippet":"max-snippet:-1","max-image-preview":"max-image-preview:large","max-video-preview":"max-video-preview:-1"},"canonical":"https:\/\/baliparaglidingtours.com\/es\/product\/vuelo-en-parapente-en-tandem-de-30-minutos-con-foto-video-incluidos-pago-de-deposito\/","og_locale":"es_ES","og_type":"article","og_title":"Vuelo en parapente t\u00e1ndem de 30 minutos que incluye fotograf\u00eda\/v\u00eddeo - Bali Paragliding Tours","og_description":"Vuelo en parapente en t\u00e1ndem de 30 minutos en Bali con documentaci\u00f3n gratuita. Vuele por m\u00e1s tiempo y descubra m\u00e1s vistas. Reserve sin preocupaciones, puede pagar un dep\u00f3sito o el pago completo para asegurar su reserva. Bali Paragliding Tours","og_url":"https:\/\/baliparaglidingtours.com\/es\/product\/vuelo-en-parapente-en-tandem-de-30-minutos-con-foto-video-incluidos-pago-de-deposito\/","og_site_name":"Bali Paragliding Tours","article_publisher":"https:\/\/facebook.com\/bali.paragliding","article_modified_time":"2025-10-08T18:44:33+00:00","og_image":[{"width":1080,"height":810,"url":"https:\/\/baliparaglidingtours.com\/wp-content\/uploads\/2019\/09\/8aeef2b5409fa30a6f4b3e17c9c27c3f.jpg","type":"image\/jpeg"}],"twitter_card":"summary_large_image","twitter_misc":{"Tiempo de lectura":"2 minutos"},"schema":{"@context":"https:\/\/schema.org","@graph":[{"@type":"WebPage","@id":"https:\/\/baliparaglidingtours.com\/es\/product\/vuelo-en-parapente-en-tandem-de-30-minutos-con-foto-video-incluidos-pago-de-deposito\/","url":"https:\/\/baliparaglidingtours.com\/es\/product\/vuelo-en-parapente-en-tandem-de-30-minutos-con-foto-video-incluidos-pago-de-deposito\/","name":"Vuelo en parapente t\u00e1ndem de 30 minutos que incluye fotograf\u00eda\/v\u00eddeo - Bali Paragliding Tours","isPartOf":{"@id":"https:\/\/darkgreen-panther-294679.hostingersite.com\/#website"},"primaryImageOfPage":{"@id":"https:\/\/baliparaglidingtours.com\/es\/product\/vuelo-en-parapente-en-tandem-de-30-minutos-con-foto-video-incluidos-pago-de-deposito\/#primaryimage"},"image":{"@id":"https:\/\/baliparaglidingtours.com\/es\/product\/vuelo-en-parapente-en-tandem-de-30-minutos-con-foto-video-incluidos-pago-de-deposito\/#primaryimage"},"thumbnailUrl":"https:\/\/baliparaglidingtours.com\/wp-content\/uploads\/2019\/09\/8aeef2b5409fa30a6f4b3e17c9c27c3f.jpg","datePublished":"2021-05-06T05:43:00+00:00","dateModified":"2025-10-08T18:44:33+00:00","description":"Vuelo en parapente en t\u00e1ndem de 30 minutos en Bali con documentaci\u00f3n gratuita. Vuele por m\u00e1s tiempo y descubra m\u00e1s vistas. Reserve sin preocupaciones, puede pagar un dep\u00f3sito o el pago completo para asegurar su reserva. Bali Paragliding Tours","breadcrumb":{"@id":"https:\/\/baliparaglidingtours.com\/es\/product\/vuelo-en-parapente-en-tandem-de-30-minutos-con-foto-video-incluidos-pago-de-deposito\/#breadcrumb"},"inLanguage":"es","potentialAction":[{"@type":"ReadAction","target":["https:\/\/baliparaglidingtours.com\/es\/product\/vuelo-en-parapente-en-tandem-de-30-minutos-con-foto-video-incluidos-pago-de-deposito\/"]}]},{"@type":"ImageObject","inLanguage":"es","@id":"https:\/\/baliparaglidingtours.com\/es\/product\/vuelo-en-parapente-en-tandem-de-30-minutos-con-foto-video-incluidos-pago-de-deposito\/#primaryimage","url":"https:\/\/baliparaglidingtours.com\/wp-content\/uploads\/2019\/09\/8aeef2b5409fa30a6f4b3e17c9c27c3f.jpg","contentUrl":"https:\/\/baliparaglidingtours.com\/wp-content\/uploads\/2019\/09\/8aeef2b5409fa30a6f4b3e17c9c27c3f.jpg","width":1080,"height":810,"caption":"parapente Bali uluwatu"},{"@type":"BreadcrumbList","@id":"https:\/\/baliparaglidingtours.com\/es\/product\/vuelo-en-parapente-en-tandem-de-30-minutos-con-foto-video-incluidos-pago-de-deposito\/#breadcrumb","itemListElement":[{"@type":"ListItem","position":1,"name":"Home","item":"https:\/\/baliparaglidingtours.com\/es\/"},{"@type":"ListItem","position":2,"name":"Tienda","item":"https:\/\/baliparaglidingtours.com\/"},{"@type":"ListItem","position":3,"name":"Vuelo en parapente t\u00e1ndem de 30 minutos que incluye fotograf\u00eda\/v\u00eddeo"}]},{"@type":"WebSite","@id":"https:\/\/darkgreen-panther-294679.hostingersite.com\/#website","url":"https:\/\/darkgreen-panther-294679.hostingersite.com\/","name":"Bali Paragliding Tours","description":"The best and first tandem paragliding in Bali","publisher":{"@id":"https:\/\/darkgreen-panther-294679.hostingersite.com\/#organization"},"potentialAction":[{"@type":"SearchAction","target":{"@type":"EntryPoint","urlTemplate":"https:\/\/darkgreen-panther-294679.hostingersite.com\/?s={search_term_string}"},"query-input":{"@type":"PropertyValueSpecification","valueRequired":true,"valueName":"search_term_string"}}],"inLanguage":"es"},{"@type":"Organization","@id":"https:\/\/darkgreen-panther-294679.hostingersite.com\/#organization","name":"Bali Paragliding Tours","url":"https:\/\/darkgreen-panther-294679.hostingersite.com\/","logo":{"@type":"ImageObject","inLanguage":"es","@id":"https:\/\/darkgreen-panther-294679.hostingersite.com\/#\/schema\/logo\/image\/","url":"https:\/\/baliparaglidingtours.com\/wp-content\/uploads\/2019\/07\/Logopit_1563347307259-1.png","contentUrl":"https:\/\/baliparaglidingtours.com\/wp-content\/uploads\/2019\/07\/Logopit_1563347307259-1.png","width":2160,"height":2160,"caption":"Bali Paragliding Tours"},"image":{"@id":"https:\/\/darkgreen-panther-294679.hostingersite.com\/#\/schema\/logo\/image\/"},"sameAs":["https:\/\/facebook.com\/bali.paragliding"]}]}},"_links":{"self":[{"href":"https:\/\/baliparaglidingtours.com\/es\/wp-json\/wp\/v2\/product\/4884","targetHints":{"allow":["GET"]}}],"collection":[{"href":"https:\/\/baliparaglidingtours.com\/es\/wp-json\/wp\/v2\/product"}],"about":[{"href":"https:\/\/baliparaglidingtours.com\/es\/wp-json\/wp\/v2\/types\/product"}],"replies":[{"embeddable":true,"href":"https:\/\/baliparaglidingtours.com\/es\/wp-json\/wp\/v2\/comments?post=4884"}],"wp:featuredmedia":[{"embeddable":true,"href":"https:\/\/baliparaglidingtours.com\/es\/wp-json\/wp\/v2\/media\/4139"}],"wp:attachment":[{"href":"https:\/\/baliparaglidingtours.com\/es\/wp-json\/wp\/v2\/media?parent=4884"}],"wp:term":[{"taxonomy":"product_brand","embeddable":true,"href":"https:\/\/baliparaglidingtours.com\/es\/wp-json\/wp\/v2\/product_brand?post=4884"},{"taxonomy":"product_cat","embeddable":true,"href":"https:\/\/baliparaglidingtours.com\/es\/wp-json\/wp\/v2\/product_cat?post=4884"},{"taxonomy":"product_tag","embeddable":true,"href":"https:\/\/baliparaglidingtours.com\/es\/wp-json\/wp\/v2\/product_tag?post=4884"}],"curies":[{"name":"wp","href":"https:\/\/api.w.org\/{rel}","templated":true}]}}