{"id":4858,"date":"2023-08-05T16:32:48","date_gmt":"2023-08-05T08:32:48","guid":{"rendered":"https:\/\/baliparaglidingtours.com\/product\/parapente-en-bali-tours-aereos-del-acantilado-de-uluwatu-y-la-playa-de-nusa-dua\/"},"modified":"2025-06-19T10:50:50","modified_gmt":"2025-06-19T02:50:50","slug":"parapente-en-bali-tours-aereos-del-acantilado-de-uluwatu-y-la-playa-de-nusa-dua","status":"publish","type":"product","link":"https:\/\/baliparaglidingtours.com\/es\/product\/parapente-en-bali-tours-aereos-del-acantilado-de-uluwatu-y-la-playa-de-nusa-dua\/","title":{"rendered":"Parapente en Bali: tours a\u00e9reos del acantilado de Uluwatu y la playa de Nusa Dua"},"content":{"rendered":"\t<div id=\"text-2216439259\" class=\"text\">\n\t\t\n<p style=\"text-align: left;\">\u00a1Prep\u00e1rese para una aventura estimulante con Parapente en Bali Uluwatu y Acantilado de Nusa Dua! El\u00e9vese sobre los impresionantes paisajes de Bali mientras experimenta la emoci\u00f3n del parapente en t\u00e1ndem. Sienta el viento bajo sus alas mientras planea sobre los majestuosos acantilados de Uluwatu y Nusa Dua, contemplando vistas impresionantes de aguas turquesas y exuberante vegetaci\u00f3n.  <\/p>\n<p>Esta actividad que aumenta la adrenalina es perfecta tanto para los buscadores de emociones como para los entusiastas de la naturaleza. Independientemente de si es su primera vez, nuestros instructores expertos garantizar\u00e1n una experiencia segura e inolvidable. No se pierda esta oportunidad \u00fanica en la vida de conquistar los cielos de Bali con Parapente en Bali. Reserve su aventura ahora y deje que sus sue\u00f1os emprendan el vuelo sobre el Parapente en Uluwatu Bali   <\/p>\n<p><strong>INCLUSIONES:<\/strong><\/p>\n<ul>\n<li>15 o 30 minutos de vuelo en el aire (seg\u00fan la opci\u00f3n elegida)<\/li>\n<li>C\u00e1mara de acci\u00f3n con palo para selfies<\/li>\n<li>Cobertura de seguro<\/li>\n<li>Tarifa de transacci\u00f3n\/reserva<\/li>\n<\/ul>\n<p><strong>EXCLUYE:<\/strong><\/p>\n<ul>\n<li>Transportes<\/li>\n<li>Comidas\/bebidas<\/li>\n<li>Gastos personales<\/li>\n<\/ul>\n<p><strong>ITINERARIO:<\/strong><\/p>\n<ul>\n<li><strong>Llegada al punto de encuentro, canje de su reserva, remedici\u00f3n del peso y colocaci\u00f3n del equipo (0-10 minutos)<\/strong><\/li>\n<li><strong>Vuelo en el aire (15 o 30 minutos seg\u00fan la opci\u00f3n que elija) (15-30 minutos)<\/strong><\/li>\n<li><strong>Transferencia del metraje de video a su tel\u00e9fono m\u00f3vil, aseg\u00farese de tener suficiente espacio de memoria, se requieren 4-6 GB (5-10 minutos)<\/strong><\/li>\n<li><strong>Actividades finalizadas, tiempo libre<\/strong><\/li>\n<\/ul>\n<p><strong>El tiempo total estimado para todo el proceso es de 30-35 minutos para el vuelo de 15 minutos, y 45-50 minutos para el vuelo de 30 minutos. 6-8 pilotos pueden volar al mismo tiempo <\/strong><\/p>\n<p><strong>INFORMACI\u00d3N ADICIONAL:<\/strong><\/p>\n<ul>\n<li>Esta actividad no se recomienda para viajeros embarazadas, personas con problemas card\u00edacos u otras condiciones m\u00e9dicas graves<\/li>\n<li>Los participantes deben tener entre 5 y 60 a\u00f1os de edad<\/li>\n<li>El peso m\u00e1ximo del participante no debe exceder los 110 KG <\/li>\n<li>Esta actividad depende de las condiciones meteorol\u00f3gicas y del viento. Podemos ofrecer reprogramaci\u00f3n o reembolso en caso de que el vuelo no est\u00e9 disponible el d\u00eda seleccionado debido a cambios repentinos en el clima.<\/li>\n<\/ul>\n<p><strong>PUNTO DE ENCUENTRO Y CANJE<\/strong><br \/>\n<iframe loading=\"lazy\" src=\"https:\/\/www.google.com\/maps\/d\/u\/2\/embed?mid=1qAvdNHm6hhUu5Le9c7m_8Vl_D4mndOk&amp;ehbc=2E312F&amp;noprof=1\" width=\"640\" height=\"280\"><\/iframe><\/p>\n<ul>\n<li><strong>Acantilado de Nusa Dua o Uluwatu<\/strong>, consulte el <a href=\"https:\/\/baliparaglidingtours.com\/contact\/\">mapa del sitio de vuelo<\/a><strong>. <\/strong>Enviaremos la ubicaci\u00f3n exacta del vuelo despu\u00e9s de recibir su reserva<\/li>\n<li>El punto de despegue y aterrizaje es el mismo, excepto en caso de emergencia. El aterrizaje ser\u00e1 en la costa, y se le transportar\u00e1 de vuelta al punto de despegue<\/li>\n<\/ul>\n<p>Por favor, muestre su resumen de reserva en nuestro mostrador de registro para el canje.<\/p>\n<p><strong>POL\u00cdTICA DE CANCELACI\u00d3N Y REEMBOLSO<\/strong><\/p>\n<ul>\n<li>Para solicitar la cancelaci\u00f3n o modificaci\u00f3n de la reserva, por favor notif\u00edquenos al menos 12 horas antes de su hora de vuelo.<\/li>\n<li>Para modificar, reprogramar o cancelar su reserva, por favor responda al correo electr\u00f3nico o v\u00eda WhatsApp incluyendo su n\u00famero de pedido.<\/li>\n<li>Su reembolso se procesar\u00e1 inmediatamente a su tarjeta. Utilizamos la pasarela de pago de PayPal para aceptar y reembolsar su pago. <\/li>\n<li>Recibir\u00e1 el reembolso menos la tarifa de transacci\u00f3n, si el vuelo no es posible el d\u00eda seleccionado debido al clima o a la falta de vientos suficientes para el vuelo.<\/li>\n<li>M\u00e1s informaci\u00f3n: <a href=\"https:\/\/wa.me\/6285237041667\">Chatea con nosotros en WhatsApp<\/a><\/li>\n<\/ul>\n<p><strong>Nota:<\/strong><\/p>\n<p><strong>Este precio solo ser\u00e1 v\u00e1lido para confirmaciones con reserva en l\u00ednea.<\/strong><\/p>\n<p><em><span style=\"color: #000000;\"><strong>Esta actividad funciona con la velocidad y condici\u00f3n del viento natural. El horario de vuelo puede sufrir algunos retrasos\/cambios en caso de problemas de viento\/clima.  <\/strong><strong>Se le notificar\u00e1 (para reservas confirmadas y pagadas) antes de su llegada. Para m\u00e1s detalles, por favor cont\u00e1ctenos v\u00eda correo electr\u00f3nico o <a style=\"color: #000000;\" href=\"https:\/\/wa.me\/6285237041667\" target=\"_blank\" rel=\"noopener\">WhatsApp<\/a>  <\/strong><\/span><\/em><\/p>\n\t\t\n<style>\n#text-2216439259 {\n  line-height: 1.2;\n}\n<\/style>\n\t<\/div>\n\t\n","protected":false},"excerpt":{"rendered":"<p>\u00a1Disfrute de la impresionante belleza de Bali desde los cielos con nuestra experiencia de parapente de primer nivel! Sobrevuele los impresionantes paisajes sobre la costa de Uluwatu y Nusa Dua y contemple las incre\u00edbles vistas mientras practica parapente en Bali. Disponible en opciones de 15 o 30 minutos, desde Uluwatu o la playa de Pandawa\/Timbis. \u00a1Prep\u00e1rese para una experiencia estimulante que le dejar\u00e1 con ganas de m\u00e1s!    <\/p>\n","protected":false},"featured_media":5649,"comment_status":"closed","ping_status":"closed","template":"","meta":[],"product_brand":[],"product_cat":[92],"product_tag":[],"class_list":{"0":"post-4858","1":"product","2":"type-product","3":"status-publish","4":"has-post-thumbnail","6":"product_cat-sin-categoria","7":"wcpa_has_options","9":"first","10":"instock","11":"featured","12":"shipping-taxable","13":"purchasable","14":"product-type-variable","15":"has-default-attributes"},"yoast_head":"<!-- This site is optimized with the Yoast SEO plugin v27.2 - https:\/\/yoast.com\/product\/yoast-seo-wordpress\/ -->\n<title>Parapente en Bali: tours a\u00e9reos del acantilado de Uluwatu y la playa de Nusa Dua - Bali Paragliding Tours<\/title>\n<meta name=\"description\" content=\"Parapente en t\u00e1ndem en Bali: Uluwatu y Nusa Dua. Desde $60\/pers. Fotos gratis. Reserva ya.\" \/>\n<meta name=\"robots\" content=\"index, follow, max-snippet:-1, max-image-preview:large, max-video-preview:-1\" \/>\n<link rel=\"canonical\" href=\"https:\/\/baliparaglidingtours.com\/es\/product\/parapente-en-bali-tours-aereos-del-acantilado-de-uluwatu-y-la-playa-de-nusa-dua\/\" \/>\n<meta property=\"og:locale\" content=\"es_ES\" \/>\n<meta property=\"og:type\" content=\"article\" \/>\n<meta property=\"og:title\" content=\"Parapente en Bali: tours a\u00e9reos del acantilado de Uluwatu y la playa de Nusa Dua - Bali Paragliding Tours\" \/>\n<meta property=\"og:description\" content=\"Parapente en t\u00e1ndem en Bali: Uluwatu y Nusa Dua. Desde $60\/pers. Fotos gratis. Reserva ya.\" \/>\n<meta property=\"og:url\" content=\"https:\/\/baliparaglidingtours.com\/es\/product\/parapente-en-bali-tours-aereos-del-acantilado-de-uluwatu-y-la-playa-de-nusa-dua\/\" \/>\n<meta property=\"og:site_name\" content=\"Bali Paragliding Tours\" \/>\n<meta property=\"article:publisher\" content=\"https:\/\/facebook.com\/bali.paragliding\" \/>\n<meta property=\"article:modified_time\" content=\"2025-06-19T02:50:50+00:00\" \/>\n<meta property=\"og:image\" content=\"https:\/\/baliparaglidingtours.com\/wp-content\/uploads\/2023\/08\/paragliding-bali-uluwatu.webp\" \/>\n\t<meta property=\"og:image:width\" content=\"1200\" \/>\n\t<meta property=\"og:image:height\" content=\"1200\" \/>\n\t<meta property=\"og:image:type\" content=\"image\/webp\" \/>\n<meta name=\"twitter:card\" content=\"summary_large_image\" \/>\n<meta name=\"twitter:label1\" content=\"Tiempo de lectura\" \/>\n\t<meta name=\"twitter:data1\" content=\"3 minutos\" \/>\n<script type=\"application\/ld+json\" class=\"yoast-schema-graph\">{\"@context\":\"https:\/\/schema.org\",\"@graph\":[{\"@type\":\"WebPage\",\"@id\":\"https:\/\/baliparaglidingtours.com\/es\/product\/parapente-en-bali-tours-aereos-del-acantilado-de-uluwatu-y-la-playa-de-nusa-dua\/\",\"url\":\"https:\/\/baliparaglidingtours.com\/es\/product\/parapente-en-bali-tours-aereos-del-acantilado-de-uluwatu-y-la-playa-de-nusa-dua\/\",\"name\":\"Parapente en Bali: tours a\u00e9reos del acantilado de Uluwatu y la playa de Nusa Dua - Bali Paragliding Tours\",\"isPartOf\":{\"@id\":\"https:\/\/darkgreen-panther-294679.hostingersite.com\/#website\"},\"primaryImageOfPage\":{\"@id\":\"https:\/\/baliparaglidingtours.com\/es\/product\/parapente-en-bali-tours-aereos-del-acantilado-de-uluwatu-y-la-playa-de-nusa-dua\/#primaryimage\"},\"image\":{\"@id\":\"https:\/\/baliparaglidingtours.com\/es\/product\/parapente-en-bali-tours-aereos-del-acantilado-de-uluwatu-y-la-playa-de-nusa-dua\/#primaryimage\"},\"thumbnailUrl\":\"https:\/\/baliparaglidingtours.com\/wp-content\/uploads\/2023\/08\/paragliding-bali-uluwatu.webp\",\"datePublished\":\"2023-08-05T08:32:48+00:00\",\"dateModified\":\"2025-06-19T02:50:50+00:00\",\"description\":\"Parapente en t\u00e1ndem en Bali: Uluwatu y Nusa Dua. Desde $60\/pers. Fotos gratis. Reserva ya.\",\"breadcrumb\":{\"@id\":\"https:\/\/baliparaglidingtours.com\/es\/product\/parapente-en-bali-tours-aereos-del-acantilado-de-uluwatu-y-la-playa-de-nusa-dua\/#breadcrumb\"},\"inLanguage\":\"es\",\"potentialAction\":[{\"@type\":\"ReadAction\",\"target\":[\"https:\/\/baliparaglidingtours.com\/es\/product\/parapente-en-bali-tours-aereos-del-acantilado-de-uluwatu-y-la-playa-de-nusa-dua\/\"]}]},{\"@type\":\"ImageObject\",\"inLanguage\":\"es\",\"@id\":\"https:\/\/baliparaglidingtours.com\/es\/product\/parapente-en-bali-tours-aereos-del-acantilado-de-uluwatu-y-la-playa-de-nusa-dua\/#primaryimage\",\"url\":\"https:\/\/baliparaglidingtours.com\/wp-content\/uploads\/2023\/08\/paragliding-bali-uluwatu.webp\",\"contentUrl\":\"https:\/\/baliparaglidingtours.com\/wp-content\/uploads\/2023\/08\/paragliding-bali-uluwatu.webp\",\"width\":1200,\"height\":1200,\"caption\":\"paragliding Bali uluwatu\"},{\"@type\":\"BreadcrumbList\",\"@id\":\"https:\/\/baliparaglidingtours.com\/es\/product\/parapente-en-bali-tours-aereos-del-acantilado-de-uluwatu-y-la-playa-de-nusa-dua\/#breadcrumb\",\"itemListElement\":[{\"@type\":\"ListItem\",\"position\":1,\"name\":\"Home\",\"item\":\"https:\/\/baliparaglidingtours.com\/es\/\"},{\"@type\":\"ListItem\",\"position\":2,\"name\":\"Tienda\",\"item\":\"https:\/\/baliparaglidingtours.com\/\"},{\"@type\":\"ListItem\",\"position\":3,\"name\":\"Parapente en Bali: tours a\u00e9reos del acantilado de Uluwatu y la playa de Nusa Dua\"}]},{\"@type\":\"WebSite\",\"@id\":\"https:\/\/darkgreen-panther-294679.hostingersite.com\/#website\",\"url\":\"https:\/\/darkgreen-panther-294679.hostingersite.com\/\",\"name\":\"Bali Paragliding Tours\",\"description\":\"The best and first tandem paragliding in Bali\",\"publisher\":{\"@id\":\"https:\/\/darkgreen-panther-294679.hostingersite.com\/#organization\"},\"potentialAction\":[{\"@type\":\"SearchAction\",\"target\":{\"@type\":\"EntryPoint\",\"urlTemplate\":\"https:\/\/darkgreen-panther-294679.hostingersite.com\/?s={search_term_string}\"},\"query-input\":{\"@type\":\"PropertyValueSpecification\",\"valueRequired\":true,\"valueName\":\"search_term_string\"}}],\"inLanguage\":\"es\"},{\"@type\":\"Organization\",\"@id\":\"https:\/\/darkgreen-panther-294679.hostingersite.com\/#organization\",\"name\":\"Bali Paragliding Tours\",\"url\":\"https:\/\/darkgreen-panther-294679.hostingersite.com\/\",\"logo\":{\"@type\":\"ImageObject\",\"inLanguage\":\"es\",\"@id\":\"https:\/\/darkgreen-panther-294679.hostingersite.com\/#\/schema\/logo\/image\/\",\"url\":\"https:\/\/baliparaglidingtours.com\/wp-content\/uploads\/2019\/07\/Logopit_1563347307259-1.png\",\"contentUrl\":\"https:\/\/baliparaglidingtours.com\/wp-content\/uploads\/2019\/07\/Logopit_1563347307259-1.png\",\"width\":2160,\"height\":2160,\"caption\":\"Bali Paragliding Tours\"},\"image\":{\"@id\":\"https:\/\/darkgreen-panther-294679.hostingersite.com\/#\/schema\/logo\/image\/\"},\"sameAs\":[\"https:\/\/facebook.com\/bali.paragliding\"]}]}<\/script>\n<!-- \/ Yoast SEO plugin. -->","yoast_head_json":{"title":"Parapente en Bali: tours a\u00e9reos del acantilado de Uluwatu y la playa de Nusa Dua - Bali Paragliding Tours","description":"Parapente en t\u00e1ndem en Bali: Uluwatu y Nusa Dua. Desde $60\/pers. Fotos gratis. Reserva ya.","robots":{"index":"index","follow":"follow","max-snippet":"max-snippet:-1","max-image-preview":"max-image-preview:large","max-video-preview":"max-video-preview:-1"},"canonical":"https:\/\/baliparaglidingtours.com\/es\/product\/parapente-en-bali-tours-aereos-del-acantilado-de-uluwatu-y-la-playa-de-nusa-dua\/","og_locale":"es_ES","og_type":"article","og_title":"Parapente en Bali: tours a\u00e9reos del acantilado de Uluwatu y la playa de Nusa Dua - Bali Paragliding Tours","og_description":"Parapente en t\u00e1ndem en Bali: Uluwatu y Nusa Dua. Desde $60\/pers. Fotos gratis. Reserva ya.","og_url":"https:\/\/baliparaglidingtours.com\/es\/product\/parapente-en-bali-tours-aereos-del-acantilado-de-uluwatu-y-la-playa-de-nusa-dua\/","og_site_name":"Bali Paragliding Tours","article_publisher":"https:\/\/facebook.com\/bali.paragliding","article_modified_time":"2025-06-19T02:50:50+00:00","og_image":[{"width":1200,"height":1200,"url":"https:\/\/baliparaglidingtours.com\/wp-content\/uploads\/2023\/08\/paragliding-bali-uluwatu.webp","type":"image\/webp"}],"twitter_card":"summary_large_image","twitter_misc":{"Tiempo de lectura":"3 minutos"},"schema":{"@context":"https:\/\/schema.org","@graph":[{"@type":"WebPage","@id":"https:\/\/baliparaglidingtours.com\/es\/product\/parapente-en-bali-tours-aereos-del-acantilado-de-uluwatu-y-la-playa-de-nusa-dua\/","url":"https:\/\/baliparaglidingtours.com\/es\/product\/parapente-en-bali-tours-aereos-del-acantilado-de-uluwatu-y-la-playa-de-nusa-dua\/","name":"Parapente en Bali: tours a\u00e9reos del acantilado de Uluwatu y la playa de Nusa Dua - Bali Paragliding Tours","isPartOf":{"@id":"https:\/\/darkgreen-panther-294679.hostingersite.com\/#website"},"primaryImageOfPage":{"@id":"https:\/\/baliparaglidingtours.com\/es\/product\/parapente-en-bali-tours-aereos-del-acantilado-de-uluwatu-y-la-playa-de-nusa-dua\/#primaryimage"},"image":{"@id":"https:\/\/baliparaglidingtours.com\/es\/product\/parapente-en-bali-tours-aereos-del-acantilado-de-uluwatu-y-la-playa-de-nusa-dua\/#primaryimage"},"thumbnailUrl":"https:\/\/baliparaglidingtours.com\/wp-content\/uploads\/2023\/08\/paragliding-bali-uluwatu.webp","datePublished":"2023-08-05T08:32:48+00:00","dateModified":"2025-06-19T02:50:50+00:00","description":"Parapente en t\u00e1ndem en Bali: Uluwatu y Nusa Dua. Desde $60\/pers. Fotos gratis. Reserva ya.","breadcrumb":{"@id":"https:\/\/baliparaglidingtours.com\/es\/product\/parapente-en-bali-tours-aereos-del-acantilado-de-uluwatu-y-la-playa-de-nusa-dua\/#breadcrumb"},"inLanguage":"es","potentialAction":[{"@type":"ReadAction","target":["https:\/\/baliparaglidingtours.com\/es\/product\/parapente-en-bali-tours-aereos-del-acantilado-de-uluwatu-y-la-playa-de-nusa-dua\/"]}]},{"@type":"ImageObject","inLanguage":"es","@id":"https:\/\/baliparaglidingtours.com\/es\/product\/parapente-en-bali-tours-aereos-del-acantilado-de-uluwatu-y-la-playa-de-nusa-dua\/#primaryimage","url":"https:\/\/baliparaglidingtours.com\/wp-content\/uploads\/2023\/08\/paragliding-bali-uluwatu.webp","contentUrl":"https:\/\/baliparaglidingtours.com\/wp-content\/uploads\/2023\/08\/paragliding-bali-uluwatu.webp","width":1200,"height":1200,"caption":"paragliding Bali uluwatu"},{"@type":"BreadcrumbList","@id":"https:\/\/baliparaglidingtours.com\/es\/product\/parapente-en-bali-tours-aereos-del-acantilado-de-uluwatu-y-la-playa-de-nusa-dua\/#breadcrumb","itemListElement":[{"@type":"ListItem","position":1,"name":"Home","item":"https:\/\/baliparaglidingtours.com\/es\/"},{"@type":"ListItem","position":2,"name":"Tienda","item":"https:\/\/baliparaglidingtours.com\/"},{"@type":"ListItem","position":3,"name":"Parapente en Bali: tours a\u00e9reos del acantilado de Uluwatu y la playa de Nusa Dua"}]},{"@type":"WebSite","@id":"https:\/\/darkgreen-panther-294679.hostingersite.com\/#website","url":"https:\/\/darkgreen-panther-294679.hostingersite.com\/","name":"Bali Paragliding Tours","description":"The best and first tandem paragliding in Bali","publisher":{"@id":"https:\/\/darkgreen-panther-294679.hostingersite.com\/#organization"},"potentialAction":[{"@type":"SearchAction","target":{"@type":"EntryPoint","urlTemplate":"https:\/\/darkgreen-panther-294679.hostingersite.com\/?s={search_term_string}"},"query-input":{"@type":"PropertyValueSpecification","valueRequired":true,"valueName":"search_term_string"}}],"inLanguage":"es"},{"@type":"Organization","@id":"https:\/\/darkgreen-panther-294679.hostingersite.com\/#organization","name":"Bali Paragliding Tours","url":"https:\/\/darkgreen-panther-294679.hostingersite.com\/","logo":{"@type":"ImageObject","inLanguage":"es","@id":"https:\/\/darkgreen-panther-294679.hostingersite.com\/#\/schema\/logo\/image\/","url":"https:\/\/baliparaglidingtours.com\/wp-content\/uploads\/2019\/07\/Logopit_1563347307259-1.png","contentUrl":"https:\/\/baliparaglidingtours.com\/wp-content\/uploads\/2019\/07\/Logopit_1563347307259-1.png","width":2160,"height":2160,"caption":"Bali Paragliding Tours"},"image":{"@id":"https:\/\/darkgreen-panther-294679.hostingersite.com\/#\/schema\/logo\/image\/"},"sameAs":["https:\/\/facebook.com\/bali.paragliding"]}]}},"_links":{"self":[{"href":"https:\/\/baliparaglidingtours.com\/es\/wp-json\/wp\/v2\/product\/4858","targetHints":{"allow":["GET"]}}],"collection":[{"href":"https:\/\/baliparaglidingtours.com\/es\/wp-json\/wp\/v2\/product"}],"about":[{"href":"https:\/\/baliparaglidingtours.com\/es\/wp-json\/wp\/v2\/types\/product"}],"replies":[{"embeddable":true,"href":"https:\/\/baliparaglidingtours.com\/es\/wp-json\/wp\/v2\/comments?post=4858"}],"wp:featuredmedia":[{"embeddable":true,"href":"https:\/\/baliparaglidingtours.com\/es\/wp-json\/wp\/v2\/media\/5649"}],"wp:attachment":[{"href":"https:\/\/baliparaglidingtours.com\/es\/wp-json\/wp\/v2\/media?parent=4858"}],"wp:term":[{"taxonomy":"product_brand","embeddable":true,"href":"https:\/\/baliparaglidingtours.com\/es\/wp-json\/wp\/v2\/product_brand?post=4858"},{"taxonomy":"product_cat","embeddable":true,"href":"https:\/\/baliparaglidingtours.com\/es\/wp-json\/wp\/v2\/product_cat?post=4858"},{"taxonomy":"product_tag","embeddable":true,"href":"https:\/\/baliparaglidingtours.com\/es\/wp-json\/wp\/v2\/product_tag?post=4858"}],"curies":[{"name":"wp","href":"https:\/\/api.w.org\/{rel}","templated":true}]}}