{"id":4977,"date":"2019-01-18T06:48:22","date_gmt":"2019-01-17T22:48:22","guid":{"rendered":"https:\/\/baliparaglidingtours.com\/contacto-y-lugar-de-encuentro\/"},"modified":"2025-06-21T12:03:59","modified_gmt":"2025-06-21T04:03:59","slug":"contacto-y-lugar-de-encuentro","status":"publish","type":"page","link":"https:\/\/baliparaglidingtours.com\/es\/contacto-y-lugar-de-encuentro\/","title":{"rendered":"Contacto y lugar de encuentro"},"content":{"rendered":"\n<h3 class=\"accordion_title\">lugar de encuentro<\/h3><div class=\"accordion\">\n\n\t<div id=\"accordion-3649048116\" class=\"accordion-item\">\n\t\t<a id=\"accordion-3649048116-label\" class=\"accordion-title plain\" href=\"#accordion-item-vuelo-a-nusa-dua-(abril-a-junio)\" aria-expanded=\"false\" aria-controls=\"accordion-3649048116-content\">\n\t\t\t<button class=\"toggle\" aria-label=\"Toggle\"><i class=\"icon-angle-down\" aria-hidden=\"true\"><\/i><\/button>\n\t\t\t<span>Vuelo a Nusa Dua (abril a junio)<\/span>\n\t\t<\/a>\n\t\t<div id=\"accordion-3649048116-content\" class=\"accordion-inner\" aria-labelledby=\"accordion-3649048116-label\">\n\t\t\t\n\n<div class=\"message-box relative dark\" style=\"padding-top:15px;padding-bottom:15px;\"><div class=\"message-box-bg-image bg-fill fill\" ><\/div><div class=\"message-box-bg-overlay bg-fill fill\" ><\/div><div class=\"container relative\"><div class=\"inner last-reset\">\n\n<div class=\"row align-middle align-center\"  id=\"row-746135477\">\n\n\n\t<div id=\"col-2065907531\" class=\"col medium-9 small-12 large-9\"  >\n\t\t\t\t<div class=\"col-inner\"  >\n\t\t\t\n\t\t\t\n\n<p>Ubicado al sur de Nusa Dua, sobrevuela la costa de Gunung Payung y la playa de Sawangan, con vistas a playas v\u00edrgenes y resorts de lujo. El punto de partida y el punto de aterrizaje son los mismos. La altura de despegue es de aproximadamente 70 metros sobre el nivel del mar. <\/p>\n\n\n\t\t<\/div>\n\t\t\t\t\t<\/div>\n\n\t\n\n\t<div id=\"col-802033455\" class=\"col medium-2 small-12 large-2\"  >\n\t\t\t\t<div class=\"col-inner text-center\"  >\n\t\t\t\n\t\t\t\n\n<a href=\"https:\/\/maps.app.goo.gl\/dUbKRb5rGoSiFVCR6\" class=\"button white is-outline\" style=\"border-radius:99px;\">\n\t\t<span>Mapa de Google<\/span>\n\t<\/a>\n\n\n\n\t\t<\/div>\n\t\t\t\t\t<\/div>\n\n\t\n\n<\/div>\n\n<\/div><\/div><\/div>\n\n\t\t<\/div>\n\t<\/div>\n\t\n\t<div id=\"accordion-2255702894\" class=\"accordion-item\">\n\t\t<a id=\"accordion-2255702894-label\" class=\"accordion-title plain\" href=\"#accordion-item-sitio-de-east-uluwatu-(abril-a-noviembre)\" aria-expanded=\"false\" aria-controls=\"accordion-2255702894-content\">\n\t\t\t<button class=\"toggle\" aria-label=\"Toggle\"><i class=\"icon-angle-down\" aria-hidden=\"true\"><\/i><\/button>\n\t\t\t<span>Sitio de East Uluwatu (abril a noviembre)<\/span>\n\t\t<\/a>\n\t\t<div id=\"accordion-2255702894-content\" class=\"accordion-inner\" aria-labelledby=\"accordion-2255702894-label\">\n\t\t\t\n\n<div class=\"message-box relative dark\" style=\"padding-top:15px;padding-bottom:15px;\"><div class=\"message-box-bg-image bg-fill fill\" ><\/div><div class=\"message-box-bg-overlay bg-fill fill\" ><\/div><div class=\"container relative\"><div class=\"inner last-reset\">\n\n<div class=\"row align-middle align-center\"  id=\"row-501096276\">\n\n\n\t<div id=\"col-928437627\" class=\"col medium-9 small-12 large-9\"  >\n\t\t\t\t<div class=\"col-inner\"  >\n\t\t\t\n\t\t\t\n\n<p> Ubicado justo encima de las playas de Pandawa y Timbis. Vuelo disponible durante la temporada de verano, de julio a noviembre. El vuelo comienza y termina en el mismo punto. Ubicado aproximadamente a 80 metros sobre el nivel del mar.    <\/p>\n\n\n\t\t<\/div>\n\t\t\t\t\t<\/div>\n\n\t\n\n\t<div id=\"col-1522426433\" class=\"col medium-2 small-12 large-2\"  >\n\t\t\t\t<div class=\"col-inner text-center\"  >\n\t\t\t\n\t\t\t\n\n<a href=\"https:\/\/maps.app.goo.gl\/FgRSh3uPexG2SP9KA\" class=\"button white is-outline\" style=\"border-radius:99px;\">\n\t\t<span>Mapa de Google<\/span>\n\t<\/a>\n\n\n\n\t\t<\/div>\n\t\t\t\t\t<\/div>\n\n\t\n\n<\/div>\n\n<\/div><\/div><\/div>\n\n\t\t<\/div>\n\t<\/div>\n\t\n\t<div id=\"accordion-3822210755\" class=\"accordion-item\">\n\t\t<a id=\"accordion-3822210755-label\" class=\"accordion-title plain\" href=\"#accordion-item-vuelos-a-uluwatu-oeste-(diciembre-a-abril)\" aria-expanded=\"false\" aria-controls=\"accordion-3822210755-content\">\n\t\t\t<button class=\"toggle\" aria-label=\"Toggle\"><i class=\"icon-angle-down\" aria-hidden=\"true\"><\/i><\/button>\n\t\t\t<span>Vuelos a Uluwatu Oeste (diciembre a abril)<\/span>\n\t\t<\/a>\n\t\t<div id=\"accordion-3822210755-content\" class=\"accordion-inner\" aria-labelledby=\"accordion-3822210755-label\">\n\t\t\t\n\n<div class=\"message-box relative dark\" style=\"padding-top:15px;padding-bottom:15px;\"><div class=\"message-box-bg-image bg-fill fill\" ><\/div><div class=\"message-box-bg-overlay bg-fill fill\" ><\/div><div class=\"container relative\"><div class=\"inner last-reset\">\n\n<div class=\"row align-middle align-center\"  id=\"row-304361308\">\n\n\n\t<div id=\"col-398391753\" class=\"col medium-9 small-12 large-9\"  >\n\t\t\t\t<div class=\"col-inner\"  >\n\t\t\t\n\t\t\t\n\n<p>La mejor oportunidad para volar en Uluwatu es de diciembre a marzo. Vuela por las playas de Nyang Nyang y Nunggalan en Uluwatu. El vuelo comienza desde el acantilado, a unos 100 metros del nivel del mar.  <\/p>\n\n\t\t<\/div>\n\t\t\t\t\t<\/div>\n\n\t\n\n\t<div id=\"col-793734565\" class=\"col medium-2 small-12 large-2\"  >\n\t\t\t\t<div class=\"col-inner text-center\"  >\n\t\t\t\n\t\t\t\n\n<a href=\"https:\/\/maps.app.goo.gl\/U8ddH9K8ngjsCkzx6\" class=\"button white is-outline\" style=\"border-radius:99px;\">\n\t\t<span>Mapa de Google<\/span>\n\t<\/a>\n\n\n\n\t\t<\/div>\n\t\t\t\t\t<\/div>\n\n\t\n\n<\/div>\n\n<\/div><\/div><\/div>\n\n\t\t<\/div>\n\t<\/div>\n\t\n\n<\/div>\n<h3>Notes<\/h3>\n<p>La disponibilidad de vuelos est\u00e1 sujeta a las condiciones meteorol\u00f3gicas y del viento. La ubicaci\u00f3n exacta del vuelo se actualizar\u00e1 en la fecha de viaje elegida. Nuestro servicio de atenci\u00f3n al cliente se pondr\u00e1 en contacto con usted por correo electr\u00f3nico o WhatsApp.Flight availability are subject to weather and wind condition, Exact flight location will be updated near your choosen travel date. Our customer support will reach you via Email or Whatsapp.  <\/p>\n<a href=\"https:\/\/wa.me\/6285237041667\" class=\"button success is-shade is-larger box-shadow-4 box-shadow-5-hover\" style=\"border-radius:10px;\">\n\t\t<span>Whatsapp<\/span>\n\t<i class=\"icon-whatsapp\" aria-hidden=\"true\"><\/i><\/a>\n\n\n<div class=\"social-icons follow-icons\" ><a href=\"http:\/\/bali.paragliding\" target=\"_blank\" data-label=\"Facebook\" class=\"icon button circle is-outline tooltip facebook\" title=\"S\u00edguenos en Facebook\" aria-label=\"S\u00edguenos en Facebook\" rel=\"noopener nofollow\"><i class=\"icon-facebook\" aria-hidden=\"true\"><\/i><\/a><a href=\"http:\/\/baliparaglidingtandemtours\" target=\"_blank\" data-label=\"Instagram\" class=\"icon button circle is-outline tooltip instagram\" title=\"S\u00edguenos en Instagram\" aria-label=\"S\u00edguenos en Instagram\" rel=\"noopener nofollow\"><i class=\"icon-instagram\" aria-hidden=\"true\"><\/i><\/a><a href=\"mailto:baliparaglidingtandem@gmail.com\" data-label=\"E-mail\" target=\"_blank\" class=\"icon button circle is-outline tooltip email\" title=\"Env\u00edanos un email\" aria-label=\"Env\u00edanos un email\" rel=\"nofollow noopener\"><i class=\"icon-envelop\" aria-hidden=\"true\"><\/i><\/a><a href=\"tel:+6285237041667\" data-label=\"Phone\" target=\"_blank\" class=\"icon button circle is-outline tooltip phone\" title=\"Ll\u00e1menos\" aria-label=\"Ll\u00e1menos\" rel=\"nofollow noopener\"><i class=\"icon-phone\" aria-hidden=\"true\"><\/i><\/a><a href=\"https:\/\/t.me\/baliparaglidingtours\" data-label=\"Telegram\" target=\"_blank\" class=\"icon button circle is-outline tooltip telegram\" title=\"S\u00edguenos en Telegram\" aria-label=\"S\u00edguenos en Telegram\" rel=\"noopener nofollow\"><i class=\"icon-telegram\" aria-hidden=\"true\"><\/i><\/a><\/div>\n\n\n","protected":false},"excerpt":{"rendered":"","protected":false},"author":1,"featured_media":0,"parent":0,"menu_order":0,"comment_status":"closed","ping_status":"closed","template":"","meta":{"footnotes":""},"class_list":["post-4977","page","type-page","status-publish","hentry"],"yoast_head":"<!-- This site is optimized with the Yoast SEO plugin v27.2 - https:\/\/yoast.com\/product\/yoast-seo-wordpress\/ -->\n<title>Contacto y lugar de encuentro Bali Paragliding Tours<\/title>\n<meta name=\"description\" content=\"Sitios de parapente en Bali, contacto y mapas en l\u00ednea de las bases de despegue y aterrizaje para parapente en Bali con Bali Paragliding tours.\" \/>\n<meta name=\"robots\" content=\"index, follow, max-snippet:-1, max-image-preview:large, max-video-preview:-1\" \/>\n<link rel=\"canonical\" href=\"https:\/\/baliparaglidingtours.com\/es\/contacto-y-lugar-de-encuentro\/\" \/>\n<meta property=\"og:locale\" content=\"es_ES\" \/>\n<meta property=\"og:type\" content=\"article\" \/>\n<meta property=\"og:title\" content=\"Contacto y lugar de encuentro Bali Paragliding Tours\" \/>\n<meta property=\"og:description\" content=\"Sitios de parapente en Bali, contacto y mapas en l\u00ednea de las bases de despegue y aterrizaje para parapente en Bali con Bali Paragliding tours.\" \/>\n<meta property=\"og:url\" content=\"https:\/\/baliparaglidingtours.com\/es\/contacto-y-lugar-de-encuentro\/\" \/>\n<meta property=\"og:site_name\" content=\"Bali Paragliding Tours\" \/>\n<meta property=\"article:publisher\" content=\"https:\/\/facebook.com\/bali.paragliding\" \/>\n<meta property=\"article:modified_time\" content=\"2025-06-21T04:03:59+00:00\" \/>\n<meta name=\"twitter:card\" content=\"summary_large_image\" \/>\n<meta name=\"twitter:label1\" content=\"Tiempo de lectura\" \/>\n\t<meta name=\"twitter:data1\" content=\"2 minutos\" \/>\n<script type=\"application\/ld+json\" class=\"yoast-schema-graph\">{\"@context\":\"https:\/\/schema.org\",\"@graph\":[{\"@type\":\"WebPage\",\"@id\":\"https:\/\/baliparaglidingtours.com\/es\/contacto-y-lugar-de-encuentro\/\",\"url\":\"https:\/\/baliparaglidingtours.com\/es\/contacto-y-lugar-de-encuentro\/\",\"name\":\"Contacto y lugar de encuentro Bali Paragliding Tours\",\"isPartOf\":{\"@id\":\"https:\/\/darkgreen-panther-294679.hostingersite.com\/#website\"},\"datePublished\":\"2019-01-17T22:48:22+00:00\",\"dateModified\":\"2025-06-21T04:03:59+00:00\",\"description\":\"Sitios de parapente en Bali, contacto y mapas en l\u00ednea de las bases de despegue y aterrizaje para parapente en Bali con Bali Paragliding tours.\",\"breadcrumb\":{\"@id\":\"https:\/\/baliparaglidingtours.com\/es\/contacto-y-lugar-de-encuentro\/#breadcrumb\"},\"inLanguage\":\"es\",\"potentialAction\":[{\"@type\":\"ReadAction\",\"target\":[\"https:\/\/baliparaglidingtours.com\/es\/contacto-y-lugar-de-encuentro\/\"]}]},{\"@type\":\"BreadcrumbList\",\"@id\":\"https:\/\/baliparaglidingtours.com\/es\/contacto-y-lugar-de-encuentro\/#breadcrumb\",\"itemListElement\":[{\"@type\":\"ListItem\",\"position\":1,\"name\":\"Home\",\"item\":\"https:\/\/baliparaglidingtours.com\/es\/\"},{\"@type\":\"ListItem\",\"position\":2,\"name\":\"Contacto y lugar de encuentro\"}]},{\"@type\":\"WebSite\",\"@id\":\"https:\/\/darkgreen-panther-294679.hostingersite.com\/#website\",\"url\":\"https:\/\/darkgreen-panther-294679.hostingersite.com\/\",\"name\":\"Bali Paragliding Tours\",\"description\":\"The best and first tandem paragliding in Bali\",\"publisher\":{\"@id\":\"https:\/\/darkgreen-panther-294679.hostingersite.com\/#organization\"},\"potentialAction\":[{\"@type\":\"SearchAction\",\"target\":{\"@type\":\"EntryPoint\",\"urlTemplate\":\"https:\/\/darkgreen-panther-294679.hostingersite.com\/?s={search_term_string}\"},\"query-input\":{\"@type\":\"PropertyValueSpecification\",\"valueRequired\":true,\"valueName\":\"search_term_string\"}}],\"inLanguage\":\"es\"},{\"@type\":\"Organization\",\"@id\":\"https:\/\/darkgreen-panther-294679.hostingersite.com\/#organization\",\"name\":\"Bali Paragliding Tours\",\"url\":\"https:\/\/darkgreen-panther-294679.hostingersite.com\/\",\"logo\":{\"@type\":\"ImageObject\",\"inLanguage\":\"es\",\"@id\":\"https:\/\/darkgreen-panther-294679.hostingersite.com\/#\/schema\/logo\/image\/\",\"url\":\"https:\/\/baliparaglidingtours.com\/wp-content\/uploads\/2019\/07\/Logopit_1563347307259-1.png\",\"contentUrl\":\"https:\/\/baliparaglidingtours.com\/wp-content\/uploads\/2019\/07\/Logopit_1563347307259-1.png\",\"width\":2160,\"height\":2160,\"caption\":\"Bali Paragliding Tours\"},\"image\":{\"@id\":\"https:\/\/darkgreen-panther-294679.hostingersite.com\/#\/schema\/logo\/image\/\"},\"sameAs\":[\"https:\/\/facebook.com\/bali.paragliding\"]}]}<\/script>\n<!-- \/ Yoast SEO plugin. -->","yoast_head_json":{"title":"Contacto y lugar de encuentro Bali Paragliding Tours","description":"Sitios de parapente en Bali, contacto y mapas en l\u00ednea de las bases de despegue y aterrizaje para parapente en Bali con Bali Paragliding tours.","robots":{"index":"index","follow":"follow","max-snippet":"max-snippet:-1","max-image-preview":"max-image-preview:large","max-video-preview":"max-video-preview:-1"},"canonical":"https:\/\/baliparaglidingtours.com\/es\/contacto-y-lugar-de-encuentro\/","og_locale":"es_ES","og_type":"article","og_title":"Contacto y lugar de encuentro Bali Paragliding Tours","og_description":"Sitios de parapente en Bali, contacto y mapas en l\u00ednea de las bases de despegue y aterrizaje para parapente en Bali con Bali Paragliding tours.","og_url":"https:\/\/baliparaglidingtours.com\/es\/contacto-y-lugar-de-encuentro\/","og_site_name":"Bali Paragliding Tours","article_publisher":"https:\/\/facebook.com\/bali.paragliding","article_modified_time":"2025-06-21T04:03:59+00:00","twitter_card":"summary_large_image","twitter_misc":{"Tiempo de lectura":"2 minutos"},"schema":{"@context":"https:\/\/schema.org","@graph":[{"@type":"WebPage","@id":"https:\/\/baliparaglidingtours.com\/es\/contacto-y-lugar-de-encuentro\/","url":"https:\/\/baliparaglidingtours.com\/es\/contacto-y-lugar-de-encuentro\/","name":"Contacto y lugar de encuentro Bali Paragliding Tours","isPartOf":{"@id":"https:\/\/darkgreen-panther-294679.hostingersite.com\/#website"},"datePublished":"2019-01-17T22:48:22+00:00","dateModified":"2025-06-21T04:03:59+00:00","description":"Sitios de parapente en Bali, contacto y mapas en l\u00ednea de las bases de despegue y aterrizaje para parapente en Bali con Bali Paragliding tours.","breadcrumb":{"@id":"https:\/\/baliparaglidingtours.com\/es\/contacto-y-lugar-de-encuentro\/#breadcrumb"},"inLanguage":"es","potentialAction":[{"@type":"ReadAction","target":["https:\/\/baliparaglidingtours.com\/es\/contacto-y-lugar-de-encuentro\/"]}]},{"@type":"BreadcrumbList","@id":"https:\/\/baliparaglidingtours.com\/es\/contacto-y-lugar-de-encuentro\/#breadcrumb","itemListElement":[{"@type":"ListItem","position":1,"name":"Home","item":"https:\/\/baliparaglidingtours.com\/es\/"},{"@type":"ListItem","position":2,"name":"Contacto y lugar de encuentro"}]},{"@type":"WebSite","@id":"https:\/\/darkgreen-panther-294679.hostingersite.com\/#website","url":"https:\/\/darkgreen-panther-294679.hostingersite.com\/","name":"Bali Paragliding Tours","description":"The best and first tandem paragliding in Bali","publisher":{"@id":"https:\/\/darkgreen-panther-294679.hostingersite.com\/#organization"},"potentialAction":[{"@type":"SearchAction","target":{"@type":"EntryPoint","urlTemplate":"https:\/\/darkgreen-panther-294679.hostingersite.com\/?s={search_term_string}"},"query-input":{"@type":"PropertyValueSpecification","valueRequired":true,"valueName":"search_term_string"}}],"inLanguage":"es"},{"@type":"Organization","@id":"https:\/\/darkgreen-panther-294679.hostingersite.com\/#organization","name":"Bali Paragliding Tours","url":"https:\/\/darkgreen-panther-294679.hostingersite.com\/","logo":{"@type":"ImageObject","inLanguage":"es","@id":"https:\/\/darkgreen-panther-294679.hostingersite.com\/#\/schema\/logo\/image\/","url":"https:\/\/baliparaglidingtours.com\/wp-content\/uploads\/2019\/07\/Logopit_1563347307259-1.png","contentUrl":"https:\/\/baliparaglidingtours.com\/wp-content\/uploads\/2019\/07\/Logopit_1563347307259-1.png","width":2160,"height":2160,"caption":"Bali Paragliding Tours"},"image":{"@id":"https:\/\/darkgreen-panther-294679.hostingersite.com\/#\/schema\/logo\/image\/"},"sameAs":["https:\/\/facebook.com\/bali.paragliding"]}]}},"_links":{"self":[{"href":"https:\/\/baliparaglidingtours.com\/es\/wp-json\/wp\/v2\/pages\/4977","targetHints":{"allow":["GET"]}}],"collection":[{"href":"https:\/\/baliparaglidingtours.com\/es\/wp-json\/wp\/v2\/pages"}],"about":[{"href":"https:\/\/baliparaglidingtours.com\/es\/wp-json\/wp\/v2\/types\/page"}],"author":[{"embeddable":true,"href":"https:\/\/baliparaglidingtours.com\/es\/wp-json\/wp\/v2\/users\/1"}],"replies":[{"embeddable":true,"href":"https:\/\/baliparaglidingtours.com\/es\/wp-json\/wp\/v2\/comments?post=4977"}],"version-history":[{"count":1,"href":"https:\/\/baliparaglidingtours.com\/es\/wp-json\/wp\/v2\/pages\/4977\/revisions"}],"predecessor-version":[{"id":4978,"href":"https:\/\/baliparaglidingtours.com\/es\/wp-json\/wp\/v2\/pages\/4977\/revisions\/4978"}],"wp:attachment":[{"href":"https:\/\/baliparaglidingtours.com\/es\/wp-json\/wp\/v2\/media?parent=4977"}],"curies":[{"name":"wp","href":"https:\/\/api.w.org\/{rel}","templated":true}]}}