{"id":5005,"date":"2024-01-04T16:52:26","date_gmt":"2024-01-04T08:52:26","guid":{"rendered":"https:\/\/baliparaglidingtours.com\/product\/flyboarding-bali-am-strand-von-nusa-dua\/"},"modified":"2025-06-22T16:18:09","modified_gmt":"2025-06-22T08:18:09","slug":"flyboarding-bali-am-strand-von-nusa-dua","status":"publish","type":"product","link":"https:\/\/baliparaglidingtours.com\/de\/product\/flyboarding-bali-am-strand-von-nusa-dua\/","title":{"rendered":"Flyboarding Bali am Strand von Nusa Dua"},"content":{"rendered":"<div class=\"accordion\">\n\t<div id=\"accordion-2188254667\" class=\"accordion-item\">\n\t\t<a id=\"accordion-2188254667-label\" class=\"accordion-title plain\" href=\"#accordion-item-description\" aria-expanded=\"false\" aria-controls=\"accordion-2188254667-content\">\n\t\t\t<button class=\"toggle\" aria-label=\"Umschalten\"><i class=\"icon-angle-down\" aria-hidden=\"true\"><\/i><\/button>\n\t\t\t<span>Description<\/span>\n\t\t<\/a>\n\t\t<div id=\"accordion-2188254667-content\" class=\"accordion-inner\" aria-labelledby=\"accordion-2188254667-label\">\n\t\t\t\n<p>Flyboarding ist ein aufregender Wassersport, bei dem man mit einem wassergetriebenen Ger\u00e4t \u00fcber der Wasseroberfl\u00e4che schwebt und man\u00f6vriert. Zu den Hauptbestandteilen eines Flyboards geh\u00f6rt ein Brett, das einem Wakeboard oder Snowboard \u00e4hnelt und \u00fcber einen langen Schlauch mit einem Wasserfahrzeug (z. B. einem Jet Ski) verbunden ist, das mit einem speziellen Antriebssystem ausgestattet ist. <\/p>\n<p>Hier wird Schritt f\u00fcr Schritt erkl\u00e4rt, wie Flyboarding funktioniert:<\/p>\n<p>Aufbau der Ausr\u00fcstung: Der Flyboarder tr\u00e4gt einen Helm und ist in den Bindungen des Flyboards angeschnallt, das durch einen Schlauch mit dem Jet Ski verbunden ist.<\/p>\n<p>Wasser-Antriebssystem: Der Jet Ski pumpt Wasser aus dem umgebenden Gew\u00e4sser durch den Schlauch, der mit dem Flyboard verbunden ist. Das Wasser wird dann kraftvoll durch D\u00fcsen unter dem Flyboard ausgesto\u00dfen. <\/p>\n<p>Auftrieb und Kontrolle: Wenn das Wasser aus den D\u00fcsen schie\u00dft, erzeugt es einen Schub, der den Fahrer nach oben treibt und es ihm erm\u00f6glicht, \u00fcber der Wasseroberfl\u00e4che zu schweben. Die St\u00e4rke des Schubs und die Richtung der Wasserd\u00fcsen werden durch die K\u00f6rperbewegungen und die Gewichtsverteilung des Fahrers gesteuert. <\/p>\n<p>Man\u00f6vrieren: Durch Kippen, Verlagerung des Gewichts und Anpassung der F\u00fc\u00dfe auf dem Flyboard k\u00f6nnen die Fahrer ihre H\u00f6he und Richtung kontrollieren und verschiedene Tricks wie Drehungen, Flips und Spr\u00fcnge ausf\u00fchren.<\/p>\n<p>Sicherheitsma\u00dfnahmen: Ein erfahrener Lehrer oder Betreiber beaufsichtigt in der Regel die Flyboarding-Session, leitet sie an und sorgt daf\u00fcr, dass die Sicherheitsvorkehrungen eingehalten werden. Sicherheitsma\u00dfnahmen wie das Tragen einer Schwimmweste, das Tragen eines Helms und der Aufenthalt in einer kontrollierten Umgebung mit ruhigem Wasser werden in der Regel durchgesetzt. <\/p>\n<p>Flyboarding kombiniert Elemente des Wassersports und der Akrobatik und bietet den Fahrern eine aufregende Erfahrung des Fliegens, Springens und der Ausf\u00fchrung von Stunts \u00fcber der Wasseroberfl\u00e4che. Diese aufregende Aktivit\u00e4t erfordert ein gewisses Ma\u00df an Gleichgewicht und Koordination, ist aber auch f\u00fcr Anf\u00e4nger unter der Anleitung von ausgebildeten Profis m\u00f6glich.<\/p>\n\t\t<\/div>\n\t<\/div>\n\t\n\t<div id=\"accordion-2075537564\" class=\"accordion-item\">\n\t\t<a id=\"accordion-2075537564-label\" class=\"accordion-title plain\" href=\"#accordion-item-inklusion\" aria-expanded=\"false\" aria-controls=\"accordion-2075537564-content\">\n\t\t\t<button class=\"toggle\" aria-label=\"Umschalten\"><i class=\"icon-angle-down\" aria-hidden=\"true\"><\/i><\/button>\n\t\t\t<span>Inklusion<\/span>\n\t\t<\/a>\n\t\t<div id=\"accordion-2075537564-content\" class=\"accordion-inner\" aria-labelledby=\"accordion-2075537564-label\">\n\t\t\t\n\t<div id=\"text-2377368620\" class=\"text\">\n\t\t\n<p><strong>Inklusion<\/strong><\/p>\n<ul>\n<li>Professioneller Ausbilder<\/li>\n<li>Hoteltransfer f\u00fcr Hotels in der Umgebung von Nusa Dua verf\u00fcgbar (Mindestbestellmenge 2 Personen)<\/li>\n<li>Insurance<\/li>\n<li>Sicherheitsbox<\/li>\n<\/ul>\n<p><strong>Was Sie mitbringen sollten:<\/strong><\/p>\n<ul>\n<li>Extra Kleidung<\/li>\n<li>Schwimmanzug<\/li>\n<li>Handtuch<\/li>\n<li>Sonnencreme<\/li>\n<\/ul>\n<p><b>Zus\u00e4tzliche Informationen<\/b><\/p>\n<ul>\n<li>Nicht empfohlen f\u00fcr Kinder unter 10 Jahren<\/li>\n<li>Nicht empfohlen f\u00fcr Reisende mit R\u00fcckenproblemen<\/li>\n<li>Nicht empfohlen f\u00fcr schwangere Reisende<\/li>\n<li>Keine Herzprobleme oder andere ernsthafte medizinische Probleme<\/li>\n<\/ul>\n<p><strong>Payment <\/strong><\/p>\n<ul>\n<li>Vollst\u00e4ndige Vorauszahlung erhoben<\/li>\n<li>Online-Zahlung akzeptiert \u00fcber Visa\/Mastercard\/Amex\/Discover<\/li>\n<\/ul>\n\t\t\n<style>\n#text-2377368620 {\n  font-size: 0.95rem;\n  line-height: 1;\n}\n<\/style>\n\t<\/div>\n\t\n\t\t<\/div>\n\t<\/div>\n\t\n<\/div>\n","protected":false},"excerpt":{"rendered":"<p>Bereit f\u00fcr Abenteuer? Probieren Sie Flyboard Bali noch heute aus! Tauche, flippe und fliege wie nie zuvor. Genie\u00dfe ein 20-min\u00fctiges Flyboarding-Erlebnis am Nusa Dua Beach, S\u00fcdbali.    <\/p>\n","protected":false},"featured_media":4268,"comment_status":"closed","ping_status":"closed","template":"","meta":[],"product_brand":[],"product_cat":[99],"product_tag":[],"class_list":{"0":"post-5005","1":"product","2":"type-product","3":"status-publish","4":"has-post-thumbnail","6":"product_cat-wassersport","7":"wcpa_has_options","9":"first","10":"instock","11":"sale","12":"shipping-taxable","13":"purchasable","14":"product-type-simple"},"yoast_head":"<!-- This site is optimized with the Yoast SEO plugin v27.2 - https:\/\/yoast.com\/product\/yoast-seo-wordpress\/ -->\n<title>Flyboarding Bali am Strand von Nusa Dua - Bali Paragliding Tours<\/title>\n<meta name=\"description\" content=\"Bereit f\u00fcr Abenteuer? Probieren Sie Flyboard Bali noch heute aus! Tauche, flippe und fliege wie nie zuvor. Buche deine Session jetzt! Kostenloser Hoteltransfer, Bestpreis-Garantie\" \/>\n<meta name=\"robots\" content=\"index, follow, max-snippet:-1, max-image-preview:large, max-video-preview:-1\" \/>\n<link rel=\"canonical\" href=\"https:\/\/baliparaglidingtours.com\/de\/product\/flyboarding-bali-am-strand-von-nusa-dua\/\" \/>\n<meta property=\"og:locale\" content=\"de_DE\" \/>\n<meta property=\"og:type\" content=\"article\" \/>\n<meta property=\"og:title\" content=\"Flyboarding Bali am Strand von Nusa Dua - Bali Paragliding Tours\" \/>\n<meta property=\"og:description\" content=\"Bereit f\u00fcr Abenteuer? Probieren Sie Flyboard Bali noch heute aus! Tauche, flippe und fliege wie nie zuvor. Buche deine Session jetzt! Kostenloser Hoteltransfer, Bestpreis-Garantie\" \/>\n<meta property=\"og:url\" content=\"https:\/\/baliparaglidingtours.com\/de\/product\/flyboarding-bali-am-strand-von-nusa-dua\/\" \/>\n<meta property=\"og:site_name\" content=\"Bali Paragliding Tours\" \/>\n<meta property=\"article:publisher\" content=\"https:\/\/facebook.com\/bali.paragliding\" \/>\n<meta property=\"article:modified_time\" content=\"2025-06-22T08:18:09+00:00\" \/>\n<meta property=\"og:image\" content=\"https:\/\/baliparaglidingtours.com\/wp-content\/uploads\/2020\/01\/flyboard-bali.png\" \/>\n\t<meta property=\"og:image:width\" content=\"1080\" \/>\n\t<meta property=\"og:image:height\" content=\"1080\" \/>\n\t<meta property=\"og:image:type\" content=\"image\/png\" \/>\n<meta name=\"twitter:card\" content=\"summary_large_image\" \/>\n<meta name=\"twitter:label1\" content=\"Gesch\u00e4tzte Lesezeit\" \/>\n\t<meta name=\"twitter:data1\" content=\"2\u00a0Minuten\" \/>\n<script type=\"application\/ld+json\" class=\"yoast-schema-graph\">{\"@context\":\"https:\/\/schema.org\",\"@graph\":[{\"@type\":\"WebPage\",\"@id\":\"https:\/\/baliparaglidingtours.com\/de\/product\/flyboarding-bali-am-strand-von-nusa-dua\/\",\"url\":\"https:\/\/baliparaglidingtours.com\/de\/product\/flyboarding-bali-am-strand-von-nusa-dua\/\",\"name\":\"Flyboarding Bali am Strand von Nusa Dua - Bali Paragliding Tours\",\"isPartOf\":{\"@id\":\"https:\/\/darkgreen-panther-294679.hostingersite.com\/#website\"},\"primaryImageOfPage\":{\"@id\":\"https:\/\/baliparaglidingtours.com\/de\/product\/flyboarding-bali-am-strand-von-nusa-dua\/#primaryimage\"},\"image\":{\"@id\":\"https:\/\/baliparaglidingtours.com\/de\/product\/flyboarding-bali-am-strand-von-nusa-dua\/#primaryimage\"},\"thumbnailUrl\":\"https:\/\/baliparaglidingtours.com\/wp-content\/uploads\/2020\/01\/flyboard-bali.png\",\"datePublished\":\"2024-01-04T08:52:26+00:00\",\"dateModified\":\"2025-06-22T08:18:09+00:00\",\"description\":\"Bereit f\u00fcr Abenteuer? Probieren Sie Flyboard Bali noch heute aus! Tauche, flippe und fliege wie nie zuvor. Buche deine Session jetzt! Kostenloser Hoteltransfer, Bestpreis-Garantie\",\"breadcrumb\":{\"@id\":\"https:\/\/baliparaglidingtours.com\/de\/product\/flyboarding-bali-am-strand-von-nusa-dua\/#breadcrumb\"},\"inLanguage\":\"de\",\"potentialAction\":[{\"@type\":\"ReadAction\",\"target\":[\"https:\/\/baliparaglidingtours.com\/de\/product\/flyboarding-bali-am-strand-von-nusa-dua\/\"]}]},{\"@type\":\"ImageObject\",\"inLanguage\":\"de\",\"@id\":\"https:\/\/baliparaglidingtours.com\/de\/product\/flyboarding-bali-am-strand-von-nusa-dua\/#primaryimage\",\"url\":\"https:\/\/baliparaglidingtours.com\/wp-content\/uploads\/2020\/01\/flyboard-bali.png\",\"contentUrl\":\"https:\/\/baliparaglidingtours.com\/wp-content\/uploads\/2020\/01\/flyboard-bali.png\",\"width\":1080,\"height\":1080,\"caption\":\"flyboard Bali\"},{\"@type\":\"BreadcrumbList\",\"@id\":\"https:\/\/baliparaglidingtours.com\/de\/product\/flyboarding-bali-am-strand-von-nusa-dua\/#breadcrumb\",\"itemListElement\":[{\"@type\":\"ListItem\",\"position\":1,\"name\":\"Home\",\"item\":\"https:\/\/baliparaglidingtours.com\/de\/\"},{\"@type\":\"ListItem\",\"position\":2,\"name\":\"Gesch\u00e4ft\",\"item\":\"https:\/\/baliparaglidingtours.com\/\"},{\"@type\":\"ListItem\",\"position\":3,\"name\":\"Flyboarding Bali am Strand von Nusa Dua\"}]},{\"@type\":\"WebSite\",\"@id\":\"https:\/\/darkgreen-panther-294679.hostingersite.com\/#website\",\"url\":\"https:\/\/darkgreen-panther-294679.hostingersite.com\/\",\"name\":\"Bali Paragliding Tours\",\"description\":\"The best and first tandem paragliding in Bali\",\"publisher\":{\"@id\":\"https:\/\/darkgreen-panther-294679.hostingersite.com\/#organization\"},\"potentialAction\":[{\"@type\":\"SearchAction\",\"target\":{\"@type\":\"EntryPoint\",\"urlTemplate\":\"https:\/\/darkgreen-panther-294679.hostingersite.com\/?s={search_term_string}\"},\"query-input\":{\"@type\":\"PropertyValueSpecification\",\"valueRequired\":true,\"valueName\":\"search_term_string\"}}],\"inLanguage\":\"de\"},{\"@type\":\"Organization\",\"@id\":\"https:\/\/darkgreen-panther-294679.hostingersite.com\/#organization\",\"name\":\"Bali Paragliding Tours\",\"url\":\"https:\/\/darkgreen-panther-294679.hostingersite.com\/\",\"logo\":{\"@type\":\"ImageObject\",\"inLanguage\":\"de\",\"@id\":\"https:\/\/darkgreen-panther-294679.hostingersite.com\/#\/schema\/logo\/image\/\",\"url\":\"https:\/\/baliparaglidingtours.com\/wp-content\/uploads\/2019\/07\/Logopit_1563347307259-1.png\",\"contentUrl\":\"https:\/\/baliparaglidingtours.com\/wp-content\/uploads\/2019\/07\/Logopit_1563347307259-1.png\",\"width\":2160,\"height\":2160,\"caption\":\"Bali Paragliding Tours\"},\"image\":{\"@id\":\"https:\/\/darkgreen-panther-294679.hostingersite.com\/#\/schema\/logo\/image\/\"},\"sameAs\":[\"https:\/\/facebook.com\/bali.paragliding\"]}]}<\/script>\n<!-- \/ Yoast SEO plugin. -->","yoast_head_json":{"title":"Flyboarding Bali am Strand von Nusa Dua - Bali Paragliding Tours","description":"Bereit f\u00fcr Abenteuer? Probieren Sie Flyboard Bali noch heute aus! Tauche, flippe und fliege wie nie zuvor. Buche deine Session jetzt! Kostenloser Hoteltransfer, Bestpreis-Garantie","robots":{"index":"index","follow":"follow","max-snippet":"max-snippet:-1","max-image-preview":"max-image-preview:large","max-video-preview":"max-video-preview:-1"},"canonical":"https:\/\/baliparaglidingtours.com\/de\/product\/flyboarding-bali-am-strand-von-nusa-dua\/","og_locale":"de_DE","og_type":"article","og_title":"Flyboarding Bali am Strand von Nusa Dua - Bali Paragliding Tours","og_description":"Bereit f\u00fcr Abenteuer? Probieren Sie Flyboard Bali noch heute aus! Tauche, flippe und fliege wie nie zuvor. Buche deine Session jetzt! Kostenloser Hoteltransfer, Bestpreis-Garantie","og_url":"https:\/\/baliparaglidingtours.com\/de\/product\/flyboarding-bali-am-strand-von-nusa-dua\/","og_site_name":"Bali Paragliding Tours","article_publisher":"https:\/\/facebook.com\/bali.paragliding","article_modified_time":"2025-06-22T08:18:09+00:00","og_image":[{"width":1080,"height":1080,"url":"https:\/\/baliparaglidingtours.com\/wp-content\/uploads\/2020\/01\/flyboard-bali.png","type":"image\/png"}],"twitter_card":"summary_large_image","twitter_misc":{"Gesch\u00e4tzte Lesezeit":"2\u00a0Minuten"},"schema":{"@context":"https:\/\/schema.org","@graph":[{"@type":"WebPage","@id":"https:\/\/baliparaglidingtours.com\/de\/product\/flyboarding-bali-am-strand-von-nusa-dua\/","url":"https:\/\/baliparaglidingtours.com\/de\/product\/flyboarding-bali-am-strand-von-nusa-dua\/","name":"Flyboarding Bali am Strand von Nusa Dua - Bali Paragliding Tours","isPartOf":{"@id":"https:\/\/darkgreen-panther-294679.hostingersite.com\/#website"},"primaryImageOfPage":{"@id":"https:\/\/baliparaglidingtours.com\/de\/product\/flyboarding-bali-am-strand-von-nusa-dua\/#primaryimage"},"image":{"@id":"https:\/\/baliparaglidingtours.com\/de\/product\/flyboarding-bali-am-strand-von-nusa-dua\/#primaryimage"},"thumbnailUrl":"https:\/\/baliparaglidingtours.com\/wp-content\/uploads\/2020\/01\/flyboard-bali.png","datePublished":"2024-01-04T08:52:26+00:00","dateModified":"2025-06-22T08:18:09+00:00","description":"Bereit f\u00fcr Abenteuer? Probieren Sie Flyboard Bali noch heute aus! Tauche, flippe und fliege wie nie zuvor. Buche deine Session jetzt! Kostenloser Hoteltransfer, Bestpreis-Garantie","breadcrumb":{"@id":"https:\/\/baliparaglidingtours.com\/de\/product\/flyboarding-bali-am-strand-von-nusa-dua\/#breadcrumb"},"inLanguage":"de","potentialAction":[{"@type":"ReadAction","target":["https:\/\/baliparaglidingtours.com\/de\/product\/flyboarding-bali-am-strand-von-nusa-dua\/"]}]},{"@type":"ImageObject","inLanguage":"de","@id":"https:\/\/baliparaglidingtours.com\/de\/product\/flyboarding-bali-am-strand-von-nusa-dua\/#primaryimage","url":"https:\/\/baliparaglidingtours.com\/wp-content\/uploads\/2020\/01\/flyboard-bali.png","contentUrl":"https:\/\/baliparaglidingtours.com\/wp-content\/uploads\/2020\/01\/flyboard-bali.png","width":1080,"height":1080,"caption":"flyboard Bali"},{"@type":"BreadcrumbList","@id":"https:\/\/baliparaglidingtours.com\/de\/product\/flyboarding-bali-am-strand-von-nusa-dua\/#breadcrumb","itemListElement":[{"@type":"ListItem","position":1,"name":"Home","item":"https:\/\/baliparaglidingtours.com\/de\/"},{"@type":"ListItem","position":2,"name":"Gesch\u00e4ft","item":"https:\/\/baliparaglidingtours.com\/"},{"@type":"ListItem","position":3,"name":"Flyboarding Bali am Strand von Nusa Dua"}]},{"@type":"WebSite","@id":"https:\/\/darkgreen-panther-294679.hostingersite.com\/#website","url":"https:\/\/darkgreen-panther-294679.hostingersite.com\/","name":"Bali Paragliding Tours","description":"The best and first tandem paragliding in Bali","publisher":{"@id":"https:\/\/darkgreen-panther-294679.hostingersite.com\/#organization"},"potentialAction":[{"@type":"SearchAction","target":{"@type":"EntryPoint","urlTemplate":"https:\/\/darkgreen-panther-294679.hostingersite.com\/?s={search_term_string}"},"query-input":{"@type":"PropertyValueSpecification","valueRequired":true,"valueName":"search_term_string"}}],"inLanguage":"de"},{"@type":"Organization","@id":"https:\/\/darkgreen-panther-294679.hostingersite.com\/#organization","name":"Bali Paragliding Tours","url":"https:\/\/darkgreen-panther-294679.hostingersite.com\/","logo":{"@type":"ImageObject","inLanguage":"de","@id":"https:\/\/darkgreen-panther-294679.hostingersite.com\/#\/schema\/logo\/image\/","url":"https:\/\/baliparaglidingtours.com\/wp-content\/uploads\/2019\/07\/Logopit_1563347307259-1.png","contentUrl":"https:\/\/baliparaglidingtours.com\/wp-content\/uploads\/2019\/07\/Logopit_1563347307259-1.png","width":2160,"height":2160,"caption":"Bali Paragliding Tours"},"image":{"@id":"https:\/\/darkgreen-panther-294679.hostingersite.com\/#\/schema\/logo\/image\/"},"sameAs":["https:\/\/facebook.com\/bali.paragliding"]}]}},"_links":{"self":[{"href":"https:\/\/baliparaglidingtours.com\/de\/wp-json\/wp\/v2\/product\/5005","targetHints":{"allow":["GET"]}}],"collection":[{"href":"https:\/\/baliparaglidingtours.com\/de\/wp-json\/wp\/v2\/product"}],"about":[{"href":"https:\/\/baliparaglidingtours.com\/de\/wp-json\/wp\/v2\/types\/product"}],"replies":[{"embeddable":true,"href":"https:\/\/baliparaglidingtours.com\/de\/wp-json\/wp\/v2\/comments?post=5005"}],"wp:featuredmedia":[{"embeddable":true,"href":"https:\/\/baliparaglidingtours.com\/de\/wp-json\/wp\/v2\/media\/4268"}],"wp:attachment":[{"href":"https:\/\/baliparaglidingtours.com\/de\/wp-json\/wp\/v2\/media?parent=5005"}],"wp:term":[{"taxonomy":"product_brand","embeddable":true,"href":"https:\/\/baliparaglidingtours.com\/de\/wp-json\/wp\/v2\/product_brand?post=5005"},{"taxonomy":"product_cat","embeddable":true,"href":"https:\/\/baliparaglidingtours.com\/de\/wp-json\/wp\/v2\/product_cat?post=5005"},{"taxonomy":"product_tag","embeddable":true,"href":"https:\/\/baliparaglidingtours.com\/de\/wp-json\/wp\/v2\/product_tag?post=5005"}],"curies":[{"name":"wp","href":"https:\/\/api.w.org\/{rel}","templated":true}]}}