{"id":4950,"date":"2023-01-04T22:00:32","date_gmt":"2023-01-04T14:00:32","guid":{"rendered":"https:\/\/baliparaglidingtours.com\/product\/parasailing-auf-bali-wassersportpaket-kostenloser-hoteltransfer\/"},"modified":"2023-01-04T22:00:32","modified_gmt":"2023-01-04T14:00:32","slug":"parasailing-auf-bali-wassersportpaket-kostenloser-hoteltransfer","status":"publish","type":"product","link":"https:\/\/baliparaglidingtours.com\/de\/product\/parasailing-auf-bali-wassersportpaket-kostenloser-hoteltransfer\/","title":{"rendered":"Parasailing auf Bali &amp; Wassersportpaket (kostenloser Hoteltransfer)"},"content":{"rendered":"<ul>\n<li>Mindestbuchung: 2 Personen<\/li>\n<li>Preisliste in USD, Sie k\u00f6nnen in jeder W\u00e4hrung bezahlen, es wird automatisch in Ihre W\u00e4hrung umgerechnet<\/li>\n<li>Preis g\u00fcltig f\u00fcr 1 Person<\/li>\n<\/ul>\n<p><strong>Paketdetails: <\/strong><\/p>\n<p>Paket 1: 70 USD\/Person<\/p>\n<ul>\n<li>Parasailing<\/li>\n<li>Bananenboot<\/li>\n<li>Jet-Ski\/Flying Fish<\/li>\n<li>Donut-Tubing<\/li>\n<\/ul>\n<p>Paket 2: 90 USD\/Person<\/p>\n<ul>\n<li>Parasailing<\/li>\n<li>Jet-Ski\/Flying Fish<\/li>\n<li>Bananenboot\/Donut-Tubing<\/li>\n<li>Seewandern\/Tauchen<\/li>\n<\/ul>\n<p>Paket 3: 100 USD\/Person<\/p>\n<ul>\n<li>Parasailing<\/li>\n<li>Jet-Ski\/Flying Fish\/Donut-Tubing<\/li>\n<li>Seewandern\/Tauchen<\/li>\n<li>Flyboard<\/li>\n<\/ul>\n<p>&nbsp;<\/p>\n<p>Im Paket enthalten:<\/p>\n<ul>\n<li>Hin- und R\u00fccktransfer zum und vom Hotel (Gebiet Nusa Dua, Jimbaran, Uluwatu, Kuta &amp; Seminyak)<\/li>\n<li>Versicherung durch den Betreiber<\/li>\n<li>Alle erforderlichen Sicherheitsausr\u00fcstungen<\/li>\n<li>Nutzung eines Schlie\u00dffachs<\/li>\n<li>Duschraum<\/li>\n<li>Umkleidekabine\/Umkleideraum<\/li>\n<li>Nutzung von Handt\u00fcchern<\/li>\n<\/ul>\n<p><strong>Nicht inbegriffen:<\/strong><\/p>\n<ul>\n<li>Trinkgelder &amp; Gratifikationen<\/li>\n<li>Mahlzeiten und Getr\u00e4nke<\/li>\n<li>Transaktionsgeb\u00fchr (3,9%)<\/li>\n<\/ul>\n<p><strong>Mitzubringen:<\/strong><\/p>\n<ul>\n<li>Sonnenschutzmittel<\/li>\n<li>Badebekleidung<\/li>\n<li>Handtuch<\/li>\n<li>Zus\u00e4tzliche Kleidung<\/li>\n<\/ul>\n<p><strong>Teilnahmebedingungen:<\/strong><\/p>\n<ul>\n<li>Teilnehmer m\u00fcssen zwischen 9 und 60 Jahre alt sein<\/li>\n<li>Nicht geeignet f\u00fcr schwangere Reisende, Personen mit Herzproblemen\/Atembeschwerden<\/li>\n<\/ul>\n<p><strong>Best\u00e4tigung\/Nutzungshinweise:<\/strong><\/p>\n<ul>\n<li>Sie erhalten innerhalb weniger Minuten eine Best\u00e4tigung per E-Mail an die von Ihnen angegebene Adresse. M\u00f6glicherweise kontaktieren wir Sie auch per WhatsApp unter der von Ihnen angegebenen Nummer. Sollten Sie keine Best\u00e4tigung erhalten, kontaktieren Sie uns bitte per E-Mail\/WhatsApp \u00fcber die Seite <a href=\"https:\/\/baliparaglidingtours.com\/contact-2\/\">Kontakt<\/a>.  <\/li>\n<li>Sie k\u00f6nnen die Reservierungs\u00fcbersicht an der Rezeption unseres Unternehmens zur Einl\u00f6sung vorzeigen. Ein gedruckter Gutschein ist nicht erforderlich. Sie k\u00f6nnen Ihren Gutschein direkt von Ihrem Ger\u00e4t aus pr\u00e4sentieren. <\/li>\n<\/ul>\n<p><strong>Buchungs\u00e4nderung, Stornierung und R\u00fcckerstattungsanfrage:<\/strong><\/p>\n<ul>\n<li>Um Ihre Buchung zu stornieren, umzubuchen oder eine R\u00fcckerstattung anzufordern, k\u00f6nnen Sie uns einfach per E-Mail oder WhatsApp kontaktieren (schnelle Antwort).<\/li>\n<li>R\u00fcckerstattungen werden unmittelbar nach der Anfrage bearbeitet. Wir nutzen ein zuverl\u00e4ssiges PayPal-Zahlungsgateway zur Annahme und R\u00fcckerstattung von Zahlungen. <\/li>\n<li>Sie erhalten die R\u00fcckerstattung abz\u00fcglich der 3,9% Transaktionsgeb\u00fchr, wenn der Flug am ausgew\u00e4hlten Tag aufgrund von Wetterbedingungen oder unzureichendem Wind nicht m\u00f6glich ist.<\/li>\n<\/ul>\n<p><strong>\u00dcber die Aktivit\u00e4ten:<\/strong><\/p>\n<ol>\n<li><strong>Parasailing<\/strong> (6 Minuten): Sie k\u00f6nnen mit Ihrem Partner gleichzeitig fliegen, maximal 3 Personen pro Session. Fliegen Sie inmitten des Ozeans, gezogen von einem speziellen Boot, das an einem Fallschirm befestigt ist. <\/li>\n<li><strong>Bananenboot<\/strong> (15 Minuten): Fahrt f\u00fcr bis zu 5 Personen. Ein Schnellboot bringt Sie zur Mitte des Ozeans, wo Sie eine holprige, spa\u00dfige Fahrt erleben.<\/li>\n<li><strong>Donut-Tubing<\/strong> (15 Minuten): \u00c4hnlich wie Bananenboot, aber herausfordernder.<\/li>\n<li><strong>Jet-Ski-Fahrt<\/strong> (15 Minuten): Fahren Sie einen Jet-Ski mit Instructor. Sie k\u00f6nnen so schnell fahren, wie Sie m\u00f6chten, inmitten des Meeres.<\/li>\n<li><strong>Flying Fish<\/strong> (2 Runden, ca. 10 Minuten): Fliegen Sie \u00fcber einer fliegenden, matratzenf\u00f6rmigen Gummiboot, gezogen von einem Hochgeschwindigkeitsboot. <\/li>\n<li><strong>Seewandern<\/strong> (1 Mal, ca. 30 Minuten): Wandern Sie unter Wasser und f\u00fcttern Sie die Fische in Begleitung eines professionellen Instructors.<\/li>\n<li><strong>Einf\u00fchrungstauchen<\/strong> (1 Mal, ca. 30 Minuten): Lernen Sie das Tauchen mit einem Tauchmeister und beginnen Sie, die Unterwasserwelt zu erkunden.<\/li>\n<li><strong>Flyboard<\/strong> (20 Minuten): Ein Flyboarder steht auf einem speziellen snowboard-\/wakeboard-\u00e4hnlichen Brett, das durch einen Hochdruckwasserstrahl angetrieben wird. Diese Wasserkraft stammt von einem angeschlossenen 200 PS Jet-Ski. Ein Flyboard-Fahrer kann bis zu 5 Meter in die Luft fliegen oder kopf\u00fcber durch das Wasser tauchen.  <\/li>\n<\/ol>\n<p>&nbsp;<\/p>\n","protected":false},"excerpt":{"rendered":"<p>Tandem-Parasailing und Wassersportpaket auf der unber\u00fchrten Halbinsel von Nusa Dua, S\u00fcd-Bali. Alle Pakete beinhalten Hoteltransfer (Liste der abgedeckten Gebiete, siehe vollst\u00e4ndige Beschreibung). Mindestbuchung 2 Personen, Preis pro Person, Preisliste in USD  <\/p>\n","protected":false},"featured_media":4282,"comment_status":"closed","ping_status":"closed","template":"","meta":[],"product_brand":[],"product_cat":[99],"product_tag":[],"class_list":{"0":"post-4950","1":"product","2":"type-product","3":"status-publish","4":"has-post-thumbnail","6":"product_cat-wassersport","7":"wcpa_has_options","9":"first","10":"instock","11":"featured","12":"shipping-taxable","13":"purchasable","14":"product-type-variable"},"yoast_head":"<!-- This site is optimized with the Yoast SEO plugin v27.2 - https:\/\/yoast.com\/product\/yoast-seo-wordpress\/ -->\n<title>Parasailing auf Bali &amp; Wassersportpaket (kostenloser Hoteltransfer) - Bali Paragliding Tours<\/title>\n<meta name=\"description\" content=\"Bali Parasailing-Paket: 4 Wassersportaktivit\u00e4ten, Transfer inkl. Ab 70$. Jetzt buchen!\" \/>\n<meta name=\"robots\" content=\"index, follow, max-snippet:-1, max-image-preview:large, max-video-preview:-1\" \/>\n<link rel=\"canonical\" href=\"https:\/\/baliparaglidingtours.com\/de\/product\/parasailing-auf-bali-wassersportpaket-kostenloser-hoteltransfer\/\" \/>\n<meta property=\"og:locale\" content=\"de_DE\" \/>\n<meta property=\"og:type\" content=\"article\" \/>\n<meta property=\"og:title\" content=\"Parasailing auf Bali &amp; Wassersportpaket (kostenloser Hoteltransfer) - Bali Paragliding Tours\" \/>\n<meta property=\"og:description\" content=\"Bali Parasailing-Paket: 4 Wassersportaktivit\u00e4ten, Transfer inkl. Ab 70$. Jetzt buchen!\" \/>\n<meta property=\"og:url\" content=\"https:\/\/baliparaglidingtours.com\/de\/product\/parasailing-auf-bali-wassersportpaket-kostenloser-hoteltransfer\/\" \/>\n<meta property=\"og:site_name\" content=\"Bali Paragliding Tours\" \/>\n<meta property=\"article:publisher\" content=\"https:\/\/facebook.com\/bali.paragliding\" \/>\n<meta property=\"og:image\" content=\"https:\/\/baliparaglidingtours.com\/wp-content\/uploads\/2020\/01\/bali-fly-board.png\" \/>\n\t<meta property=\"og:image:width\" content=\"779\" \/>\n\t<meta property=\"og:image:height\" content=\"779\" \/>\n\t<meta property=\"og:image:type\" content=\"image\/png\" \/>\n<meta name=\"twitter:card\" content=\"summary_large_image\" \/>\n<meta name=\"twitter:label1\" content=\"Gesch\u00e4tzte Lesezeit\" \/>\n\t<meta name=\"twitter:data1\" content=\"2\u00a0Minuten\" \/>\n<script type=\"application\/ld+json\" class=\"yoast-schema-graph\">{\"@context\":\"https:\/\/schema.org\",\"@graph\":[{\"@type\":\"WebPage\",\"@id\":\"https:\/\/baliparaglidingtours.com\/de\/product\/parasailing-auf-bali-wassersportpaket-kostenloser-hoteltransfer\/\",\"url\":\"https:\/\/baliparaglidingtours.com\/de\/product\/parasailing-auf-bali-wassersportpaket-kostenloser-hoteltransfer\/\",\"name\":\"Parasailing auf Bali &amp; Wassersportpaket (kostenloser Hoteltransfer) - Bali Paragliding Tours\",\"isPartOf\":{\"@id\":\"https:\/\/darkgreen-panther-294679.hostingersite.com\/#website\"},\"primaryImageOfPage\":{\"@id\":\"https:\/\/baliparaglidingtours.com\/de\/product\/parasailing-auf-bali-wassersportpaket-kostenloser-hoteltransfer\/#primaryimage\"},\"image\":{\"@id\":\"https:\/\/baliparaglidingtours.com\/de\/product\/parasailing-auf-bali-wassersportpaket-kostenloser-hoteltransfer\/#primaryimage\"},\"thumbnailUrl\":\"https:\/\/baliparaglidingtours.com\/wp-content\/uploads\/2020\/01\/bali-fly-board.png\",\"datePublished\":\"2023-01-04T14:00:32+00:00\",\"description\":\"Bali Parasailing-Paket: 4 Wassersportaktivit\u00e4ten, Transfer inkl. Ab 70$. Jetzt buchen!\",\"breadcrumb\":{\"@id\":\"https:\/\/baliparaglidingtours.com\/de\/product\/parasailing-auf-bali-wassersportpaket-kostenloser-hoteltransfer\/#breadcrumb\"},\"inLanguage\":\"de\",\"potentialAction\":[{\"@type\":\"ReadAction\",\"target\":[\"https:\/\/baliparaglidingtours.com\/de\/product\/parasailing-auf-bali-wassersportpaket-kostenloser-hoteltransfer\/\"]}]},{\"@type\":\"ImageObject\",\"inLanguage\":\"de\",\"@id\":\"https:\/\/baliparaglidingtours.com\/de\/product\/parasailing-auf-bali-wassersportpaket-kostenloser-hoteltransfer\/#primaryimage\",\"url\":\"https:\/\/baliparaglidingtours.com\/wp-content\/uploads\/2020\/01\/bali-fly-board.png\",\"contentUrl\":\"https:\/\/baliparaglidingtours.com\/wp-content\/uploads\/2020\/01\/bali-fly-board.png\",\"width\":779,\"height\":779,\"caption\":\"GenericProductName\"},{\"@type\":\"BreadcrumbList\",\"@id\":\"https:\/\/baliparaglidingtours.com\/de\/product\/parasailing-auf-bali-wassersportpaket-kostenloser-hoteltransfer\/#breadcrumb\",\"itemListElement\":[{\"@type\":\"ListItem\",\"position\":1,\"name\":\"Home\",\"item\":\"https:\/\/baliparaglidingtours.com\/de\/\"},{\"@type\":\"ListItem\",\"position\":2,\"name\":\"Gesch\u00e4ft\",\"item\":\"https:\/\/baliparaglidingtours.com\/\"},{\"@type\":\"ListItem\",\"position\":3,\"name\":\"Parasailing auf Bali &amp; Wassersportpaket (kostenloser Hoteltransfer)\"}]},{\"@type\":\"WebSite\",\"@id\":\"https:\/\/darkgreen-panther-294679.hostingersite.com\/#website\",\"url\":\"https:\/\/darkgreen-panther-294679.hostingersite.com\/\",\"name\":\"Bali Paragliding Tours\",\"description\":\"The best and first tandem paragliding in Bali\",\"publisher\":{\"@id\":\"https:\/\/darkgreen-panther-294679.hostingersite.com\/#organization\"},\"potentialAction\":[{\"@type\":\"SearchAction\",\"target\":{\"@type\":\"EntryPoint\",\"urlTemplate\":\"https:\/\/darkgreen-panther-294679.hostingersite.com\/?s={search_term_string}\"},\"query-input\":{\"@type\":\"PropertyValueSpecification\",\"valueRequired\":true,\"valueName\":\"search_term_string\"}}],\"inLanguage\":\"de\"},{\"@type\":\"Organization\",\"@id\":\"https:\/\/darkgreen-panther-294679.hostingersite.com\/#organization\",\"name\":\"Bali Paragliding Tours\",\"url\":\"https:\/\/darkgreen-panther-294679.hostingersite.com\/\",\"logo\":{\"@type\":\"ImageObject\",\"inLanguage\":\"de\",\"@id\":\"https:\/\/darkgreen-panther-294679.hostingersite.com\/#\/schema\/logo\/image\/\",\"url\":\"https:\/\/baliparaglidingtours.com\/wp-content\/uploads\/2019\/07\/Logopit_1563347307259-1.png\",\"contentUrl\":\"https:\/\/baliparaglidingtours.com\/wp-content\/uploads\/2019\/07\/Logopit_1563347307259-1.png\",\"width\":2160,\"height\":2160,\"caption\":\"Bali Paragliding Tours\"},\"image\":{\"@id\":\"https:\/\/darkgreen-panther-294679.hostingersite.com\/#\/schema\/logo\/image\/\"},\"sameAs\":[\"https:\/\/facebook.com\/bali.paragliding\"]}]}<\/script>\n<!-- \/ Yoast SEO plugin. -->","yoast_head_json":{"title":"Parasailing auf Bali &amp; Wassersportpaket (kostenloser Hoteltransfer) - Bali Paragliding Tours","description":"Bali Parasailing-Paket: 4 Wassersportaktivit\u00e4ten, Transfer inkl. Ab 70$. Jetzt buchen!","robots":{"index":"index","follow":"follow","max-snippet":"max-snippet:-1","max-image-preview":"max-image-preview:large","max-video-preview":"max-video-preview:-1"},"canonical":"https:\/\/baliparaglidingtours.com\/de\/product\/parasailing-auf-bali-wassersportpaket-kostenloser-hoteltransfer\/","og_locale":"de_DE","og_type":"article","og_title":"Parasailing auf Bali &amp; Wassersportpaket (kostenloser Hoteltransfer) - Bali Paragliding Tours","og_description":"Bali Parasailing-Paket: 4 Wassersportaktivit\u00e4ten, Transfer inkl. Ab 70$. Jetzt buchen!","og_url":"https:\/\/baliparaglidingtours.com\/de\/product\/parasailing-auf-bali-wassersportpaket-kostenloser-hoteltransfer\/","og_site_name":"Bali Paragliding Tours","article_publisher":"https:\/\/facebook.com\/bali.paragliding","og_image":[{"width":779,"height":779,"url":"https:\/\/baliparaglidingtours.com\/wp-content\/uploads\/2020\/01\/bali-fly-board.png","type":"image\/png"}],"twitter_card":"summary_large_image","twitter_misc":{"Gesch\u00e4tzte Lesezeit":"2\u00a0Minuten"},"schema":{"@context":"https:\/\/schema.org","@graph":[{"@type":"WebPage","@id":"https:\/\/baliparaglidingtours.com\/de\/product\/parasailing-auf-bali-wassersportpaket-kostenloser-hoteltransfer\/","url":"https:\/\/baliparaglidingtours.com\/de\/product\/parasailing-auf-bali-wassersportpaket-kostenloser-hoteltransfer\/","name":"Parasailing auf Bali &amp; Wassersportpaket (kostenloser Hoteltransfer) - Bali Paragliding Tours","isPartOf":{"@id":"https:\/\/darkgreen-panther-294679.hostingersite.com\/#website"},"primaryImageOfPage":{"@id":"https:\/\/baliparaglidingtours.com\/de\/product\/parasailing-auf-bali-wassersportpaket-kostenloser-hoteltransfer\/#primaryimage"},"image":{"@id":"https:\/\/baliparaglidingtours.com\/de\/product\/parasailing-auf-bali-wassersportpaket-kostenloser-hoteltransfer\/#primaryimage"},"thumbnailUrl":"https:\/\/baliparaglidingtours.com\/wp-content\/uploads\/2020\/01\/bali-fly-board.png","datePublished":"2023-01-04T14:00:32+00:00","description":"Bali Parasailing-Paket: 4 Wassersportaktivit\u00e4ten, Transfer inkl. Ab 70$. Jetzt buchen!","breadcrumb":{"@id":"https:\/\/baliparaglidingtours.com\/de\/product\/parasailing-auf-bali-wassersportpaket-kostenloser-hoteltransfer\/#breadcrumb"},"inLanguage":"de","potentialAction":[{"@type":"ReadAction","target":["https:\/\/baliparaglidingtours.com\/de\/product\/parasailing-auf-bali-wassersportpaket-kostenloser-hoteltransfer\/"]}]},{"@type":"ImageObject","inLanguage":"de","@id":"https:\/\/baliparaglidingtours.com\/de\/product\/parasailing-auf-bali-wassersportpaket-kostenloser-hoteltransfer\/#primaryimage","url":"https:\/\/baliparaglidingtours.com\/wp-content\/uploads\/2020\/01\/bali-fly-board.png","contentUrl":"https:\/\/baliparaglidingtours.com\/wp-content\/uploads\/2020\/01\/bali-fly-board.png","width":779,"height":779,"caption":"GenericProductName"},{"@type":"BreadcrumbList","@id":"https:\/\/baliparaglidingtours.com\/de\/product\/parasailing-auf-bali-wassersportpaket-kostenloser-hoteltransfer\/#breadcrumb","itemListElement":[{"@type":"ListItem","position":1,"name":"Home","item":"https:\/\/baliparaglidingtours.com\/de\/"},{"@type":"ListItem","position":2,"name":"Gesch\u00e4ft","item":"https:\/\/baliparaglidingtours.com\/"},{"@type":"ListItem","position":3,"name":"Parasailing auf Bali &amp; Wassersportpaket (kostenloser Hoteltransfer)"}]},{"@type":"WebSite","@id":"https:\/\/darkgreen-panther-294679.hostingersite.com\/#website","url":"https:\/\/darkgreen-panther-294679.hostingersite.com\/","name":"Bali Paragliding Tours","description":"The best and first tandem paragliding in Bali","publisher":{"@id":"https:\/\/darkgreen-panther-294679.hostingersite.com\/#organization"},"potentialAction":[{"@type":"SearchAction","target":{"@type":"EntryPoint","urlTemplate":"https:\/\/darkgreen-panther-294679.hostingersite.com\/?s={search_term_string}"},"query-input":{"@type":"PropertyValueSpecification","valueRequired":true,"valueName":"search_term_string"}}],"inLanguage":"de"},{"@type":"Organization","@id":"https:\/\/darkgreen-panther-294679.hostingersite.com\/#organization","name":"Bali Paragliding Tours","url":"https:\/\/darkgreen-panther-294679.hostingersite.com\/","logo":{"@type":"ImageObject","inLanguage":"de","@id":"https:\/\/darkgreen-panther-294679.hostingersite.com\/#\/schema\/logo\/image\/","url":"https:\/\/baliparaglidingtours.com\/wp-content\/uploads\/2019\/07\/Logopit_1563347307259-1.png","contentUrl":"https:\/\/baliparaglidingtours.com\/wp-content\/uploads\/2019\/07\/Logopit_1563347307259-1.png","width":2160,"height":2160,"caption":"Bali Paragliding Tours"},"image":{"@id":"https:\/\/darkgreen-panther-294679.hostingersite.com\/#\/schema\/logo\/image\/"},"sameAs":["https:\/\/facebook.com\/bali.paragliding"]}]}},"_links":{"self":[{"href":"https:\/\/baliparaglidingtours.com\/de\/wp-json\/wp\/v2\/product\/4950","targetHints":{"allow":["GET"]}}],"collection":[{"href":"https:\/\/baliparaglidingtours.com\/de\/wp-json\/wp\/v2\/product"}],"about":[{"href":"https:\/\/baliparaglidingtours.com\/de\/wp-json\/wp\/v2\/types\/product"}],"replies":[{"embeddable":true,"href":"https:\/\/baliparaglidingtours.com\/de\/wp-json\/wp\/v2\/comments?post=4950"}],"wp:featuredmedia":[{"embeddable":true,"href":"https:\/\/baliparaglidingtours.com\/de\/wp-json\/wp\/v2\/media\/4282"}],"wp:attachment":[{"href":"https:\/\/baliparaglidingtours.com\/de\/wp-json\/wp\/v2\/media?parent=4950"}],"wp:term":[{"taxonomy":"product_brand","embeddable":true,"href":"https:\/\/baliparaglidingtours.com\/de\/wp-json\/wp\/v2\/product_brand?post=4950"},{"taxonomy":"product_cat","embeddable":true,"href":"https:\/\/baliparaglidingtours.com\/de\/wp-json\/wp\/v2\/product_cat?post=4950"},{"taxonomy":"product_tag","embeddable":true,"href":"https:\/\/baliparaglidingtours.com\/de\/wp-json\/wp\/v2\/product_tag?post=4950"}],"curies":[{"name":"wp","href":"https:\/\/api.w.org\/{rel}","templated":true}]}}