{"id":4897,"date":"2024-04-14T16:49:59","date_gmt":"2024-04-14T08:49:59","guid":{"rendered":"https:\/\/baliparaglidingtours.com\/product\/timbis-paragliding-bali-pandawa-beach-ticket-met-foto-video\/"},"modified":"2025-06-19T15:02:54","modified_gmt":"2025-06-19T07:02:54","slug":"timbis-paragliding-bali-pandawa-beach-ticket-met-foto-video","status":"publish","type":"product","link":"https:\/\/baliparaglidingtours.com\/de\/product\/timbis-paragliding-bali-pandawa-beach-ticket-met-foto-video\/","title":{"rendered":"Timbis Paragliding Bali Pandawa Beach-ticket met foto\/video"},"content":{"rendered":"<p><span style=\"color: #282828;\"><div class=\"container section-title-container\" ><h3 class=\"section-title section-title-normal\"><b aria-hidden=\"true\"><\/b><span class=\"section-title-main\" >Timbis Paragliding Bali Nusa Dua<\/span><b aria-hidden=\"true\"><\/b><\/h3><\/div><\/span><\/p>\n<p><span style=\"color: #282828;\">Beleef een adembenemend avontuur boven de prachtige landschappen van Bali met Timbis Paragliding Bali, d\u00e9 pionier op het gebied van tandemparagliding op Bali! Voel de adrenaline door je lijf gieren terwijl je vanaf Timbis Beach de lucht in vliegt, hoog boven weelderige jungle en kristalhelder water. <\/span><\/p>\n<p><span style=\"color: #282828;\"><div class=\"container section-title-container\" ><h3 class=\"section-title section-title-normal\"><b aria-hidden=\"true\"><\/b><span class=\"section-title-main\" >Timbis paragliding Bali stap voor stap<\/span><b aria-hidden=\"true\"><\/b><\/h3><\/div><\/span><\/p>\n<div class=\"flex-1 overflow-hidden\">\n<div class=\"react-scroll-to-bottom--css-vqrye-79elbk h-full\">\n<div class=\"react-scroll-to-bottom--css-vqrye-1n7m0yu\">\n<div class=\"flex flex-col text-sm pb-9\">\n<div class=\"w-full text-token-text-primary\" dir=\"auto\" data-testid=\"conversation-turn-13\">\n<div class=\"px-4 py-2 justify-center text-base md:gap-6 m-auto\">\n<div class=\"flex flex-1 text-base mx-auto gap-3 juice:gap-4 juice:md:gap-6 md:px-5 lg:px-1 xl:px-5 md:max-w-3xl lg:max-w-[40rem] xl:max-w-[48rem] group final-completion\">\n<div class=\"relative flex w-full flex-col agent-turn\">\n<div class=\"flex-col gap-1 md:gap-3\">\n<div class=\"flex flex-grow flex-col max-w-full\">\n<div class=\"min-h-[20px] text-message flex flex-col items-start gap-3 whitespace-pre-wrap break-words [.text-message+&amp;]:mt-5 overflow-x-auto\" dir=\"auto\" data-message-author-role=\"assistant\" data-message-id=\"cfebe402-417f-4a81-918b-cf5ba9228e0a\">\n<div class=\"markdown prose w-full break-words dark:prose-invert dark\">\n<ol>\n<li><span style=\"color: #282828;\"><strong>Briefing v\u00f3\u00f3r de vlucht: <\/strong>Uw avontuur begint met een uitgebreide briefing v\u00f3\u00f3r de vlucht, verzorgd door uw tandempiloot. Hij of zij legt de basisbeginselen van paragliden, veiligheidsprocedures en wat u tijdens de vlucht kunt verwachten uit. U krijgt ook een harnas en helm aangemeten, zodat u zich tijdens de hele ervaring comfortabel en veilig voelt.  <\/span><\/li>\n<li><span style=\"color: #282828;\"><strong>Voorbereiding op de lancering<\/strong>: Zodra je bent uitgerust en klaar om te vertrekken, ga je naar de aangewezen startlocatie, meestal gelegen op een schilderachtige heuvel of klif met uitzicht op het adembenemende landschap van Bali. Je piloot inspecteert de apparatuur zorgvuldig en beoordeelt de weersomstandigheden om een \u200b\u200bveilige start te garanderen. <\/span><\/li>\n<li><span style=\"color: #282828;\"><strong>Opstijgen<\/strong>: Met je piloot achter je en stevig vastgemaakt aan de paraglider, zet je samen een paar stappen vooruit, waarbij je geleidelijk aan snelheid opbouwt naarmate de wind door het scherm waait. Voor je het weet, word je van de grond getild en ervaar je het opwindende gevoel van gewichtloosheid terwijl je de lucht in zweeft. <\/span><\/li>\n<li><span style=\"color: #282828;\"><strong>Zweven door de lucht<\/strong>: Eenmaal in de lucht geniet u van adembenemende panoramische uitzichten over Bali&#8217;s natuurlijke schoonheid. Zweef sierlijk door de lucht terwijl uw piloot de paraglider bestuurt, u wijst op bijzondere bezienswaardigheden en inzichten deelt over het landschap. Geniet gerust van het landschap en maak foto&#8217;s of video&#8217;s om de ervaring te herinneren.  <\/span><\/li>\n<li><span style=\"color: #282828;\"><strong>Duur van de vlucht:<\/strong> De duur van uw tandemvlucht met paragliding varieert afhankelijk van factoren zoals de weersomstandigheden en het specifieke pakket dat u hebt gekozen. Doorgaans duurt een vlucht 15 tot 30 minuten, waardoor u ruim de tijd heeft om te genieten van de sensatie van de vlucht en de adembenemende uitzichten. <\/span><\/li>\n<li><span style=\"color: #282828;\"><strong>Landing:<\/strong> Aan het einde van uw vlucht bereidt uw piloot u voor op een zachte landing op vaste grond. Onder deskundige begeleiding daalt u soepel en landt u met een gevoel van opwinding en voldoening. Neem even de tijd om na te genieten van de ervaring en terug te blikken op de onvergetelijke reis die u zojuist hebt voltooid.  <\/span><\/li>\n<\/ol>\n<\/div>\n<\/div>\n<\/div>\n<div class=\"mt-1 flex gap-3 empty:hidden\">\n<div class=\"text-gray-400 flex self-end lg:self-center items-center justify-center lg:justify-start mt-0 -ml-1 h-7 gap-[2px] visible\">\n<div class=\"flex\"><\/div>\n<\/div>\n<\/div>\n<\/div>\n<\/div>\n<\/div>\n<\/div>\n<\/div>\n<\/div>\n<\/div>\n<\/div>\n<\/div>\n<p><span style=\"color: #282828;\"><div class=\"container section-title-container\" ><h3 class=\"section-title section-title-normal\"><b aria-hidden=\"true\"><\/b><span class=\"section-title-main\" >algemene voorwaarden<\/span><b aria-hidden=\"true\"><\/b><\/h3><\/div><\/span><\/p>\n<p><span style=\"color: #282828;\"><\/span><\/p>\n<p><span style=\"color: #282828;\"><strong>INKLUSIVLEISTUNGEN:<\/strong><\/span><\/p>\n<ul>\n<li><span style=\"color: #282828;\">15 of 30 minuten vliegen in de lucht<\/span><\/li>\n<li><span style=\"color: #282828;\">Actionkamera mit Selfie-Stick<\/span><\/li>\n<li><span style=\"color: #282828;\">Versicherungsschutz<\/span><\/li>\n<\/ul>\n<p><span style=\"color: #282828;\"><strong>EXKLUSIVLEISTUNGEN:<\/strong><\/span><\/p>\n<ul>\n<li><span style=\"color: #282828;\">Transportmittel<\/span><\/li>\n<li><span style=\"color: #282828;\">Mahlzeiten\/Getr\u00e4nke<\/span><\/li>\n<li><span style=\"color: #282828;\">Pers\u00f6nliche Ausgaben<\/span><\/li>\n<li><span style=\"color: #282828;\">Transaktions-\/Buchungsgeb\u00fchr<\/span><\/li>\n<\/ul>\n<p><span style=\"color: #282828;\"><strong>ZUS\u00c4TZLICHE INFORMATIONEN:<\/strong><\/span><\/p>\n<ul>\n<li><span style=\"color: #282828;\">Diese Aktivit\u00e4ten werden f\u00fcr schwangere Reisende nicht empfohlen, keine Herzprobleme oder andere schwerwiegende medizinische Zust\u00e4nde<\/span><\/li>\n<li><span style=\"color: #282828;\">Teilnehmer m\u00fcssen zwischen 5 und 60 Jahre alt sein<\/span><\/li>\n<li><span style=\"color: #282828;\">Das maximale Gewicht der Teilnehmer darf 110 KG nicht \u00fcberschreiten <\/span><\/li>\n<li><span style=\"color: #282828;\">Diese Aktivit\u00e4ten sind wetter- und windabh\u00e4ngig. Wir bieten m\u00f6glicherweise eine Umbuchung oder R\u00fcckerstattung an, falls der Flug am ausgew\u00e4hlten Tag aufgrund pl\u00f6tzlicher Wetter\u00e4nderungen nicht m\u00f6glich ist.<\/span><\/li>\n<\/ul>\n<p><span style=\"color: #282828;\"><strong>TREFFPUNKT  EINL\u00d6SUNG<\/strong><\/span><\/p>\n<ul>\n<li><span style=\"color: #282828;\">Het ontmoetingspunt is op de Timbis Flying-site. De linklocatie moet nog worden bevestigd, aangezien we over twee vliegbases beschikken. Het exacte adres wordt via e-mail of WhatsApp doorgegeven nadat we uw boeking hebben ontvangen.<\/span><\/li>\n<li><span style=\"color: #282828;\">Bitte zeigen Sie Ihre Buchungsbest\u00e4tigung an unserem Registrierungsschalter zur Einl\u00f6sung vor<\/span><\/li>\n<\/ul>\n<p><span style=\"color: #282828;\"><strong>STORNIERUNG  R\u00dcCKERSTATTUNGSRICHTLINIE<\/strong><\/span><\/p>\n<ul>\n<li><span style=\"color: #282828;\">Um eine Stornierung oder Buchungs\u00e4nderung anzufordern, benachrichtigen Sie uns bitte mindestens 12 Stunden vor Ihrer Flugzeit.<\/span><\/li>\n<li><span style=\"color: #282828;\">Um Ihre Buchung zu \u00e4ndern, umzuplanen oder zu stornieren, antworten Sie bitte auf die E-Mail oder \u00fcber WhatsApp unter Angabe Ihrer Bestellnummer.<\/span><\/li>\n<li><span style=\"color: #282828;\">Ihre R\u00fcckerstattung wird sofort auf Ihre Karte veranlasst. Wir verwenden das Paypal-Zahlungsgateway, um Ihre Zahlung zu akzeptieren und zur\u00fcckzuerstatten. <\/span><\/li>\n<li><span style=\"color: #282828;\">Sie erhalten die R\u00fcckerstattung abz\u00fcglich der Transaktionsgeb\u00fchr, falls der Flug am ausgew\u00e4hlten Tag aufgrund von Wetterbedingungen oder unzureichendem Wind f\u00fcr den Flug nicht m\u00f6glich ist.<\/span><\/li>\n<li><span style=\"color: #282828;\">Weitere Informationen: <a style=\"color: #282828;\" href=\"https:\/\/wa.me\/6285237041667\">Chatten Sie mit uns auf WhatsApp<\/a><\/span><\/li>\n<\/ul>\n<p><span style=\"color: #282828;\"><strong>Hinweis:<\/strong><\/span><\/p>\n<p><span style=\"color: #282828;\"><strong>De beschikbaarheid van paragliding is afhankelijk van de weers- en windomstandigheden. Houd er rekening mee dat geplande vluchten kunnen worden gewijzigd of geannuleerd vanwege ongunstig weer of hoge windsnelheden. Veiligheid staat bij ons voorop. Bedankt voor uw begrip. Neem contact met ons op via e-mail of <a style=\"color: #282828;\" href=\"https:\/\/wa.me\/6285237041667\" target=\"_blank\" rel=\"noopener\">WhatsApp<\/a> voor meer informatie.<\/strong><\/span><br \/>\n<span style=\"color: #282828;\"><\/span><\/p>\n","protected":false},"excerpt":{"rendered":"<p>Beleef een buitengewone ervaring met Timbis paragliding op Bali. Vlieg over Timbis en Pandawa Beach. Beschikbaar voor 15 of 30 minuten tegen de beste prijs, inclusief actioncam om uw vlucht vast te leggen. Boek nu, lastminute online boekingen zijn mogelijk. <\/p>\n","protected":false},"featured_media":4534,"comment_status":"closed","ping_status":"closed","template":"","meta":[],"product_brand":[],"product_cat":[88],"product_tag":[],"class_list":{"0":"post-4897","1":"product","2":"type-product","3":"status-publish","4":"has-post-thumbnail","6":"product_cat-nicht-kategorisiert","7":"wcpa_has_options","9":"first","10":"instock","11":"sale","12":"shipping-taxable","13":"purchasable","14":"product-type-variable","15":"has-default-attributes"},"yoast_head":"<!-- This site is optimized with the Yoast SEO plugin v27.4 - https:\/\/yoast.com\/product\/yoast-seo-wordpress\/ -->\n<title>Timbis Paragliding Bali Pandawa Beach-ticket met foto\/video - Bali Paragliding Tours<\/title>\n<meta name=\"description\" content=\"Ga mee met Tandem Paragliding Bali op Nusa Dua en ontvang gratis foto- en videodocumentatie. Boek vandaag nog online en ontvang direct een prijsopgave. Lastminuteboeking met directe bevestiging.\" \/>\n<meta name=\"robots\" content=\"index, follow, max-snippet:-1, max-image-preview:large, max-video-preview:-1\" \/>\n<link rel=\"canonical\" href=\"https:\/\/baliparaglidingtours.com\/de\/product\/timbis-paragliding-bali-pandawa-beach-ticket-met-foto-video\/\" \/>\n<meta property=\"og:locale\" content=\"de_DE\" \/>\n<meta property=\"og:type\" content=\"article\" \/>\n<meta property=\"og:title\" content=\"Timbis Paragliding Bali Pandawa Beach-ticket met foto\/video - Bali Paragliding Tours\" \/>\n<meta property=\"og:description\" content=\"Ga mee met Tandem Paragliding Bali op Nusa Dua en ontvang gratis foto- en videodocumentatie. Boek vandaag nog online en ontvang direct een prijsopgave. Lastminuteboeking met directe bevestiging.\" \/>\n<meta property=\"og:url\" content=\"https:\/\/baliparaglidingtours.com\/de\/product\/timbis-paragliding-bali-pandawa-beach-ticket-met-foto-video\/\" \/>\n<meta property=\"og:site_name\" content=\"Bali Paragliding Tours\" \/>\n<meta property=\"article:publisher\" content=\"https:\/\/facebook.com\/bali.paragliding\" \/>\n<meta property=\"article:modified_time\" content=\"2025-06-19T07:02:54+00:00\" \/>\n<meta property=\"og:image\" content=\"https:\/\/baliparaglidingtours.com\/wp-content\/uploads\/2023\/08\/20230614_124145_compress23.jpg\" \/>\n\t<meta property=\"og:image:width\" content=\"1344\" \/>\n\t<meta property=\"og:image:height\" content=\"756\" \/>\n\t<meta property=\"og:image:type\" content=\"image\/jpeg\" \/>\n<meta name=\"twitter:card\" content=\"summary_large_image\" \/>\n<meta name=\"twitter:label1\" content=\"Gesch\u00e4tzte Lesezeit\" \/>\n\t<meta name=\"twitter:data1\" content=\"3\u00a0Minuten\" \/>\n<script type=\"application\/ld+json\" class=\"yoast-schema-graph\">{\"@context\":\"https:\\\/\\\/schema.org\",\"@graph\":[{\"@type\":\"WebPage\",\"@id\":\"https:\\\/\\\/baliparaglidingtours.com\\\/de\\\/product\\\/timbis-paragliding-bali-pandawa-beach-ticket-met-foto-video\\\/\",\"url\":\"https:\\\/\\\/baliparaglidingtours.com\\\/de\\\/product\\\/timbis-paragliding-bali-pandawa-beach-ticket-met-foto-video\\\/\",\"name\":\"Timbis Paragliding Bali Pandawa Beach-ticket met foto\\\/video - Bali Paragliding Tours\",\"isPartOf\":{\"@id\":\"https:\\\/\\\/darkgreen-panther-294679.hostingersite.com\\\/#website\"},\"primaryImageOfPage\":{\"@id\":\"https:\\\/\\\/baliparaglidingtours.com\\\/de\\\/product\\\/timbis-paragliding-bali-pandawa-beach-ticket-met-foto-video\\\/#primaryimage\"},\"image\":{\"@id\":\"https:\\\/\\\/baliparaglidingtours.com\\\/de\\\/product\\\/timbis-paragliding-bali-pandawa-beach-ticket-met-foto-video\\\/#primaryimage\"},\"thumbnailUrl\":\"https:\\\/\\\/baliparaglidingtours.com\\\/wp-content\\\/uploads\\\/2023\\\/08\\\/20230614_124145_compress23.jpg\",\"datePublished\":\"2024-04-14T08:49:59+00:00\",\"dateModified\":\"2025-06-19T07:02:54+00:00\",\"description\":\"Ga mee met Tandem Paragliding Bali op Nusa Dua en ontvang gratis foto- en videodocumentatie. Boek vandaag nog online en ontvang direct een prijsopgave. Lastminuteboeking met directe bevestiging.\",\"breadcrumb\":{\"@id\":\"https:\\\/\\\/baliparaglidingtours.com\\\/de\\\/product\\\/timbis-paragliding-bali-pandawa-beach-ticket-met-foto-video\\\/#breadcrumb\"},\"inLanguage\":\"de\",\"potentialAction\":[{\"@type\":\"ReadAction\",\"target\":[\"https:\\\/\\\/baliparaglidingtours.com\\\/de\\\/product\\\/timbis-paragliding-bali-pandawa-beach-ticket-met-foto-video\\\/\"]}]},{\"@type\":\"ImageObject\",\"inLanguage\":\"de\",\"@id\":\"https:\\\/\\\/baliparaglidingtours.com\\\/de\\\/product\\\/timbis-paragliding-bali-pandawa-beach-ticket-met-foto-video\\\/#primaryimage\",\"url\":\"https:\\\/\\\/baliparaglidingtours.com\\\/wp-content\\\/uploads\\\/2023\\\/08\\\/20230614_124145_compress23.jpg\",\"contentUrl\":\"https:\\\/\\\/baliparaglidingtours.com\\\/wp-content\\\/uploads\\\/2023\\\/08\\\/20230614_124145_compress23.jpg\",\"width\":1344,\"height\":756,\"caption\":\"paragliden op Bali\"},{\"@type\":\"BreadcrumbList\",\"@id\":\"https:\\\/\\\/baliparaglidingtours.com\\\/de\\\/product\\\/timbis-paragliding-bali-pandawa-beach-ticket-met-foto-video\\\/#breadcrumb\",\"itemListElement\":[{\"@type\":\"ListItem\",\"position\":1,\"name\":\"Home\",\"item\":\"https:\\\/\\\/baliparaglidingtours.com\\\/de\\\/\"},{\"@type\":\"ListItem\",\"position\":2,\"name\":\"Gesch\u00e4ft\",\"item\":\"https:\\\/\\\/baliparaglidingtours.com\\\/\"},{\"@type\":\"ListItem\",\"position\":3,\"name\":\"Timbis Paragliding Bali Pandawa Beach-ticket met foto\\\/video\"}]},{\"@type\":\"WebSite\",\"@id\":\"https:\\\/\\\/darkgreen-panther-294679.hostingersite.com\\\/#website\",\"url\":\"https:\\\/\\\/darkgreen-panther-294679.hostingersite.com\\\/\",\"name\":\"Bali Paragliding Tours\",\"description\":\"The best and first tandem paragliding in Bali\",\"publisher\":{\"@id\":\"https:\\\/\\\/darkgreen-panther-294679.hostingersite.com\\\/#organization\"},\"potentialAction\":[{\"@type\":\"SearchAction\",\"target\":{\"@type\":\"EntryPoint\",\"urlTemplate\":\"https:\\\/\\\/darkgreen-panther-294679.hostingersite.com\\\/?s={search_term_string}\"},\"query-input\":{\"@type\":\"PropertyValueSpecification\",\"valueRequired\":true,\"valueName\":\"search_term_string\"}}],\"inLanguage\":\"de\"},{\"@type\":\"Organization\",\"@id\":\"https:\\\/\\\/darkgreen-panther-294679.hostingersite.com\\\/#organization\",\"name\":\"Bali Paragliding Tours\",\"url\":\"https:\\\/\\\/darkgreen-panther-294679.hostingersite.com\\\/\",\"logo\":{\"@type\":\"ImageObject\",\"inLanguage\":\"de\",\"@id\":\"https:\\\/\\\/darkgreen-panther-294679.hostingersite.com\\\/#\\\/schema\\\/logo\\\/image\\\/\",\"url\":\"https:\\\/\\\/baliparaglidingtours.com\\\/wp-content\\\/uploads\\\/2019\\\/07\\\/Logopit_1563347307259-1.png\",\"contentUrl\":\"https:\\\/\\\/baliparaglidingtours.com\\\/wp-content\\\/uploads\\\/2019\\\/07\\\/Logopit_1563347307259-1.png\",\"width\":2160,\"height\":2160,\"caption\":\"Bali Paragliding Tours\"},\"image\":{\"@id\":\"https:\\\/\\\/darkgreen-panther-294679.hostingersite.com\\\/#\\\/schema\\\/logo\\\/image\\\/\"},\"sameAs\":[\"https:\\\/\\\/facebook.com\\\/bali.paragliding\"]}]}<\/script>\n<!-- \/ Yoast SEO plugin. -->","yoast_head_json":{"title":"Timbis Paragliding Bali Pandawa Beach-ticket met foto\/video - Bali Paragliding Tours","description":"Ga mee met Tandem Paragliding Bali op Nusa Dua en ontvang gratis foto- en videodocumentatie. Boek vandaag nog online en ontvang direct een prijsopgave. Lastminuteboeking met directe bevestiging.","robots":{"index":"index","follow":"follow","max-snippet":"max-snippet:-1","max-image-preview":"max-image-preview:large","max-video-preview":"max-video-preview:-1"},"canonical":"https:\/\/baliparaglidingtours.com\/de\/product\/timbis-paragliding-bali-pandawa-beach-ticket-met-foto-video\/","og_locale":"de_DE","og_type":"article","og_title":"Timbis Paragliding Bali Pandawa Beach-ticket met foto\/video - Bali Paragliding Tours","og_description":"Ga mee met Tandem Paragliding Bali op Nusa Dua en ontvang gratis foto- en videodocumentatie. Boek vandaag nog online en ontvang direct een prijsopgave. Lastminuteboeking met directe bevestiging.","og_url":"https:\/\/baliparaglidingtours.com\/de\/product\/timbis-paragliding-bali-pandawa-beach-ticket-met-foto-video\/","og_site_name":"Bali Paragliding Tours","article_publisher":"https:\/\/facebook.com\/bali.paragliding","article_modified_time":"2025-06-19T07:02:54+00:00","og_image":[{"width":1344,"height":756,"url":"https:\/\/baliparaglidingtours.com\/wp-content\/uploads\/2023\/08\/20230614_124145_compress23.jpg","type":"image\/jpeg"}],"twitter_card":"summary_large_image","twitter_misc":{"Gesch\u00e4tzte Lesezeit":"3\u00a0Minuten"},"schema":{"@context":"https:\/\/schema.org","@graph":[{"@type":"WebPage","@id":"https:\/\/baliparaglidingtours.com\/de\/product\/timbis-paragliding-bali-pandawa-beach-ticket-met-foto-video\/","url":"https:\/\/baliparaglidingtours.com\/de\/product\/timbis-paragliding-bali-pandawa-beach-ticket-met-foto-video\/","name":"Timbis Paragliding Bali Pandawa Beach-ticket met foto\/video - Bali Paragliding Tours","isPartOf":{"@id":"https:\/\/darkgreen-panther-294679.hostingersite.com\/#website"},"primaryImageOfPage":{"@id":"https:\/\/baliparaglidingtours.com\/de\/product\/timbis-paragliding-bali-pandawa-beach-ticket-met-foto-video\/#primaryimage"},"image":{"@id":"https:\/\/baliparaglidingtours.com\/de\/product\/timbis-paragliding-bali-pandawa-beach-ticket-met-foto-video\/#primaryimage"},"thumbnailUrl":"https:\/\/baliparaglidingtours.com\/wp-content\/uploads\/2023\/08\/20230614_124145_compress23.jpg","datePublished":"2024-04-14T08:49:59+00:00","dateModified":"2025-06-19T07:02:54+00:00","description":"Ga mee met Tandem Paragliding Bali op Nusa Dua en ontvang gratis foto- en videodocumentatie. Boek vandaag nog online en ontvang direct een prijsopgave. Lastminuteboeking met directe bevestiging.","breadcrumb":{"@id":"https:\/\/baliparaglidingtours.com\/de\/product\/timbis-paragliding-bali-pandawa-beach-ticket-met-foto-video\/#breadcrumb"},"inLanguage":"de","potentialAction":[{"@type":"ReadAction","target":["https:\/\/baliparaglidingtours.com\/de\/product\/timbis-paragliding-bali-pandawa-beach-ticket-met-foto-video\/"]}]},{"@type":"ImageObject","inLanguage":"de","@id":"https:\/\/baliparaglidingtours.com\/de\/product\/timbis-paragliding-bali-pandawa-beach-ticket-met-foto-video\/#primaryimage","url":"https:\/\/baliparaglidingtours.com\/wp-content\/uploads\/2023\/08\/20230614_124145_compress23.jpg","contentUrl":"https:\/\/baliparaglidingtours.com\/wp-content\/uploads\/2023\/08\/20230614_124145_compress23.jpg","width":1344,"height":756,"caption":"paragliden op Bali"},{"@type":"BreadcrumbList","@id":"https:\/\/baliparaglidingtours.com\/de\/product\/timbis-paragliding-bali-pandawa-beach-ticket-met-foto-video\/#breadcrumb","itemListElement":[{"@type":"ListItem","position":1,"name":"Home","item":"https:\/\/baliparaglidingtours.com\/de\/"},{"@type":"ListItem","position":2,"name":"Gesch\u00e4ft","item":"https:\/\/baliparaglidingtours.com\/"},{"@type":"ListItem","position":3,"name":"Timbis Paragliding Bali Pandawa Beach-ticket met foto\/video"}]},{"@type":"WebSite","@id":"https:\/\/darkgreen-panther-294679.hostingersite.com\/#website","url":"https:\/\/darkgreen-panther-294679.hostingersite.com\/","name":"Bali Paragliding Tours","description":"The best and first tandem paragliding in Bali","publisher":{"@id":"https:\/\/darkgreen-panther-294679.hostingersite.com\/#organization"},"potentialAction":[{"@type":"SearchAction","target":{"@type":"EntryPoint","urlTemplate":"https:\/\/darkgreen-panther-294679.hostingersite.com\/?s={search_term_string}"},"query-input":{"@type":"PropertyValueSpecification","valueRequired":true,"valueName":"search_term_string"}}],"inLanguage":"de"},{"@type":"Organization","@id":"https:\/\/darkgreen-panther-294679.hostingersite.com\/#organization","name":"Bali Paragliding Tours","url":"https:\/\/darkgreen-panther-294679.hostingersite.com\/","logo":{"@type":"ImageObject","inLanguage":"de","@id":"https:\/\/darkgreen-panther-294679.hostingersite.com\/#\/schema\/logo\/image\/","url":"https:\/\/baliparaglidingtours.com\/wp-content\/uploads\/2019\/07\/Logopit_1563347307259-1.png","contentUrl":"https:\/\/baliparaglidingtours.com\/wp-content\/uploads\/2019\/07\/Logopit_1563347307259-1.png","width":2160,"height":2160,"caption":"Bali Paragliding Tours"},"image":{"@id":"https:\/\/darkgreen-panther-294679.hostingersite.com\/#\/schema\/logo\/image\/"},"sameAs":["https:\/\/facebook.com\/bali.paragliding"]}]}},"_links":{"self":[{"href":"https:\/\/baliparaglidingtours.com\/de\/wp-json\/wp\/v2\/product\/4897","targetHints":{"allow":["GET"]}}],"collection":[{"href":"https:\/\/baliparaglidingtours.com\/de\/wp-json\/wp\/v2\/product"}],"about":[{"href":"https:\/\/baliparaglidingtours.com\/de\/wp-json\/wp\/v2\/types\/product"}],"replies":[{"embeddable":true,"href":"https:\/\/baliparaglidingtours.com\/de\/wp-json\/wp\/v2\/comments?post=4897"}],"wp:featuredmedia":[{"embeddable":true,"href":"https:\/\/baliparaglidingtours.com\/de\/wp-json\/wp\/v2\/media\/4534"}],"wp:attachment":[{"href":"https:\/\/baliparaglidingtours.com\/de\/wp-json\/wp\/v2\/media?parent=4897"}],"wp:term":[{"taxonomy":"product_brand","embeddable":true,"href":"https:\/\/baliparaglidingtours.com\/de\/wp-json\/wp\/v2\/product_brand?post=4897"},{"taxonomy":"product_cat","embeddable":true,"href":"https:\/\/baliparaglidingtours.com\/de\/wp-json\/wp\/v2\/product_cat?post=4897"},{"taxonomy":"product_tag","embeddable":true,"href":"https:\/\/baliparaglidingtours.com\/de\/wp-json\/wp\/v2\/product_tag?post=4897"}],"curies":[{"name":"wp","href":"https:\/\/api.w.org\/{rel}","templated":true}]}}