{"id":4886,"date":"2022-06-07T12:24:34","date_gmt":"2022-06-07T04:24:34","guid":{"rendered":"https:\/\/baliparaglidingtours.com\/product\/15-minuetige-tandem-paragliding-flugkarte-inklusive-foto-video\/"},"modified":"2025-10-09T02:44:33","modified_gmt":"2025-10-08T18:44:33","slug":"15-minuetige-tandem-paragliding-flugkarte-inklusive-foto-video","status":"publish","type":"product","link":"https:\/\/baliparaglidingtours.com\/de\/product\/15-minuetige-tandem-paragliding-flugkarte-inklusive-foto-video\/","title":{"rendered":"15-min\u00fctige Tandem-Paragliding-Flugkarte inklusive Foto\/Video"},"content":{"rendered":"<p><strong>INKLUSIVLEISTUNGEN:<\/strong><\/p>\n<ul>\n<li>15-min\u00fctiger Flug in der Luft<\/li>\n<li>Actionkamera mit Selfie-Stick<\/li>\n<li>Versicherungsschutz<\/li>\n<\/ul>\n<p><strong>NICHT INBEGRIFFEN:<\/strong><\/p>\n<ul>\n<li>Transportmittel<\/li>\n<li>Mahlzeiten\/Getr\u00e4nke<\/li>\n<li>Pers\u00f6nliche Ausgaben<\/li>\n<li>Transaktions-\/Buchungsgeb\u00fchr<\/li>\n<\/ul>\n<p><strong>ZUS\u00c4TZLICHE INFORMATIONEN:<\/strong><\/p>\n<ul>\n<li>Diese Aktivit\u00e4ten werden f\u00fcr schwangere Reisende nicht empfohlen, keine Herzprobleme oder andere schwerwiegende medizinische Zust\u00e4nde<\/li>\n<li>Teilnehmer m\u00fcssen zwischen 5 und 60 Jahre alt sein<\/li>\n<li>Das maximale Gewicht der Teilnehmer darf 110 KG nicht \u00fcberschreiten <\/li>\n<li>Diese Aktivit\u00e4ten sind wetter- und windabh\u00e4ngig. Wir bieten m\u00f6glicherweise eine Umbuchung oder R\u00fcckerstattung an, falls der Flug am ausgew\u00e4hlten Tag aufgrund pl\u00f6tzlicher Wetter\u00e4nderungen nicht m\u00f6glich ist.<\/li>\n<\/ul>\n<p><strong>TREFFPUNKT  EINL\u00d6SUNG<\/strong><br \/>\n<iframe loading=\"lazy\" src=\"https:\/\/www.google.com\/maps\/d\/u\/2\/embed?mid=1qAvdNHm6hhUu5Le9c7m_8Vl_D4mndOkehbc=2E312Fnoprof=1\" width=\"640\" height=\"280\"><\/iframe><\/p>\n<ul>\n<li>Treffpunkt ist am <a href=\"https:\/\/baliparaglidingtours.com\/de\/kontakt-und-treffpunkt\/\">Fluggel\u00e4nde<\/a>, der genaue Standort wird best\u00e4tigt, da wir mehrere Flugbasen haben. Die exakte Adresse wird Ihnen nach Erhalt Ihrer Buchung per E-Mail oder WhatsApp mitgeteilt<\/li>\n<li>Bitte zeigen Sie Ihre Buchungsbest\u00e4tigung an unserem Registrierungsschalter zur Einl\u00f6sung vor<\/li>\n<\/ul>\n<p><strong>STORNIERUNG  R\u00dcCKERSTATTUNGSRICHTLINIE<\/strong><\/p>\n<ul>\n<li>Um eine Stornierung oder Buchungs\u00e4nderung anzufordern, benachrichtigen Sie uns bitte mindestens 12 Stunden vor Ihrer Flugzeit.<\/li>\n<li>Um Ihre Buchung zu \u00e4ndern, umzuplanen oder zu stornieren, antworten Sie bitte auf die E-Mail oder \u00fcber WhatsApp unter Angabe Ihrer Bestellnummer.<\/li>\n<li>Ihre R\u00fcckerstattung wird sofort auf Ihre Karte veranlasst. Wir verwenden das Paypal-Zahlungsgateway, um Ihre Zahlung zu akzeptieren und zur\u00fcckzuerstatten. <\/li>\n<li>Sie erhalten die R\u00fcckerstattung abz\u00fcglich der Transaktionsgeb\u00fchr, falls der Flug am ausgew\u00e4hlten Tag aufgrund von Wetterbedingungen oder unzureichendem Wind f\u00fcr den Flug nicht m\u00f6glich ist.<\/li>\n<li>Weitere Informationen: <a href=\"https:\/\/wa.me\/6285237041667\">Chatten Sie mit uns auf WhatsApp<\/a><\/li>\n<\/ul>\n<p><strong>Hinweis:<\/strong><\/p>\n<p><strong>Dieser Preis gilt nur f\u00fcr best\u00e4tigte Online-Buchungen.<\/strong><\/p>\n<p><strong><span style=\"color: #ff0000;\">Diese Aktivit\u00e4ten arbeiten mit nat\u00fcrlicher Windgeschwindigkeit und -bedingungen. Die Flugzeiten k\u00f6nnen sich bei Wind-\/Wetterproblemen verz\u00f6gern\/\u00e4ndern.  <\/span><\/strong><strong><span style=\"color: #ff0000;\">Sie werden (f\u00fcr bezahlte best\u00e4tigte Buchungen) vor Ihrer Ankunft benachrichtigt. F\u00fcr weitere Details kontaktieren Sie uns bitte per E-Mail oder <a href=\"https:\/\/wa.me\/6285237041667\" target=\"_blank\" rel=\"noopener\">WhatsApp<\/a>  <\/span><\/strong><\/p>\n","protected":false},"excerpt":{"rendered":"<p>Erleben Sie einen 15-min\u00fctigen Tandemflug mit einem zertifizierten Instruktor. Entdecken Sie mehrere Str\u00e4nde aus der Vogelperspektive. Inklusive Videodokumentation, die direkt nach Abschluss des Fluges auf Ihr Mobiltelefon \u00fcbertragen wird. <\/p>\n","protected":false},"featured_media":3848,"comment_status":"closed","ping_status":"closed","template":"","meta":[],"product_brand":[93],"product_cat":[88],"product_tag":[],"class_list":{"0":"post-4886","1":"product","2":"type-product","3":"status-publish","4":"has-post-thumbnail","6":"product_brand-bali-paragliding-tours","7":"product_cat-nicht-kategorisiert","8":"wcpa_has_options","10":"first","11":"instock","12":"featured","13":"shipping-taxable","14":"purchasable","15":"product-type-simple"},"yoast_head":"<!-- This site is optimized with the Yoast SEO plugin v27.2 - https:\/\/yoast.com\/product\/yoast-seo-wordpress\/ -->\n<title>15-min\u00fctige Tandem-Paragliding-Flugkarte inklusive Foto\/Video - Bali Paragliding Tours<\/title>\n<meta name=\"description\" content=\"Online Tandem-Paragliding Bali buchen: 15 Min. K\u00fcstenflug, Doku inklusive. Anzahlung\/Vollzahlung zur Buchungssicherung.\" \/>\n<meta name=\"robots\" content=\"index, follow, max-snippet:-1, max-image-preview:large, max-video-preview:-1\" \/>\n<link rel=\"canonical\" href=\"https:\/\/baliparaglidingtours.com\/de\/product\/15-minuetige-tandem-paragliding-flugkarte-inklusive-foto-video\/\" \/>\n<meta property=\"og:locale\" content=\"de_DE\" \/>\n<meta property=\"og:type\" content=\"article\" \/>\n<meta property=\"og:title\" content=\"15-min\u00fctige Tandem-Paragliding-Flugkarte inklusive Foto\/Video - Bali Paragliding Tours\" \/>\n<meta property=\"og:description\" content=\"Online Tandem-Paragliding Bali buchen: 15 Min. K\u00fcstenflug, Doku inklusive. Anzahlung\/Vollzahlung zur Buchungssicherung.\" \/>\n<meta property=\"og:url\" content=\"https:\/\/baliparaglidingtours.com\/de\/product\/15-minuetige-tandem-paragliding-flugkarte-inklusive-foto-video\/\" \/>\n<meta property=\"og:site_name\" content=\"Bali Paragliding Tours\" \/>\n<meta property=\"article:publisher\" content=\"https:\/\/facebook.com\/bali.paragliding\" \/>\n<meta property=\"article:modified_time\" content=\"2025-10-08T18:44:33+00:00\" \/>\n<meta property=\"og:image\" content=\"https:\/\/baliparaglidingtours.com\/wp-content\/uploads\/2019\/02\/15501111419328401.jpg\" \/>\n\t<meta property=\"og:image:width\" content=\"1317\" \/>\n\t<meta property=\"og:image:height\" content=\"1317\" \/>\n\t<meta property=\"og:image:type\" content=\"image\/jpeg\" \/>\n<meta name=\"twitter:card\" content=\"summary_large_image\" \/>\n<meta name=\"twitter:label1\" content=\"Gesch\u00e4tzte Lesezeit\" \/>\n\t<meta name=\"twitter:data1\" content=\"1\u00a0Minute\" \/>\n<script type=\"application\/ld+json\" class=\"yoast-schema-graph\">{\"@context\":\"https:\/\/schema.org\",\"@graph\":[{\"@type\":\"WebPage\",\"@id\":\"https:\/\/baliparaglidingtours.com\/de\/product\/15-minuetige-tandem-paragliding-flugkarte-inklusive-foto-video\/\",\"url\":\"https:\/\/baliparaglidingtours.com\/de\/product\/15-minuetige-tandem-paragliding-flugkarte-inklusive-foto-video\/\",\"name\":\"15-min\u00fctige Tandem-Paragliding-Flugkarte inklusive Foto\/Video - Bali Paragliding Tours\",\"isPartOf\":{\"@id\":\"https:\/\/darkgreen-panther-294679.hostingersite.com\/#website\"},\"primaryImageOfPage\":{\"@id\":\"https:\/\/baliparaglidingtours.com\/de\/product\/15-minuetige-tandem-paragliding-flugkarte-inklusive-foto-video\/#primaryimage\"},\"image\":{\"@id\":\"https:\/\/baliparaglidingtours.com\/de\/product\/15-minuetige-tandem-paragliding-flugkarte-inklusive-foto-video\/#primaryimage\"},\"thumbnailUrl\":\"https:\/\/baliparaglidingtours.com\/wp-content\/uploads\/2019\/02\/15501111419328401.jpg\",\"datePublished\":\"2022-06-07T04:24:34+00:00\",\"dateModified\":\"2025-10-08T18:44:33+00:00\",\"description\":\"Online Tandem-Paragliding Bali buchen: 15 Min. K\u00fcstenflug, Doku inklusive. Anzahlung\/Vollzahlung zur Buchungssicherung.\",\"breadcrumb\":{\"@id\":\"https:\/\/baliparaglidingtours.com\/de\/product\/15-minuetige-tandem-paragliding-flugkarte-inklusive-foto-video\/#breadcrumb\"},\"inLanguage\":\"de\",\"potentialAction\":[{\"@type\":\"ReadAction\",\"target\":[\"https:\/\/baliparaglidingtours.com\/de\/product\/15-minuetige-tandem-paragliding-flugkarte-inklusive-foto-video\/\"]}]},{\"@type\":\"ImageObject\",\"inLanguage\":\"de\",\"@id\":\"https:\/\/baliparaglidingtours.com\/de\/product\/15-minuetige-tandem-paragliding-flugkarte-inklusive-foto-video\/#primaryimage\",\"url\":\"https:\/\/baliparaglidingtours.com\/wp-content\/uploads\/2019\/02\/15501111419328401.jpg\",\"contentUrl\":\"https:\/\/baliparaglidingtours.com\/wp-content\/uploads\/2019\/02\/15501111419328401.jpg\",\"width\":1317,\"height\":1317,\"caption\":\"Bali Paragliding\"},{\"@type\":\"BreadcrumbList\",\"@id\":\"https:\/\/baliparaglidingtours.com\/de\/product\/15-minuetige-tandem-paragliding-flugkarte-inklusive-foto-video\/#breadcrumb\",\"itemListElement\":[{\"@type\":\"ListItem\",\"position\":1,\"name\":\"Home\",\"item\":\"https:\/\/baliparaglidingtours.com\/de\/\"},{\"@type\":\"ListItem\",\"position\":2,\"name\":\"Gesch\u00e4ft\",\"item\":\"https:\/\/baliparaglidingtours.com\/\"},{\"@type\":\"ListItem\",\"position\":3,\"name\":\"15-min\u00fctige Tandem-Paragliding-Flugkarte inklusive Foto\/Video\"}]},{\"@type\":\"WebSite\",\"@id\":\"https:\/\/darkgreen-panther-294679.hostingersite.com\/#website\",\"url\":\"https:\/\/darkgreen-panther-294679.hostingersite.com\/\",\"name\":\"Bali Paragliding Tours\",\"description\":\"The best and first tandem paragliding in Bali\",\"publisher\":{\"@id\":\"https:\/\/darkgreen-panther-294679.hostingersite.com\/#organization\"},\"potentialAction\":[{\"@type\":\"SearchAction\",\"target\":{\"@type\":\"EntryPoint\",\"urlTemplate\":\"https:\/\/darkgreen-panther-294679.hostingersite.com\/?s={search_term_string}\"},\"query-input\":{\"@type\":\"PropertyValueSpecification\",\"valueRequired\":true,\"valueName\":\"search_term_string\"}}],\"inLanguage\":\"de\"},{\"@type\":\"Organization\",\"@id\":\"https:\/\/darkgreen-panther-294679.hostingersite.com\/#organization\",\"name\":\"Bali Paragliding Tours\",\"url\":\"https:\/\/darkgreen-panther-294679.hostingersite.com\/\",\"logo\":{\"@type\":\"ImageObject\",\"inLanguage\":\"de\",\"@id\":\"https:\/\/darkgreen-panther-294679.hostingersite.com\/#\/schema\/logo\/image\/\",\"url\":\"https:\/\/baliparaglidingtours.com\/wp-content\/uploads\/2019\/07\/Logopit_1563347307259-1.png\",\"contentUrl\":\"https:\/\/baliparaglidingtours.com\/wp-content\/uploads\/2019\/07\/Logopit_1563347307259-1.png\",\"width\":2160,\"height\":2160,\"caption\":\"Bali Paragliding Tours\"},\"image\":{\"@id\":\"https:\/\/darkgreen-panther-294679.hostingersite.com\/#\/schema\/logo\/image\/\"},\"sameAs\":[\"https:\/\/facebook.com\/bali.paragliding\"]}]}<\/script>\n<!-- \/ Yoast SEO plugin. -->","yoast_head_json":{"title":"15-min\u00fctige Tandem-Paragliding-Flugkarte inklusive Foto\/Video - Bali Paragliding Tours","description":"Online Tandem-Paragliding Bali buchen: 15 Min. K\u00fcstenflug, Doku inklusive. Anzahlung\/Vollzahlung zur Buchungssicherung.","robots":{"index":"index","follow":"follow","max-snippet":"max-snippet:-1","max-image-preview":"max-image-preview:large","max-video-preview":"max-video-preview:-1"},"canonical":"https:\/\/baliparaglidingtours.com\/de\/product\/15-minuetige-tandem-paragliding-flugkarte-inklusive-foto-video\/","og_locale":"de_DE","og_type":"article","og_title":"15-min\u00fctige Tandem-Paragliding-Flugkarte inklusive Foto\/Video - Bali Paragliding Tours","og_description":"Online Tandem-Paragliding Bali buchen: 15 Min. K\u00fcstenflug, Doku inklusive. Anzahlung\/Vollzahlung zur Buchungssicherung.","og_url":"https:\/\/baliparaglidingtours.com\/de\/product\/15-minuetige-tandem-paragliding-flugkarte-inklusive-foto-video\/","og_site_name":"Bali Paragliding Tours","article_publisher":"https:\/\/facebook.com\/bali.paragliding","article_modified_time":"2025-10-08T18:44:33+00:00","og_image":[{"width":1317,"height":1317,"url":"https:\/\/baliparaglidingtours.com\/wp-content\/uploads\/2019\/02\/15501111419328401.jpg","type":"image\/jpeg"}],"twitter_card":"summary_large_image","twitter_misc":{"Gesch\u00e4tzte Lesezeit":"1\u00a0Minute"},"schema":{"@context":"https:\/\/schema.org","@graph":[{"@type":"WebPage","@id":"https:\/\/baliparaglidingtours.com\/de\/product\/15-minuetige-tandem-paragliding-flugkarte-inklusive-foto-video\/","url":"https:\/\/baliparaglidingtours.com\/de\/product\/15-minuetige-tandem-paragliding-flugkarte-inklusive-foto-video\/","name":"15-min\u00fctige Tandem-Paragliding-Flugkarte inklusive Foto\/Video - Bali Paragliding Tours","isPartOf":{"@id":"https:\/\/darkgreen-panther-294679.hostingersite.com\/#website"},"primaryImageOfPage":{"@id":"https:\/\/baliparaglidingtours.com\/de\/product\/15-minuetige-tandem-paragliding-flugkarte-inklusive-foto-video\/#primaryimage"},"image":{"@id":"https:\/\/baliparaglidingtours.com\/de\/product\/15-minuetige-tandem-paragliding-flugkarte-inklusive-foto-video\/#primaryimage"},"thumbnailUrl":"https:\/\/baliparaglidingtours.com\/wp-content\/uploads\/2019\/02\/15501111419328401.jpg","datePublished":"2022-06-07T04:24:34+00:00","dateModified":"2025-10-08T18:44:33+00:00","description":"Online Tandem-Paragliding Bali buchen: 15 Min. K\u00fcstenflug, Doku inklusive. Anzahlung\/Vollzahlung zur Buchungssicherung.","breadcrumb":{"@id":"https:\/\/baliparaglidingtours.com\/de\/product\/15-minuetige-tandem-paragliding-flugkarte-inklusive-foto-video\/#breadcrumb"},"inLanguage":"de","potentialAction":[{"@type":"ReadAction","target":["https:\/\/baliparaglidingtours.com\/de\/product\/15-minuetige-tandem-paragliding-flugkarte-inklusive-foto-video\/"]}]},{"@type":"ImageObject","inLanguage":"de","@id":"https:\/\/baliparaglidingtours.com\/de\/product\/15-minuetige-tandem-paragliding-flugkarte-inklusive-foto-video\/#primaryimage","url":"https:\/\/baliparaglidingtours.com\/wp-content\/uploads\/2019\/02\/15501111419328401.jpg","contentUrl":"https:\/\/baliparaglidingtours.com\/wp-content\/uploads\/2019\/02\/15501111419328401.jpg","width":1317,"height":1317,"caption":"Bali Paragliding"},{"@type":"BreadcrumbList","@id":"https:\/\/baliparaglidingtours.com\/de\/product\/15-minuetige-tandem-paragliding-flugkarte-inklusive-foto-video\/#breadcrumb","itemListElement":[{"@type":"ListItem","position":1,"name":"Home","item":"https:\/\/baliparaglidingtours.com\/de\/"},{"@type":"ListItem","position":2,"name":"Gesch\u00e4ft","item":"https:\/\/baliparaglidingtours.com\/"},{"@type":"ListItem","position":3,"name":"15-min\u00fctige Tandem-Paragliding-Flugkarte inklusive Foto\/Video"}]},{"@type":"WebSite","@id":"https:\/\/darkgreen-panther-294679.hostingersite.com\/#website","url":"https:\/\/darkgreen-panther-294679.hostingersite.com\/","name":"Bali Paragliding Tours","description":"The best and first tandem paragliding in Bali","publisher":{"@id":"https:\/\/darkgreen-panther-294679.hostingersite.com\/#organization"},"potentialAction":[{"@type":"SearchAction","target":{"@type":"EntryPoint","urlTemplate":"https:\/\/darkgreen-panther-294679.hostingersite.com\/?s={search_term_string}"},"query-input":{"@type":"PropertyValueSpecification","valueRequired":true,"valueName":"search_term_string"}}],"inLanguage":"de"},{"@type":"Organization","@id":"https:\/\/darkgreen-panther-294679.hostingersite.com\/#organization","name":"Bali Paragliding Tours","url":"https:\/\/darkgreen-panther-294679.hostingersite.com\/","logo":{"@type":"ImageObject","inLanguage":"de","@id":"https:\/\/darkgreen-panther-294679.hostingersite.com\/#\/schema\/logo\/image\/","url":"https:\/\/baliparaglidingtours.com\/wp-content\/uploads\/2019\/07\/Logopit_1563347307259-1.png","contentUrl":"https:\/\/baliparaglidingtours.com\/wp-content\/uploads\/2019\/07\/Logopit_1563347307259-1.png","width":2160,"height":2160,"caption":"Bali Paragliding Tours"},"image":{"@id":"https:\/\/darkgreen-panther-294679.hostingersite.com\/#\/schema\/logo\/image\/"},"sameAs":["https:\/\/facebook.com\/bali.paragliding"]}]}},"_links":{"self":[{"href":"https:\/\/baliparaglidingtours.com\/de\/wp-json\/wp\/v2\/product\/4886","targetHints":{"allow":["GET"]}}],"collection":[{"href":"https:\/\/baliparaglidingtours.com\/de\/wp-json\/wp\/v2\/product"}],"about":[{"href":"https:\/\/baliparaglidingtours.com\/de\/wp-json\/wp\/v2\/types\/product"}],"replies":[{"embeddable":true,"href":"https:\/\/baliparaglidingtours.com\/de\/wp-json\/wp\/v2\/comments?post=4886"}],"wp:featuredmedia":[{"embeddable":true,"href":"https:\/\/baliparaglidingtours.com\/de\/wp-json\/wp\/v2\/media\/3848"}],"wp:attachment":[{"href":"https:\/\/baliparaglidingtours.com\/de\/wp-json\/wp\/v2\/media?parent=4886"}],"wp:term":[{"taxonomy":"product_brand","embeddable":true,"href":"https:\/\/baliparaglidingtours.com\/de\/wp-json\/wp\/v2\/product_brand?post=4886"},{"taxonomy":"product_cat","embeddable":true,"href":"https:\/\/baliparaglidingtours.com\/de\/wp-json\/wp\/v2\/product_cat?post=4886"},{"taxonomy":"product_tag","embeddable":true,"href":"https:\/\/baliparaglidingtours.com\/de\/wp-json\/wp\/v2\/product_tag?post=4886"}],"curies":[{"name":"wp","href":"https:\/\/api.w.org\/{rel}","templated":true}]}}