{"id":4838,"date":"2023-08-05T16:32:48","date_gmt":"2023-08-05T08:32:48","guid":{"rendered":"https:\/\/baliparaglidingtours.com\/product\/gleitschirmfliegen-bali-lufttouren-ueber-die-klippen-von-uluwatu-und-den-strand-von-nusa-dua\/"},"modified":"2025-06-19T10:42:31","modified_gmt":"2025-06-19T02:42:31","slug":"gleitschirmfliegen-bali-lufttouren-ueber-die-klippen-von-uluwatu-und-den-strand-von-nusa-dua","status":"publish","type":"product","link":"https:\/\/baliparaglidingtours.com\/de\/product\/gleitschirmfliegen-bali-lufttouren-ueber-die-klippen-von-uluwatu-und-den-strand-von-nusa-dua\/","title":{"rendered":"Gleitschirmfliegen Bali: Lufttouren \u00fcber die Klippen von Uluwatu und den Strand von Nusa Dua"},"content":{"rendered":"\t<div id=\"text-6305162\" class=\"text\">\n\t\t\n<p style=\"text-align: left;\">Bereiten Sie sich auf ein aufregendes Abenteuer mit Gleitschirmfliegen in Bali an den Klippen von Uluwatu und Nusa Dua vor! Schweben Sie hoch \u00fcber die atemberaubenden Landschaften Balis, w\u00e4hrend Sie den Nervenkitzel des Tandem-Gleitschirmfliegens erleben. Sp\u00fcren Sie den Wind unter Ihren Fl\u00fcgeln, w\u00e4hrend Sie \u00fcber die majest\u00e4tischen Klippen von Uluwatu und Nusa Dua gleiten und dabei atemberaubende Ausblicke auf t\u00fcrkisfarbene Gew\u00e4sser und \u00fcppiges Gr\u00fcn genie\u00dfen.  <\/p>\n<p>Diese adrenalingeladene Aktivit\u00e4t ist perfekt f\u00fcr Abenteuerlustige und Naturliebhaber gleicherma\u00dfen. Unabh\u00e4ngig davon, ob Sie Anf\u00e4nger sind, werden unsere erfahrenen Instruktoren ein sicheres und unvergessliches Erlebnis gew\u00e4hrleisten. Verpassen Sie nicht diese einmalige Gelegenheit, die L\u00fcfte Balis mit Gleitschirmfliegen Bali zu erobern. Buchen Sie jetzt Ihr Abenteuer und lassen Sie Ihre Tr\u00e4ume \u00fcber dem Gleitschirmfliegen in Uluwatu, Bali, Fl\u00fcgel bekommen.   <\/p>\n<p><strong>INKLUSIVLEISTUNGEN:<\/strong><\/p>\n<ul>\n<li>15 oder 30 Minuten Flugzeit in der Luft (basierend auf Ihrer gew\u00e4hlten Option)<\/li>\n<li>Actionkamera mit Selfie-Stick<\/li>\n<li>Versicherungsschutz<\/li>\n<li>Transaktions-\/Buchungsgeb\u00fchr<\/li>\n<\/ul>\n<p><strong>EXKLUSIVLEISTUNGEN:<\/strong><\/p>\n<ul>\n<li>Transportmittel<\/li>\n<li>Mahlzeiten\/Getr\u00e4nke<\/li>\n<li>Pers\u00f6nliche Ausgaben<\/li>\n<\/ul>\n<p><strong>ABLAUFPLAN:<\/strong><\/p>\n<ul>\n<li><strong>Ankunft am Treffpunkt, Einl\u00f6sen Ihrer Reservierung, Gewichts\u00fcberpr\u00fcfung und Anlegen der Ausr\u00fcstung (0-10 Minuten)<\/strong><\/li>\n<li><strong>Flug in der Luft (15 oder 30 Minuten, je nach gew\u00e4hlter Option) (15-30 Minuten)<\/strong><\/li>\n<li><strong>\u00dcbertragung des Videomaterials auf Ihr Mobiltelefon, stellen Sie sicher, dass Sie \u00fcber ausreichend Speicherplatz verf\u00fcgen, 4-6 GB erforderlich (5-10 Minuten)<\/strong><\/li>\n<li><strong>Aktivit\u00e4ten beendet, Freizeit<\/strong><\/li>\n<\/ul>\n<p><strong>Die gesch\u00e4tzte Gesamtzeit f\u00fcr den gesamten Prozess betr\u00e4gt 30-35 Minuten f\u00fcr einen 15-min\u00fctigen Flug und 45-50 Minuten f\u00fcr einen 30-min\u00fctigen Flug. 6-8 Piloten k\u00f6nnen gleichzeitig fliegen <\/strong><\/p>\n<p><strong>ZUS\u00c4TZLICHE INFORMATIONEN:<\/strong><\/p>\n<ul>\n<li>Diese Aktivit\u00e4ten werden f\u00fcr schwangere Reisende nicht empfohlen, keine Herzprobleme oder andere schwerwiegende medizinische Zust\u00e4nde<\/li>\n<li>Teilnehmer m\u00fcssen zwischen 5 und 60 Jahre alt sein<\/li>\n<li>Das maximale Gewicht der Teilnehmer darf 110 KG nicht \u00fcberschreiten <\/li>\n<li>Diese Aktivit\u00e4ten sind wetter- und windabh\u00e4ngig. Wir bieten m\u00f6glicherweise eine Umbuchung oder R\u00fcckerstattung an, falls der Flug am ausgew\u00e4hlten Tag aufgrund pl\u00f6tzlicher Wetter\u00e4nderungen nicht m\u00f6glich ist.<\/li>\n<\/ul>\n<p><strong>TREFFPUNKT  EINL\u00d6SUNG<\/strong><br \/>\n<iframe loading=\"lazy\" src=\"https:\/\/www.google.com\/maps\/d\/u\/2\/embed?mid=1qAvdNHm6hhUu5Le9c7m_8Vl_D4mndOkehbc=2E312Fnoprof=1\" width=\"640\" height=\"280\"><\/iframe><\/p>\n<ul>\n<li><strong>Nusa Dua oder Uluwatu Klippe<\/strong>, \u00dcberpr\u00fcfen Sie die <a href=\"https:\/\/baliparaglidingtours.com\/contact\/\">Flugplatz-Karte<\/a><strong>. <\/strong>Wir senden den genauen Flugort, nachdem wir Ihre Reservierung erhalten haben<\/li>\n<li>Start- und Landepunkt befinden sich am selben Ort wie der Startpunkt, au\u00dfer im Notfall. Die Landung erfolgt an der K\u00fcste, Sie werden zum Startpunkt zur\u00fccktransportiert<\/li>\n<\/ul>\n<p>Bitte zeigen Sie Ihre Buchungsbest\u00e4tigung an unserem Registrierungsschalter zur Einl\u00f6sung vor.<\/p>\n<p><strong>STORNIERUNG  R\u00dcCKERSTATTUNGSRICHTLINIE<\/strong><\/p>\n<ul>\n<li>Um eine Stornierung oder Buchungs\u00e4nderung anzufordern, benachrichtigen Sie uns bitte mindestens 12 Stunden vor Ihrer Flugzeit.<\/li>\n<li>Um Ihre Buchung zu \u00e4ndern, umzubuchen oder zu stornieren, antworten Sie bitte auf die E-Mail oder \u00fcber WhatsApp unter Angabe Ihrer Bestellnummer.<\/li>\n<li>Ihre R\u00fcckerstattung wird sofort auf Ihre Karte veranlasst. Wir verwenden das Paypal-Zahlungsgateway, um Ihre Zahlung zu akzeptieren und zur\u00fcckzuerstatten. <\/li>\n<li>Sie erhalten die R\u00fcckerstattung abz\u00fcglich der Transaktionsgeb\u00fchr, wenn der Flug am ausgew\u00e4hlten Tag aufgrund von Wetter oder unzureichendem Wind f\u00fcr den Flug nicht m\u00f6glich ist.<\/li>\n<li>Weitere Informationen: <a href=\"https:\/\/wa.me\/6285237041667\">Chatten Sie mit uns auf WhatsApp<\/a><\/li>\n<\/ul>\n<p><strong>Hinweis:<\/strong><\/p>\n<p><strong>Dieser Preis gilt nur f\u00fcr best\u00e4tigte Online-Buchungen.<\/strong><\/p>\n<p><em><span style=\"color: #000000;\"><strong>Diese Aktivit\u00e4ten arbeiten mit nat\u00fcrlicher Windgeschwindigkeit und -bedingungen. Die Flugzeiten k\u00f6nnen sich bei Wind-\/Wetterproblemen verz\u00f6gern\/\u00e4ndern.  <\/strong><strong>Sie werden (f\u00fcr bezahlte best\u00e4tigte Buchungen) vor Ihrer Ankunft benachrichtigt. F\u00fcr weitere Details kontaktieren Sie uns bitte per E-Mail oder <a style=\"color: #000000;\" href=\"https:\/\/wa.me\/6285237041667\" target=\"_blank\" rel=\"noopener\">WhatsApp<\/a>  <\/strong><\/span><\/em><\/p>\n\t\t\n<style>\n#text-6305162 {\n  line-height: 1.2;\n}\n<\/style>\n\t<\/div>\n\t\n","protected":false},"excerpt":{"rendered":"<p>Genie\u00dfen Sie die atemberaubende Sch\u00f6nheit Balis aus der Luft mit unserem erstklassigen Gleitschirmerlebnis! Schweben Sie \u00fcber die beeindruckenden Landschaften oberhalb von Uluwatu und der K\u00fcste von Nusa Dua und nehmen Sie die unglaublichen Ausblicke beim Gleitschirmfliegen in Bali wahr. Verf\u00fcgbar in 15- oder 30-min\u00fctigen Optionen, von Uluwatu oder dem Strand von Pandawa\/Timbis aus. Bereiten Sie sich auf ein aufregendes Erlebnis vor, das Sie nach mehr verlangen l\u00e4sst!    <\/p>\n","protected":false},"featured_media":5644,"comment_status":"closed","ping_status":"closed","template":"","meta":[],"product_brand":[],"product_cat":[88],"product_tag":[],"class_list":{"0":"post-4838","1":"product","2":"type-product","3":"status-publish","4":"has-post-thumbnail","6":"product_cat-nicht-kategorisiert","7":"wcpa_has_options","9":"first","10":"instock","11":"featured","12":"shipping-taxable","13":"purchasable","14":"product-type-variable","15":"has-default-attributes"},"yoast_head":"<!-- This site is optimized with the Yoast SEO plugin v27.2 - https:\/\/yoast.com\/product\/yoast-seo-wordpress\/ -->\n<title>Gleitschirmfliegen Bali: Lufttouren \u00fcber die Klippen von Uluwatu und den Strand von Nusa Dua - Bali Paragliding Tours<\/title>\n<meta name=\"description\" content=\"Tandem-Gleitschirmfliegen Bali: Uluwatu, Nusa Dua. Ab 60$\/P. inkl. Fotos\/Videos. Kurzfristig buchbar.\" \/>\n<meta name=\"robots\" content=\"index, follow, max-snippet:-1, max-image-preview:large, max-video-preview:-1\" \/>\n<link rel=\"canonical\" href=\"https:\/\/baliparaglidingtours.com\/de\/product\/gleitschirmfliegen-bali-lufttouren-ueber-die-klippen-von-uluwatu-und-den-strand-von-nusa-dua\/\" \/>\n<meta property=\"og:locale\" content=\"de_DE\" \/>\n<meta property=\"og:type\" content=\"article\" \/>\n<meta property=\"og:title\" content=\"Gleitschirmfliegen Bali: Lufttouren \u00fcber die Klippen von Uluwatu und den Strand von Nusa Dua - Bali Paragliding Tours\" \/>\n<meta property=\"og:description\" content=\"Tandem-Gleitschirmfliegen Bali: Uluwatu, Nusa Dua. Ab 60$\/P. inkl. Fotos\/Videos. Kurzfristig buchbar.\" \/>\n<meta property=\"og:url\" content=\"https:\/\/baliparaglidingtours.com\/de\/product\/gleitschirmfliegen-bali-lufttouren-ueber-die-klippen-von-uluwatu-und-den-strand-von-nusa-dua\/\" \/>\n<meta property=\"og:site_name\" content=\"Bali Paragliding Tours\" \/>\n<meta property=\"article:publisher\" content=\"https:\/\/facebook.com\/bali.paragliding\" \/>\n<meta property=\"article:modified_time\" content=\"2025-06-19T02:42:31+00:00\" \/>\n<meta property=\"og:image\" content=\"https:\/\/baliparaglidingtours.com\/wp-content\/uploads\/2023\/08\/paragliding-bali-uluwatu.webp\" \/>\n\t<meta property=\"og:image:width\" content=\"1200\" \/>\n\t<meta property=\"og:image:height\" content=\"1200\" \/>\n\t<meta property=\"og:image:type\" content=\"image\/webp\" \/>\n<meta name=\"twitter:card\" content=\"summary_large_image\" \/>\n<meta name=\"twitter:label1\" content=\"Gesch\u00e4tzte Lesezeit\" \/>\n\t<meta name=\"twitter:data1\" content=\"3\u00a0Minuten\" \/>\n<script type=\"application\/ld+json\" class=\"yoast-schema-graph\">{\"@context\":\"https:\/\/schema.org\",\"@graph\":[{\"@type\":\"WebPage\",\"@id\":\"https:\/\/baliparaglidingtours.com\/de\/product\/gleitschirmfliegen-bali-lufttouren-ueber-die-klippen-von-uluwatu-und-den-strand-von-nusa-dua\/\",\"url\":\"https:\/\/baliparaglidingtours.com\/de\/product\/gleitschirmfliegen-bali-lufttouren-ueber-die-klippen-von-uluwatu-und-den-strand-von-nusa-dua\/\",\"name\":\"Gleitschirmfliegen Bali: Lufttouren \u00fcber die Klippen von Uluwatu und den Strand von Nusa Dua - Bali Paragliding Tours\",\"isPartOf\":{\"@id\":\"https:\/\/darkgreen-panther-294679.hostingersite.com\/#website\"},\"primaryImageOfPage\":{\"@id\":\"https:\/\/baliparaglidingtours.com\/de\/product\/gleitschirmfliegen-bali-lufttouren-ueber-die-klippen-von-uluwatu-und-den-strand-von-nusa-dua\/#primaryimage\"},\"image\":{\"@id\":\"https:\/\/baliparaglidingtours.com\/de\/product\/gleitschirmfliegen-bali-lufttouren-ueber-die-klippen-von-uluwatu-und-den-strand-von-nusa-dua\/#primaryimage\"},\"thumbnailUrl\":\"https:\/\/baliparaglidingtours.com\/wp-content\/uploads\/2023\/08\/paragliding-bali-uluwatu.webp\",\"datePublished\":\"2023-08-05T08:32:48+00:00\",\"dateModified\":\"2025-06-19T02:42:31+00:00\",\"description\":\"Tandem-Gleitschirmfliegen Bali: Uluwatu, Nusa Dua. Ab 60$\/P. inkl. Fotos\/Videos. Kurzfristig buchbar.\",\"breadcrumb\":{\"@id\":\"https:\/\/baliparaglidingtours.com\/de\/product\/gleitschirmfliegen-bali-lufttouren-ueber-die-klippen-von-uluwatu-und-den-strand-von-nusa-dua\/#breadcrumb\"},\"inLanguage\":\"de\",\"potentialAction\":[{\"@type\":\"ReadAction\",\"target\":[\"https:\/\/baliparaglidingtours.com\/de\/product\/gleitschirmfliegen-bali-lufttouren-ueber-die-klippen-von-uluwatu-und-den-strand-von-nusa-dua\/\"]}]},{\"@type\":\"ImageObject\",\"inLanguage\":\"de\",\"@id\":\"https:\/\/baliparaglidingtours.com\/de\/product\/gleitschirmfliegen-bali-lufttouren-ueber-die-klippen-von-uluwatu-und-den-strand-von-nusa-dua\/#primaryimage\",\"url\":\"https:\/\/baliparaglidingtours.com\/wp-content\/uploads\/2023\/08\/paragliding-bali-uluwatu.webp\",\"contentUrl\":\"https:\/\/baliparaglidingtours.com\/wp-content\/uploads\/2023\/08\/paragliding-bali-uluwatu.webp\",\"width\":1200,\"height\":1200,\"caption\":\"paragliding Bali uluwatu\"},{\"@type\":\"BreadcrumbList\",\"@id\":\"https:\/\/baliparaglidingtours.com\/de\/product\/gleitschirmfliegen-bali-lufttouren-ueber-die-klippen-von-uluwatu-und-den-strand-von-nusa-dua\/#breadcrumb\",\"itemListElement\":[{\"@type\":\"ListItem\",\"position\":1,\"name\":\"Home\",\"item\":\"https:\/\/baliparaglidingtours.com\/de\/\"},{\"@type\":\"ListItem\",\"position\":2,\"name\":\"Gesch\u00e4ft\",\"item\":\"https:\/\/baliparaglidingtours.com\/\"},{\"@type\":\"ListItem\",\"position\":3,\"name\":\"Gleitschirmfliegen Bali: Lufttouren \u00fcber die Klippen von Uluwatu und den Strand von Nusa Dua\"}]},{\"@type\":\"WebSite\",\"@id\":\"https:\/\/darkgreen-panther-294679.hostingersite.com\/#website\",\"url\":\"https:\/\/darkgreen-panther-294679.hostingersite.com\/\",\"name\":\"Bali Paragliding Tours\",\"description\":\"The best and first tandem paragliding in Bali\",\"publisher\":{\"@id\":\"https:\/\/darkgreen-panther-294679.hostingersite.com\/#organization\"},\"potentialAction\":[{\"@type\":\"SearchAction\",\"target\":{\"@type\":\"EntryPoint\",\"urlTemplate\":\"https:\/\/darkgreen-panther-294679.hostingersite.com\/?s={search_term_string}\"},\"query-input\":{\"@type\":\"PropertyValueSpecification\",\"valueRequired\":true,\"valueName\":\"search_term_string\"}}],\"inLanguage\":\"de\"},{\"@type\":\"Organization\",\"@id\":\"https:\/\/darkgreen-panther-294679.hostingersite.com\/#organization\",\"name\":\"Bali Paragliding Tours\",\"url\":\"https:\/\/darkgreen-panther-294679.hostingersite.com\/\",\"logo\":{\"@type\":\"ImageObject\",\"inLanguage\":\"de\",\"@id\":\"https:\/\/darkgreen-panther-294679.hostingersite.com\/#\/schema\/logo\/image\/\",\"url\":\"https:\/\/baliparaglidingtours.com\/wp-content\/uploads\/2019\/07\/Logopit_1563347307259-1.png\",\"contentUrl\":\"https:\/\/baliparaglidingtours.com\/wp-content\/uploads\/2019\/07\/Logopit_1563347307259-1.png\",\"width\":2160,\"height\":2160,\"caption\":\"Bali Paragliding Tours\"},\"image\":{\"@id\":\"https:\/\/darkgreen-panther-294679.hostingersite.com\/#\/schema\/logo\/image\/\"},\"sameAs\":[\"https:\/\/facebook.com\/bali.paragliding\"]}]}<\/script>\n<!-- \/ Yoast SEO plugin. -->","yoast_head_json":{"title":"Gleitschirmfliegen Bali: Lufttouren \u00fcber die Klippen von Uluwatu und den Strand von Nusa Dua - Bali Paragliding Tours","description":"Tandem-Gleitschirmfliegen Bali: Uluwatu, Nusa Dua. Ab 60$\/P. inkl. Fotos\/Videos. Kurzfristig buchbar.","robots":{"index":"index","follow":"follow","max-snippet":"max-snippet:-1","max-image-preview":"max-image-preview:large","max-video-preview":"max-video-preview:-1"},"canonical":"https:\/\/baliparaglidingtours.com\/de\/product\/gleitschirmfliegen-bali-lufttouren-ueber-die-klippen-von-uluwatu-und-den-strand-von-nusa-dua\/","og_locale":"de_DE","og_type":"article","og_title":"Gleitschirmfliegen Bali: Lufttouren \u00fcber die Klippen von Uluwatu und den Strand von Nusa Dua - Bali Paragliding Tours","og_description":"Tandem-Gleitschirmfliegen Bali: Uluwatu, Nusa Dua. Ab 60$\/P. inkl. Fotos\/Videos. Kurzfristig buchbar.","og_url":"https:\/\/baliparaglidingtours.com\/de\/product\/gleitschirmfliegen-bali-lufttouren-ueber-die-klippen-von-uluwatu-und-den-strand-von-nusa-dua\/","og_site_name":"Bali Paragliding Tours","article_publisher":"https:\/\/facebook.com\/bali.paragliding","article_modified_time":"2025-06-19T02:42:31+00:00","og_image":[{"width":1200,"height":1200,"url":"https:\/\/baliparaglidingtours.com\/wp-content\/uploads\/2023\/08\/paragliding-bali-uluwatu.webp","type":"image\/webp"}],"twitter_card":"summary_large_image","twitter_misc":{"Gesch\u00e4tzte Lesezeit":"3\u00a0Minuten"},"schema":{"@context":"https:\/\/schema.org","@graph":[{"@type":"WebPage","@id":"https:\/\/baliparaglidingtours.com\/de\/product\/gleitschirmfliegen-bali-lufttouren-ueber-die-klippen-von-uluwatu-und-den-strand-von-nusa-dua\/","url":"https:\/\/baliparaglidingtours.com\/de\/product\/gleitschirmfliegen-bali-lufttouren-ueber-die-klippen-von-uluwatu-und-den-strand-von-nusa-dua\/","name":"Gleitschirmfliegen Bali: Lufttouren \u00fcber die Klippen von Uluwatu und den Strand von Nusa Dua - Bali Paragliding Tours","isPartOf":{"@id":"https:\/\/darkgreen-panther-294679.hostingersite.com\/#website"},"primaryImageOfPage":{"@id":"https:\/\/baliparaglidingtours.com\/de\/product\/gleitschirmfliegen-bali-lufttouren-ueber-die-klippen-von-uluwatu-und-den-strand-von-nusa-dua\/#primaryimage"},"image":{"@id":"https:\/\/baliparaglidingtours.com\/de\/product\/gleitschirmfliegen-bali-lufttouren-ueber-die-klippen-von-uluwatu-und-den-strand-von-nusa-dua\/#primaryimage"},"thumbnailUrl":"https:\/\/baliparaglidingtours.com\/wp-content\/uploads\/2023\/08\/paragliding-bali-uluwatu.webp","datePublished":"2023-08-05T08:32:48+00:00","dateModified":"2025-06-19T02:42:31+00:00","description":"Tandem-Gleitschirmfliegen Bali: Uluwatu, Nusa Dua. Ab 60$\/P. inkl. Fotos\/Videos. Kurzfristig buchbar.","breadcrumb":{"@id":"https:\/\/baliparaglidingtours.com\/de\/product\/gleitschirmfliegen-bali-lufttouren-ueber-die-klippen-von-uluwatu-und-den-strand-von-nusa-dua\/#breadcrumb"},"inLanguage":"de","potentialAction":[{"@type":"ReadAction","target":["https:\/\/baliparaglidingtours.com\/de\/product\/gleitschirmfliegen-bali-lufttouren-ueber-die-klippen-von-uluwatu-und-den-strand-von-nusa-dua\/"]}]},{"@type":"ImageObject","inLanguage":"de","@id":"https:\/\/baliparaglidingtours.com\/de\/product\/gleitschirmfliegen-bali-lufttouren-ueber-die-klippen-von-uluwatu-und-den-strand-von-nusa-dua\/#primaryimage","url":"https:\/\/baliparaglidingtours.com\/wp-content\/uploads\/2023\/08\/paragliding-bali-uluwatu.webp","contentUrl":"https:\/\/baliparaglidingtours.com\/wp-content\/uploads\/2023\/08\/paragliding-bali-uluwatu.webp","width":1200,"height":1200,"caption":"paragliding Bali uluwatu"},{"@type":"BreadcrumbList","@id":"https:\/\/baliparaglidingtours.com\/de\/product\/gleitschirmfliegen-bali-lufttouren-ueber-die-klippen-von-uluwatu-und-den-strand-von-nusa-dua\/#breadcrumb","itemListElement":[{"@type":"ListItem","position":1,"name":"Home","item":"https:\/\/baliparaglidingtours.com\/de\/"},{"@type":"ListItem","position":2,"name":"Gesch\u00e4ft","item":"https:\/\/baliparaglidingtours.com\/"},{"@type":"ListItem","position":3,"name":"Gleitschirmfliegen Bali: Lufttouren \u00fcber die Klippen von Uluwatu und den Strand von Nusa Dua"}]},{"@type":"WebSite","@id":"https:\/\/darkgreen-panther-294679.hostingersite.com\/#website","url":"https:\/\/darkgreen-panther-294679.hostingersite.com\/","name":"Bali Paragliding Tours","description":"The best and first tandem paragliding in Bali","publisher":{"@id":"https:\/\/darkgreen-panther-294679.hostingersite.com\/#organization"},"potentialAction":[{"@type":"SearchAction","target":{"@type":"EntryPoint","urlTemplate":"https:\/\/darkgreen-panther-294679.hostingersite.com\/?s={search_term_string}"},"query-input":{"@type":"PropertyValueSpecification","valueRequired":true,"valueName":"search_term_string"}}],"inLanguage":"de"},{"@type":"Organization","@id":"https:\/\/darkgreen-panther-294679.hostingersite.com\/#organization","name":"Bali Paragliding Tours","url":"https:\/\/darkgreen-panther-294679.hostingersite.com\/","logo":{"@type":"ImageObject","inLanguage":"de","@id":"https:\/\/darkgreen-panther-294679.hostingersite.com\/#\/schema\/logo\/image\/","url":"https:\/\/baliparaglidingtours.com\/wp-content\/uploads\/2019\/07\/Logopit_1563347307259-1.png","contentUrl":"https:\/\/baliparaglidingtours.com\/wp-content\/uploads\/2019\/07\/Logopit_1563347307259-1.png","width":2160,"height":2160,"caption":"Bali Paragliding Tours"},"image":{"@id":"https:\/\/darkgreen-panther-294679.hostingersite.com\/#\/schema\/logo\/image\/"},"sameAs":["https:\/\/facebook.com\/bali.paragliding"]}]}},"_links":{"self":[{"href":"https:\/\/baliparaglidingtours.com\/de\/wp-json\/wp\/v2\/product\/4838","targetHints":{"allow":["GET"]}}],"collection":[{"href":"https:\/\/baliparaglidingtours.com\/de\/wp-json\/wp\/v2\/product"}],"about":[{"href":"https:\/\/baliparaglidingtours.com\/de\/wp-json\/wp\/v2\/types\/product"}],"replies":[{"embeddable":true,"href":"https:\/\/baliparaglidingtours.com\/de\/wp-json\/wp\/v2\/comments?post=4838"}],"wp:featuredmedia":[{"embeddable":true,"href":"https:\/\/baliparaglidingtours.com\/de\/wp-json\/wp\/v2\/media\/5644"}],"wp:attachment":[{"href":"https:\/\/baliparaglidingtours.com\/de\/wp-json\/wp\/v2\/media?parent=4838"}],"wp:term":[{"taxonomy":"product_brand","embeddable":true,"href":"https:\/\/baliparaglidingtours.com\/de\/wp-json\/wp\/v2\/product_brand?post=4838"},{"taxonomy":"product_cat","embeddable":true,"href":"https:\/\/baliparaglidingtours.com\/de\/wp-json\/wp\/v2\/product_cat?post=4838"},{"taxonomy":"product_tag","embeddable":true,"href":"https:\/\/baliparaglidingtours.com\/de\/wp-json\/wp\/v2\/product_tag?post=4838"}],"curies":[{"name":"wp","href":"https:\/\/api.w.org\/{rel}","templated":true}]}}