{"id":4967,"date":"2019-01-18T06:48:22","date_gmt":"2019-01-17T22:48:22","guid":{"rendered":"https:\/\/baliparaglidingtours.com\/kontakt-und-treffpunkt\/"},"modified":"2025-06-20T13:49:40","modified_gmt":"2025-06-20T05:49:40","slug":"kontakt-und-treffpunkt","status":"publish","type":"page","link":"https:\/\/baliparaglidingtours.com\/de\/kontakt-und-treffpunkt\/","title":{"rendered":"Kontakt und Treffpunkt"},"content":{"rendered":"\n<h3 class=\"accordion_title\">Treffpunkt<\/h3><div class=\"accordion\">\n\n\t<div id=\"accordion-4123234805\" class=\"accordion-item\">\n\t\t<a id=\"accordion-4123234805-label\" class=\"accordion-title plain\" href=\"#accordion-item-nusa-dua-flug-(april-bis-juni)\" aria-expanded=\"false\" aria-controls=\"accordion-4123234805-content\">\n\t\t\t<button class=\"toggle\" aria-label=\"Umschalten\"><i class=\"icon-angle-down\" aria-hidden=\"true\"><\/i><\/button>\n\t\t\t<span>Nusa Dua Flug (April bis Juni)<\/span>\n\t\t<\/a>\n\t\t<div id=\"accordion-4123234805-content\" class=\"accordion-inner\" aria-labelledby=\"accordion-4123234805-label\">\n\t\t\t\n\n<div class=\"message-box relative dark\" style=\"padding-top:15px;padding-bottom:15px;\"><div class=\"message-box-bg-image bg-fill fill\" ><\/div><div class=\"message-box-bg-overlay bg-fill fill\" ><\/div><div class=\"container relative\"><div class=\"inner last-reset\">\n\n<div class=\"row align-middle align-center\"  id=\"row-1171816401\">\n\n\n\t<div id=\"col-1092062792\" class=\"col medium-9 small-12 large-9\"  >\n\t\t\t\t<div class=\"col-inner\"  >\n\t\t\t\n\t\t\t\n\n<p>Fliegen Sie im S\u00fcden von Nusa Dua entlang der K\u00fcste \u00fcber Gunung Payung und Sawangan Beach und genie\u00dfen Sie die Aussicht auf unber\u00fchrte Str\u00e4nde und Luxusresorts. Start- und Landepunkt befinden sich am selben Standort. Abflugh\u00f6he ca. 70 Meter \u00fcber dem Meeresspiegel. <\/p>\n\n\n\t\t<\/div>\n\t\t\t\t\t<\/div>\n\n\t\n\n\t<div id=\"col-214473474\" class=\"col medium-2 small-12 large-2\"  >\n\t\t\t\t<div class=\"col-inner text-center\"  >\n\t\t\t\n\t\t\t\n\n<a href=\"https:\/\/maps.app.goo.gl\/dUbKRb5rGoSiFVCR6\" class=\"button white is-outline\" style=\"border-radius:99px;\">\n\t\t<span>Map<\/span>\n\t<\/a>\n\n\n\n\t\t<\/div>\n\t\t\t\t\t<\/div>\n\n\t\n\n<\/div>\n\n<\/div><\/div><\/div>\n\n\t\t<\/div>\n\t<\/div>\n\t\n\t<div id=\"accordion-3137215938\" class=\"accordion-item\">\n\t\t<a id=\"accordion-3137215938-label\" class=\"accordion-title plain\" href=\"#accordion-item-standort-east-uluwatu-(april-bis-november)\" aria-expanded=\"false\" aria-controls=\"accordion-3137215938-content\">\n\t\t\t<button class=\"toggle\" aria-label=\"Umschalten\"><i class=\"icon-angle-down\" aria-hidden=\"true\"><\/i><\/button>\n\t\t\t<span>Standort East Uluwatu (April bis November)<\/span>\n\t\t<\/a>\n\t\t<div id=\"accordion-3137215938-content\" class=\"accordion-inner\" aria-labelledby=\"accordion-3137215938-label\">\n\t\t\t\n\n<div class=\"message-box relative dark\" style=\"padding-top:15px;padding-bottom:15px;\"><div class=\"message-box-bg-image bg-fill fill\" ><\/div><div class=\"message-box-bg-overlay bg-fill fill\" ><\/div><div class=\"container relative\"><div class=\"inner last-reset\">\n\n<div class=\"row align-middle align-center\"  id=\"row-1408147519\">\n\n\n\t<div id=\"col-736201398\" class=\"col medium-9 small-12 large-9\"  >\n\t\t\t\t<div class=\"col-inner\"  >\n\t\t\t\n\t\t\t\n\n<p> Direkt oberhalb von Pandawa Beach und Timbis Beach gelegen. Fl\u00fcge sind w\u00e4hrend der Sommersaison von Juli bis November verf\u00fcgbar. Start und Ziel des Fluges befinden sich am selben Punkt. Die Lage ist etwa 80 Meter \u00fcber dem Meeresspiegel.    <\/p>\n\n\n\t\t<\/div>\n\t\t\t\t\t<\/div>\n\n\t\n\n\t<div id=\"col-622487215\" class=\"col medium-2 small-12 large-2\"  >\n\t\t\t\t<div class=\"col-inner text-center\"  >\n\t\t\t\n\t\t\t\n\n<a href=\"https:\/\/maps.app.goo.gl\/FgRSh3uPexG2SP9KA\" class=\"button white is-outline\" style=\"border-radius:99px;\">\n\t\t<span>Map<\/span>\n\t<\/a>\n\n\n\n\t\t<\/div>\n\t\t\t\t\t<\/div>\n\n\t\n\n<\/div>\n\n<\/div><\/div><\/div>\n\n\t\t<\/div>\n\t<\/div>\n\t\n\t<div id=\"accordion-398657026\" class=\"accordion-item\">\n\t\t<a id=\"accordion-398657026-label\" class=\"accordion-title plain\" href=\"#accordion-item-fl\u00fcge-nach-west-uluwatu-(dezember-bis-april)\" aria-expanded=\"false\" aria-controls=\"accordion-398657026-content\">\n\t\t\t<button class=\"toggle\" aria-label=\"Umschalten\"><i class=\"icon-angle-down\" aria-hidden=\"true\"><\/i><\/button>\n\t\t\t<span>Fl\u00fcge nach West Uluwatu (Dezember bis April)<\/span>\n\t\t<\/a>\n\t\t<div id=\"accordion-398657026-content\" class=\"accordion-inner\" aria-labelledby=\"accordion-398657026-label\">\n\t\t\t\n\n<div class=\"message-box relative dark\" style=\"padding-top:15px;padding-bottom:15px;\"><div class=\"message-box-bg-image bg-fill fill\" ><\/div><div class=\"message-box-bg-overlay bg-fill fill\" ><\/div><div class=\"container relative\"><div class=\"inner last-reset\">\n\n<div class=\"row align-middle align-center\"  id=\"row-1436611036\">\n\n\n\t<div id=\"col-1928732736\" class=\"col medium-9 small-12 large-9\"  >\n\t\t\t\t<div class=\"col-inner\"  >\n\t\t\t\n\t\t\t\n\n<p>Die beste Gelegenheit zum Fliegen in Uluwatu besteht zwischen Dezember und M\u00e4rz. Fliegen Sie entlang der Str\u00e4nde Nyang Nyang und Nunggalan in Uluwatu. Der Flug beginnt an der Klippe, etwa 100 Meter \u00fcber dem Meeresspiegel.  <\/p>\n\n\t\t<\/div>\n\t\t\t\t\t<\/div>\n\n\t\n\n\t<div id=\"col-1388481477\" class=\"col medium-2 small-12 large-2\"  >\n\t\t\t\t<div class=\"col-inner text-center\"  >\n\t\t\t\n\t\t\t\n\n<a href=\"https:\/\/maps.app.goo.gl\/U8ddH9K8ngjsCkzx6\" class=\"button white is-outline\" style=\"border-radius:99px;\">\n\t\t<span>Map<\/span>\n\t<\/a>\n\n\n\n\t\t<\/div>\n\t\t\t\t\t<\/div>\n\n\t\n\n<\/div>\n\n<\/div><\/div><\/div>\n\n\t\t<\/div>\n\t<\/div>\n\t\n\n<\/div>\n<h3>Notes<\/h3>\n<p>Die Flugverf\u00fcgbarkeit h\u00e4ngt von Wetter- und Windverh\u00e4ltnissen ab. Der genaue Flugstandort wird kurz vor Ihrem gew\u00e4hlten Reisedatum aktualisiert. Unser Kundenservice erreicht Sie per E-Mail oder WhatsApp.  <\/p>\n<a href=\"https:\/\/wa.me\/6285237041667\" class=\"button success is-shade is-larger box-shadow-4 box-shadow-5-hover\" style=\"border-radius:10px;\">\n\t\t<span>Whatsapp<\/span>\n\t<i class=\"icon-whatsapp\" aria-hidden=\"true\"><\/i><\/a>\n\n\n<div class=\"social-icons follow-icons\" ><a href=\"http:\/\/bali.paragliding\" target=\"_blank\" data-label=\"Facebook\" class=\"icon button circle is-outline tooltip facebook\" title=\"Auf Facebook folgen\" aria-label=\"Auf Facebook folgen\" rel=\"noopener nofollow\"><i class=\"icon-facebook\" aria-hidden=\"true\"><\/i><\/a><a href=\"http:\/\/baliparaglidingtandemtours\" target=\"_blank\" data-label=\"Instagram\" class=\"icon button circle is-outline tooltip instagram\" title=\"Auf Instagram folgen\" aria-label=\"Auf Instagram folgen\" rel=\"noopener nofollow\"><i class=\"icon-instagram\" aria-hidden=\"true\"><\/i><\/a><a href=\"mailto:baliparaglidingtandem@gmail.com\" data-label=\"E-mail\" target=\"_blank\" class=\"icon button circle is-outline tooltip email\" title=\"Sende uns eine E-Mail\" aria-label=\"Sende uns eine E-Mail\" rel=\"nofollow noopener\"><i class=\"icon-envelop\" aria-hidden=\"true\"><\/i><\/a><a href=\"tel:+6285237041667\" data-label=\"Phone\" target=\"_blank\" class=\"icon button circle is-outline tooltip phone\" title=\"Rufe uns an\" aria-label=\"Rufe uns an\" rel=\"nofollow noopener\"><i class=\"icon-phone\" aria-hidden=\"true\"><\/i><\/a><a href=\"https:\/\/t.me\/baliparaglidingtours\" data-label=\"Telegram\" target=\"_blank\" class=\"icon button circle is-outline tooltip telegram\" title=\"Auf Telegram folgen\" aria-label=\"Auf Telegram folgen\" rel=\"noopener nofollow\"><i class=\"icon-telegram\" aria-hidden=\"true\"><\/i><\/a><\/div>\n\n\n","protected":false},"excerpt":{"rendered":"","protected":false},"author":1,"featured_media":0,"parent":0,"menu_order":0,"comment_status":"closed","ping_status":"closed","template":"","meta":{"footnotes":""},"class_list":["post-4967","page","type-page","status-publish","hentry"],"yoast_head":"<!-- This site is optimized with the Yoast SEO plugin v27.2 - https:\/\/yoast.com\/product\/yoast-seo-wordpress\/ -->\n<title>Kontakt und Treffpunkt Bali Paragliding Tours<\/title>\n<meta name=\"description\" content=\"Paragliding-Standorte auf Bali, Kontakt und Online-Karten der Start- und Landepl\u00e4tze f\u00fcr Paragliding auf Bali mit Bali Paragliding Tours.\" \/>\n<meta name=\"robots\" content=\"index, follow, max-snippet:-1, max-image-preview:large, max-video-preview:-1\" \/>\n<link rel=\"canonical\" href=\"https:\/\/baliparaglidingtours.com\/de\/kontakt-und-treffpunkt\/\" \/>\n<meta property=\"og:locale\" content=\"de_DE\" \/>\n<meta property=\"og:type\" content=\"article\" \/>\n<meta property=\"og:title\" content=\"Kontakt und Treffpunkt Bali Paragliding Tours\" \/>\n<meta property=\"og:description\" content=\"Paragliding-Standorte auf Bali, Kontakt und Online-Karten der Start- und Landepl\u00e4tze f\u00fcr Paragliding auf Bali mit Bali Paragliding Tours.\" \/>\n<meta property=\"og:url\" content=\"https:\/\/baliparaglidingtours.com\/de\/kontakt-und-treffpunkt\/\" \/>\n<meta property=\"og:site_name\" content=\"Bali Paragliding Tours\" \/>\n<meta property=\"article:publisher\" content=\"https:\/\/facebook.com\/bali.paragliding\" \/>\n<meta property=\"article:modified_time\" content=\"2025-06-20T05:49:40+00:00\" \/>\n<meta name=\"twitter:card\" content=\"summary_large_image\" \/>\n<meta name=\"twitter:label1\" content=\"Gesch\u00e4tzte Lesezeit\" \/>\n\t<meta name=\"twitter:data1\" content=\"2\u00a0Minuten\" \/>\n<script type=\"application\/ld+json\" class=\"yoast-schema-graph\">{\"@context\":\"https:\/\/schema.org\",\"@graph\":[{\"@type\":\"WebPage\",\"@id\":\"https:\/\/baliparaglidingtours.com\/de\/kontakt-und-treffpunkt\/\",\"url\":\"https:\/\/baliparaglidingtours.com\/de\/kontakt-und-treffpunkt\/\",\"name\":\"Kontakt und Treffpunkt Bali Paragliding Tours\",\"isPartOf\":{\"@id\":\"https:\/\/darkgreen-panther-294679.hostingersite.com\/#website\"},\"datePublished\":\"2019-01-17T22:48:22+00:00\",\"dateModified\":\"2025-06-20T05:49:40+00:00\",\"description\":\"Paragliding-Standorte auf Bali, Kontakt und Online-Karten der Start- und Landepl\u00e4tze f\u00fcr Paragliding auf Bali mit Bali Paragliding Tours.\",\"breadcrumb\":{\"@id\":\"https:\/\/baliparaglidingtours.com\/de\/kontakt-und-treffpunkt\/#breadcrumb\"},\"inLanguage\":\"de\",\"potentialAction\":[{\"@type\":\"ReadAction\",\"target\":[\"https:\/\/baliparaglidingtours.com\/de\/kontakt-und-treffpunkt\/\"]}]},{\"@type\":\"BreadcrumbList\",\"@id\":\"https:\/\/baliparaglidingtours.com\/de\/kontakt-und-treffpunkt\/#breadcrumb\",\"itemListElement\":[{\"@type\":\"ListItem\",\"position\":1,\"name\":\"Home\",\"item\":\"https:\/\/baliparaglidingtours.com\/de\/\"},{\"@type\":\"ListItem\",\"position\":2,\"name\":\"Kontakt und Treffpunkt\"}]},{\"@type\":\"WebSite\",\"@id\":\"https:\/\/darkgreen-panther-294679.hostingersite.com\/#website\",\"url\":\"https:\/\/darkgreen-panther-294679.hostingersite.com\/\",\"name\":\"Bali Paragliding Tours\",\"description\":\"The best and first tandem paragliding in Bali\",\"publisher\":{\"@id\":\"https:\/\/darkgreen-panther-294679.hostingersite.com\/#organization\"},\"potentialAction\":[{\"@type\":\"SearchAction\",\"target\":{\"@type\":\"EntryPoint\",\"urlTemplate\":\"https:\/\/darkgreen-panther-294679.hostingersite.com\/?s={search_term_string}\"},\"query-input\":{\"@type\":\"PropertyValueSpecification\",\"valueRequired\":true,\"valueName\":\"search_term_string\"}}],\"inLanguage\":\"de\"},{\"@type\":\"Organization\",\"@id\":\"https:\/\/darkgreen-panther-294679.hostingersite.com\/#organization\",\"name\":\"Bali Paragliding Tours\",\"url\":\"https:\/\/darkgreen-panther-294679.hostingersite.com\/\",\"logo\":{\"@type\":\"ImageObject\",\"inLanguage\":\"de\",\"@id\":\"https:\/\/darkgreen-panther-294679.hostingersite.com\/#\/schema\/logo\/image\/\",\"url\":\"https:\/\/baliparaglidingtours.com\/wp-content\/uploads\/2019\/07\/Logopit_1563347307259-1.png\",\"contentUrl\":\"https:\/\/baliparaglidingtours.com\/wp-content\/uploads\/2019\/07\/Logopit_1563347307259-1.png\",\"width\":2160,\"height\":2160,\"caption\":\"Bali Paragliding Tours\"},\"image\":{\"@id\":\"https:\/\/darkgreen-panther-294679.hostingersite.com\/#\/schema\/logo\/image\/\"},\"sameAs\":[\"https:\/\/facebook.com\/bali.paragliding\"]}]}<\/script>\n<!-- \/ Yoast SEO plugin. -->","yoast_head_json":{"title":"Kontakt und Treffpunkt Bali Paragliding Tours","description":"Paragliding-Standorte auf Bali, Kontakt und Online-Karten der Start- und Landepl\u00e4tze f\u00fcr Paragliding auf Bali mit Bali Paragliding Tours.","robots":{"index":"index","follow":"follow","max-snippet":"max-snippet:-1","max-image-preview":"max-image-preview:large","max-video-preview":"max-video-preview:-1"},"canonical":"https:\/\/baliparaglidingtours.com\/de\/kontakt-und-treffpunkt\/","og_locale":"de_DE","og_type":"article","og_title":"Kontakt und Treffpunkt Bali Paragliding Tours","og_description":"Paragliding-Standorte auf Bali, Kontakt und Online-Karten der Start- und Landepl\u00e4tze f\u00fcr Paragliding auf Bali mit Bali Paragliding Tours.","og_url":"https:\/\/baliparaglidingtours.com\/de\/kontakt-und-treffpunkt\/","og_site_name":"Bali Paragliding Tours","article_publisher":"https:\/\/facebook.com\/bali.paragliding","article_modified_time":"2025-06-20T05:49:40+00:00","twitter_card":"summary_large_image","twitter_misc":{"Gesch\u00e4tzte Lesezeit":"2\u00a0Minuten"},"schema":{"@context":"https:\/\/schema.org","@graph":[{"@type":"WebPage","@id":"https:\/\/baliparaglidingtours.com\/de\/kontakt-und-treffpunkt\/","url":"https:\/\/baliparaglidingtours.com\/de\/kontakt-und-treffpunkt\/","name":"Kontakt und Treffpunkt Bali Paragliding Tours","isPartOf":{"@id":"https:\/\/darkgreen-panther-294679.hostingersite.com\/#website"},"datePublished":"2019-01-17T22:48:22+00:00","dateModified":"2025-06-20T05:49:40+00:00","description":"Paragliding-Standorte auf Bali, Kontakt und Online-Karten der Start- und Landepl\u00e4tze f\u00fcr Paragliding auf Bali mit Bali Paragliding Tours.","breadcrumb":{"@id":"https:\/\/baliparaglidingtours.com\/de\/kontakt-und-treffpunkt\/#breadcrumb"},"inLanguage":"de","potentialAction":[{"@type":"ReadAction","target":["https:\/\/baliparaglidingtours.com\/de\/kontakt-und-treffpunkt\/"]}]},{"@type":"BreadcrumbList","@id":"https:\/\/baliparaglidingtours.com\/de\/kontakt-und-treffpunkt\/#breadcrumb","itemListElement":[{"@type":"ListItem","position":1,"name":"Home","item":"https:\/\/baliparaglidingtours.com\/de\/"},{"@type":"ListItem","position":2,"name":"Kontakt und Treffpunkt"}]},{"@type":"WebSite","@id":"https:\/\/darkgreen-panther-294679.hostingersite.com\/#website","url":"https:\/\/darkgreen-panther-294679.hostingersite.com\/","name":"Bali Paragliding Tours","description":"The best and first tandem paragliding in Bali","publisher":{"@id":"https:\/\/darkgreen-panther-294679.hostingersite.com\/#organization"},"potentialAction":[{"@type":"SearchAction","target":{"@type":"EntryPoint","urlTemplate":"https:\/\/darkgreen-panther-294679.hostingersite.com\/?s={search_term_string}"},"query-input":{"@type":"PropertyValueSpecification","valueRequired":true,"valueName":"search_term_string"}}],"inLanguage":"de"},{"@type":"Organization","@id":"https:\/\/darkgreen-panther-294679.hostingersite.com\/#organization","name":"Bali Paragliding Tours","url":"https:\/\/darkgreen-panther-294679.hostingersite.com\/","logo":{"@type":"ImageObject","inLanguage":"de","@id":"https:\/\/darkgreen-panther-294679.hostingersite.com\/#\/schema\/logo\/image\/","url":"https:\/\/baliparaglidingtours.com\/wp-content\/uploads\/2019\/07\/Logopit_1563347307259-1.png","contentUrl":"https:\/\/baliparaglidingtours.com\/wp-content\/uploads\/2019\/07\/Logopit_1563347307259-1.png","width":2160,"height":2160,"caption":"Bali Paragliding Tours"},"image":{"@id":"https:\/\/darkgreen-panther-294679.hostingersite.com\/#\/schema\/logo\/image\/"},"sameAs":["https:\/\/facebook.com\/bali.paragliding"]}]}},"_links":{"self":[{"href":"https:\/\/baliparaglidingtours.com\/de\/wp-json\/wp\/v2\/pages\/4967","targetHints":{"allow":["GET"]}}],"collection":[{"href":"https:\/\/baliparaglidingtours.com\/de\/wp-json\/wp\/v2\/pages"}],"about":[{"href":"https:\/\/baliparaglidingtours.com\/de\/wp-json\/wp\/v2\/types\/page"}],"author":[{"embeddable":true,"href":"https:\/\/baliparaglidingtours.com\/de\/wp-json\/wp\/v2\/users\/1"}],"replies":[{"embeddable":true,"href":"https:\/\/baliparaglidingtours.com\/de\/wp-json\/wp\/v2\/comments?post=4967"}],"version-history":[{"count":1,"href":"https:\/\/baliparaglidingtours.com\/de\/wp-json\/wp\/v2\/pages\/4967\/revisions"}],"predecessor-version":[{"id":4968,"href":"https:\/\/baliparaglidingtours.com\/de\/wp-json\/wp\/v2\/pages\/4967\/revisions\/4968"}],"wp:attachment":[{"href":"https:\/\/baliparaglidingtours.com\/de\/wp-json\/wp\/v2\/media?parent=4967"}],"curies":[{"name":"wp","href":"https:\/\/api.w.org\/{rel}","templated":true}]}}